{"id":1048,"date":"2020-06-19T09:04:20","date_gmt":"2020-06-19T07:04:20","guid":{"rendered":"https:\/\/christinaguenter.com\/?page_id=1048"},"modified":"2025-08-09T14:10:33","modified_gmt":"2025-08-09T12:10:33","slug":"unterlidstraffung-in-muenchen","status":"publish","type":"page","link":"https:\/\/christinaguenter.com\/en\/unterlidstraffung-in-muenchen","title":{"rendered":"Lower Eyelid Surgery"},"content":{"rendered":"<div data-elementor-type=\"wp-page\" data-elementor-id=\"1048\" class=\"elementor elementor-1048\" data-elementor-post-type=\"page\">\n\t\t\t\t\t\t<section class=\"elementor-section elementor-top-section elementor-element elementor-element-2e3c193 elementor-section-boxed elementor-section-height-default elementor-section-height-default\" data-id=\"2e3c193\" data-element_type=\"section\">\n\t\t\t\t\t\t<div class=\"elementor-container elementor-column-gap-default\">\n\t\t\t\t\t<div class=\"elementor-column elementor-col-100 elementor-top-column elementor-element elementor-element-c35517f\" data-id=\"c35517f\" data-element_type=\"column\">\n\t\t\t<div class=\"elementor-widget-wrap elementor-element-populated\">\n\t\t\t\t\t\t<div class=\"elementor-element elementor-element-fecc915 headline elementor-widget elementor-widget-text-editor\" data-id=\"fecc915\" data-element_type=\"widget\" data-widget_type=\"text-editor.default\">\n\t\t\t\t<div class=\"elementor-widget-container\">\n\t\t\t\t\t\t\t<h1 style=\"font-size: 0.9em; font-weight: 300; color: #888888;\">Lower Eyelid Surgery MUNICH<\/h1>\t\t\t\t\t\t<\/div>\n\t\t\t\t<\/div>\n\t\t\t\t\t<\/div>\n\t\t<\/div>\n\t\t\t\t\t<\/div>\n\t\t<\/section>\n\t\t\t\t<section class=\"elementor-section elementor-top-section elementor-element elementor-element-1de5cb9 elementor-section-boxed elementor-section-height-default elementor-section-height-default\" data-id=\"1de5cb9\" data-element_type=\"section\">\n\t\t\t\t\t\t<div class=\"elementor-container elementor-column-gap-default\">\n\t\t\t\t\t<div class=\"elementor-column elementor-col-100 elementor-top-column elementor-element elementor-element-7eaac10\" data-id=\"7eaac10\" data-element_type=\"column\">\n\t\t\t<div class=\"elementor-widget-wrap elementor-element-populated\">\n\t\t\t\t\t\t<div class=\"elementor-element elementor-element-8eb79b6 elementor-widget elementor-widget-text-editor\" data-id=\"8eb79b6\" data-element_type=\"widget\" data-widget_type=\"text-editor.default\">\n\t\t\t\t<div class=\"elementor-widget-container\">\n\t\t\t\t\t\t\t<h2>Lower Eyelid Surgery<\/h2><p>Our eyes are our window to the world; they let us look at ourselves and everything surrounding us.<\/p><p>The skin around the eyes is much thinner than anywhere else. It is more exposed to the aging process than other parts of our face and body. Distinctive facial expressions, cheerful laughter, too much sunbathing, unhealthy lifestyle habits (smoking, excessive sugar, and salt consumption), as well as sorrow and worries leave their traces around our eyes.<\/p><p>Bags may appear in the area under our eyes, which can be removed by lower eyelid surgery. These bags are caused by an excess of loosening skin around the lower eyelid or a protrusion of eye socket tissue.<\/p><p>The objective of a lower eyelid lift is always to rejuvenate the eye area. Bags often cause the face to look tired and worn. In this case, a lower eyelid lift will undoubtedly improve your self-esteem and quality of life.<\/p><p>Dr. med. Dr. med. Christina Irene G\u00fcnter will perform lower eyelid surgery under general anesthesia. Although the procedure may be accomplished on an out-patient basis, a hospital stay of one night improves and accelerates the healing process, leading to fewer complications and a better overall result.<\/p><p>The surgery begins with a small incision under the lower eyelid lash line, which extends about 1 to 1.5 cm beyond the outer corner of the eye. In the process, the skin around the lower eyelid is loosened and tightened gently; excess skin is eliminated. If necessary, excess fatty tissue is removed before the suture is closed. Tightening the lower lid ligament may also be included, if required. This procedure aims to create a harmonious transition from the eyelid to the surrounding facial area, for a beautiful and youthful appearance.<\/p><p>In jedem Fall ist das Ziel der Unterlidstraffung ein harmonischer \u00dcbergang vom Augenlid zum umgebenden Gesicht, damit wieder eine sch\u00f6ne und jugendliche Erscheinung\u00a0m\u00f6glich wird.<\/p><p>After the surgery, constant cooling of the eye area has proved beneficial: the contraction of blood vessels reduces the risk of secondary bleeding and swelling. In the first few hours after the operation, a well-fitting eye bandage is also advantageous as it reduces swelling and bruising, thus improving the entire healing process. It is also essential to avoid rubbing your eyes after a lower eyelid lift.<\/p><p>Minor hematoma and swelling are normal and will disappear after a few days or weeks. The sutures will be removed after five to seven days. You should avoid physical exercise for up to six weeks.<\/p><p>With progressive age-related tissue sagging, lower eyelid surgery can be repeated; however, experience shows that this is necessary only after several years.<\/p><h2>Risks<\/h2><p>Lower eyelid surgery may lead to bruising (hematoma), secondary bleeding, swelling, scars, wound dehiscence, and in very rare cases, also to infections. In addition, temporary dryness and a foreign body sensation, combined with redness or swelling of the conjunctiva, are possible. Other risks of a lower eyelid correction include watery eyes, numbness in the surgical era, slight asymmetries, or malposition of the eyelids (ectropion). During the first few days after the surgery, slight sensitivity to light may occur.<\/p><p>If you decide on lower eyelid surgery, it is essential that you are cared for professionally and personally during the entire process.\u00a0<\/p><p>I attach great importance to perceiving, advising, and treating you as an individual, with all your personality\u2019s facets. My many years of experience, expertise, empathy, and communication are central pillars of my therapeutic success. Intensive and personal post-treatment care is as much a focus of my work as the preparation and the treatment itself. After all, a perfect result can only be achieved by working together as a team.\u00a0<\/p><p>It goes without saying that your health is always given priority. Surgery that negatively affects your health or physical integrity is not recommended and should not be performed in the first place.<\/p><p><img fetchpriority=\"high\" decoding=\"async\" class=\"alignnone wp-image-812\" src=\"https:\/\/christinaguenter.com\/wp-content\/uploads\/2020\/05\/IMG_1696-1-300x200.jpg\" alt=\"\" width=\"587\" height=\"391\" srcset=\"https:\/\/christinaguenter.com\/wp-content\/uploads\/2020\/05\/IMG_1696-1-300x200.jpg 300w, https:\/\/christinaguenter.com\/wp-content\/uploads\/2020\/05\/IMG_1696-1-1024x683.jpg 1024w, https:\/\/christinaguenter.com\/wp-content\/uploads\/2020\/05\/IMG_1696-1-768x512.jpg 768w, https:\/\/christinaguenter.com\/wp-content\/uploads\/2020\/05\/IMG_1696-1-1536x1024.jpg 1536w, https:\/\/christinaguenter.com\/wp-content\/uploads\/2020\/05\/IMG_1696-1-2048x1365.jpg 2048w\" sizes=\"(max-width: 587px) 100vw, 587px\" \/><\/p><h2>The most important facts on lower eyelid surgery<\/h2><ul><li><strong>DURATION OF SURGERY: <\/strong>1.5 to 2.5 h<\/li><li><strong>ANESTHESIA: <\/strong>General anesthesia<\/li><li><strong>KLINIKAUFENTHALT. <\/strong>0 to 1 day<\/li><li><strong>COSTS: <\/strong>will be determined individually after the preliminary consultation, depending on the work involved<\/li><li><strong>FOLLOW-UP-TREATMENT:<\/strong> 1 to 2 weeks<\/li><li><strong>REMOVAL OF SUTURES: <\/strong>after 5 to 7 days<\/li><li><strong>SOCIAL ACTIVITIES: <\/strong>after 1 to 2 weeks<\/li><li><strong>PHYSICAL EXERCISE: <\/strong>after 2 to 6 weeks<\/li><\/ul>\t\t\t\t\t\t<\/div>\n\t\t\t\t<\/div>\n\t\t\t\t\t<\/div>\n\t\t<\/div>\n\t\t\t\t\t<\/div>\n\t\t<\/section>\n\t\t\t\t<section class=\"elementor-section elementor-top-section elementor-element elementor-element-714c113e elementor-section-boxed elementor-section-height-default elementor-section-height-default\" data-id=\"714c113e\" data-element_type=\"section\">\n\t\t\t\t\t\t\t<div class=\"elementor-background-overlay\"><\/div>\n\t\t\t\t\t\t\t<div class=\"elementor-container elementor-column-gap-default\">\n\t\t\t\t\t<div class=\"elementor-column elementor-col-50 elementor-top-column elementor-element elementor-element-339d9317\" data-id=\"339d9317\" data-element_type=\"column\">\n\t\t\t<div class=\"elementor-widget-wrap elementor-element-populated\">\n\t\t\t\t\t\t<div class=\"elementor-element elementor-element-1d373d1f elementor-widget__width-initial elementor-widget elementor-widget-text-editor\" data-id=\"1d373d1f\" data-element_type=\"widget\" data-widget_type=\"text-editor.default\">\n\t\t\t\t<div class=\"elementor-widget-container\">\n\t\t\t\t\t\t\t<h2><a title=\"Plastic surgery services\" href=\"https:\/\/christinaguenter.com\/en\/leistungen\/\" rel=\"\"><b>\u00dcbersicht der BehandlungsLEISTUNGEN \u00bb<\/b><\/a><\/h2><p>Here you will find an overview of my main areas of treatment\u2014from aesthetic surgery to gentle corrections. Each treatment is individual, personalized, and carried out with medical care.\u00a0<a title=\"\u00dcbersicht Behandlungsleistungen\" href=\"https:\/\/christinaguenter.com\/en\/leistungen\/\" rel=\"\"> <strong>To the service overview \u00bb<\/strong><\/a><\/p>\t\t\t\t\t\t<\/div>\n\t\t\t\t<\/div>\n\t\t\t\t\t<\/div>\n\t\t<\/div>\n\t\t\t\t<div class=\"elementor-column elementor-col-50 elementor-top-column elementor-element elementor-element-7f453f5b\" data-id=\"7f453f5b\" data-element_type=\"column\">\n\t\t\t<div class=\"elementor-widget-wrap elementor-element-populated\">\n\t\t\t\t\t\t<div class=\"elementor-element elementor-element-5c29ae9a elementor-widget elementor-widget-image\" data-id=\"5c29ae9a\" data-element_type=\"widget\" data-widget_type=\"image.default\">\n\t\t\t\t<div class=\"elementor-widget-container\">\n\t\t\t\t\t\t\t\t\t\t\t\t\t\t<a href=\"https:\/\/christinaguenter.com\/en\/leistungen\/\">\n\t\t\t\t\t\t\t<img decoding=\"async\" width=\"460\" height=\"460\" src=\"https:\/\/christinaguenter.com\/wp-content\/uploads\/2025\/08\/op-dr-christina-guenter-plastische-chirurgin_04.jpg\" class=\"attachment-large size-large wp-image-3685\" alt=\"\" srcset=\"https:\/\/christinaguenter.com\/wp-content\/uploads\/2025\/08\/op-dr-christina-guenter-plastische-chirurgin_04.jpg 460w, https:\/\/christinaguenter.com\/wp-content\/uploads\/2025\/08\/op-dr-christina-guenter-plastische-chirurgin_04-300x300.jpg 300w, https:\/\/christinaguenter.com\/wp-content\/uploads\/2025\/08\/op-dr-christina-guenter-plastische-chirurgin_04-150x150.jpg 150w, https:\/\/christinaguenter.com\/wp-content\/uploads\/2025\/08\/op-dr-christina-guenter-plastische-chirurgin_04-12x12.jpg 12w\" sizes=\"(max-width: 460px) 100vw, 460px\" \/>\t\t\t\t\t\t\t\t<\/a>\n\t\t\t\t\t\t\t\t\t\t\t\t\t<\/div>\n\t\t\t\t<\/div>\n\t\t\t\t\t<\/div>\n\t\t<\/div>\n\t\t\t\t\t<\/div>\n\t\t<\/section>\n\t\t\t\t<\/div>","protected":false},"excerpt":{"rendered":"<p>Unterlidstraffung in M\u00fcnchen \/ Lidstraffung Unterlidstraffung Unsere Augen sind unser Tor zur Welt und erm\u00f6glichen uns den Blick auf uns selbst und das was uns umgibt. Die Haut rund um die Augen ist\u00a0d\u00fcnner als sonst am K\u00f6rper und dadurch dem Alterungsprozess st\u00e4rker ausgesetzt als andere Gesichts- und K\u00f6rperpartien. Eine ausgepr\u00e4gte Mimik, lebensfrohes Lachen, zu ausgiebiges [&hellip;]<\/p>","protected":false},"author":4,"featured_media":148,"parent":0,"menu_order":0,"comment_status":"closed","ping_status":"closed","template":"","meta":{"footnotes":""},"_links":{"self":[{"href":"https:\/\/christinaguenter.com\/en\/wp-json\/wp\/v2\/pages\/1048"}],"collection":[{"href":"https:\/\/christinaguenter.com\/en\/wp-json\/wp\/v2\/pages"}],"about":[{"href":"https:\/\/christinaguenter.com\/en\/wp-json\/wp\/v2\/types\/page"}],"author":[{"embeddable":true,"href":"https:\/\/christinaguenter.com\/en\/wp-json\/wp\/v2\/users\/4"}],"replies":[{"embeddable":true,"href":"https:\/\/christinaguenter.com\/en\/wp-json\/wp\/v2\/comments?post=1048"}],"version-history":[{"count":21,"href":"https:\/\/christinaguenter.com\/en\/wp-json\/wp\/v2\/pages\/1048\/revisions"}],"predecessor-version":[{"id":4060,"href":"https:\/\/christinaguenter.com\/en\/wp-json\/wp\/v2\/pages\/1048\/revisions\/4060"}],"wp:featuredmedia":[{"embeddable":true,"href":"https:\/\/christinaguenter.com\/en\/wp-json\/wp\/v2\/media\/148"}],"wp:attachment":[{"href":"https:\/\/christinaguenter.com\/en\/wp-json\/wp\/v2\/media?parent=1048"}],"curies":[{"name":"wp","href":"https:\/\/api.w.org\/{rel}","templated":true}]}}