{"id":1106,"date":"2020-08-23T17:01:38","date_gmt":"2020-08-23T15:01:38","guid":{"rendered":"https:\/\/christinaguenter.com\/?page_id=1106"},"modified":"2025-08-09T14:16:30","modified_gmt":"2025-08-09T12:16:30","slug":"oberlidstraffung-in-muenchen-2","status":"publish","type":"page","link":"https:\/\/christinaguenter.com\/en\/oberlidstraffung-in-muenchen-2","title":{"rendered":"Upper Eyelid Corrective Surgery"},"content":{"rendered":"<div data-elementor-type=\"wp-page\" data-elementor-id=\"1106\" class=\"elementor elementor-1106\" data-elementor-post-type=\"page\">\n\t\t\t\t\t\t<section class=\"elementor-section elementor-top-section elementor-element elementor-element-a807e6d elementor-section-boxed elementor-section-height-default elementor-section-height-default\" data-id=\"a807e6d\" data-element_type=\"section\">\n\t\t\t\t\t\t<div class=\"elementor-container elementor-column-gap-default\">\n\t\t\t\t\t<div class=\"elementor-column elementor-col-100 elementor-top-column elementor-element elementor-element-a4f5e31\" data-id=\"a4f5e31\" data-element_type=\"column\">\n\t\t\t<div class=\"elementor-widget-wrap elementor-element-populated\">\n\t\t\t\t\t\t<div class=\"elementor-element elementor-element-950958a headline elementor-widget elementor-widget-text-editor\" data-id=\"950958a\" data-element_type=\"widget\" data-widget_type=\"text-editor.default\">\n\t\t\t\t<div class=\"elementor-widget-container\">\n\t\t\t\t\t\t\t<h1 style=\"font-size: 0.9em; font-weight: 300; color: #888888;\">Upper Eyelid Corrective Surgery in munich<\/h1>\t\t\t\t\t\t<\/div>\n\t\t\t\t<\/div>\n\t\t\t\t\t<\/div>\n\t\t<\/div>\n\t\t\t\t\t<\/div>\n\t\t<\/section>\n\t\t\t\t<section class=\"elementor-section elementor-top-section elementor-element elementor-element-1de5cb9 elementor-section-boxed elementor-section-height-default elementor-section-height-default\" data-id=\"1de5cb9\" data-element_type=\"section\">\n\t\t\t\t\t\t<div class=\"elementor-container elementor-column-gap-default\">\n\t\t\t\t\t<div class=\"elementor-column elementor-col-100 elementor-top-column elementor-element elementor-element-7eaac10\" data-id=\"7eaac10\" data-element_type=\"column\">\n\t\t\t<div class=\"elementor-widget-wrap elementor-element-populated\">\n\t\t\t\t\t\t<div class=\"elementor-element elementor-element-8eb79b6 elementor-widget elementor-widget-text-editor\" data-id=\"8eb79b6\" data-element_type=\"widget\" data-widget_type=\"text-editor.default\">\n\t\t\t\t<div class=\"elementor-widget-container\">\n\t\t\t\t\t\t\t<h2>Upper Eyelid Corrective Surgery<\/h2><p>Looking radiant thanks to an upper eyelid lift<\/p><p>Our faces are our \u201cbusiness cards,\u201d and our eyes a key factor in our communication.<\/p><p>There are many expressions in common parlance that emphasize the importance of eyes and their expression. We cast an eye on something, we cannot take our eyes off something, we keep an eye on our treasures, we recognize good or bad intentions in someone\u2019s calm or scowling countenance, and villains are said to have an \u201cevil eye.\u201d At the right moment, \u201cbedroom eyes\u201c will help us achieve our goal, but they are hardly appropriate at work.<\/p><p>If you suffer from drooping eyelids, you already look tired in the morning, and you have a constant feeling of not being rested. Your eyes do no longer appear radiant and open. Unfortunately, more sleep or a relaxing vacation do not solve the problem. Due to the natural maturing process, our skin is more susceptible to sagging. Factors such as genetic predisposition, intense sunlight, nicotine abuse, long-term stress, and lack of sleep also contribute to the loss of firmness in the skin of our upper eyelids. In severe cases, even the field of vision may be impaired.<\/p><p>Corrective surgery of your upper eyelids will make your eyes appear younger and more alert. You will feel much better; the droopy eyelids will be gone, and with it, your tired looks and the constant feeling of fatigue.<\/p><p>A \u201cChemical Brow Lift\u201c may bring the desired results in mild cases, but usually, only a surgical procedure will help. During eyelid surgery, I will remove excess skin (Dermatochalisis) and fatty tissue in the upper eyelid.<\/p><p>Mit den h\u00e4ngenden Augenlidern verschwindet auch der m\u00fcde Blick: Sie sehen wieder frisch, ausgeruht und dynamisch aus. Zus\u00e4tzlich f\u00fchlen Sie sich auch deutlich besser, das Schweregef\u00fchl der Augenlider ist weg und damit auch die unterschwellige M\u00fcdigkeit.<\/p><p>With great sensitivity, Dr. med. Dr. med. Christina Irene G\u00fcnter will ensure that you will see and look much better after the procedure. In most cases, the treatment will remain unnoticed by your environment.<\/p><p>In a personal consultation, Dr. med. Dr. med. Christina Irene G\u00fcnter will answer your questions and discuss sensitively and in detail, which treatment or therapy is to be recommended in your individual case. Dr. med. Dr. med. Christina Irene G\u00fcnter will also explain the course of treatment as well as possible adverse side effects and risks.<\/p><p>After the surgery, constant cooling of the eye area has proved beneficial: the contraction of blood vessels reduces the risk of secondary bleeding and swelling. In the first few hours after the operation, a well-fitting eye bandage is also advantageous as it reduces swelling and bruising, thus improving the entire healing process. It is also essential to avoid rubbing your eyes after an upper eyelid lift.<\/p><p>Minor hematoma and swelling are normal and will disappear after a few days or weeks. The sutures will be removed after five to seven days. You should avoid physical exercise for up to six weeks.<\/p><p>With progressive age-related tissue sagging, upper eyelid surgery can be repeated; however, experience shows that this will be necessary only after several years.<\/p><h2>Risks<\/h2><p>Upper eyelid surgery may lead to bruising (hematoma), secondary bleeding, swelling, scars, and wound dehiscence. Infections are very rare. Occasionally, patients complain about dry and irritated eyes, but this is only temporary.<\/p><p>If you decide on upper eyelid surgery, it is essential that you are cared for professionally and personally during the entire process.\u00a0<\/p><p>I attach great importance to perceiving, advising, and treating you as an individual, with all your personality\u2019s facets. My many years of experience, expertise, empathy, and communication are central pillars of my therapeutic success. Intensive and personal post-treatment care is as much a focus of my work as the preparation and the treatment itself. After all, a perfect result can only be achieved by working together as a team.\u00a0<\/p><p>It goes without saying that your health is always given priority. Surgery that negatively affects your health or physical integrity is not recommended and should not be performed in the first place.<\/p><p><img fetchpriority=\"high\" decoding=\"async\" class=\"alignnone wp-image-812\" src=\"https:\/\/christinaguenter.com\/wp-content\/uploads\/2020\/05\/IMG_1696-1-300x200.jpg\" alt=\"\" width=\"524\" height=\"349\" srcset=\"https:\/\/christinaguenter.com\/wp-content\/uploads\/2020\/05\/IMG_1696-1-300x200.jpg 300w, https:\/\/christinaguenter.com\/wp-content\/uploads\/2020\/05\/IMG_1696-1-1024x683.jpg 1024w, https:\/\/christinaguenter.com\/wp-content\/uploads\/2020\/05\/IMG_1696-1-768x512.jpg 768w, https:\/\/christinaguenter.com\/wp-content\/uploads\/2020\/05\/IMG_1696-1-1536x1024.jpg 1536w, https:\/\/christinaguenter.com\/wp-content\/uploads\/2020\/05\/IMG_1696-1-2048x1365.jpg 2048w\" sizes=\"(max-width: 524px) 100vw, 524px\" \/><\/p><h2>The most important facts on upper eyelid surgery<\/h2><ul><li><strong>DURATION OF SURGERY:<\/strong>from 1 hour<\/li><li><strong>ANESTHESIA<\/strong>: twilight sleep with local anesthesia or general anesthesia<\/li><li><strong>HOSPITAL STAY<\/strong>: 0 to 1 day<\/li><li><strong>COSTS:<\/strong>will be determined individually after the preliminary consultation, depending on the work involved<\/li><li><strong>FOLLOW-UP TREATMENT<\/strong>: 1 to 6 weeks<\/li><li><strong>REMOVAL OF SUTURES<\/strong>: after 1 week<\/li><li><strong>SOCIAL ACTIVITIES<\/strong>: after 1 to 2 weeks<\/li><li><strong>PHYSICAL EXERCISE:<\/strong>after 2 to 6 weeks<\/li><\/ul>\t\t\t\t\t\t<\/div>\n\t\t\t\t<\/div>\n\t\t\t\t\t<\/div>\n\t\t<\/div>\n\t\t\t\t\t<\/div>\n\t\t<\/section>\n\t\t\t\t<section class=\"elementor-section elementor-top-section elementor-element elementor-element-2553414e elementor-section-boxed elementor-section-height-default elementor-section-height-default\" data-id=\"2553414e\" data-element_type=\"section\">\n\t\t\t\t\t\t\t<div class=\"elementor-background-overlay\"><\/div>\n\t\t\t\t\t\t\t<div class=\"elementor-container elementor-column-gap-default\">\n\t\t\t\t\t<div class=\"elementor-column elementor-col-50 elementor-top-column elementor-element elementor-element-6e471769\" data-id=\"6e471769\" data-element_type=\"column\">\n\t\t\t<div class=\"elementor-widget-wrap elementor-element-populated\">\n\t\t\t\t\t\t<div class=\"elementor-element elementor-element-354086ff elementor-widget__width-initial elementor-widget elementor-widget-text-editor\" data-id=\"354086ff\" data-element_type=\"widget\" data-widget_type=\"text-editor.default\">\n\t\t\t\t<div class=\"elementor-widget-container\">\n\t\t\t\t\t\t\t<h2><a title=\"Plastic surgery services\" href=\"https:\/\/christinaguenter.com\/en\/leistungen\/\" rel=\"\"><b>\u00dcbersicht der BehandlungsLEISTUNGEN \u00bb<\/b><\/a><\/h2><p>Here you will find an overview of my main areas of treatment\u2014from aesthetic surgery to gentle corrections. Each treatment is individual, personalized, and carried out with medical care.\u00a0<a title=\"\u00dcbersicht Behandlungsleistungen\" href=\"https:\/\/christinaguenter.com\/en\/leistungen\/\" rel=\"\"> <strong>To the service overview \u00bb<\/strong><\/a><\/p>\t\t\t\t\t\t<\/div>\n\t\t\t\t<\/div>\n\t\t\t\t\t<\/div>\n\t\t<\/div>\n\t\t\t\t<div class=\"elementor-column elementor-col-50 elementor-top-column elementor-element elementor-element-a3c50ec\" data-id=\"a3c50ec\" data-element_type=\"column\">\n\t\t\t<div class=\"elementor-widget-wrap elementor-element-populated\">\n\t\t\t\t\t\t<div class=\"elementor-element elementor-element-41c9bef9 elementor-widget elementor-widget-image\" data-id=\"41c9bef9\" data-element_type=\"widget\" data-widget_type=\"image.default\">\n\t\t\t\t<div class=\"elementor-widget-container\">\n\t\t\t\t\t\t\t\t\t\t\t\t\t\t<a href=\"https:\/\/christinaguenter.com\/en\/leistungen\/\">\n\t\t\t\t\t\t\t<img decoding=\"async\" width=\"460\" height=\"460\" src=\"https:\/\/christinaguenter.com\/wp-content\/uploads\/2025\/08\/op-dr-christina-guenter-plastische-chirurgin_04.jpg\" class=\"attachment-large size-large wp-image-3685\" alt=\"\" srcset=\"https:\/\/christinaguenter.com\/wp-content\/uploads\/2025\/08\/op-dr-christina-guenter-plastische-chirurgin_04.jpg 460w, https:\/\/christinaguenter.com\/wp-content\/uploads\/2025\/08\/op-dr-christina-guenter-plastische-chirurgin_04-300x300.jpg 300w, https:\/\/christinaguenter.com\/wp-content\/uploads\/2025\/08\/op-dr-christina-guenter-plastische-chirurgin_04-150x150.jpg 150w, https:\/\/christinaguenter.com\/wp-content\/uploads\/2025\/08\/op-dr-christina-guenter-plastische-chirurgin_04-12x12.jpg 12w\" sizes=\"(max-width: 460px) 100vw, 460px\" \/>\t\t\t\t\t\t\t\t<\/a>\n\t\t\t\t\t\t\t\t\t\t\t\t\t<\/div>\n\t\t\t\t<\/div>\n\t\t\t\t\t<\/div>\n\t\t<\/div>\n\t\t\t\t\t<\/div>\n\t\t<\/section>\n\t\t\t\t<\/div>","protected":false},"excerpt":{"rendered":"<p>Oberlidstraffung in M\u00fcnchen \/ Lidstraffung Oberlidstraffung Ein wacher Blick dank Oberlidstraffung Unser Gesicht ist unsere \u201eVisitenkarte\u201c und unsere Augen das zentrale Element unserer Kommunikation. Wie wichtig die Augen und ihr Ausdruck sind, erkennt man daran, wie oft die Augen oder der Blick im Volksmund verwendet werden, um wichtige Botschaften zu vermitteln. Wir fassen ins Auge, [&hellip;]<\/p>","protected":false},"author":4,"featured_media":148,"parent":0,"menu_order":0,"comment_status":"closed","ping_status":"closed","template":"","meta":{"footnotes":""},"_links":{"self":[{"href":"https:\/\/christinaguenter.com\/en\/wp-json\/wp\/v2\/pages\/1106"}],"collection":[{"href":"https:\/\/christinaguenter.com\/en\/wp-json\/wp\/v2\/pages"}],"about":[{"href":"https:\/\/christinaguenter.com\/en\/wp-json\/wp\/v2\/types\/page"}],"author":[{"embeddable":true,"href":"https:\/\/christinaguenter.com\/en\/wp-json\/wp\/v2\/users\/4"}],"replies":[{"embeddable":true,"href":"https:\/\/christinaguenter.com\/en\/wp-json\/wp\/v2\/comments?post=1106"}],"version-history":[{"count":16,"href":"https:\/\/christinaguenter.com\/en\/wp-json\/wp\/v2\/pages\/1106\/revisions"}],"predecessor-version":[{"id":4120,"href":"https:\/\/christinaguenter.com\/en\/wp-json\/wp\/v2\/pages\/1106\/revisions\/4120"}],"wp:featuredmedia":[{"embeddable":true,"href":"https:\/\/christinaguenter.com\/en\/wp-json\/wp\/v2\/media\/148"}],"wp:attachment":[{"href":"https:\/\/christinaguenter.com\/en\/wp-json\/wp\/v2\/media?parent=1106"}],"curies":[{"name":"wp","href":"https:\/\/api.w.org\/{rel}","templated":true}]}}