{"id":1118,"date":"2020-07-22T11:52:52","date_gmt":"2020-07-22T09:52:52","guid":{"rendered":"https:\/\/christinaguenter.com\/?page_id=1118"},"modified":"2020-10-03T21:50:50","modified_gmt":"2020-10-03T19:50:50","slug":"behandlungsgutscheine","status":"publish","type":"page","link":"https:\/\/christinaguenter.com\/en\/behandlungsgutscheine","title":{"rendered":"Treatment vouchers"},"content":{"rendered":"<div data-elementor-type=\"wp-page\" data-elementor-id=\"1118\" class=\"elementor elementor-1118\" data-elementor-post-type=\"page\">\n\t\t\t\t\t\t<section class=\"elementor-section elementor-top-section elementor-element elementor-element-17f9281 elementor-section-boxed elementor-section-height-default elementor-section-height-default\" data-id=\"17f9281\" data-element_type=\"section\">\n\t\t\t\t\t\t<div class=\"elementor-container elementor-column-gap-default\">\n\t\t\t\t\t<div class=\"elementor-column elementor-col-100 elementor-top-column elementor-element elementor-element-9b68894\" data-id=\"9b68894\" data-element_type=\"column\">\n\t\t\t<div class=\"elementor-widget-wrap elementor-element-populated\">\n\t\t\t\t\t\t<div class=\"elementor-element elementor-element-7dd203c headline elementor-widget elementor-widget-text-editor\" data-id=\"7dd203c\" data-element_type=\"widget\" data-widget_type=\"text-editor.default\">\n\t\t\t\t<div class=\"elementor-widget-container\">\n\t\t\t\t\t\t\t<h1 style=\"font-size: 0.9em; font-weight: 300; color: #888888;\">Treatment Vouchers for cosmetic surgery in Munich<\/h1>\t\t\t\t\t\t<\/div>\n\t\t\t\t<\/div>\n\t\t\t\t\t<\/div>\n\t\t<\/div>\n\t\t\t\t\t<\/div>\n\t\t<\/section>\n\t\t\t\t<section class=\"elementor-section elementor-top-section elementor-element elementor-element-d3cd4b7 elementor-section-boxed elementor-section-height-default elementor-section-height-default\" data-id=\"d3cd4b7\" data-element_type=\"section\">\n\t\t\t\t\t\t<div class=\"elementor-container elementor-column-gap-default\">\n\t\t\t\t\t<div class=\"elementor-column elementor-col-100 elementor-top-column elementor-element elementor-element-222ced1\" data-id=\"222ced1\" data-element_type=\"column\">\n\t\t\t<div class=\"elementor-widget-wrap elementor-element-populated\">\n\t\t\t\t\t\t<div class=\"elementor-element elementor-element-daefbf4 elementor-widget elementor-widget-text-editor\" data-id=\"daefbf4\" data-element_type=\"widget\" data-widget_type=\"text-editor.default\">\n\t\t\t\t<div class=\"elementor-widget-container\">\n\t\t\t\t\t\t\t<div>\n<div>\n<div>\n<h2>Treat someone to beauty and well-being \u2013 with gift vouchers for Dr. Dr. G\u00fcnter<\/h2>\n<p><\/p>\n<p>Dr. Dr. G\u00fcnter\u2019s Treatment Vouchers are a unique present that may be enjoyed all year round, whether for Christmas, a birthday, or simply as a Thank you.<\/p>\n<p>Egal ob zu Weihnachten, Geburtstag oder einfach als Dankesch\u00f6n.<\/p>\n<p>This voucher is a lovely present for any occasion. No queues, no hustle; simply order the Treatment Voucher to the desired amount (from \u20ac 100), using the order form below.<\/p>\n<\/div>\n<\/div>\n<\/div>\n<p>Once we receive your order, we will provide you with an email about the total amount and our payment instructions. After receipt of payment, we will email you the voucher as a PDF file.<\/p>\n<p>All prices are inclusive of all taxes and duties.<\/p>\t\t\t\t\t\t<\/div>\n\t\t\t\t<\/div>\n\t\t\t\t\t<\/div>\n\t\t<\/div>\n\t\t\t\t\t<\/div>\n\t\t<\/section>\n\t\t\t\t<section class=\"elementor-section elementor-top-section elementor-element elementor-element-4772ed2 elementor-section-boxed elementor-section-height-default elementor-section-height-default\" data-id=\"4772ed2\" data-element_type=\"section\">\n\t\t\t\t\t\t<div class=\"elementor-container elementor-column-gap-default\">\n\t\t\t\t\t<div class=\"elementor-column elementor-col-100 elementor-top-column elementor-element elementor-element-4520a50\" data-id=\"4520a50\" data-element_type=\"column\">\n\t\t\t<div class=\"elementor-widget-wrap elementor-element-populated\">\n\t\t\t\t\t\t<div class=\"elementor-element elementor-element-96be4cb elementor-widget-divider--view-line elementor-widget elementor-widget-divider\" data-id=\"96be4cb\" data-element_type=\"widget\" data-widget_type=\"divider.default\">\n\t\t\t\t<div class=\"elementor-widget-container\">\n\t\t\t\t\t<div class=\"elementor-divider\">\n\t\t\t<span class=\"elementor-divider-separator\">\n\t\t\t\t\t\t<\/span>\n\t\t<\/div>\n\t\t\t\t<\/div>\n\t\t\t\t<\/div>\n\t\t\t\t\t<\/div>\n\t\t<\/div>\n\t\t\t\t\t<\/div>\n\t\t<\/section>\n\t\t\t\t<section class=\"elementor-section elementor-top-section elementor-element elementor-element-682e555 elementor-section-boxed elementor-section-height-default elementor-section-height-default\" data-id=\"682e555\" data-element_type=\"section\">\n\t\t\t\t\t\t<div class=\"elementor-container elementor-column-gap-default\">\n\t\t\t\t\t<div class=\"elementor-column elementor-col-100 elementor-top-column elementor-element elementor-element-8ef558c\" data-id=\"8ef558c\" data-element_type=\"column\">\n\t\t\t<div class=\"elementor-widget-wrap elementor-element-populated\">\n\t\t\t\t\t\t<div class=\"elementor-element elementor-element-d1a01b4 elementor-widget elementor-widget-heading\" data-id=\"d1a01b4\" data-element_type=\"widget\" data-widget_type=\"heading.default\">\n\t\t\t\t<div class=\"elementor-widget-container\">\n\t\t\t<h2 class=\"elementor-heading-title elementor-size-default\">Here you will find the form to place a binding order of a Treatment Voucher.<\/h2>\t\t<\/div>\n\t\t\t\t<\/div>\n\t\t\t\t\t<\/div>\n\t\t<\/div>\n\t\t\t\t\t<\/div>\n\t\t<\/section>\n\t\t\t\t<section class=\"elementor-section elementor-top-section elementor-element elementor-element-3aa58d8 elementor-section-boxed elementor-section-height-default elementor-section-height-default\" data-id=\"3aa58d8\" data-element_type=\"section\">\n\t\t\t\t\t\t<div class=\"elementor-container elementor-column-gap-default\">\n\t\t\t\t\t<div class=\"elementor-column elementor-col-100 elementor-top-column elementor-element elementor-element-4ee8694\" data-id=\"4ee8694\" data-element_type=\"column\">\n\t\t\t<div class=\"elementor-widget-wrap elementor-element-populated\">\n\t\t\t\t\t\t<div class=\"elementor-element elementor-element-505c024 elementor-button-align-stretch elementor-widget elementor-widget-form\" data-id=\"505c024\" data-element_type=\"widget\" data-settings=\"{&quot;step_next_label&quot;:&quot;N\\u00e4chster&quot;,&quot;step_previous_label&quot;:&quot;Voriger&quot;,&quot;button_width&quot;:&quot;100&quot;,&quot;step_type&quot;:&quot;number_text&quot;,&quot;step_icon_shape&quot;:&quot;circle&quot;}\" data-widget_type=\"form.default\">\n\t\t\t\t<div class=\"elementor-widget-container\">\n\t\t\t\t\t<form class=\"elementor-form\" method=\"post\" name=\"Neues Formular\" action=\"\">\n\t\t\t<input type=\"hidden\" name=\"post_id\" value=\"1118\"\/>\n\t\t\t<input type=\"hidden\" name=\"form_id\" value=\"505c024\"\/>\n\t\t\t<input type=\"hidden\" name=\"referer_title\" value=\"\" \/>\n\n\t\t\t\n\t\t\t<div class=\"elementor-form-fields-wrapper elementor-labels-above\">\n\t\t\t\t\t\t\t\t<div class=\"elementor-field-type-select elementor-field-group elementor-column elementor-field-group-field_ee98aa3 elementor-col-100\">\n\t\t\t\t\t\t\t\t\t\t\t\t<label for=\"form-field-field_ee98aa3\" class=\"elementor-field-label\">\n\t\t\t\t\t\t\t\tTitle\t\t\t\t\t\t\t<\/label>\n\t\t\t\t\t\t\t\t<div class=\"elementor-field elementor-select-wrapper remove-before\">\n\t\t\t<div class=\"select-caret-down-wrapper\">\n\t\t\t\t<i aria-hidden=\"true\" class=\"eicon-caret-down\"><\/i>\t\t\t<\/div>\n\t\t\t<select name=\"form_fields[field_ee98aa3]\" id=\"form-field-field_ee98aa3\" class=\"elementor-field-textual elementor-size-sm\">\n\t\t\t\t\t\t\t\t\t<option value=\"Herr\">Herr<\/option>\n\t\t\t\t\t\t\t\t\t<option value=\"Frau\">Frau<\/option>\n\t\t\t\t\t\t\t<\/select>\n\t\t<\/div>\n\t\t\t\t\t\t<\/div>\n\t\t\t\t\t\t\t\t<div class=\"elementor-field-type-text elementor-field-group elementor-column elementor-field-group-field_bf5e5df elementor-col-100 elementor-field-required\">\n\t\t\t\t\t\t\t\t\t\t\t\t<label for=\"form-field-field_bf5e5df\" class=\"elementor-field-label\">\n\t\t\t\t\t\t\t\tFirst name\t\t\t\t\t\t\t<\/label>\n\t\t\t\t\t\t\t\t\t\t\t\t\t\t<input size=\"1\" type=\"text\" name=\"form_fields[field_bf5e5df]\" id=\"form-field-field_bf5e5df\" class=\"elementor-field elementor-size-sm  elementor-field-textual\" placeholder=\"First name\" required=\"required\" aria-required=\"true\">\n\t\t\t\t\t\t\t\t\t\t\t<\/div>\n\t\t\t\t\t\t\t\t<div class=\"elementor-field-type-text elementor-field-group elementor-column elementor-field-group-name elementor-col-100\">\n\t\t\t\t\t\t\t\t\t\t\t\t<label for=\"form-field-name\" class=\"elementor-field-label\">\n\t\t\t\t\t\t\t\tName\t\t\t\t\t\t\t<\/label>\n\t\t\t\t\t\t\t\t\t\t\t\t\t\t<input size=\"1\" type=\"text\" name=\"form_fields[name]\" id=\"form-field-name\" class=\"elementor-field elementor-size-sm  elementor-field-textual\" placeholder=\"Name\">\n\t\t\t\t\t\t\t\t\t\t\t<\/div>\n\t\t\t\t\t\t\t\t<div class=\"elementor-field-type-email elementor-field-group elementor-column elementor-field-group-email elementor-col-100 elementor-field-required\">\n\t\t\t\t\t\t\t\t\t\t\t\t<label for=\"form-field-email\" class=\"elementor-field-label\">\n\t\t\t\t\t\t\t\tE-Mail\t\t\t\t\t\t\t<\/label>\n\t\t\t\t\t\t\t\t\t\t\t\t\t\t<input size=\"1\" type=\"email\" name=\"form_fields[email]\" id=\"form-field-email\" class=\"elementor-field elementor-size-sm  elementor-field-textual\" placeholder=\"E-Mail\" required=\"required\" aria-required=\"true\">\n\t\t\t\t\t\t\t\t\t\t\t<\/div>\n\t\t\t\t\t\t\t\t<div class=\"elementor-field-type-textarea elementor-field-group elementor-column elementor-field-group-message elementor-col-100\">\n\t\t\t\t\t\t\t\t\t\t\t\t<label for=\"form-field-message\" class=\"elementor-field-label\">\n\t\t\t\t\t\t\t\tVoucher for\t\t\t\t\t\t\t<\/label>\n\t\t\t\t\t\t<textarea class=\"elementor-field-textual elementor-field  elementor-size-sm\" name=\"form_fields[message]\" id=\"form-field-message\" rows=\"4\" placeholder=\"Voucher for\"><\/textarea>\t\t\t\t<\/div>\n\t\t\t\t\t\t\t\t<div class=\"elementor-field-type-number elementor-field-group elementor-column elementor-field-group-field_4d09a57 elementor-col-100 elementor-field-required\">\n\t\t\t\t\t\t\t\t\t\t\t\t<label for=\"form-field-field_4d09a57\" class=\"elementor-field-label\">\n\t\t\t\t\t\t\t\tDesired amount in \u20ac (\u20ac 100,00 minimum)\t\t\t\t\t\t\t<\/label>\n\t\t\t\t\t\t\t\t\t<input type=\"number\" name=\"form_fields[field_4d09a57]\" id=\"form-field-field_4d09a57\" class=\"elementor-field elementor-size-sm  elementor-field-textual\" placeholder=\"Desired amount in \u20ac (\u20ac 100,00 minimum)\" required=\"required\" aria-required=\"true\" min=\"100\" max=\"50000\" >\n\t\t\t\t\t\t<\/div>\n\t\t\t\t\t\t\t\t<div class=\"elementor-field-type-checkbox elementor-field-group elementor-column elementor-field-group-field_5b41072 elementor-col-100\">\n\t\t\t\t\t\t\t\t\t\t\t\t<label for=\"form-field-field_5b41072\" class=\"elementor-field-label\">\n\t\t\t\t\t\t\t\tData protection\t\t\t\t\t\t\t<\/label>\n\t\t\t\t\t\t<div class=\"elementor-field-subgroup\"><span class=\"elementor-field-option\"><input type=\"checkbox\" value=\"Ich stimme zu, dass meine Angaben inklusive pers\u00f6nlicher Daten (Name, Adresse, E-Mail) aus dem Gutschein-Bestellformular an Frau Dr.Dr. med. Christina Irene G\u00fcnter \u00fcbermittelt, weiterverarbeitet und gespeichert werden. Diese Daten werden f\u00fcr die Bearbeitung Ihrer Anfrage, telefonische Kontaktaufnahme, Gesch\u00e4ftsanbahnung sowie f\u00fcr die Zusendung von Neuigkeiten verwendet und werden ohne Ihre Einverst\u00e4ndniserkl\u00e4rung nicht erhoben oder weitergegeben. Ohne diese Daten k\u00f6nnen wir Ihre Anfragen nicht bearbeiten. Diese Einwilligungserkl\u00e4rung kann jederzeit per E-Mail an info@christinaguenter.com widerrufen werden.\" id=\"form-field-field_5b41072-0\" name=\"form_fields[field_5b41072]\"> <label for=\"form-field-field_5b41072-0\">I agree that my data, including personal information (name, address, email) from the Voucher order form, will be transmitted to Frau Dr. Dr. med. Christina Irene G\u00fcnter, processed and stored. These data will be used to process your inquiry, contact you by telephone, initiate business, and send you updates. They will not be collected or passed on without your express consent. We cannot process your inquiries without these data. This declaration of consent may be revoked at any time by email to info@christinaguenter.com.<\/label><\/span><\/div>\t\t\t\t<\/div>\n\t\t\t\t\t\t\t\t<div class=\"elementor-field-group elementor-column elementor-field-type-submit elementor-col-100 e-form__buttons\">\n\t\t\t\t\t<button class=\"elementor-button elementor-size-sm\" type=\"submit\">\n\t\t\t\t\t\t<span class=\"elementor-button-content-wrapper\">\n\t\t\t\t\t\t\t\t\t\t\t\t\t\t\t\t\t\t\t\t\t\t<span class=\"elementor-button-text\">Send<\/span>\n\t\t\t\t\t\t\t\t\t\t\t\t\t<\/span>\n\t\t\t\t\t<\/button>\n\t\t\t\t<\/div>\n\t\t\t<\/div>\n\t\t<input type=\"hidden\" name=\"trp-form-language\" value=\"en\"\/><\/form>\n\t\t\t\t<\/div>\n\t\t\t\t<\/div>\n\t\t\t\t\t<\/div>\n\t\t<\/div>\n\t\t\t\t\t<\/div>\n\t\t<\/section>\n\t\t\t\t<section class=\"elementor-section elementor-top-section elementor-element elementor-element-14cab85 elementor-section-boxed elementor-section-height-default elementor-section-height-default\" data-id=\"14cab85\" data-element_type=\"section\">\n\t\t\t\t\t\t<div class=\"elementor-container elementor-column-gap-default\">\n\t\t\t\t\t<div class=\"elementor-column elementor-col-100 elementor-top-column elementor-element elementor-element-5c4ef27\" data-id=\"5c4ef27\" data-element_type=\"column\">\n\t\t\t<div class=\"elementor-widget-wrap elementor-element-populated\">\n\t\t\t\t\t\t\t<\/div>\n\t\t<\/div>\n\t\t\t\t\t<\/div>\n\t\t<\/section>\n\t\t\t\t<section class=\"elementor-section elementor-top-section elementor-element elementor-element-a1b5292 elementor-section-boxed elementor-section-height-default elementor-section-height-default\" data-id=\"a1b5292\" data-element_type=\"section\">\n\t\t\t\t\t\t<div class=\"elementor-container elementor-column-gap-default\">\n\t\t\t\t\t<div class=\"elementor-column elementor-col-100 elementor-top-column elementor-element elementor-element-8daac19\" data-id=\"8daac19\" data-element_type=\"column\">\n\t\t\t<div class=\"elementor-widget-wrap\">\n\t\t\t\t\t\t\t<\/div>\n\t\t<\/div>\n\t\t\t\t\t<\/div>\n\t\t<\/section>\n\t\t\t\t<\/div>","protected":false},"excerpt":{"rendered":"<p>Behandlungsgutscheine f\u00fcr Sch\u00f6nheitschirurgie in M\u00fcnchen Sch\u00f6nheit und wohlbefinden schenken &#8211; mit Behandlungsgutscheinen von Frau Dr. Dr. G\u00fcnter Der Behandlungsgutschein von Frau Dr. Dr. G\u00fcnter ist ein besonderes Pr\u00e4sent, \u00fcber das man sich das ganze Jahr freuen kann. Egal ob zu Weihnachten, Geburtstag oder einfach als Dankesch\u00f6n. Der Gutschein ist das richtige Geschenk f\u00fcr jeden Anlass. [&hellip;]<\/p>","protected":false},"author":4,"featured_media":149,"parent":0,"menu_order":0,"comment_status":"closed","ping_status":"closed","template":"","meta":{"footnotes":""},"_links":{"self":[{"href":"https:\/\/christinaguenter.com\/en\/wp-json\/wp\/v2\/pages\/1118"}],"collection":[{"href":"https:\/\/christinaguenter.com\/en\/wp-json\/wp\/v2\/pages"}],"about":[{"href":"https:\/\/christinaguenter.com\/en\/wp-json\/wp\/v2\/types\/page"}],"author":[{"embeddable":true,"href":"https:\/\/christinaguenter.com\/en\/wp-json\/wp\/v2\/users\/4"}],"replies":[{"embeddable":true,"href":"https:\/\/christinaguenter.com\/en\/wp-json\/wp\/v2\/comments?post=1118"}],"version-history":[{"count":20,"href":"https:\/\/christinaguenter.com\/en\/wp-json\/wp\/v2\/pages\/1118\/revisions"}],"predecessor-version":[{"id":1437,"href":"https:\/\/christinaguenter.com\/en\/wp-json\/wp\/v2\/pages\/1118\/revisions\/1437"}],"wp:featuredmedia":[{"embeddable":true,"href":"https:\/\/christinaguenter.com\/en\/wp-json\/wp\/v2\/media\/149"}],"wp:attachment":[{"href":"https:\/\/christinaguenter.com\/en\/wp-json\/wp\/v2\/media?parent=1118"}],"curies":[{"name":"wp","href":"https:\/\/api.w.org\/{rel}","templated":true}]}}