{"id":1278,"date":"2020-09-30T13:36:27","date_gmt":"2020-09-30T11:36:27","guid":{"rendered":"https:\/\/christinaguenter.com\/?page_id=1278"},"modified":"2025-08-09T14:08:23","modified_gmt":"2025-08-09T12:08:23","slug":"faltenunterspritzung-mit-eigenfett-in-muenchen","status":"publish","type":"page","link":"https:\/\/christinaguenter.com\/en\/faltenunterspritzung-mit-eigenfett-in-muenchen","title":{"rendered":"Long-lasting facial volume"},"content":{"rendered":"<div data-elementor-type=\"wp-page\" data-elementor-id=\"1278\" class=\"elementor elementor-1278\" data-elementor-post-type=\"page\">\n\t\t\t\t\t\t<section class=\"elementor-section elementor-top-section elementor-element elementor-element-c7f3064 elementor-section-boxed elementor-section-height-default elementor-section-height-default\" data-id=\"c7f3064\" data-element_type=\"section\">\n\t\t\t\t\t\t<div class=\"elementor-container elementor-column-gap-default\">\n\t\t\t\t\t<div class=\"elementor-column elementor-col-100 elementor-top-column elementor-element elementor-element-18a4786\" data-id=\"18a4786\" data-element_type=\"column\">\n\t\t\t<div class=\"elementor-widget-wrap elementor-element-populated\">\n\t\t\t\t\t\t<div class=\"elementor-element elementor-element-6e64a5d headline elementor-widget elementor-widget-text-editor\" data-id=\"6e64a5d\" data-element_type=\"widget\" data-widget_type=\"text-editor.default\">\n\t\t\t\t<div class=\"elementor-widget-container\">\n\t\t\t\t\t\t\t<h1 style=\"font-size: 0.9em; font-weight: 300; color: #888888;\">Long-lasting facial volume through autologous fat injections in Munich<\/h1>\t\t\t\t\t\t<\/div>\n\t\t\t\t<\/div>\n\t\t\t\t\t<\/div>\n\t\t<\/div>\n\t\t\t\t\t<\/div>\n\t\t<\/section>\n\t\t\t\t<section class=\"elementor-section elementor-top-section elementor-element elementor-element-1de5cb9 elementor-section-boxed elementor-section-height-default elementor-section-height-default\" data-id=\"1de5cb9\" data-element_type=\"section\">\n\t\t\t\t\t\t<div class=\"elementor-container elementor-column-gap-default\">\n\t\t\t\t\t<div class=\"elementor-column elementor-col-100 elementor-top-column elementor-element elementor-element-7eaac10\" data-id=\"7eaac10\" data-element_type=\"column\">\n\t\t\t<div class=\"elementor-widget-wrap elementor-element-populated\">\n\t\t\t\t\t\t<div class=\"elementor-element elementor-element-8eb79b6 elementor-widget elementor-widget-text-editor\" data-id=\"8eb79b6\" data-element_type=\"widget\" data-widget_type=\"text-editor.default\">\n\t\t\t\t<div class=\"elementor-widget-container\">\n\t\t\t\t\t\t\t<h2><strong>Long-lasting facial volume through autologous fat injections<br \/><br \/><\/strong><\/h2><p>F\u00fcr langanhaltendes Volumen in Ihrem Gesicht &#8211; die Eigenfett-Transplantation.<\/p><p>As we age, our faces lose their natural contours. However, facial volume can be restored effectively with autologous fat injections. The most significant advantage of this procedure is that most people have sufficient fat reserves to be harvested. Most of the fat grafted from a patient\u2019s own body survives and does not have to be replenished regularly.<\/p><p>With increasing age, our face and skin are susceptible to natural changes. These include volumetric losses in the deeper tissue layers, fatty and conjunctive tissue, and bone degradation. In addition, the facial conjunctive tissue slackens: the loosened tissue layers and excessive skin are pulled downwards by gravity, changing the facial contours.<\/p><p>Natural volume therapy with autologous fat effectively counteracts this tendency, replenishing the subdermal fatty tissue and smoothing the skin\u2019s surface.<\/p><p>Treatment with autologous fat can be combined with various modern therapies for facial treatments. Forehead, cheeks, the central area of your face, nasolabial folds, chin, and jawline can be corrected simultaneously.<\/p><p>During the treatment, fatty tissue can be harvested from the abdomen, the hip, or the thighs \u2013 without leaving significant scars. The tissue will then be treated in a special process and subsequently reinjected into the body. Using a unique surgical technique, I will inject small fatty tissue parcels into the area to be treated, replacing missing volume and rejuvenating the skin.<\/p><p>This process is called autologous fat transfer and is based on the fact that living fat cells can be harvested from one part of the body and reinjected at another location. Where and how much fat is injected into the facial skin depends on your skin\u2019s condition and will be determined during the preliminary consultation.<\/p><p>The surgery can be performed on an outpatient or inpatient basis. However, general anesthesia or twilight sleep or local anesthesia will be necessary.<\/p><p>If you decide on an autologous fat transfer, it is essential that you are cared for professionally and personally during the entire process.\u00a0<\/p><p>I attach great importance to perceiving, advising, and treating you as an individual, with all your personality\u2019s facets. My many years of experience, expertise, empathy, and communication are central pillars of my therapeutic success. Intensive and personal post-treatment care is as much a focus of my work as the preparation and the treatment itself. After all, a perfect result can only be achieved by working together as a team.\u00a0<\/p><p>\u00a0<\/p><p><img fetchpriority=\"high\" decoding=\"async\" class=\"alignnone wp-image-738\" src=\"https:\/\/christinaguenter.com\/wp-content\/uploads\/2020\/05\/IMG_1941-300x200.jpg\" alt=\"Liquid Facelift\" width=\"882\" height=\"587\" srcset=\"https:\/\/christinaguenter.com\/wp-content\/uploads\/2020\/05\/IMG_1941-300x200.jpg 300w, https:\/\/christinaguenter.com\/wp-content\/uploads\/2020\/05\/IMG_1941-1024x683.jpg 1024w, https:\/\/christinaguenter.com\/wp-content\/uploads\/2020\/05\/IMG_1941-768x512.jpg 768w, https:\/\/christinaguenter.com\/wp-content\/uploads\/2020\/05\/IMG_1941-1536x1024.jpg 1536w, https:\/\/christinaguenter.com\/wp-content\/uploads\/2020\/05\/IMG_1941-2048x1365.jpg 2048w\" sizes=\"(max-width: 882px) 100vw, 882px\" \/><\/p><h2>Risks<\/h2><p>Facial rejuvenation with autologous fat may lead to infections, local bleeding, bruising (hematoma), swelling (possibly prolonged), temporary loss of sensitivity at the donor site, and slight asymmetries.<\/p><p>The follow-up treatment depends on the type and extent of the procedure. You should refrain from physical exercises for 9 to 12 weeks. Please keep in mind that only 40 to 80 % of the fat cells usually survive a fat transfer. For a perfect result, a second operation may be necessary after 9 to 12 months.<\/p><p>It goes without saying that your health is always given priority. Surgery that negatively affects your health or physical integrity is not recommended and should not be performed in the first place.<\/p><h2><strong>Die wichtigsten Fakten zur Eigenfett-Transplantation<\/strong><\/h2><ul><li><strong>DURATION OF SURGERY: <\/strong>from 1 h<\/li><li><strong>ANESTHESIA:<\/strong> Twilight sleep with local anesthesia or general anesthesia<\/li><li><strong>HOSPITAL STAY<\/strong><strong>:<\/strong> 0 to 1 day<\/li><li><strong>COSTS:<\/strong> will be determined individually after the preliminary consultation, depending on the work involved<\/li><li><strong>FOLLOW-UP TREATMENT<\/strong><strong>:<\/strong> 1 to 6 weeks<\/li><li><strong>REMOVAL OF SUTURES:<\/strong> after 1 week<\/li><li><strong>SOCIAL ACTIVITIES:<\/strong> after 7 to 10 days<\/li><li><strong>PHYSICAL EXERCISE: <\/strong>after 9 to 12 weeks<\/li><\/ul><h2><strong>\u00a0<\/strong><\/h2>\t\t\t\t\t\t<\/div>\n\t\t\t\t<\/div>\n\t\t\t\t\t<\/div>\n\t\t<\/div>\n\t\t\t\t\t<\/div>\n\t\t<\/section>\n\t\t\t\t<section class=\"elementor-section elementor-top-section elementor-element elementor-element-765b2727 elementor-section-boxed elementor-section-height-default elementor-section-height-default\" data-id=\"765b2727\" data-element_type=\"section\">\n\t\t\t\t\t\t\t<div class=\"elementor-background-overlay\"><\/div>\n\t\t\t\t\t\t\t<div class=\"elementor-container elementor-column-gap-default\">\n\t\t\t\t\t<div class=\"elementor-column elementor-col-50 elementor-top-column elementor-element elementor-element-57f6830\" data-id=\"57f6830\" data-element_type=\"column\">\n\t\t\t<div class=\"elementor-widget-wrap elementor-element-populated\">\n\t\t\t\t\t\t<div class=\"elementor-element elementor-element-5bdcc146 elementor-widget__width-initial elementor-widget elementor-widget-text-editor\" data-id=\"5bdcc146\" data-element_type=\"widget\" data-widget_type=\"text-editor.default\">\n\t\t\t\t<div class=\"elementor-widget-container\">\n\t\t\t\t\t\t\t<h2><a title=\"Plastic surgery services\" href=\"https:\/\/christinaguenter.com\/en\/leistungen\/\" rel=\"\"><b>\u00dcbersicht der BehandlungsLEISTUNGEN \u00bb<\/b><\/a><\/h2><p>Here you will find an overview of my main areas of treatment\u2014from aesthetic surgery to gentle corrections. Each treatment is individual, personalized, and carried out with medical care.\u00a0<a title=\"\u00dcbersicht Behandlungsleistungen\" href=\"https:\/\/christinaguenter.com\/en\/leistungen\/\" rel=\"\"> <strong>To the service overview \u00bb<\/strong><\/a><\/p>\t\t\t\t\t\t<\/div>\n\t\t\t\t<\/div>\n\t\t\t\t\t<\/div>\n\t\t<\/div>\n\t\t\t\t<div class=\"elementor-column elementor-col-50 elementor-top-column elementor-element elementor-element-31fb67bb\" data-id=\"31fb67bb\" data-element_type=\"column\">\n\t\t\t<div class=\"elementor-widget-wrap elementor-element-populated\">\n\t\t\t\t\t\t<div class=\"elementor-element elementor-element-77c87394 elementor-widget elementor-widget-image\" data-id=\"77c87394\" data-element_type=\"widget\" data-widget_type=\"image.default\">\n\t\t\t\t<div class=\"elementor-widget-container\">\n\t\t\t\t\t\t\t\t\t\t\t\t\t\t<a href=\"https:\/\/christinaguenter.com\/en\/leistungen\/\">\n\t\t\t\t\t\t\t<img decoding=\"async\" width=\"460\" height=\"460\" src=\"https:\/\/christinaguenter.com\/wp-content\/uploads\/2025\/08\/op-dr-christina-guenter-plastische-chirurgin_04.jpg\" class=\"attachment-large size-large wp-image-3685\" alt=\"\" srcset=\"https:\/\/christinaguenter.com\/wp-content\/uploads\/2025\/08\/op-dr-christina-guenter-plastische-chirurgin_04.jpg 460w, https:\/\/christinaguenter.com\/wp-content\/uploads\/2025\/08\/op-dr-christina-guenter-plastische-chirurgin_04-300x300.jpg 300w, https:\/\/christinaguenter.com\/wp-content\/uploads\/2025\/08\/op-dr-christina-guenter-plastische-chirurgin_04-150x150.jpg 150w, https:\/\/christinaguenter.com\/wp-content\/uploads\/2025\/08\/op-dr-christina-guenter-plastische-chirurgin_04-12x12.jpg 12w\" sizes=\"(max-width: 460px) 100vw, 460px\" \/>\t\t\t\t\t\t\t\t<\/a>\n\t\t\t\t\t\t\t\t\t\t\t\t\t<\/div>\n\t\t\t\t<\/div>\n\t\t\t\t\t<\/div>\n\t\t<\/div>\n\t\t\t\t\t<\/div>\n\t\t<\/section>\n\t\t\t\t<\/div>","protected":false},"excerpt":{"rendered":"<p>Faltenunterspritzung mit Eigenfett in M\u00fcnchen \/ Lipofilling Faltenunterspritzung mit Eigenfett &#8211; Lipofilling F\u00fcr langanhaltendes Volumen in Ihrem Gesicht &#8211; die Eigenfett-Transplantation. Gesichtsvolumen, das aufgrund der Gesichtsalterung abnimmt, l\u00e4sst sich mit Eigenfett optimal wiederherstellen. Der gr\u00f6\u00dfte Vorteil dieser Behandlung besteht darin, dass bei den meisten Personen gen\u00fcgend Fett vorhanden ist, womit das\u00a0einmal angewachsene Fett Bestand hat [&hellip;]<\/p>","protected":false},"author":4,"featured_media":1287,"parent":0,"menu_order":0,"comment_status":"closed","ping_status":"closed","template":"","meta":{"footnotes":""},"_links":{"self":[{"href":"https:\/\/christinaguenter.com\/en\/wp-json\/wp\/v2\/pages\/1278"}],"collection":[{"href":"https:\/\/christinaguenter.com\/en\/wp-json\/wp\/v2\/pages"}],"about":[{"href":"https:\/\/christinaguenter.com\/en\/wp-json\/wp\/v2\/types\/page"}],"author":[{"embeddable":true,"href":"https:\/\/christinaguenter.com\/en\/wp-json\/wp\/v2\/users\/4"}],"replies":[{"embeddable":true,"href":"https:\/\/christinaguenter.com\/en\/wp-json\/wp\/v2\/comments?post=1278"}],"version-history":[{"count":14,"href":"https:\/\/christinaguenter.com\/en\/wp-json\/wp\/v2\/pages\/1278\/revisions"}],"predecessor-version":[{"id":4044,"href":"https:\/\/christinaguenter.com\/en\/wp-json\/wp\/v2\/pages\/1278\/revisions\/4044"}],"wp:featuredmedia":[{"embeddable":true,"href":"https:\/\/christinaguenter.com\/en\/wp-json\/wp\/v2\/media\/1287"}],"wp:attachment":[{"href":"https:\/\/christinaguenter.com\/en\/wp-json\/wp\/v2\/media?parent=1278"}],"curies":[{"name":"wp","href":"https:\/\/api.w.org\/{rel}","templated":true}]}}