{"id":1626,"date":"2020-10-31T18:00:38","date_gmt":"2020-10-31T17:00:38","guid":{"rendered":"https:\/\/christinaguenter.com\/?page_id=1626"},"modified":"2025-08-09T14:14:13","modified_gmt":"2025-08-09T12:14:13","slug":"presse-feine-adressen-11-2020-infos","status":"publish","type":"page","link":"https:\/\/christinaguenter.com\/en\/presse-feine-adressen-11-2020-infos","title":{"rendered":"Presse: Feine Adressen 11\/2020 Infos"},"content":{"rendered":"<div data-elementor-type=\"wp-page\" data-elementor-id=\"1626\" class=\"elementor elementor-1626\" data-elementor-post-type=\"page\">\n\t\t\t\t\t\t<section class=\"elementor-section elementor-top-section elementor-element elementor-element-6352b62 elementor-section-boxed elementor-section-height-default elementor-section-height-default\" data-id=\"6352b62\" data-element_type=\"section\">\n\t\t\t\t\t\t<div class=\"elementor-container elementor-column-gap-default\">\n\t\t\t\t\t<div class=\"elementor-column elementor-col-100 elementor-top-column elementor-element elementor-element-0e96f0b\" data-id=\"0e96f0b\" data-element_type=\"column\">\n\t\t\t<div class=\"elementor-widget-wrap elementor-element-populated\">\n\t\t\t\t\t\t<div class=\"elementor-element elementor-element-52012cd headline elementor-widget elementor-widget-text-editor\" data-id=\"52012cd\" data-element_type=\"widget\" data-widget_type=\"text-editor.default\">\n\t\t\t\t<div class=\"elementor-widget-container\">\n\t\t\t\t\t\t\t<h1 style=\"font-size: 0.9em; font-weight: 300; color: #888888;\">Plastic surgery ... Dr. Christina G\u00fcnter Munich Reviews<\/h1>\t\t\t\t\t\t<\/div>\n\t\t\t\t<\/div>\n\t\t\t\t\t<\/div>\n\t\t<\/div>\n\t\t\t\t\t<\/div>\n\t\t<\/section>\n\t\t\t\t<section class=\"elementor-section elementor-top-section elementor-element elementor-element-1de5cb9 elementor-section-boxed elementor-section-height-default elementor-section-height-default\" data-id=\"1de5cb9\" data-element_type=\"section\">\n\t\t\t\t\t\t<div class=\"elementor-container elementor-column-gap-default\">\n\t\t\t\t\t<div class=\"elementor-column elementor-col-100 elementor-top-column elementor-element elementor-element-7eaac10\" data-id=\"7eaac10\" data-element_type=\"column\">\n\t\t\t<div class=\"elementor-widget-wrap elementor-element-populated\">\n\t\t\t\t\t\t<div class=\"elementor-element elementor-element-8eb79b6 elementor-widget elementor-widget-text-editor\" data-id=\"8eb79b6\" data-element_type=\"widget\" data-widget_type=\"text-editor.default\">\n\t\t\t\t<div class=\"elementor-widget-container\">\n\t\t\t\t\t\t\t<h2>Neue Trends in der<br \/>plastisch-\u00e4sthetischen Chirurgie<\/h2><p>Dr. med. Dr. med. Christina Irene Gu\u0308nter ist Fach\u00e4rztin fu\u0308r plastische und \u00e4sthetische Chirurgie und<br \/>bietet Ihnen effiziente Behandlungen fu\u0308r die neusten Trends an.<\/p><p>Durch die Coronakrise haben Video Calls, Webinare und Social-Media-Aktivit\u00e4ten sprunghaft zugenommen und damit auch der kritische Blick auf das eigene Gesicht und den eigenen K\u00f6rper. Die Nachfrage nach Gesichtsbehandlungen, Fettabsaugungen und Gewichtsreduktionsdi\u00e4ten hat spu\u0308rbar zugenommen.<\/p>\t\t\t\t\t\t<\/div>\n\t\t\t\t<\/div>\n\t\t\t\t\t<\/div>\n\t\t<\/div>\n\t\t\t\t\t<\/div>\n\t\t<\/section>\n\t\t\t\t<section class=\"elementor-section elementor-top-section elementor-element elementor-element-d3cd4b7 elementor-section-boxed elementor-section-height-default elementor-section-height-default\" data-id=\"d3cd4b7\" data-element_type=\"section\">\n\t\t\t\t\t\t<div class=\"elementor-container elementor-column-gap-default\">\n\t\t\t\t\t<div class=\"elementor-column elementor-col-100 elementor-top-column elementor-element elementor-element-222ced1\" data-id=\"222ced1\" data-element_type=\"column\">\n\t\t\t<div class=\"elementor-widget-wrap elementor-element-populated\">\n\t\t\t\t\t\t<div class=\"elementor-element elementor-element-b4add53 elementor-widget elementor-widget-image\" data-id=\"b4add53\" data-element_type=\"widget\" data-widget_type=\"image.default\">\n\t\t\t\t<div class=\"elementor-widget-container\">\n\t\t\t\t\t\t\t\t\t\t\t\t\t<img fetchpriority=\"high\" decoding=\"async\" width=\"725\" height=\"1024\" src=\"https:\/\/christinaguenter.com\/wp-content\/uploads\/2020\/10\/Neue-Trends-plastische-chirurgie-Muenchen-Christina-Guenter.jpg-725x1024.jpg\" class=\"attachment-large size-large wp-image-1608\" alt=\"Aus der Presse ... Plastische Chirurgin in M\u00fcnchen, Dr. Med. Christina G\u00fcnter\" srcset=\"https:\/\/christinaguenter.com\/wp-content\/uploads\/2020\/10\/Neue-Trends-plastische-chirurgie-Muenchen-Christina-Guenter.jpg-725x1024.jpg 725w, https:\/\/christinaguenter.com\/wp-content\/uploads\/2020\/10\/Neue-Trends-plastische-chirurgie-Muenchen-Christina-Guenter.jpg-212x300.jpg 212w, https:\/\/christinaguenter.com\/wp-content\/uploads\/2020\/10\/Neue-Trends-plastische-chirurgie-Muenchen-Christina-Guenter.jpg-768x1085.jpg 768w, https:\/\/christinaguenter.com\/wp-content\/uploads\/2020\/10\/Neue-Trends-plastische-chirurgie-Muenchen-Christina-Guenter.jpg-1087x1536.jpg 1087w, https:\/\/christinaguenter.com\/wp-content\/uploads\/2020\/10\/Neue-Trends-plastische-chirurgie-Muenchen-Christina-Guenter.jpg.jpg 1280w\" sizes=\"(max-width: 725px) 100vw, 725px\" \/>\t\t\t\t\t\t\t\t\t\t\t\t\t<\/div>\n\t\t\t\t<\/div>\n\t\t\t\t\t<\/div>\n\t\t<\/div>\n\t\t\t\t\t<\/div>\n\t\t<\/section>\n\t\t\t\t<section class=\"elementor-section elementor-top-section elementor-element elementor-element-2a8c9379 elementor-section-boxed elementor-section-height-default elementor-section-height-default\" data-id=\"2a8c9379\" data-element_type=\"section\">\n\t\t\t\t\t\t\t<div class=\"elementor-background-overlay\"><\/div>\n\t\t\t\t\t\t\t<div class=\"elementor-container elementor-column-gap-default\">\n\t\t\t\t\t<div class=\"elementor-column elementor-col-50 elementor-top-column elementor-element elementor-element-78dfc618\" data-id=\"78dfc618\" data-element_type=\"column\">\n\t\t\t<div class=\"elementor-widget-wrap elementor-element-populated\">\n\t\t\t\t\t\t<div class=\"elementor-element elementor-element-582a851e elementor-widget__width-initial elementor-widget elementor-widget-text-editor\" data-id=\"582a851e\" data-element_type=\"widget\" data-widget_type=\"text-editor.default\">\n\t\t\t\t<div class=\"elementor-widget-container\">\n\t\t\t\t\t\t\t<h2><a title=\"Plastic surgery services\" href=\"https:\/\/christinaguenter.com\/en\/leistungen\/\" rel=\"\"><b>\u00dcbersicht der BehandlungsLEISTUNGEN \u00bb<\/b><\/a><\/h2><p>Here you will find an overview of my main areas of treatment\u2014from aesthetic surgery to gentle corrections. Each treatment is individual, personalized, and carried out with medical care.\u00a0<a title=\"\u00dcbersicht Behandlungsleistungen\" href=\"https:\/\/christinaguenter.com\/en\/leistungen\/\" rel=\"\"> <strong>To the service overview \u00bb<\/strong><\/a><\/p>\t\t\t\t\t\t<\/div>\n\t\t\t\t<\/div>\n\t\t\t\t\t<\/div>\n\t\t<\/div>\n\t\t\t\t<div class=\"elementor-column elementor-col-50 elementor-top-column elementor-element elementor-element-172d9398\" data-id=\"172d9398\" data-element_type=\"column\">\n\t\t\t<div class=\"elementor-widget-wrap elementor-element-populated\">\n\t\t\t\t\t\t<div class=\"elementor-element elementor-element-5e79d920 elementor-widget elementor-widget-image\" data-id=\"5e79d920\" data-element_type=\"widget\" data-widget_type=\"image.default\">\n\t\t\t\t<div class=\"elementor-widget-container\">\n\t\t\t\t\t\t\t\t\t\t\t\t\t\t<a href=\"https:\/\/christinaguenter.com\/en\/leistungen\/\">\n\t\t\t\t\t\t\t<img decoding=\"async\" width=\"460\" height=\"460\" src=\"https:\/\/christinaguenter.com\/wp-content\/uploads\/2025\/08\/op-dr-christina-guenter-plastische-chirurgin_04.jpg\" class=\"attachment-large size-large wp-image-3685\" alt=\"\" srcset=\"https:\/\/christinaguenter.com\/wp-content\/uploads\/2025\/08\/op-dr-christina-guenter-plastische-chirurgin_04.jpg 460w, https:\/\/christinaguenter.com\/wp-content\/uploads\/2025\/08\/op-dr-christina-guenter-plastische-chirurgin_04-300x300.jpg 300w, https:\/\/christinaguenter.com\/wp-content\/uploads\/2025\/08\/op-dr-christina-guenter-plastische-chirurgin_04-150x150.jpg 150w, https:\/\/christinaguenter.com\/wp-content\/uploads\/2025\/08\/op-dr-christina-guenter-plastische-chirurgin_04-12x12.jpg 12w\" sizes=\"(max-width: 460px) 100vw, 460px\" \/>\t\t\t\t\t\t\t\t<\/a>\n\t\t\t\t\t\t\t\t\t\t\t\t\t<\/div>\n\t\t\t\t<\/div>\n\t\t\t\t\t<\/div>\n\t\t<\/div>\n\t\t\t\t\t<\/div>\n\t\t<\/section>\n\t\t\t\t<\/div>","protected":false},"excerpt":{"rendered":"<p>Plastische chirurgie &#8230; Dr. christina g\u00fcnter M\u00fcnchen in der Presse Neue Trends in derplastisch-\u00e4sthetischen Chirurgie Dr. med. Dr. med. Christina Irene Gu\u0308nter ist Fach\u00e4rztin fu\u0308r plastische und \u00e4sthetische Chirurgie undbietet Ihnen effiziente Behandlungen fu\u0308r die neusten Trends an. Durch die Coronakrise haben Video Calls, Webinare und Social-Media-Aktivit\u00e4ten sprunghaft zugenommen und damit auch der kritische Blick [&hellip;]<\/p>","protected":false},"author":4,"featured_media":1645,"parent":0,"menu_order":0,"comment_status":"closed","ping_status":"closed","template":"","meta":{"footnotes":""},"_links":{"self":[{"href":"https:\/\/christinaguenter.com\/en\/wp-json\/wp\/v2\/pages\/1626"}],"collection":[{"href":"https:\/\/christinaguenter.com\/en\/wp-json\/wp\/v2\/pages"}],"about":[{"href":"https:\/\/christinaguenter.com\/en\/wp-json\/wp\/v2\/types\/page"}],"author":[{"embeddable":true,"href":"https:\/\/christinaguenter.com\/en\/wp-json\/wp\/v2\/users\/4"}],"replies":[{"embeddable":true,"href":"https:\/\/christinaguenter.com\/en\/wp-json\/wp\/v2\/comments?post=1626"}],"version-history":[{"count":7,"href":"https:\/\/christinaguenter.com\/en\/wp-json\/wp\/v2\/pages\/1626\/revisions"}],"predecessor-version":[{"id":4092,"href":"https:\/\/christinaguenter.com\/en\/wp-json\/wp\/v2\/pages\/1626\/revisions\/4092"}],"wp:featuredmedia":[{"embeddable":true,"href":"https:\/\/christinaguenter.com\/en\/wp-json\/wp\/v2\/media\/1645"}],"wp:attachment":[{"href":"https:\/\/christinaguenter.com\/en\/wp-json\/wp\/v2\/media?parent=1626"}],"curies":[{"name":"wp","href":"https:\/\/api.w.org\/{rel}","templated":true}]}}