{"id":1650,"date":"2020-10-31T18:44:51","date_gmt":"2020-10-31T17:44:51","guid":{"rendered":"https:\/\/christinaguenter.com\/?page_id=1650"},"modified":"2025-08-09T14:15:14","modified_gmt":"2025-08-09T12:15:14","slug":"presse-beilage-brigitte-01-2021-info","status":"publish","type":"page","link":"https:\/\/christinaguenter.com\/en\/presse-beilage-brigitte-01-2021-info","title":{"rendered":"Presse: Beilage Brigitte  01\/2021"},"content":{"rendered":"<div data-elementor-type=\"wp-page\" data-elementor-id=\"1650\" class=\"elementor elementor-1650\" data-elementor-post-type=\"page\">\n\t\t\t\t\t\t<section class=\"elementor-section elementor-top-section elementor-element elementor-element-6352b62 elementor-section-boxed elementor-section-height-default elementor-section-height-default\" data-id=\"6352b62\" data-element_type=\"section\">\n\t\t\t\t\t\t<div class=\"elementor-container elementor-column-gap-default\">\n\t\t\t\t\t<div class=\"elementor-column elementor-col-100 elementor-top-column elementor-element elementor-element-0e96f0b\" data-id=\"0e96f0b\" data-element_type=\"column\">\n\t\t\t<div class=\"elementor-widget-wrap elementor-element-populated\">\n\t\t\t\t\t\t<div class=\"elementor-element elementor-element-52012cd headline elementor-widget elementor-widget-text-editor\" data-id=\"52012cd\" data-element_type=\"widget\" data-widget_type=\"text-editor.default\">\n\t\t\t\t<div class=\"elementor-widget-container\">\n\t\t\t\t\t\t\t<h1 style=\"font-size: 0.9em; font-weight: 300; color: #888888;\">Plastic surgery ... Dr. Christina G\u00fcnter Munich Reviews<\/h1>\t\t\t\t\t\t<\/div>\n\t\t\t\t<\/div>\n\t\t\t\t\t<\/div>\n\t\t<\/div>\n\t\t\t\t\t<\/div>\n\t\t<\/section>\n\t\t\t\t<section class=\"elementor-section elementor-top-section elementor-element elementor-element-1de5cb9 elementor-section-boxed elementor-section-height-default elementor-section-height-default\" data-id=\"1de5cb9\" data-element_type=\"section\">\n\t\t\t\t\t\t<div class=\"elementor-container elementor-column-gap-default\">\n\t\t\t\t\t<div class=\"elementor-column elementor-col-100 elementor-top-column elementor-element elementor-element-7eaac10\" data-id=\"7eaac10\" data-element_type=\"column\">\n\t\t\t<div class=\"elementor-widget-wrap elementor-element-populated\">\n\t\t\t\t\t\t<div class=\"elementor-element elementor-element-8eb79b6 elementor-widget elementor-widget-text-editor\" data-id=\"8eb79b6\" data-element_type=\"widget\" data-widget_type=\"text-editor.default\">\n\t\t\t\t<div class=\"elementor-widget-container\">\n\t\t\t\t\t\t\t<h2>Dr. Med. Dr. Med. CHRISTINA I. G\u00dcNTER<\/h2><p>FACH\u00c4RZTIN F\u00dcR PLASTISCHE UND \u00c4STHETISCHE CHIRURGIE<\/p>\t\t\t\t\t\t<\/div>\n\t\t\t\t<\/div>\n\t\t\t\t\t<\/div>\n\t\t<\/div>\n\t\t\t\t\t<\/div>\n\t\t<\/section>\n\t\t\t\t<section class=\"elementor-section elementor-top-section elementor-element elementor-element-d3cd4b7 elementor-section-boxed elementor-section-height-default elementor-section-height-default\" data-id=\"d3cd4b7\" data-element_type=\"section\">\n\t\t\t\t\t\t<div class=\"elementor-container elementor-column-gap-default\">\n\t\t\t\t\t<div class=\"elementor-column elementor-col-100 elementor-top-column elementor-element elementor-element-222ced1\" data-id=\"222ced1\" data-element_type=\"column\">\n\t\t\t<div class=\"elementor-widget-wrap elementor-element-populated\">\n\t\t\t\t\t\t<div class=\"elementor-element elementor-element-b4add53 elementor-widget elementor-widget-image\" data-id=\"b4add53\" data-element_type=\"widget\" data-widget_type=\"image.default\">\n\t\t\t\t<div class=\"elementor-widget-container\">\n\t\t\t\t\t\t\t\t\t\t\t\t\t<img fetchpriority=\"high\" decoding=\"async\" width=\"800\" height=\"1018\" src=\"https:\/\/christinaguenter.com\/wp-content\/uploads\/2020\/10\/B_Guenter_Top-Aesthetics_Beilage_Brigitte_Woman01_21-805x1024.jpg\" class=\"attachment-large size-large wp-image-1649\" alt=\"Aus der Presse ... Plastische Chirurgin in M\u00fcnchen, Dr. Med. Christina G\u00fcnter\" srcset=\"https:\/\/christinaguenter.com\/wp-content\/uploads\/2020\/10\/B_Guenter_Top-Aesthetics_Beilage_Brigitte_Woman01_21-805x1024.jpg 805w, https:\/\/christinaguenter.com\/wp-content\/uploads\/2020\/10\/B_Guenter_Top-Aesthetics_Beilage_Brigitte_Woman01_21-236x300.jpg 236w, https:\/\/christinaguenter.com\/wp-content\/uploads\/2020\/10\/B_Guenter_Top-Aesthetics_Beilage_Brigitte_Woman01_21-768x977.jpg 768w, https:\/\/christinaguenter.com\/wp-content\/uploads\/2020\/10\/B_Guenter_Top-Aesthetics_Beilage_Brigitte_Woman01_21-1208x1536.jpg 1208w, https:\/\/christinaguenter.com\/wp-content\/uploads\/2020\/10\/B_Guenter_Top-Aesthetics_Beilage_Brigitte_Woman01_21.jpg 1280w\" sizes=\"(max-width: 800px) 100vw, 800px\" \/>\t\t\t\t\t\t\t\t\t\t\t\t\t<\/div>\n\t\t\t\t<\/div>\n\t\t\t\t\t<\/div>\n\t\t<\/div>\n\t\t\t\t\t<\/div>\n\t\t<\/section>\n\t\t\t\t<section class=\"elementor-section elementor-top-section elementor-element elementor-element-a650f50 elementor-section-boxed elementor-section-height-default elementor-section-height-default\" data-id=\"a650f50\" data-element_type=\"section\">\n\t\t\t\t\t\t\t<div class=\"elementor-background-overlay\"><\/div>\n\t\t\t\t\t\t\t<div class=\"elementor-container elementor-column-gap-default\">\n\t\t\t\t\t<div class=\"elementor-column elementor-col-50 elementor-top-column elementor-element elementor-element-49a58e86\" data-id=\"49a58e86\" data-element_type=\"column\">\n\t\t\t<div class=\"elementor-widget-wrap elementor-element-populated\">\n\t\t\t\t\t\t<div class=\"elementor-element elementor-element-4c53980e elementor-widget__width-initial elementor-widget elementor-widget-text-editor\" data-id=\"4c53980e\" data-element_type=\"widget\" data-widget_type=\"text-editor.default\">\n\t\t\t\t<div class=\"elementor-widget-container\">\n\t\t\t\t\t\t\t<h2><a title=\"Plastic surgery services\" href=\"https:\/\/christinaguenter.com\/en\/leistungen\/\" rel=\"\"><b>\u00dcbersicht der BehandlungsLEISTUNGEN \u00bb<\/b><\/a><\/h2><p>Here you will find an overview of my main areas of treatment\u2014from aesthetic surgery to gentle corrections. Each treatment is individual, personalized, and carried out with medical care.\u00a0<a title=\"\u00dcbersicht Behandlungsleistungen\" href=\"https:\/\/christinaguenter.com\/en\/leistungen\/\" rel=\"\"> <strong>To the service overview \u00bb<\/strong><\/a><\/p>\t\t\t\t\t\t<\/div>\n\t\t\t\t<\/div>\n\t\t\t\t\t<\/div>\n\t\t<\/div>\n\t\t\t\t<div class=\"elementor-column elementor-col-50 elementor-top-column elementor-element elementor-element-77a94fd8\" data-id=\"77a94fd8\" data-element_type=\"column\">\n\t\t\t<div class=\"elementor-widget-wrap elementor-element-populated\">\n\t\t\t\t\t\t<div class=\"elementor-element elementor-element-44590455 elementor-widget elementor-widget-image\" data-id=\"44590455\" data-element_type=\"widget\" data-widget_type=\"image.default\">\n\t\t\t\t<div class=\"elementor-widget-container\">\n\t\t\t\t\t\t\t\t\t\t\t\t\t\t<a href=\"https:\/\/christinaguenter.com\/en\/leistungen\/\">\n\t\t\t\t\t\t\t<img decoding=\"async\" width=\"460\" height=\"460\" src=\"https:\/\/christinaguenter.com\/wp-content\/uploads\/2025\/08\/op-dr-christina-guenter-plastische-chirurgin_04.jpg\" class=\"attachment-large size-large wp-image-3685\" alt=\"\" srcset=\"https:\/\/christinaguenter.com\/wp-content\/uploads\/2025\/08\/op-dr-christina-guenter-plastische-chirurgin_04.jpg 460w, https:\/\/christinaguenter.com\/wp-content\/uploads\/2025\/08\/op-dr-christina-guenter-plastische-chirurgin_04-300x300.jpg 300w, https:\/\/christinaguenter.com\/wp-content\/uploads\/2025\/08\/op-dr-christina-guenter-plastische-chirurgin_04-150x150.jpg 150w, https:\/\/christinaguenter.com\/wp-content\/uploads\/2025\/08\/op-dr-christina-guenter-plastische-chirurgin_04-12x12.jpg 12w\" sizes=\"(max-width: 460px) 100vw, 460px\" \/>\t\t\t\t\t\t\t\t<\/a>\n\t\t\t\t\t\t\t\t\t\t\t\t\t<\/div>\n\t\t\t\t<\/div>\n\t\t\t\t\t<\/div>\n\t\t<\/div>\n\t\t\t\t\t<\/div>\n\t\t<\/section>\n\t\t\t\t<\/div>","protected":false},"excerpt":{"rendered":"<p>Plastische chirurgie &#8230; Dr. christina g\u00fcnter M\u00fcnchen in der Presse Dr. Med. Dr. Med. CHRISTINA I. G\u00dcNTER FACH\u00c4RZTIN F\u00dcR PLASTISCHE UND \u00c4STHETISCHE CHIRURGIE \u00dcbersicht der BehandlungsLEISTUNGEN \u00bb Hier finden Sie einen \u00dcberblick \u00fcber meine Behandlungs\u00adschwerpunkte \u2013 von \u00e4sthetischer Chirurgie bis hin zu schonenden Korrekturen. Jede Behandlung erfolgt individuell, pers\u00f6nlich und mit medizinischer Sorgfalt.\u00a0 Zur Leistungs\u00fcbersicht [&hellip;]<\/p>","protected":false},"author":4,"featured_media":1645,"parent":0,"menu_order":0,"comment_status":"closed","ping_status":"closed","template":"","meta":{"footnotes":""},"_links":{"self":[{"href":"https:\/\/christinaguenter.com\/en\/wp-json\/wp\/v2\/pages\/1650"}],"collection":[{"href":"https:\/\/christinaguenter.com\/en\/wp-json\/wp\/v2\/pages"}],"about":[{"href":"https:\/\/christinaguenter.com\/en\/wp-json\/wp\/v2\/types\/page"}],"author":[{"embeddable":true,"href":"https:\/\/christinaguenter.com\/en\/wp-json\/wp\/v2\/users\/4"}],"replies":[{"embeddable":true,"href":"https:\/\/christinaguenter.com\/en\/wp-json\/wp\/v2\/comments?post=1650"}],"version-history":[{"count":8,"href":"https:\/\/christinaguenter.com\/en\/wp-json\/wp\/v2\/pages\/1650\/revisions"}],"predecessor-version":[{"id":4104,"href":"https:\/\/christinaguenter.com\/en\/wp-json\/wp\/v2\/pages\/1650\/revisions\/4104"}],"wp:featuredmedia":[{"embeddable":true,"href":"https:\/\/christinaguenter.com\/en\/wp-json\/wp\/v2\/media\/1645"}],"wp:attachment":[{"href":"https:\/\/christinaguenter.com\/en\/wp-json\/wp\/v2\/media?parent=1650"}],"curies":[{"name":"wp","href":"https:\/\/api.w.org\/{rel}","templated":true}]}}