{"id":17,"date":"2020-03-17T13:28:17","date_gmt":"2020-03-17T12:28:17","guid":{"rendered":"https:\/\/christinaguenter.com\/?page_id=17"},"modified":"2026-01-02T00:02:48","modified_gmt":"2026-01-01T23:02:48","slug":"impressum","status":"publish","type":"page","link":"https:\/\/christinaguenter.com\/en\/impressum","title":{"rendered":"Impressum Kontakt"},"content":{"rendered":"<div data-elementor-type=\"wp-page\" data-elementor-id=\"17\" class=\"elementor elementor-17\" data-elementor-post-type=\"page\">\n\t\t\t\t\t\t<section class=\"elementor-section elementor-top-section elementor-element elementor-element-04ee302 elementor-section-boxed elementor-section-height-default elementor-section-height-default\" data-id=\"04ee302\" data-element_type=\"section\">\n\t\t\t\t\t\t<div class=\"elementor-container elementor-column-gap-default\">\n\t\t\t\t\t<div class=\"elementor-column elementor-col-100 elementor-top-column elementor-element elementor-element-8e0ef60\" data-id=\"8e0ef60\" data-element_type=\"column\">\n\t\t\t<div class=\"elementor-widget-wrap elementor-element-populated\">\n\t\t\t\t\t\t<div class=\"elementor-element elementor-element-7ace446 headline elementor-widget elementor-widget-text-editor\" data-id=\"7ace446\" data-element_type=\"widget\" data-widget_type=\"text-editor.default\">\n\t\t\t\t<div class=\"elementor-widget-container\">\n\t\t\t\t\t\t\t<h1 style=\"font-size: 0.9em; font-weight: 300; color: #888888;\">Praxis f\u00fcr Plastische Chirurgie M\u00fcnchen &#8211; Dr. Dr. Christina G\u00fcnter<\/h1>\t\t\t\t\t\t<\/div>\n\t\t\t\t<\/div>\n\t\t\t\t\t<\/div>\n\t\t<\/div>\n\t\t\t\t\t<\/div>\n\t\t<\/section>\n\t\t\t\t<section class=\"elementor-section elementor-top-section elementor-element elementor-element-6b51af83 elementor-section-boxed elementor-section-height-default elementor-section-height-default\" data-id=\"6b51af83\" data-element_type=\"section\">\n\t\t\t\t\t\t<div class=\"elementor-container elementor-column-gap-default\">\n\t\t\t\t\t<div class=\"elementor-column elementor-col-100 elementor-top-column elementor-element elementor-element-5a8d758\" data-id=\"5a8d758\" data-element_type=\"column\">\n\t\t\t<div class=\"elementor-widget-wrap elementor-element-populated\">\n\t\t\t\t\t\t<div class=\"elementor-element elementor-element-80f50f6 elementor-widget elementor-widget-text-editor\" data-id=\"80f50f6\" data-element_type=\"widget\" data-widget_type=\"text-editor.default\">\n\t\t\t\t<div class=\"elementor-widget-container\">\n\t\t\t\t\t\t\t<h2>Dr. med. Dr. med. Christina Irene G\u00fcnter<\/h2>\n<p>Board Certified Plastic Surgeon<\/p>\n<p><span style=\"font-weight: var(--elementor-typo-weight-body);\">OUR NEW ADDRESS FROM JANUARY 1, 2026<br>Magna Med,, Bayerstr 21&nbsp;<br>80335 Munich<\/span><\/p>\n<div>Tel: 0049 89 37022860<\/div>\n<div>\n<p>Fax: 0049 89 37022859<\/p>\n<p><span style=\"font-weight: var(--elementor-typo-weight-body);\"><a href=\"mailto:info@christinaguenter.com?subject=Anfrage Kontaktseite Dr. Christina G\u00fcnter\">info@christinaguenter.com<\/a><\/span><span style=\"font-weight: var(--elementor-typo-weight-body);\"><br><\/span><\/p>\n<\/div>\t\t\t\t\t\t<\/div>\n\t\t\t\t<\/div>\n\t\t\t\t<div class=\"elementor-element elementor-element-65cddee elementor-widget-divider--view-line elementor-widget elementor-widget-divider\" data-id=\"65cddee\" data-element_type=\"widget\" data-widget_type=\"divider.default\">\n\t\t\t\t<div class=\"elementor-widget-container\">\n\t\t\t\t\t<div class=\"elementor-divider\">\n\t\t\t<span class=\"elementor-divider-separator\">\n\t\t\t\t\t\t<\/span>\n\t\t<\/div>\n\t\t\t\t<\/div>\n\t\t\t\t<\/div>\n\t\t\t\t<div class=\"elementor-element elementor-element-bede0b9 elementor-widget elementor-widget-text-editor\" data-id=\"bede0b9\" data-element_type=\"widget\" data-widget_type=\"text-editor.default\">\n\t\t\t\t<div class=\"elementor-widget-container\">\n\t\t\t\t\t\t\t<h2 id=\"FORMULAR\">Contact form<\/h2>\n<p>If you have any special questions, just contact me ... by phone or by mail.<span style=\"font-weight: var(--elementor-typo-weight-body);\"><br \/><\/span><\/p>\t\t\t\t\t\t<\/div>\n\t\t\t\t<\/div>\n\t\t\t\t<div class=\"elementor-element elementor-element-dbf21e3 elementor-button-align-stretch elementor-widget elementor-widget-form\" data-id=\"dbf21e3\" data-element_type=\"widget\" data-settings=\"{&quot;button_width&quot;:&quot;50&quot;,&quot;step_next_label&quot;:&quot;N\\u00e4chster&quot;,&quot;step_previous_label&quot;:&quot;Voriger&quot;,&quot;step_type&quot;:&quot;number_text&quot;,&quot;step_icon_shape&quot;:&quot;circle&quot;}\" data-widget_type=\"form.default\">\n\t\t\t\t<div class=\"elementor-widget-container\">\n\t\t\t\t\t<form class=\"elementor-form\" method=\"post\" name=\"Neues Formular\" action=\"\">\n\t\t\t<input type=\"hidden\" name=\"post_id\" value=\"17\"\/>\n\t\t\t<input type=\"hidden\" name=\"form_id\" value=\"dbf21e3\"\/>\n\t\t\t<input type=\"hidden\" name=\"referer_title\" value=\"\" \/>\n\n\t\t\t\n\t\t\t<div class=\"elementor-form-fields-wrapper elementor-labels-above\">\n\t\t\t\t\t\t\t\t<div class=\"elementor-field-type-text elementor-field-group elementor-column elementor-field-group-field_324d3fa elementor-col-33 elementor-md-50 elementor-sm-50 elementor-field-required\">\n\t\t\t\t\t\t\t\t\t\t\t\t<label for=\"form-field-field_324d3fa\" class=\"elementor-field-label\">\n\t\t\t\t\t\t\t\tSalutation*\t\t\t\t\t\t\t<\/label>\n\t\t\t\t\t\t\t\t\t\t\t\t\t\t<input size=\"1\" type=\"text\" name=\"form_fields[field_324d3fa]\" id=\"form-field-field_324d3fa\" class=\"elementor-field elementor-size-sm  elementor-field-textual\" placeholder=\"Mr \/ Mrs\" required=\"required\" aria-required=\"true\">\n\t\t\t\t\t\t\t\t\t\t\t<\/div>\n\t\t\t\t\t\t\t\t<div class=\"elementor-field-type-text elementor-field-group elementor-column elementor-field-group-name elementor-col-100 elementor-field-required\">\n\t\t\t\t\t\t\t\t\t\t\t\t<label for=\"form-field-name\" class=\"elementor-field-label\">\n\t\t\t\t\t\t\t\tName*\t\t\t\t\t\t\t<\/label>\n\t\t\t\t\t\t\t\t\t\t\t\t\t\t<input size=\"1\" type=\"text\" name=\"form_fields[name]\" id=\"form-field-name\" class=\"elementor-field elementor-size-sm  elementor-field-textual\" placeholder=\"Name\" required=\"required\" aria-required=\"true\">\n\t\t\t\t\t\t\t\t\t\t\t<\/div>\n\t\t\t\t\t\t\t\t<div class=\"elementor-field-type-text elementor-field-group elementor-column elementor-field-group-field_c16ade5 elementor-col-100\">\n\t\t\t\t\t\t\t\t\t\t\t\t<label for=\"form-field-field_c16ade5\" class=\"elementor-field-label\">\n\t\t\t\t\t\t\t\tFirst name\t\t\t\t\t\t\t<\/label>\n\t\t\t\t\t\t\t\t\t\t\t\t\t\t<input size=\"1\" type=\"text\" name=\"form_fields[field_c16ade5]\" id=\"form-field-field_c16ade5\" class=\"elementor-field elementor-size-sm  elementor-field-textual\" placeholder=\"First name\">\n\t\t\t\t\t\t\t\t\t\t\t<\/div>\n\t\t\t\t\t\t\t\t<div class=\"elementor-field-type-email elementor-field-group elementor-column elementor-field-group-email elementor-col-100 elementor-field-required\">\n\t\t\t\t\t\t\t\t\t\t\t\t<label for=\"form-field-email\" class=\"elementor-field-label\">\n\t\t\t\t\t\t\t\tE-Mail*\t\t\t\t\t\t\t<\/label>\n\t\t\t\t\t\t\t\t\t\t\t\t\t\t<input size=\"1\" type=\"email\" name=\"form_fields[email]\" id=\"form-field-email\" class=\"elementor-field elementor-size-sm  elementor-field-textual\" placeholder=\"E-Mail\" required=\"required\" aria-required=\"true\">\n\t\t\t\t\t\t\t\t\t\t\t<\/div>\n\t\t\t\t\t\t\t\t<div class=\"elementor-field-type-text elementor-field-group elementor-column elementor-field-group-field_f717d9c elementor-col-100\">\n\t\t\t\t\t\t\t\t\t\t\t\t<label for=\"form-field-field_f717d9c\" class=\"elementor-field-label\">\n\t\t\t\t\t\t\t\tAddress\t\t\t\t\t\t\t<\/label>\n\t\t\t\t\t\t\t\t\t\t\t\t\t\t<input size=\"1\" type=\"text\" name=\"form_fields[field_f717d9c]\" id=\"form-field-field_f717d9c\" class=\"elementor-field elementor-size-sm  elementor-field-textual\" placeholder=\"Street \/ Postcode City \/ Country\">\n\t\t\t\t\t\t\t\t\t\t\t<\/div>\n\t\t\t\t\t\t\t\t<div class=\"elementor-field-type-textarea elementor-field-group elementor-column elementor-field-group-message elementor-col-100\">\n\t\t\t\t\t\t\t\t\t\t\t\t<label for=\"form-field-message\" class=\"elementor-field-label\">\n\t\t\t\t\t\t\t\tMessage\t\t\t\t\t\t\t<\/label>\n\t\t\t\t\t\t<textarea class=\"elementor-field-textual elementor-field  elementor-size-sm\" name=\"form_fields[message]\" id=\"form-field-message\" rows=\"4\" placeholder=\"Message\"><\/textarea>\t\t\t\t<\/div>\n\t\t\t\t\t\t\t\t<div class=\"elementor-field-group elementor-column elementor-field-type-submit elementor-col-50 e-form__buttons\">\n\t\t\t\t\t<button class=\"elementor-button elementor-size-sm\" type=\"submit\">\n\t\t\t\t\t\t<span class=\"elementor-button-content-wrapper\">\n\t\t\t\t\t\t\t\t\t\t\t\t\t\t\t\t\t\t\t\t\t\t<span class=\"elementor-button-text\">Send<\/span>\n\t\t\t\t\t\t\t\t\t\t\t\t\t<\/span>\n\t\t\t\t\t<\/button>\n\t\t\t\t<\/div>\n\t\t\t<\/div>\n\t\t<input type=\"hidden\" name=\"trp-form-language\" value=\"en\"\/><\/form>\n\t\t\t\t<\/div>\n\t\t\t\t<\/div>\n\t\t\t\t<div class=\"elementor-element elementor-element-af3202d elementor-widget-divider--view-line elementor-widget elementor-widget-divider\" data-id=\"af3202d\" data-element_type=\"widget\" data-widget_type=\"divider.default\">\n\t\t\t\t<div class=\"elementor-widget-container\">\n\t\t\t\t\t<div class=\"elementor-divider\">\n\t\t\t<span class=\"elementor-divider-separator\">\n\t\t\t\t\t\t<\/span>\n\t\t<\/div>\n\t\t\t\t<\/div>\n\t\t\t\t<\/div>\n\t\t\t\t<div class=\"elementor-element elementor-element-ba7f70c elementor-widget elementor-widget-text-editor\" data-id=\"ba7f70c\" data-element_type=\"widget\" data-widget_type=\"text-editor.default\">\n\t\t\t\t<div class=\"elementor-widget-container\">\n\t\t\t\t\t\t\t<h2 id=\"FORMULAR\">BOOKING<\/h2>\n<p>You would like to book an appointment? To do so, use our online booking system or <br \/>send us an e-mail to: <strong><br \/><a href=\"mailto:terminvergabe@christinaguenter.com?subject=Booking request from www.christinaguenter.com\">terminvergabe@christinaguenter.com<\/a><\/strong><span style=\"font-weight: var(--elementor-typo-weight-body);\"><br \/><\/span><\/p>\t\t\t\t\t\t<\/div>\n\t\t\t\t<\/div>\n\t\t\t\t<div class=\"elementor-element elementor-element-f489e32 elementor-widget elementor-widget-image\" data-id=\"f489e32\" data-element_type=\"widget\" data-widget_type=\"image.default\">\n\t\t\t\t<div class=\"elementor-widget-container\">\n\t\t\t\t\t\t\t\t\t\t\t\t\t\t<a href=\"https:\/\/www.doctolib.de\/plastische-und-asthetische-chirurgie\/muenchen\/christina-irene-guenter\/booking\/new-patient\" target=\"_blank\">\n\t\t\t\t\t\t\t<img fetchpriority=\"high\" decoding=\"async\" width=\"298\" height=\"300\" src=\"https:\/\/christinaguenter.com\/wp-content\/uploads\/2023\/02\/Button-Beratungstermin-298x300_Engl.png\" class=\"attachment-large size-large wp-image-2752\" alt=\"\" srcset=\"https:\/\/christinaguenter.com\/wp-content\/uploads\/2023\/02\/Button-Beratungstermin-298x300_Engl.png 298w, https:\/\/christinaguenter.com\/wp-content\/uploads\/2023\/02\/Button-Beratungstermin-298x300_Engl-150x150.png 150w, https:\/\/christinaguenter.com\/wp-content\/uploads\/2023\/02\/Button-Beratungstermin-298x300_Engl-12x12.png 12w\" sizes=\"(max-width: 298px) 100vw, 298px\" \/>\t\t\t\t\t\t\t\t<\/a>\n\t\t\t\t\t\t\t\t\t\t\t\t\t<\/div>\n\t\t\t\t<\/div>\n\t\t\t\t<div class=\"elementor-element elementor-element-7eaa3e1 elementor-widget-divider--view-line elementor-widget elementor-widget-divider\" data-id=\"7eaa3e1\" data-element_type=\"widget\" data-widget_type=\"divider.default\">\n\t\t\t\t<div class=\"elementor-widget-container\">\n\t\t\t\t\t<div class=\"elementor-divider\">\n\t\t\t<span class=\"elementor-divider-separator\">\n\t\t\t\t\t\t<\/span>\n\t\t<\/div>\n\t\t\t\t<\/div>\n\t\t\t\t<\/div>\n\t\t\t\t<div class=\"elementor-element elementor-element-37259468 elementor-widget elementor-widget-text-editor\" data-id=\"37259468\" data-element_type=\"widget\" data-widget_type=\"text-editor.default\">\n\t\t\t\t<div class=\"elementor-widget-container\">\n\t\t\t\t\t\t\t<!-- wp:paragraph -->\n<p><img decoding=\"async\" class=\"alignnone  wp-image-723\" src=\"https:\/\/christinaguenter.com\/wp-content\/uploads\/2020\/05\/IMG_0917-300x200.jpg\" alt=\"\" width=\"626\" height=\"417\" srcset=\"https:\/\/christinaguenter.com\/wp-content\/uploads\/2020\/05\/IMG_0917-300x200.jpg 300w, https:\/\/christinaguenter.com\/wp-content\/uploads\/2020\/05\/IMG_0917-1024x683.jpg 1024w, https:\/\/christinaguenter.com\/wp-content\/uploads\/2020\/05\/IMG_0917-768x512.jpg 768w, https:\/\/christinaguenter.com\/wp-content\/uploads\/2020\/05\/IMG_0917-1536x1024.jpg 1536w, https:\/\/christinaguenter.com\/wp-content\/uploads\/2020\/05\/IMG_0917-2048x1365.jpg 2048w\" sizes=\"(max-width: 626px) 100vw, 626px\" \/><\/p>\n<!-- \/wp:paragraph --><!-- wp:paragraph --><!-- \/wp:paragraph -->\t\t\t\t\t\t<\/div>\n\t\t\t\t<\/div>\n\t\t\t\t<div class=\"elementor-element elementor-element-d0bf036 elementor-widget elementor-widget-text-editor\" data-id=\"d0bf036\" data-element_type=\"widget\" data-widget_type=\"text-editor.default\">\n\t\t\t\t<div class=\"elementor-widget-container\">\n\t\t\t\t\t\t\t<p><!-- wp:paragraph --><\/p>\n<h2>Angaben gem\u00e4\u00df \u00a7 5 TMG:<\/h2>\n<p><!-- \/wp:paragraph --><!-- wp:paragraph --><\/p>\n<p><strong>Dr. Dr. Christina Irene G\u00fcnter<\/strong><\/p>\n<p><!-- \/wp:paragraph --><!-- wp:paragraph --><\/p>\n<p>Praxis f\u00fcr Plastische Chirurgie und \u00c4sthetische Chirurgie<br>Bayerstra\u00dfe 21,&nbsp;<br>80335 Munich<\/p>\n<div>Tel: 0049 89 37022860<\/div>\n<div>Fax: 0049 89 37022859<\/div>\n<p><a href=\"mailto:info@christinaguenter.com\">info@christinaguenter.com<\/a><\/p>\n<p><!-- \/wp:paragraph --><!-- wp:paragraph --><!-- \/wp:table --><!-- wp:paragraph --><\/p>\n<p><strong>VAT ID:<\/strong><\/p>\n<p><!-- \/wp:paragraph --><!-- wp:paragraph --><\/p>\n<p>Sales tax identification number according to \u00a727 a Umsatzsteuergesetz:<br>147\/162\/01385<\/p>\n<p><!-- \/wp:paragraph --><!-- wp:paragraph --><\/p>\n<p><!-- \/wp:paragraph --><!-- wp:paragraph --><\/p>\t\t\t\t\t\t<\/div>\n\t\t\t\t<\/div>\n\t\t\t\t<div class=\"elementor-element elementor-element-365906a elementor-widget elementor-widget-text-editor\" data-id=\"365906a\" data-element_type=\"widget\" data-widget_type=\"text-editor.default\">\n\t\t\t\t<div class=\"elementor-widget-container\">\n\t\t\t\t\t\t\t<p><!-- wp:paragraph --><\/p>\n<p><!-- \/wp:paragraph --><!-- wp:paragraph --><\/p>\n<h2><strong>Information according to \u00a7 5 TMG:<\/strong><\/h2>\n<p><!-- \/wp:paragraph --><!-- wp:paragraph --><\/p>\n<p>The responsible consumer arbitration board is: General consumer arbitration board of the Center for Arbitration e.V. Stra\u00dfburger Stra\u00dfe 8 77694 Kehl am Rhein:<br><a href=\"https:\/\/www.verbraucher-schlichter.de\">www.verbraucher-schlichter.de<\/a>.<\/p>\n<p>However, we declare that we are neither willing nor obliged to participate in a dispute resolution procedure.<\/p>\n<p><!-- \/wp:paragraph --><!-- wp:paragraph --><\/p>\t\t\t\t\t\t<\/div>\n\t\t\t\t<\/div>\n\t\t\t\t<div class=\"elementor-element elementor-element-a6a3448 elementor-widget elementor-widget-text-editor\" data-id=\"a6a3448\" data-element_type=\"widget\" data-widget_type=\"text-editor.default\">\n\t\t\t\t<div class=\"elementor-widget-container\">\n\t\t\t\t\t\t\t<p><!-- wp:paragraph --><\/p>\n<p><!-- \/wp:paragraph --><!-- wp:paragraph --><\/p>\n<h2><strong>Supervisory Authority<\/strong><\/h2>\n<p><!-- \/wp:paragraph --><!-- wp:paragraph --><\/p>\n<p>\u00c4KBV M\u00fcnchen: \u00c4rztliche Kreis- und Bezirksverband M\u00fcnchen, Elsenheimer Str. 63, 80687 M\u00fcnchen<br \/>Tel.: 089-54 71 16 \u2013 0, Fax: 089-54 71 16 \u2013 99,\u00a0<a href=\"http:\/\/www.aekbv.de\/\" target=\"_blank\" rel=\"noreferrer noopener\">www.aekbv.de<\/a><\/p>\n<p><!-- \/wp:paragraph --><!-- wp:paragraph --><\/p>\n<p>Job Title: Fach\u00e4rztin f\u00fcr Plastische Chirurgie und \u00c4sthetische Chirurgie<\/p>\n<p><!-- \/wp:paragraph --><!-- wp:paragraph --><\/p>\n<p>Competent chamber: Bayerische Landes\u00e4rztekammer, M\u00fchlbaurstra\u00dfe 16, 81677 Munich<br \/>Verliehen durch: Deutschland<br \/>The following professional regulations apply: Professional Code of Conduct for Doctors in Bavaria<br \/>Regulations can be viewed at:\u00a0<a href=\"http:\/\/www.e-recht24.de\/www.blaek.de\" target=\"_blank\" rel=\"noreferrer noopener\">www.blaek.de<\/a><\/p>\n<p><!-- \/wp:paragraph --><!-- wp:paragraph --><\/p>\n<p><strong>Angaben zur Berufshaftpflichtversicherung:<\/strong><\/p>\n<p><!-- \/wp:paragraph --><!-- wp:paragraph --><\/p>\n<p>Name and registered office of the company:<br \/>Generali Versicherungen AG<br \/>81731 Munich<\/p>\n<p><!-- \/wp:paragraph --><!-- wp:paragraph --><\/p>\n<p>Area of validity of the insurance: Germany<\/p>\n<p><!-- \/wp:paragraph --><!-- wp:paragraph --><\/p>\t\t\t\t\t\t<\/div>\n\t\t\t\t<\/div>\n\t\t\t\t<div class=\"elementor-element elementor-element-2e8aebd elementor-widget elementor-widget-text-editor\" data-id=\"2e8aebd\" data-element_type=\"widget\" data-widget_type=\"text-editor.default\">\n\t\t\t\t<div class=\"elementor-widget-container\">\n\t\t\t\t\t\t\t<p><!-- wp:paragraph --><\/p>\n<p><!-- \/wp:paragraph -->\n\n<!-- wp:paragraph --><\/p>\n<h2><strong>Source references for the images and graphics used:<\/strong><\/h2>\n<p><!-- \/wp:paragraph -->\n\n<!-- wp:paragraph --><\/p>\n<p>Photo Credits: Dr. Dr. Christina Irene G\u00fcnter<br \/>Carolin Volk \u2013 CAO Photographie<br \/>mobil: 0173 \/ 166 2 117<br \/>web: <a href=\"https:\/\/carolinvolk.com\" target=\"_blank\" rel=\"noreferrer noopener\">carolinvolk.com<\/a><br \/>mail: <a href=\"mailto:info@carolinvolk.com\" target=\"_blank\" rel=\"noreferrer noopener\">info@carolinvolk.com<\/a><\/p>\n<p><!-- \/wp:paragraph -->\n\n<!-- wp:paragraph --><\/p>\n<p>Photo Credits: John Sommer<br \/>iStock-497544033.jpg<br \/>iStock-169992427.jpg<br \/>iStock-496032473.jpg<br \/>iStock-492795237.jpg<br \/>iStock-493444741.jpg<\/p>\n<p><!-- \/wp:paragraph -->\n\n<!-- wp:paragraph --><\/p>\n<p>Photo Credits: Vasyl Dolmatov<br \/>iStock-881579072<br \/>iStock-881579434<\/p>\n<div>\u00a0<\/div>\t\t\t\t\t\t<\/div>\n\t\t\t\t<\/div>\n\t\t\t\t<div class=\"elementor-element elementor-element-a2eb46c elementor-widget elementor-widget-text-editor\" data-id=\"a2eb46c\" data-element_type=\"widget\" data-widget_type=\"text-editor.default\">\n\t\t\t\t<div class=\"elementor-widget-container\">\n\t\t\t\t\t\t\t<p><!-- wp:paragraph --><\/p>\n<h2><strong>Webprogrammierung&nbsp; \/ SEO Coach \/ SEO Berater:<\/strong><\/h2>\n<p><!-- \/wp:paragraph --><!-- wp:paragraph --><\/p>\n<p><strong>Web Programming \/ SEO:<\/strong><br>xsel GmbH<\/p>\n<p><strong>SEO Coach SEO Berater<\/strong><br><a href=\"https:\/\/romanek.com\">Romanek mediamodule Siegfried Romanek<\/a><br>in<br><a href=\"https:\/\/da-schau-her.de\/seo\">in in cooperation with SEO Coach \/ SEO Consultant<br>Editorial office da-schau-her.de&nbsp;<\/a><br>- from the unique entrepreneur network<\/p>\n<p><!-- \/wp:paragraph --><\/p>\t\t\t\t\t\t<\/div>\n\t\t\t\t<\/div>\n\t\t\t\t\t<\/div>\n\t\t<\/div>\n\t\t\t\t\t<\/div>\n\t\t<\/section>\n\t\t\t\t<\/div>","protected":false},"excerpt":{"rendered":"<p>Bildnachweis:Vasyl DolmatoviStock-881579072iStock-881579434 \u00a0 Webprogrammierung&nbsp; \/ SEO Coach \/ SEO Berater: Webprogrammierungxsel GmbH SEO Coach SEO BeraterRomanek mediamodule Siegfried RomanekinZusammenarbeit mit dem SEO BeraterRedaktion www.da-schau-her.de&nbsp;\u2013 aus &#8222;dem besonderen&#8220; Unternehmernetzwerk Quellenangaben f\u00fcr die verwendeten Bilder und Grafiken: Bildnachweis: Dr. Dr. Christina Irene G\u00fcnterCarolin Volk \u2013 CAO Photographiemobil: 0173 \/ 166 2 117web: carolinvolk.commail: info@carolinvolk.com Bildnachweis: John SommeriStock-497544033.jpgiStock-169992427.jpgiStock-496032473.jpgiStock-492795237.jpgiStock-493444741.jpg [&hellip;]<\/p>","protected":false},"author":4,"featured_media":149,"parent":0,"menu_order":0,"comment_status":"closed","ping_status":"closed","template":"","meta":{"footnotes":""},"_links":{"self":[{"href":"https:\/\/christinaguenter.com\/en\/wp-json\/wp\/v2\/pages\/17"}],"collection":[{"href":"https:\/\/christinaguenter.com\/en\/wp-json\/wp\/v2\/pages"}],"about":[{"href":"https:\/\/christinaguenter.com\/en\/wp-json\/wp\/v2\/types\/page"}],"author":[{"embeddable":true,"href":"https:\/\/christinaguenter.com\/en\/wp-json\/wp\/v2\/users\/4"}],"replies":[{"embeddable":true,"href":"https:\/\/christinaguenter.com\/en\/wp-json\/wp\/v2\/comments?post=17"}],"version-history":[{"count":131,"href":"https:\/\/christinaguenter.com\/en\/wp-json\/wp\/v2\/pages\/17\/revisions"}],"predecessor-version":[{"id":4386,"href":"https:\/\/christinaguenter.com\/en\/wp-json\/wp\/v2\/pages\/17\/revisions\/4386"}],"wp:featuredmedia":[{"embeddable":true,"href":"https:\/\/christinaguenter.com\/en\/wp-json\/wp\/v2\/media\/149"}],"wp:attachment":[{"href":"https:\/\/christinaguenter.com\/en\/wp-json\/wp\/v2\/media?parent=17"}],"curies":[{"name":"wp","href":"https:\/\/api.w.org\/{rel}","templated":true}]}}