{"id":2222,"date":"2021-08-09T23:32:36","date_gmt":"2021-08-09T21:32:36","guid":{"rendered":"https:\/\/christinaguenter.com\/?page_id=2222"},"modified":"2025-08-09T14:14:27","modified_gmt":"2025-08-09T12:14:27","slug":"presse-en-bloc-resektion-brustimplantate-entfernen-katy-lugner","status":"publish","type":"page","link":"https:\/\/christinaguenter.com\/en\/presse-en-bloc-resektion-brustimplantate-entfernen-katy-lugner","title":{"rendered":"Presse: En Bloc Resektion Katy Lugner  05\/2021"},"content":{"rendered":"<div data-elementor-type=\"wp-page\" data-elementor-id=\"2222\" class=\"elementor elementor-2222\" data-elementor-post-type=\"page\">\n\t\t\t\t\t\t<section class=\"elementor-section elementor-top-section elementor-element elementor-element-6352b62 elementor-section-boxed elementor-section-height-default elementor-section-height-default\" data-id=\"6352b62\" data-element_type=\"section\">\n\t\t\t\t\t\t<div class=\"elementor-container elementor-column-gap-default\">\n\t\t\t\t\t<div class=\"elementor-column elementor-col-100 elementor-top-column elementor-element elementor-element-0e96f0b\" data-id=\"0e96f0b\" data-element_type=\"column\">\n\t\t\t<div class=\"elementor-widget-wrap elementor-element-populated\">\n\t\t\t\t\t\t<div class=\"elementor-element elementor-element-52012cd headline elementor-widget elementor-widget-text-editor\" data-id=\"52012cd\" data-element_type=\"widget\" data-widget_type=\"text-editor.default\">\n\t\t\t\t<div class=\"elementor-widget-container\">\n\t\t\t\t\t\t\t<h1 style=\"font-size: 0.9em; font-weight: 300; color: #888888;\">Plastische Chirurgie &#8230; Dr. Christina G\u00fcnter M\u00fcnchen in der Presse<\/h1>\t\t\t\t\t\t<\/div>\n\t\t\t\t<\/div>\n\t\t\t\t\t<\/div>\n\t\t<\/div>\n\t\t\t\t\t<\/div>\n\t\t<\/section>\n\t\t\t\t<section class=\"elementor-section elementor-top-section elementor-element elementor-element-1de5cb9 elementor-section-boxed elementor-section-height-default elementor-section-height-default\" data-id=\"1de5cb9\" data-element_type=\"section\">\n\t\t\t\t\t\t<div class=\"elementor-container elementor-column-gap-default\">\n\t\t\t\t\t<div class=\"elementor-column elementor-col-100 elementor-top-column elementor-element elementor-element-7eaac10\" data-id=\"7eaac10\" data-element_type=\"column\">\n\t\t\t<div class=\"elementor-widget-wrap elementor-element-populated\">\n\t\t\t\t\t\t<div class=\"elementor-element elementor-element-8eb79b6 elementor-widget elementor-widget-text-editor\" data-id=\"8eb79b6\" data-element_type=\"widget\" data-widget_type=\"text-editor.default\">\n\t\t\t\t<div class=\"elementor-widget-container\">\n\t\t\t\t\t\t\t<h2>Cathy Lugner macht ihre Br\u00fcste kleiner<\/h2><p>Angst um Gesundheit: Cathy Lugner hat sich Brustimplantate entfernen lassen<\/p>\t\t\t\t\t\t<\/div>\n\t\t\t\t<\/div>\n\t\t\t\t\t<\/div>\n\t\t<\/div>\n\t\t\t\t\t<\/div>\n\t\t<\/section>\n\t\t\t\t<section class=\"elementor-section elementor-top-section elementor-element elementor-element-d3cd4b7 elementor-section-boxed elementor-section-height-default elementor-section-height-default\" data-id=\"d3cd4b7\" data-element_type=\"section\">\n\t\t\t\t\t\t<div class=\"elementor-container elementor-column-gap-default\">\n\t\t\t\t\t<div class=\"elementor-column elementor-col-100 elementor-top-column elementor-element elementor-element-222ced1\" data-id=\"222ced1\" data-element_type=\"column\">\n\t\t\t<div class=\"elementor-widget-wrap elementor-element-populated\">\n\t\t\t\t\t\t<div class=\"elementor-element elementor-element-b4add53 elementor-widget elementor-widget-image\" data-id=\"b4add53\" data-element_type=\"widget\" data-widget_type=\"image.default\">\n\t\t\t\t<div class=\"elementor-widget-container\">\n\t\t\t\t\t\t\t\t\t\t\t\t\t<img fetchpriority=\"high\" decoding=\"async\" width=\"640\" height=\"760\" src=\"https:\/\/christinaguenter.com\/wp-content\/uploads\/2021\/08\/En-Bloc-Resektion-Katy-Lugner-05-2021_01.jpg\" class=\"attachment-large size-large wp-image-2227\" alt=\"Caty Lugener wird von der Plastischen Chirurgin in M\u00fcnchen, Dr. Med. Christina G\u00fcnter an der Brust operiert\" srcset=\"https:\/\/christinaguenter.com\/wp-content\/uploads\/2021\/08\/En-Bloc-Resektion-Katy-Lugner-05-2021_01.jpg 640w, https:\/\/christinaguenter.com\/wp-content\/uploads\/2021\/08\/En-Bloc-Resektion-Katy-Lugner-05-2021_01-253x300.jpg 253w, https:\/\/christinaguenter.com\/wp-content\/uploads\/2021\/08\/En-Bloc-Resektion-Katy-Lugner-05-2021_01-10x12.jpg 10w\" sizes=\"(max-width: 640px) 100vw, 640px\" \/>\t\t\t\t\t\t\t\t\t\t\t\t\t<\/div>\n\t\t\t\t<\/div>\n\t\t\t\t\t<\/div>\n\t\t<\/div>\n\t\t\t\t\t<\/div>\n\t\t<\/section>\n\t\t\t\t<section class=\"elementor-section elementor-top-section elementor-element elementor-element-32d76a3 elementor-section-boxed elementor-section-height-default elementor-section-height-default\" data-id=\"32d76a3\" data-element_type=\"section\">\n\t\t\t\t\t\t<div class=\"elementor-container elementor-column-gap-default\">\n\t\t\t\t\t<div class=\"elementor-column elementor-col-100 elementor-top-column elementor-element elementor-element-ef6994f\" data-id=\"ef6994f\" data-element_type=\"column\">\n\t\t\t<div class=\"elementor-widget-wrap elementor-element-populated\">\n\t\t\t\t\t\t<div class=\"elementor-element elementor-element-9818374 elementor-widget elementor-widget-text-editor\" data-id=\"9818374\" data-element_type=\"widget\" data-widget_type=\"text-editor.default\">\n\t\t\t\t<div class=\"elementor-widget-container\">\n\t\t\t\t\t\t\t<p>Cathy Lugner (31) litt jahrelang unter der Brust-Implantat-Krankheit<\/p><p>Foto: Theo Klein<\/p><p>Von: Stephan K\u00fcrthy und John Puthenpurackal<\/p>\t\t\t\t\t\t<\/div>\n\t\t\t\t<\/div>\n\t\t\t\t\t<\/div>\n\t\t<\/div>\n\t\t\t\t\t<\/div>\n\t\t<\/section>\n\t\t\t\t<section class=\"elementor-section elementor-top-section elementor-element elementor-element-2d478f7 elementor-section-boxed elementor-section-height-default elementor-section-height-default\" data-id=\"2d478f7\" data-element_type=\"section\">\n\t\t\t\t\t\t<div class=\"elementor-container elementor-column-gap-default\">\n\t\t\t\t\t<div class=\"elementor-column elementor-col-100 elementor-top-column elementor-element elementor-element-6630537\" data-id=\"6630537\" data-element_type=\"column\">\n\t\t\t<div class=\"elementor-widget-wrap elementor-element-populated\">\n\t\t\t\t\t\t<div class=\"elementor-element elementor-element-ebf621a elementor-widget elementor-widget-text-editor\" data-id=\"ebf621a\" data-element_type=\"widget\" data-widget_type=\"text-editor.default\">\n\t\t\t\t<div class=\"elementor-widget-container\">\n\t\t\t\t\t\t\t<p>Mai 2021 &#8211; 13:21 Uhr<\/p><h2>M\u00fcnchen \u2013 \u201eIch will mein altes Leben zur\u00fcck\u201c, sagt Cathy Lugner (31).<\/h2><h2>\u00a0<\/h2><p>Vor sieben Jahren lie\u00df sich die Ex von Richard \u201eM\u00f6rtel\u201c Lugner (88) Silikon-Implantate der Marke Allergan in die Br\u00fcste setzen (je 330 ml).<\/p><p>Der Beginn eines langen Leidensprozesses: Kopfschmerzen, chronische M\u00fcdigkeit, Wortfindungsst\u00f6rungen, Nachtschwei\u00df und vieles mehr. Lugner: \u201eKeiner der \u00c4rzte konnte mir sagen, was ich habe. Irgendwann dachte ich schon, ich hab ne Macke.\u201c<\/p><p>Des R\u00e4tsels L\u00f6sung: Lugner leidet unter \u201eBreast Implant Illness\u201c, einer Brust-Implantat-Krankheit. Zudem bildete sich eine Kapselfibrose.<\/p>\t\t\t\t\t\t<\/div>\n\t\t\t\t<\/div>\n\t\t\t\t\t<\/div>\n\t\t<\/div>\n\t\t\t\t\t<\/div>\n\t\t<\/section>\n\t\t\t\t<section class=\"elementor-section elementor-top-section elementor-element elementor-element-c415aac elementor-section-boxed elementor-section-height-default elementor-section-height-default\" data-id=\"c415aac\" data-element_type=\"section\">\n\t\t\t\t\t\t<div class=\"elementor-container elementor-column-gap-default\">\n\t\t\t\t\t<div class=\"elementor-column elementor-col-100 elementor-top-column elementor-element elementor-element-2b5c19c\" data-id=\"2b5c19c\" data-element_type=\"column\">\n\t\t\t<div class=\"elementor-widget-wrap elementor-element-populated\">\n\t\t\t\t\t\t<div class=\"elementor-element elementor-element-883366f elementor-widget elementor-widget-image\" data-id=\"883366f\" data-element_type=\"widget\" data-widget_type=\"image.default\">\n\t\t\t\t<div class=\"elementor-widget-container\">\n\t\t\t\t\t\t\t\t\t\t\t\t\t<img decoding=\"async\" width=\"640\" height=\"359\" src=\"https:\/\/christinaguenter.com\/wp-content\/uploads\/2021\/08\/En-Bloc-Resektion-Katy-Lugner-05-2021_02.jpg\" class=\"attachment-large size-large wp-image-2228\" alt=\"Caty Lugener wird von der Plastischen Chirurgin in M\u00fcnchen, Dr. Med. Christina G\u00fcnter an der Brust operiert\" srcset=\"https:\/\/christinaguenter.com\/wp-content\/uploads\/2021\/08\/En-Bloc-Resektion-Katy-Lugner-05-2021_02.jpg 640w, https:\/\/christinaguenter.com\/wp-content\/uploads\/2021\/08\/En-Bloc-Resektion-Katy-Lugner-05-2021_02-300x168.jpg 300w, https:\/\/christinaguenter.com\/wp-content\/uploads\/2021\/08\/En-Bloc-Resektion-Katy-Lugner-05-2021_02-18x10.jpg 18w\" sizes=\"(max-width: 640px) 100vw, 640px\" \/>\t\t\t\t\t\t\t\t\t\t\t\t\t<\/div>\n\t\t\t\t<\/div>\n\t\t\t\t\t<\/div>\n\t\t<\/div>\n\t\t\t\t\t<\/div>\n\t\t<\/section>\n\t\t\t\t<section class=\"elementor-section elementor-top-section elementor-element elementor-element-25d4124 elementor-section-boxed elementor-section-height-default elementor-section-height-default\" data-id=\"25d4124\" data-element_type=\"section\">\n\t\t\t\t\t\t<div class=\"elementor-container elementor-column-gap-default\">\n\t\t\t\t\t<div class=\"elementor-column elementor-col-100 elementor-top-column elementor-element elementor-element-5b61451\" data-id=\"5b61451\" data-element_type=\"column\">\n\t\t\t<div class=\"elementor-widget-wrap elementor-element-populated\">\n\t\t\t\t\t\t<div class=\"elementor-element elementor-element-5a3328e elementor-widget elementor-widget-text-editor\" data-id=\"5a3328e\" data-element_type=\"widget\" data-widget_type=\"text-editor.default\">\n\t\t\t\t<div class=\"elementor-widget-container\">\n\t\t\t\t\t\t\t<p>Die Influencerin war sichtlich nerv\u00f6s vor dem Eingriff<\/p><p>Foto: Theo Klein<\/p>\t\t\t\t\t\t<\/div>\n\t\t\t\t<\/div>\n\t\t\t\t\t<\/div>\n\t\t<\/div>\n\t\t\t\t\t<\/div>\n\t\t<\/section>\n\t\t\t\t<section class=\"elementor-section elementor-top-section elementor-element elementor-element-4aa0934 elementor-section-boxed elementor-section-height-default elementor-section-height-default\" data-id=\"4aa0934\" data-element_type=\"section\">\n\t\t\t\t\t\t<div class=\"elementor-container elementor-column-gap-default\">\n\t\t\t\t\t<div class=\"elementor-column elementor-col-100 elementor-top-column elementor-element elementor-element-37e9512\" data-id=\"37e9512\" data-element_type=\"column\">\n\t\t\t<div class=\"elementor-widget-wrap elementor-element-populated\">\n\t\t\t\t\t\t<div class=\"elementor-element elementor-element-94198c8 elementor-widget elementor-widget-text-editor\" data-id=\"94198c8\" data-element_type=\"widget\" data-widget_type=\"text-editor.default\">\n\t\t\t\t<div class=\"elementor-widget-container\">\n\t\t\t\t\t\t\t<p>Deswegen lie\u00df sie sich am Mittwoch in M\u00fcnchen von Dr. Christina G\u00fcnter (48) ihre Implantate entfernen. Lugner: \u201eIch will endlich wieder ein beschwerdefreies Leben ohne Plastikm\u00fcll in meinem K\u00f6rper f\u00fchren und wieder fit\u00a0 in der Birne werden.\u201c<\/p>\t\t\t\t\t\t<\/div>\n\t\t\t\t<\/div>\n\t\t\t\t\t<\/div>\n\t\t<\/div>\n\t\t\t\t\t<\/div>\n\t\t<\/section>\n\t\t\t\t<section class=\"elementor-section elementor-top-section elementor-element elementor-element-2eb772e elementor-section-boxed elementor-section-height-default elementor-section-height-default\" data-id=\"2eb772e\" data-element_type=\"section\">\n\t\t\t\t\t\t<div class=\"elementor-container elementor-column-gap-default\">\n\t\t\t\t\t<div class=\"elementor-column elementor-col-100 elementor-top-column elementor-element elementor-element-d206ef9\" data-id=\"d206ef9\" data-element_type=\"column\">\n\t\t\t<div class=\"elementor-widget-wrap elementor-element-populated\">\n\t\t\t\t\t\t<div class=\"elementor-element elementor-element-55f95c8 elementor-widget elementor-widget-image\" data-id=\"55f95c8\" data-element_type=\"widget\" data-widget_type=\"image.default\">\n\t\t\t\t<div class=\"elementor-widget-container\">\n\t\t\t\t\t\t\t\t\t\t\t\t\t<img decoding=\"async\" width=\"640\" height=\"359\" src=\"https:\/\/christinaguenter.com\/wp-content\/uploads\/2021\/08\/En-Bloc-Resektion-Katy-Lugner-05-2021_03.jpg\" class=\"attachment-large size-large wp-image-2229\" alt=\"Caty Lugener wird von der Plastischen Chirurgin in M\u00fcnchen, Dr. Med. Christina G\u00fcnter an der Brust operiert\" srcset=\"https:\/\/christinaguenter.com\/wp-content\/uploads\/2021\/08\/En-Bloc-Resektion-Katy-Lugner-05-2021_03.jpg 640w, https:\/\/christinaguenter.com\/wp-content\/uploads\/2021\/08\/En-Bloc-Resektion-Katy-Lugner-05-2021_03-300x168.jpg 300w, https:\/\/christinaguenter.com\/wp-content\/uploads\/2021\/08\/En-Bloc-Resektion-Katy-Lugner-05-2021_03-18x10.jpg 18w\" sizes=\"(max-width: 640px) 100vw, 640px\" \/>\t\t\t\t\t\t\t\t\t\t\t\t\t<\/div>\n\t\t\t\t<\/div>\n\t\t\t\t\t<\/div>\n\t\t<\/div>\n\t\t\t\t\t<\/div>\n\t\t<\/section>\n\t\t\t\t<section class=\"elementor-section elementor-top-section elementor-element elementor-element-e9addfa elementor-section-boxed elementor-section-height-default elementor-section-height-default\" data-id=\"e9addfa\" data-element_type=\"section\">\n\t\t\t\t\t\t<div class=\"elementor-container elementor-column-gap-default\">\n\t\t\t\t\t<div class=\"elementor-column elementor-col-100 elementor-top-column elementor-element elementor-element-8826288\" data-id=\"8826288\" data-element_type=\"column\">\n\t\t\t<div class=\"elementor-widget-wrap elementor-element-populated\">\n\t\t\t\t\t\t<div class=\"elementor-element elementor-element-6cfa1f8 elementor-widget elementor-widget-text-editor\" data-id=\"6cfa1f8\" data-element_type=\"widget\" data-widget_type=\"text-editor.default\">\n\t\t\t\t<div class=\"elementor-widget-container\">\n\t\t\t\t\t\t\t<p>Die anspruchsvolle Operation dauerte sechs Stunden<br \/>Foto: Theo Klein<\/p>\t\t\t\t\t\t<\/div>\n\t\t\t\t<\/div>\n\t\t\t\t\t<\/div>\n\t\t<\/div>\n\t\t\t\t\t<\/div>\n\t\t<\/section>\n\t\t\t\t<section class=\"elementor-section elementor-top-section elementor-element elementor-element-5dd7a17 elementor-section-boxed elementor-section-height-default elementor-section-height-default\" data-id=\"5dd7a17\" data-element_type=\"section\">\n\t\t\t\t\t\t<div class=\"elementor-container elementor-column-gap-default\">\n\t\t\t\t\t<div class=\"elementor-column elementor-col-100 elementor-top-column elementor-element elementor-element-6412321\" data-id=\"6412321\" data-element_type=\"column\">\n\t\t\t<div class=\"elementor-widget-wrap elementor-element-populated\">\n\t\t\t\t\t\t<div class=\"elementor-element elementor-element-454437e elementor-widget elementor-widget-text-editor\" data-id=\"454437e\" data-element_type=\"widget\" data-widget_type=\"text-editor.default\">\n\t\t\t\t<div class=\"elementor-widget-container\">\n\t\t\t\t\t\t\t<p>Dr. G\u00fcnter nach dem Eingriff zu BILD: \u201eEs war eine anspruchsvolle OP, die sechs Stunden dauerte. Aber es ist perfekt gelaufen.\u201c Laut \u00c4rztin wird es etwa ein Jahr brauchen, bis das Komplettergebnis zu sehen sein wird.<\/p><p>Lugner hatte bereits einen Tag nach dem Eingriff weniger Kopfschmerzen. Neue Implantate wird sie sich nicht mehr einsetzen lassen.<\/p><p>Die Influencerin: \u201eDas ist f\u00fcr meine m\u00e4nnlichen Follower vielleicht ganz nett, wenn sie da so dicke Euter sehen. Aber f\u00fcr mich ist das nicht mehr sch\u00f6n. Ich hab ja noch nen dicken Hintern. Der bleibt!\u201c<\/p>\t\t\t\t\t\t<\/div>\n\t\t\t\t<\/div>\n\t\t\t\t\t<\/div>\n\t\t<\/div>\n\t\t\t\t\t<\/div>\n\t\t<\/section>\n\t\t\t\t<section class=\"elementor-section elementor-top-section elementor-element elementor-element-ea5d660 elementor-section-boxed elementor-section-height-default elementor-section-height-default\" data-id=\"ea5d660\" data-element_type=\"section\">\n\t\t\t\t\t\t<div class=\"elementor-container elementor-column-gap-default\">\n\t\t\t\t\t<div class=\"elementor-column elementor-col-100 elementor-top-column elementor-element elementor-element-852ff9d\" data-id=\"852ff9d\" data-element_type=\"column\">\n\t\t\t<div class=\"elementor-widget-wrap elementor-element-populated\">\n\t\t\t\t\t\t<div class=\"elementor-element elementor-element-a07ff6c elementor-widget elementor-widget-text-editor\" data-id=\"a07ff6c\" data-element_type=\"widget\" data-widget_type=\"text-editor.default\">\n\t\t\t\t<div class=\"elementor-widget-container\">\n\t\t\t\t\t\t\t<h2>ZUM VIDEOBEITRAG \u00bb<\/h2>\t\t\t\t\t\t<\/div>\n\t\t\t\t<\/div>\n\t\t\t\t\t<\/div>\n\t\t<\/div>\n\t\t\t\t\t<\/div>\n\t\t<\/section>\n\t\t\t\t<section class=\"elementor-section elementor-top-section elementor-element elementor-element-ff7ae27 elementor-section-boxed elementor-section-height-default elementor-section-height-default\" data-id=\"ff7ae27\" data-element_type=\"section\">\n\t\t\t\t\t\t<div class=\"elementor-container elementor-column-gap-default\">\n\t\t\t\t\t<div class=\"elementor-column elementor-col-100 elementor-top-column elementor-element elementor-element-5944aa4\" data-id=\"5944aa4\" data-element_type=\"column\">\n\t\t\t<div class=\"elementor-widget-wrap elementor-element-populated\">\n\t\t\t\t\t\t<div class=\"elementor-element elementor-element-a6004cb elementor-widget elementor-widget-image\" data-id=\"a6004cb\" data-element_type=\"widget\" data-widget_type=\"image.default\">\n\t\t\t\t<div class=\"elementor-widget-container\">\n\t\t\t\t\t\t\t\t\t\t\t\t\t<img loading=\"lazy\" decoding=\"async\" width=\"640\" height=\"365\" src=\"https:\/\/christinaguenter.com\/wp-content\/uploads\/2021\/08\/En-Bloc-Resektion-_video_01.jpg\" class=\"attachment-large size-large wp-image-2211\" alt=\"Plastische Chirurgin in M\u00fcnchen, Dr. Med. Christina G\u00fcnter\" srcset=\"https:\/\/christinaguenter.com\/wp-content\/uploads\/2021\/08\/En-Bloc-Resektion-_video_01.jpg 640w, https:\/\/christinaguenter.com\/wp-content\/uploads\/2021\/08\/En-Bloc-Resektion-_video_01-300x171.jpg 300w, https:\/\/christinaguenter.com\/wp-content\/uploads\/2021\/08\/En-Bloc-Resektion-_video_01-18x10.jpg 18w\" sizes=\"(max-width: 640px) 100vw, 640px\" \/>\t\t\t\t\t\t\t\t\t\t\t\t\t<\/div>\n\t\t\t\t<\/div>\n\t\t\t\t\t<\/div>\n\t\t<\/div>\n\t\t\t\t\t<\/div>\n\t\t<\/section>\n\t\t\t\t<section class=\"elementor-section elementor-top-section elementor-element elementor-element-8aa782a elementor-section-boxed elementor-section-height-default elementor-section-height-default\" data-id=\"8aa782a\" data-element_type=\"section\">\n\t\t\t\t\t\t<div class=\"elementor-container elementor-column-gap-default\">\n\t\t\t\t\t<div class=\"elementor-column elementor-col-100 elementor-top-column elementor-element elementor-element-3df1826\" data-id=\"3df1826\" data-element_type=\"column\">\n\t\t\t<div class=\"elementor-widget-wrap elementor-element-populated\">\n\t\t\t\t\t\t<div class=\"elementor-element elementor-element-da1b2cf elementor-widget elementor-widget-text-editor\" data-id=\"da1b2cf\" data-element_type=\"widget\" data-widget_type=\"text-editor.default\">\n\t\t\t\t<div class=\"elementor-widget-container\">\n\t\t\t\t\t\t\t<p><strong><a title=\"Dr Christina G\u00fcnter ... En Bloc Resktion ... Brustimplantatentfernung in M\u00fcnchen bei Caty Lugner\" href=\"https:\/\/www.rtl.de\/cms\/angst-um-gesundheit-cathy-lugner-hat-sich-brustimplantate-entfernen-lassen-4763387.html\" target=\"_blank\" rel=\"noopener\">ZUM VIDEO AUF RTL.DE \u00bb<\/a><\/strong><\/p>\t\t\t\t\t\t<\/div>\n\t\t\t\t<\/div>\n\t\t\t\t\t<\/div>\n\t\t<\/div>\n\t\t\t\t\t<\/div>\n\t\t<\/section>\n\t\t\t\t<section class=\"elementor-section elementor-top-section elementor-element elementor-element-544be3e8 elementor-section-boxed elementor-section-height-default elementor-section-height-default\" data-id=\"544be3e8\" data-element_type=\"section\">\n\t\t\t\t\t\t\t<div class=\"elementor-background-overlay\"><\/div>\n\t\t\t\t\t\t\t<div class=\"elementor-container elementor-column-gap-default\">\n\t\t\t\t\t<div class=\"elementor-column elementor-col-50 elementor-top-column elementor-element elementor-element-5d257bd7\" data-id=\"5d257bd7\" data-element_type=\"column\">\n\t\t\t<div class=\"elementor-widget-wrap elementor-element-populated\">\n\t\t\t\t\t\t<div class=\"elementor-element elementor-element-4454420e elementor-widget__width-initial elementor-widget elementor-widget-text-editor\" data-id=\"4454420e\" data-element_type=\"widget\" data-widget_type=\"text-editor.default\">\n\t\t\t\t<div class=\"elementor-widget-container\">\n\t\t\t\t\t\t\t<h2><a title=\"Plastic surgery services\" href=\"https:\/\/christinaguenter.com\/en\/leistungen\/\" rel=\"\"><b>\u00dcbersicht der BehandlungsLEISTUNGEN \u00bb<\/b><\/a><\/h2><p>Here you will find an overview of my main areas of treatment\u2014from aesthetic surgery to gentle corrections. Each treatment is individual, personalized, and carried out with medical care.\u00a0<a title=\"\u00dcbersicht Behandlungsleistungen\" href=\"https:\/\/christinaguenter.com\/en\/leistungen\/\" rel=\"\"> <strong>To the service overview \u00bb<\/strong><\/a><\/p>\t\t\t\t\t\t<\/div>\n\t\t\t\t<\/div>\n\t\t\t\t\t<\/div>\n\t\t<\/div>\n\t\t\t\t<div class=\"elementor-column elementor-col-50 elementor-top-column elementor-element elementor-element-5e45e879\" data-id=\"5e45e879\" data-element_type=\"column\">\n\t\t\t<div class=\"elementor-widget-wrap elementor-element-populated\">\n\t\t\t\t\t\t<div class=\"elementor-element elementor-element-1ab5e92f elementor-widget elementor-widget-image\" data-id=\"1ab5e92f\" data-element_type=\"widget\" data-widget_type=\"image.default\">\n\t\t\t\t<div class=\"elementor-widget-container\">\n\t\t\t\t\t\t\t\t\t\t\t\t\t\t<a href=\"https:\/\/christinaguenter.com\/en\/leistungen\/\">\n\t\t\t\t\t\t\t<img loading=\"lazy\" decoding=\"async\" width=\"460\" height=\"460\" src=\"https:\/\/christinaguenter.com\/wp-content\/uploads\/2025\/08\/op-dr-christina-guenter-plastische-chirurgin_04.jpg\" class=\"attachment-large size-large wp-image-3685\" alt=\"\" srcset=\"https:\/\/christinaguenter.com\/wp-content\/uploads\/2025\/08\/op-dr-christina-guenter-plastische-chirurgin_04.jpg 460w, https:\/\/christinaguenter.com\/wp-content\/uploads\/2025\/08\/op-dr-christina-guenter-plastische-chirurgin_04-300x300.jpg 300w, https:\/\/christinaguenter.com\/wp-content\/uploads\/2025\/08\/op-dr-christina-guenter-plastische-chirurgin_04-150x150.jpg 150w, https:\/\/christinaguenter.com\/wp-content\/uploads\/2025\/08\/op-dr-christina-guenter-plastische-chirurgin_04-12x12.jpg 12w\" sizes=\"(max-width: 460px) 100vw, 460px\" \/>\t\t\t\t\t\t\t\t<\/a>\n\t\t\t\t\t\t\t\t\t\t\t\t\t<\/div>\n\t\t\t\t<\/div>\n\t\t\t\t\t<\/div>\n\t\t<\/div>\n\t\t\t\t\t<\/div>\n\t\t<\/section>\n\t\t\t\t<\/div>","protected":false},"excerpt":{"rendered":"<p>Plastische Chirurgie &#8230; Dr. Christina G\u00fcnter M\u00fcnchen in der Presse Cathy Lugner macht ihre Br\u00fcste kleiner Angst um Gesundheit: Cathy Lugner hat sich Brustimplantate entfernen lassen Cathy Lugner (31) litt jahrelang unter der Brust-Implantat-Krankheit Foto: Theo Klein Von: Stephan K\u00fcrthy und John Puthenpurackal Mai 2021 &#8211; 13:21 Uhr M\u00fcnchen \u2013 \u201eIch will mein altes Leben [&hellip;]<\/p>","protected":false},"author":4,"featured_media":1645,"parent":0,"menu_order":0,"comment_status":"closed","ping_status":"closed","template":"","meta":{"footnotes":""},"_links":{"self":[{"href":"https:\/\/christinaguenter.com\/en\/wp-json\/wp\/v2\/pages\/2222"}],"collection":[{"href":"https:\/\/christinaguenter.com\/en\/wp-json\/wp\/v2\/pages"}],"about":[{"href":"https:\/\/christinaguenter.com\/en\/wp-json\/wp\/v2\/types\/page"}],"author":[{"embeddable":true,"href":"https:\/\/christinaguenter.com\/en\/wp-json\/wp\/v2\/users\/4"}],"replies":[{"embeddable":true,"href":"https:\/\/christinaguenter.com\/en\/wp-json\/wp\/v2\/comments?post=2222"}],"version-history":[{"count":13,"href":"https:\/\/christinaguenter.com\/en\/wp-json\/wp\/v2\/pages\/2222\/revisions"}],"predecessor-version":[{"id":4096,"href":"https:\/\/christinaguenter.com\/en\/wp-json\/wp\/v2\/pages\/2222\/revisions\/4096"}],"wp:featuredmedia":[{"embeddable":true,"href":"https:\/\/christinaguenter.com\/en\/wp-json\/wp\/v2\/media\/1645"}],"wp:attachment":[{"href":"https:\/\/christinaguenter.com\/en\/wp-json\/wp\/v2\/media?parent=2222"}],"curies":[{"name":"wp","href":"https:\/\/api.w.org\/{rel}","templated":true}]}}