{"id":236,"date":"2020-04-22T16:32:25","date_gmt":"2020-04-22T14:32:25","guid":{"rendered":"https:\/\/christinaguenter.com\/?page_id=236"},"modified":"2025-08-09T14:02:36","modified_gmt":"2025-08-09T12:02:36","slug":"liquid-facelift","status":"publish","type":"page","link":"https:\/\/christinaguenter.com\/en\/liquid-facelift","title":{"rendered":"Liquid Facelift"},"content":{"rendered":"<div data-elementor-type=\"wp-page\" data-elementor-id=\"236\" class=\"elementor elementor-236\" data-elementor-post-type=\"page\">\n\t\t\t\t\t\t<section class=\"elementor-section elementor-top-section elementor-element elementor-element-4a4cdea elementor-section-boxed elementor-section-height-default elementor-section-height-default\" data-id=\"4a4cdea\" data-element_type=\"section\">\n\t\t\t\t\t\t<div class=\"elementor-container elementor-column-gap-default\">\n\t\t\t\t\t<div class=\"elementor-column elementor-col-100 elementor-top-column elementor-element elementor-element-ac1c230\" data-id=\"ac1c230\" data-element_type=\"column\">\n\t\t\t<div class=\"elementor-widget-wrap elementor-element-populated\">\n\t\t\t\t\t\t<div class=\"elementor-element elementor-element-a53f231 headline elementor-widget elementor-widget-text-editor\" data-id=\"a53f231\" data-element_type=\"widget\" data-widget_type=\"text-editor.default\">\n\t\t\t\t<div class=\"elementor-widget-container\">\n\t\t\t\t\t\t\t<h1 style=\"font-size: 0.9em; font-weight: 300; color: #888888;\">Liquid Facelift in Munich<\/h1>\t\t\t\t\t\t<\/div>\n\t\t\t\t<\/div>\n\t\t\t\t\t<\/div>\n\t\t<\/div>\n\t\t\t\t\t<\/div>\n\t\t<\/section>\n\t\t\t\t<section class=\"elementor-section elementor-top-section elementor-element elementor-element-1de5cb9 elementor-section-boxed elementor-section-height-default elementor-section-height-default\" data-id=\"1de5cb9\" data-element_type=\"section\">\n\t\t\t\t\t\t<div class=\"elementor-container elementor-column-gap-default\">\n\t\t\t\t\t<div class=\"elementor-column elementor-col-100 elementor-top-column elementor-element elementor-element-7eaac10\" data-id=\"7eaac10\" data-element_type=\"column\">\n\t\t\t<div class=\"elementor-widget-wrap elementor-element-populated\">\n\t\t\t\t\t\t<div class=\"elementor-element elementor-element-a86d4ee elementor-widget elementor-widget-text-editor\" data-id=\"a86d4ee\" data-element_type=\"widget\" data-widget_type=\"text-editor.default\">\n\t\t\t\t<div class=\"elementor-widget-container\">\n\t\t\t\t\t\t\t<h2>Liquid Facelift<\/h2><p>Liquid Facelift, the innovative form of wrinkle treatment<\/p><p>Increasing age causes natural changes to our face and skin. Most noticeable are loss of volume and bone degeneration, causing typical age-associated changes to the physiognomy. The simultaneously slackening skin leads to wrinkles, lines, and furrows in the face. Gravity pulls the loosened tissue layers and excessive skin downwards, changing the facial contours.<\/p><p>\u201cLiquid Facelift\u201c: an innovative volume therapy with Hyaluronic Acid, effectively counteracts this tendency, replenishing the subcutaneous fatty tissue and smoothing the skin surface.<\/p><p>\u201cLiquid Facelift\u201c combines modern therapies for facial treatments. The forehead, cheeks, midface, nasolabial folds, chin, and jawline can be treated simultaneously.<\/p><p>Thanks to special needles and blunt cannulas, the face\u2019s individual parts can be injected almost painlessly, with minimal tissue damage and pinpoint accuracy.<\/p><p>Your face regains its youthful contours, and you will look more relaxed, refreshed, and rejuvenated.<\/p><p>This innovative treatment is virtually painless, thanks to locally applied anesthetic cream and hyaluronic acid fillers with local anesthetics.<\/p><p>During a \u201cLiquid Facelift\u201c, a cannula is inserted into the subcutaneous tissue via a few small punctures or needle pricks. The method is as gentle as it is precise and perfectly designed to quickly and efficiently treat an entire region. Depending on the case, hyaluronic acid is distributed in a specific area or over an entire region, ensuring fast and yet lasting results.<\/p><p>Die Behandlung ist nahezu schmerzfrei. Im Anschluss k\u00f6nnen Sie in aller Regel gleich wieder an die Arbeit und unter die Leute.<\/p><p>After the treatment, you will usually be able to go back to work or among people. Dr. med. Dr. med. Christina Irene G\u00fcnter is well known for her high aesthetic standards and skillful artistic implementation and will treat your face with utmost sensitivity. You may look forward to a fresh, natural appearance \u2013 without changing your type! <strong>ohne Typver\u00e4nderung!<\/strong><\/p><p>Even young people can benefit from treatment with hyaluronic acid. In this situation, it is usually a matter of emphasizing the positive aspects already there, e.g., by injecting lips or emphasizing the chin line.<\/p><p>Visible swelling, bruises (hematomas), painful areas, and minor asymmetries may occur sporadically for the first 2 to 5 days after injection treatment.<\/p><p>In a personal consultation, Dr. med. Dr. med. Christina Irene G\u00fcnter will discuss, sensitively and in detail which treatment or therapy is to be recommended in your individual case. Dr. med. Dr. med. Christina Irene G\u00fcnter will also explain the course of treatment as well as possible adverse side effects and risks.<\/p><p>If you decide on a \u201cLiquid Facelift\u201d, it is essential that you are cared for professionally and personally during the entire process.<\/p><p>I attach great importance to perceiving, advising, and treating you as an individual, with all your personality\u2019s facets. My many years of experience, expertise, empathy, and communication are central pillars of my therapeutic success. Intensive and personal post-treatment care is as much a focus of my work as the preparation and the treatment itself. After all, a perfect result can only be achieved by working together as a team.\u00a0<\/p><p><img fetchpriority=\"high\" decoding=\"async\" class=\"alignnone wp-image-820\" src=\"https:\/\/christinaguenter.com\/wp-content\/uploads\/2020\/05\/IMG_1941-1-300x200.jpg\" alt=\"\" width=\"401\" height=\"267\" srcset=\"https:\/\/christinaguenter.com\/wp-content\/uploads\/2020\/05\/IMG_1941-1-300x200.jpg 300w, https:\/\/christinaguenter.com\/wp-content\/uploads\/2020\/05\/IMG_1941-1-1024x683.jpg 1024w, https:\/\/christinaguenter.com\/wp-content\/uploads\/2020\/05\/IMG_1941-1-768x512.jpg 768w, https:\/\/christinaguenter.com\/wp-content\/uploads\/2020\/05\/IMG_1941-1-1536x1024.jpg 1536w, https:\/\/christinaguenter.com\/wp-content\/uploads\/2020\/05\/IMG_1941-1-2048x1365.jpg 2048w\" sizes=\"(max-width: 401px) 100vw, 401px\" \/><\/p><h2>The most important facts on a Liquid Facelift<\/h2><ul><li><strong>DURATION OF TREATMENT:<\/strong>from 30 minutes<\/li><li><strong>ANESTHESIA<\/strong>: locally applied anesthetic cream<\/li><li><strong>TREATMENT:<\/strong>: out-patient<\/li><li><strong>COSTS:<\/strong>will be determined individually after the preliminary consultation, depending on the work involved<\/li><li><strong>CHECK-UP<\/strong>: after 2 weeks<\/li><li><strong>SOCIAL ACTIVITIES<\/strong>: immediately<\/li><li><strong>PHYSICAL EXERCISE:<\/strong>: after 2 days<\/li><\/ul>\t\t\t\t\t\t<\/div>\n\t\t\t\t<\/div>\n\t\t\t\t\t<\/div>\n\t\t<\/div>\n\t\t\t\t\t<\/div>\n\t\t<\/section>\n\t\t\t\t<section class=\"elementor-section elementor-top-section elementor-element elementor-element-ef731cd elementor-section-boxed elementor-section-height-default elementor-section-height-default\" data-id=\"ef731cd\" data-element_type=\"section\">\n\t\t\t\t\t\t\t<div class=\"elementor-background-overlay\"><\/div>\n\t\t\t\t\t\t\t<div class=\"elementor-container elementor-column-gap-default\">\n\t\t\t\t\t<div class=\"elementor-column elementor-col-50 elementor-top-column elementor-element elementor-element-3261e11\" data-id=\"3261e11\" data-element_type=\"column\">\n\t\t\t<div class=\"elementor-widget-wrap elementor-element-populated\">\n\t\t\t\t\t\t<div class=\"elementor-element elementor-element-ed091dd elementor-widget__width-initial elementor-widget elementor-widget-text-editor\" data-id=\"ed091dd\" data-element_type=\"widget\" data-widget_type=\"text-editor.default\">\n\t\t\t\t<div class=\"elementor-widget-container\">\n\t\t\t\t\t\t\t<h2><a title=\"Plastic surgery services\" href=\"https:\/\/christinaguenter.com\/en\/leistungen\/\" rel=\"\"><b>TO THE SERVICE OVERVIEW \u00bb<\/b><\/a><\/h2><p>Here you will find an overview of my main areas of treatment\u2014from aesthetic surgery to gentle corrections. Each treatment is individual, personalized, and carried out with medical care.\u00a0 <strong>To the service overview \u00bb<\/strong><\/p>\t\t\t\t\t\t<\/div>\n\t\t\t\t<\/div>\n\t\t\t\t\t<\/div>\n\t\t<\/div>\n\t\t\t\t<div class=\"elementor-column elementor-col-50 elementor-top-column elementor-element elementor-element-2e3b40e\" data-id=\"2e3b40e\" data-element_type=\"column\">\n\t\t\t<div class=\"elementor-widget-wrap elementor-element-populated\">\n\t\t\t\t\t\t<div class=\"elementor-element elementor-element-97e7eef elementor-widget elementor-widget-image\" data-id=\"97e7eef\" data-element_type=\"widget\" data-widget_type=\"image.default\">\n\t\t\t\t<div class=\"elementor-widget-container\">\n\t\t\t\t\t\t\t\t\t\t\t\t\t\t<a href=\"https:\/\/christinaguenter.com\/en\/leistungen\/\">\n\t\t\t\t\t\t\t<img decoding=\"async\" width=\"460\" height=\"460\" src=\"https:\/\/christinaguenter.com\/wp-content\/uploads\/2025\/08\/op-dr-christina-guenter-plastische-chirurgin_04.jpg\" class=\"attachment-large size-large wp-image-3685\" alt=\"\" srcset=\"https:\/\/christinaguenter.com\/wp-content\/uploads\/2025\/08\/op-dr-christina-guenter-plastische-chirurgin_04.jpg 460w, https:\/\/christinaguenter.com\/wp-content\/uploads\/2025\/08\/op-dr-christina-guenter-plastische-chirurgin_04-300x300.jpg 300w, https:\/\/christinaguenter.com\/wp-content\/uploads\/2025\/08\/op-dr-christina-guenter-plastische-chirurgin_04-150x150.jpg 150w, https:\/\/christinaguenter.com\/wp-content\/uploads\/2025\/08\/op-dr-christina-guenter-plastische-chirurgin_04-12x12.jpg 12w\" sizes=\"(max-width: 460px) 100vw, 460px\" \/>\t\t\t\t\t\t\t\t<\/a>\n\t\t\t\t\t\t\t\t\t\t\t\t\t<\/div>\n\t\t\t\t<\/div>\n\t\t\t\t\t<\/div>\n\t\t<\/div>\n\t\t\t\t\t<\/div>\n\t\t<\/section>\n\t\t\t\t<section class=\"elementor-section elementor-top-section elementor-element elementor-element-7f5f54a4 elementor-section-boxed elementor-section-height-default elementor-section-height-default\" data-id=\"7f5f54a4\" data-element_type=\"section\">\n\t\t\t\t\t\t\t<div class=\"elementor-background-overlay\"><\/div>\n\t\t\t\t\t\t\t<div class=\"elementor-container elementor-column-gap-default\">\n\t\t\t\t\t<div class=\"elementor-column elementor-col-50 elementor-top-column elementor-element elementor-element-602514b6\" data-id=\"602514b6\" data-element_type=\"column\">\n\t\t\t<div class=\"elementor-widget-wrap elementor-element-populated\">\n\t\t\t\t\t\t<div class=\"elementor-element elementor-element-40a6a418 elementor-widget__width-initial elementor-widget elementor-widget-text-editor\" data-id=\"40a6a418\" data-element_type=\"widget\" data-widget_type=\"text-editor.default\">\n\t\t\t\t<div class=\"elementor-widget-container\">\n\t\t\t\t\t\t\t<h2><a title=\"Plastic surgery services\" href=\"https:\/\/christinaguenter.com\/en\/leistungen\/\" rel=\"\"><b>\u00dcbersicht der BehandlungsLEISTUNGEN \u00bb<\/b><\/a><\/h2><p>Here you will find an overview of my main areas of treatment\u2014from aesthetic surgery to gentle corrections. Each treatment is individual, personalized, and carried out with medical care.\u00a0<a title=\"\u00dcbersicht Behandlungsleistungen\" href=\"https:\/\/christinaguenter.com\/en\/leistungen\/\" rel=\"\"> <strong>To the service overview \u00bb<\/strong><\/a><\/p>\t\t\t\t\t\t<\/div>\n\t\t\t\t<\/div>\n\t\t\t\t\t<\/div>\n\t\t<\/div>\n\t\t\t\t<div class=\"elementor-column elementor-col-50 elementor-top-column elementor-element elementor-element-39d6ffab\" data-id=\"39d6ffab\" data-element_type=\"column\">\n\t\t\t<div class=\"elementor-widget-wrap elementor-element-populated\">\n\t\t\t\t\t\t<div class=\"elementor-element elementor-element-62a0d036 elementor-widget elementor-widget-image\" data-id=\"62a0d036\" data-element_type=\"widget\" data-widget_type=\"image.default\">\n\t\t\t\t<div class=\"elementor-widget-container\">\n\t\t\t\t\t\t\t\t\t\t\t\t\t\t<a href=\"https:\/\/christinaguenter.com\/en\/leistungen\/\">\n\t\t\t\t\t\t\t<img decoding=\"async\" width=\"460\" height=\"460\" src=\"https:\/\/christinaguenter.com\/wp-content\/uploads\/2025\/08\/op-dr-christina-guenter-plastische-chirurgin_04.jpg\" class=\"attachment-large size-large wp-image-3685\" alt=\"\" srcset=\"https:\/\/christinaguenter.com\/wp-content\/uploads\/2025\/08\/op-dr-christina-guenter-plastische-chirurgin_04.jpg 460w, https:\/\/christinaguenter.com\/wp-content\/uploads\/2025\/08\/op-dr-christina-guenter-plastische-chirurgin_04-300x300.jpg 300w, https:\/\/christinaguenter.com\/wp-content\/uploads\/2025\/08\/op-dr-christina-guenter-plastische-chirurgin_04-150x150.jpg 150w, https:\/\/christinaguenter.com\/wp-content\/uploads\/2025\/08\/op-dr-christina-guenter-plastische-chirurgin_04-12x12.jpg 12w\" sizes=\"(max-width: 460px) 100vw, 460px\" \/>\t\t\t\t\t\t\t\t<\/a>\n\t\t\t\t\t\t\t\t\t\t\t\t\t<\/div>\n\t\t\t\t<\/div>\n\t\t\t\t\t<\/div>\n\t\t<\/div>\n\t\t\t\t\t<\/div>\n\t\t<\/section>\n\t\t\t\t<\/div>","protected":false},"excerpt":{"rendered":"<p>Liquid Facelift in M\u00fcnchen \/ Faltenunterspritzung Liquid Facelift Liquid Facelift, die innovative Form der Faltenunterspritzung Mit zunehmendem Alter kommt es zu naturgegebenen Ver\u00e4nderungen des Gesichts. Vordringlich sind hier der Volumenverlust und Knochenabbau, die typische Altersver\u00e4nderungen der Physiognomie bewirken. Die zudem erschlaffende Haut ist die Ursache f\u00fcr F\u00e4ltchen, Falten und Furchen im Gesicht. Die Schwerkraft zieht [&hellip;]<\/p>","protected":false},"author":4,"featured_media":148,"parent":0,"menu_order":0,"comment_status":"closed","ping_status":"closed","template":"","meta":{"footnotes":""},"_links":{"self":[{"href":"https:\/\/christinaguenter.com\/en\/wp-json\/wp\/v2\/pages\/236"}],"collection":[{"href":"https:\/\/christinaguenter.com\/en\/wp-json\/wp\/v2\/pages"}],"about":[{"href":"https:\/\/christinaguenter.com\/en\/wp-json\/wp\/v2\/types\/page"}],"author":[{"embeddable":true,"href":"https:\/\/christinaguenter.com\/en\/wp-json\/wp\/v2\/users\/4"}],"replies":[{"embeddable":true,"href":"https:\/\/christinaguenter.com\/en\/wp-json\/wp\/v2\/comments?post=236"}],"version-history":[{"count":46,"href":"https:\/\/christinaguenter.com\/en\/wp-json\/wp\/v2\/pages\/236\/revisions"}],"predecessor-version":[{"id":3988,"href":"https:\/\/christinaguenter.com\/en\/wp-json\/wp\/v2\/pages\/236\/revisions\/3988"}],"wp:featuredmedia":[{"embeddable":true,"href":"https:\/\/christinaguenter.com\/en\/wp-json\/wp\/v2\/media\/148"}],"wp:attachment":[{"href":"https:\/\/christinaguenter.com\/en\/wp-json\/wp\/v2\/media?parent=236"}],"curies":[{"name":"wp","href":"https:\/\/api.w.org\/{rel}","templated":true}]}}