{"id":250,"date":"2020-04-23T10:25:19","date_gmt":"2020-04-23T08:25:19","guid":{"rendered":"https:\/\/christinaguenter.com\/?page_id=250"},"modified":"2025-08-09T14:11:43","modified_gmt":"2025-08-09T12:11:43","slug":"prp-in-muenchen-gesicht","status":"publish","type":"page","link":"https:\/\/christinaguenter.com\/en\/prp-in-muenchen-gesicht","title":{"rendered":"PRP Treatment Face"},"content":{"rendered":"<div data-elementor-type=\"wp-page\" data-elementor-id=\"250\" class=\"elementor elementor-250\" data-elementor-post-type=\"page\">\n\t\t\t\t\t\t<section class=\"elementor-section elementor-top-section elementor-element elementor-element-16b5ef9 elementor-section-boxed elementor-section-height-default elementor-section-height-default\" data-id=\"16b5ef9\" data-element_type=\"section\">\n\t\t\t\t\t\t<div class=\"elementor-container elementor-column-gap-default\">\n\t\t\t\t\t<div class=\"elementor-column elementor-col-100 elementor-top-column elementor-element elementor-element-1cb377d\" data-id=\"1cb377d\" data-element_type=\"column\">\n\t\t\t<div class=\"elementor-widget-wrap elementor-element-populated\">\n\t\t\t\t\t\t<div class=\"elementor-element elementor-element-54de052 headline elementor-widget elementor-widget-text-editor\" data-id=\"54de052\" data-element_type=\"widget\" data-widget_type=\"text-editor.default\">\n\t\t\t\t<div class=\"elementor-widget-container\">\n\t\t\t\t\t\t\t<h1 style=\"font-size: 0.9em; font-weight: 300; color: #888888;\">Skin Rejuvenation  in munich<\/h1>\t\t\t\t\t\t<\/div>\n\t\t\t\t<\/div>\n\t\t\t\t\t<\/div>\n\t\t<\/div>\n\t\t\t\t\t<\/div>\n\t\t<\/section>\n\t\t\t\t<section class=\"elementor-section elementor-top-section elementor-element elementor-element-1de5cb9 elementor-section-boxed elementor-section-height-default elementor-section-height-default\" data-id=\"1de5cb9\" data-element_type=\"section\">\n\t\t\t\t\t\t<div class=\"elementor-container elementor-column-gap-default\">\n\t\t\t\t\t<div class=\"elementor-column elementor-col-100 elementor-top-column elementor-element elementor-element-7eaac10\" data-id=\"7eaac10\" data-element_type=\"column\">\n\t\t\t<div class=\"elementor-widget-wrap elementor-element-populated\">\n\t\t\t\t\t\t<div class=\"elementor-element elementor-element-8eb79b6 elementor-widget elementor-widget-text-editor\" data-id=\"8eb79b6\" data-element_type=\"widget\" data-widget_type=\"text-editor.default\">\n\t\t\t\t<div class=\"elementor-widget-container\">\n\t\t\t\t\t\t\t<h2>Skin Rejuvenation \/ Hautverj\u00fcngung<br \/>(PRP Treatment, Medical Needling, Skin Booster)<\/h2><div>\u00a0<\/div><p>Our skin\u2019s ability to regenerate decreases over the years, cell division in the skin, and the production of crucial connective tissue structure slow down. Our skin becomes thinner, less elastic, its youthful glow disappears while fine lines and wrinkles materialize. Gentle, modern treatment methods (such as Platelet-Rich-Plasma Treatment, i.e. Vampire Lift, Medical Needling, and Chemical Peelings) can lead to significant improvements and help you feel like your younger self again.<\/p><p>A very effective, well-tolerated, and minimally invasive method based on the therapeutic use of the patient\u2019s own blood is the injection of enriched PRP (Platelet Rich Plasma \/ Platelet concentrate) also called vampire lift. This method harnesses the body\u2019s natural repair and regeneration mechanisms. PRP is a highly potent cocktail of growth factors that stimulates wound healing processes, for example, after an injury. To rejuvenate your skin, PRP stimulates cell division, increases the production of new elastic and collagen fibers, and creates new extremely fine blood vessels (capillaries). The skin regains volume and elasticity and appears fresher, and, overall, younger. Your complexion appears rosier, the contours softer, small wrinkles, and scars become weaker.<\/p><p>For PRP treatment, a small amount of blood is taken from the patient and subsequently processed into blood plasma by centrifugation. The PRP, which is rich in growth factors, is injected subcutaneously, with many small punctures and tiny doses, to stimulate the body\u2019s regeneration or serve as a natural filler.<\/p><p>One of the advantages of this natural autologous blood therapy is the complete absence of substances foreign to the body. The body quickly absorbs the injected blood plasma, precluding possible allergies. The procedure is virtually painless and does not leave any scars. The application of an anesthetic cream with numbing effects further reduces the sensation of pain to a minimum. PRP treatments can also be combined with other procedures, e.g., treatment with hyaluronic acid fillers that restore volume and moisture to the skin.<\/p><p>Visible swelling, bruises (hematoma), painful areas, and slight asymmetries may occur sporadically for the first 2 to 5 days after a PRP treatment.<\/p><p>After the treatment, the skin regains volume and becomes fresher and smoother day by day. As a rule, several repeated treatments at intervals of three to six weeks are necessary for a successful therapy; the actual number may vary from case to case. Another two to three months will pass before the final result is achieved, which will last for one or two years. Regular repetitions of the treatment will keep your skin younger and more vibrant.<\/p><p>The effect of a PRP treatment can be intensified by combining it with \u201cMedical Needling.\u201c Here, thousands of small needle punctures are placed several millimeters deep into the skin under local or general anesthesia, using a special surgical instrument. The treatment stimulates a considerable regeneration boost. \u201cMedical Needling\u201d is also used to treat scars. If desired, Medical Needling can also be applied as the sole treatment, without PRP.<\/p><p>Alternatively, a special hyaluronic acid, a so-called skin booster, can be used for treatment instead of PRP, resulting in an incomparable moisture booster for your skin, visibly stimulating skin regeneration.<\/p><p>In a personal consultation, Dr. med. Dr. med. Christina Irene G\u00fcnter will discuss sensitively and in detail which treatment or therapy is to be recommended in your individual case. Dr. med. Dr. med. Christina Irene G\u00fcnter will also explain the course of treatment as well as possible adverse side effects and risks.<\/p><p>If you decide on one of these treatments, it is essential that you are cared for professionally and personally during the entire process. <\/p><p>I attach great importance to perceiving, advising, and treating you as an individual, with all the facets of your personality. My many years of experience, expertise, empathy, and communication are central pillars of my therapeutic success. Intensive and personal post-treatment care is as much a focus of my work as the preparation and the treatment itself. After all, a perfect result can only be achieved by working together as a team.<br \/><br \/><\/p><p><img fetchpriority=\"high\" decoding=\"async\" class=\"wp-image-730 aligncenter\" src=\"https:\/\/christinaguenter.com\/wp-content\/uploads\/2020\/05\/iStock-169992427-288x300.jpg\" alt=\"\" width=\"349\" height=\"345\" \/><\/p><h2>The most important fact on PRP Treatment and Medical Needling<\/h2><ul><li><strong>DURATION OF SURGERY:<\/strong>from 30 minutes<\/li><li><strong>ANESTHESIA:<\/strong>: locally applied anesthetic cream<\/li><li><strong>TREATMENT:<\/strong>: out-patient<\/li><li><strong>COSTS:<\/strong>will be determined individually after the preliminary consultation, depending on the work involved<\/li><li><strong>CHECK-UP<\/strong>: after 2 weeks<\/li><li><strong>SOCIAL ACTIVITIES:<\/strong>: depending on the treatment immediately or after 1 week<\/li><li><strong>PHYSICAL EXERCISE:<\/strong>after 2 days \/ 1 week<\/li><\/ul><div>\u00a0<\/div>\t\t\t\t\t\t<\/div>\n\t\t\t\t<\/div>\n\t\t\t\t\t<\/div>\n\t\t<\/div>\n\t\t\t\t\t<\/div>\n\t\t<\/section>\n\t\t\t\t<section class=\"elementor-section elementor-top-section elementor-element elementor-element-7c1cf08b elementor-section-boxed elementor-section-height-default elementor-section-height-default\" data-id=\"7c1cf08b\" data-element_type=\"section\">\n\t\t\t\t\t\t\t<div class=\"elementor-background-overlay\"><\/div>\n\t\t\t\t\t\t\t<div class=\"elementor-container elementor-column-gap-default\">\n\t\t\t\t\t<div class=\"elementor-column elementor-col-50 elementor-top-column elementor-element elementor-element-4e4edfc6\" data-id=\"4e4edfc6\" data-element_type=\"column\">\n\t\t\t<div class=\"elementor-widget-wrap elementor-element-populated\">\n\t\t\t\t\t\t<div class=\"elementor-element elementor-element-4c8adb5a elementor-widget__width-initial elementor-widget elementor-widget-text-editor\" data-id=\"4c8adb5a\" data-element_type=\"widget\" data-widget_type=\"text-editor.default\">\n\t\t\t\t<div class=\"elementor-widget-container\">\n\t\t\t\t\t\t\t<h2><a title=\"Plastic surgery services\" href=\"https:\/\/christinaguenter.com\/en\/leistungen\/\" rel=\"\"><b>\u00dcbersicht der BehandlungsLEISTUNGEN \u00bb<\/b><\/a><\/h2><p>Here you will find an overview of my main areas of treatment\u2014from aesthetic surgery to gentle corrections. Each treatment is individual, personalized, and carried out with medical care.\u00a0<a title=\"\u00dcbersicht Behandlungsleistungen\" href=\"https:\/\/christinaguenter.com\/en\/leistungen\/\" rel=\"\"> <strong>To the service overview \u00bb<\/strong><\/a><\/p>\t\t\t\t\t\t<\/div>\n\t\t\t\t<\/div>\n\t\t\t\t\t<\/div>\n\t\t<\/div>\n\t\t\t\t<div class=\"elementor-column elementor-col-50 elementor-top-column elementor-element elementor-element-782d1453\" data-id=\"782d1453\" data-element_type=\"column\">\n\t\t\t<div class=\"elementor-widget-wrap elementor-element-populated\">\n\t\t\t\t\t\t<div class=\"elementor-element elementor-element-6dab178d elementor-widget elementor-widget-image\" data-id=\"6dab178d\" data-element_type=\"widget\" data-widget_type=\"image.default\">\n\t\t\t\t<div class=\"elementor-widget-container\">\n\t\t\t\t\t\t\t\t\t\t\t\t\t\t<a href=\"https:\/\/christinaguenter.com\/en\/leistungen\/\">\n\t\t\t\t\t\t\t<img decoding=\"async\" width=\"460\" height=\"460\" src=\"https:\/\/christinaguenter.com\/wp-content\/uploads\/2025\/08\/op-dr-christina-guenter-plastische-chirurgin_04.jpg\" class=\"attachment-large size-large wp-image-3685\" alt=\"\" srcset=\"https:\/\/christinaguenter.com\/wp-content\/uploads\/2025\/08\/op-dr-christina-guenter-plastische-chirurgin_04.jpg 460w, https:\/\/christinaguenter.com\/wp-content\/uploads\/2025\/08\/op-dr-christina-guenter-plastische-chirurgin_04-300x300.jpg 300w, https:\/\/christinaguenter.com\/wp-content\/uploads\/2025\/08\/op-dr-christina-guenter-plastische-chirurgin_04-150x150.jpg 150w, https:\/\/christinaguenter.com\/wp-content\/uploads\/2025\/08\/op-dr-christina-guenter-plastische-chirurgin_04-12x12.jpg 12w\" sizes=\"(max-width: 460px) 100vw, 460px\" \/>\t\t\t\t\t\t\t\t<\/a>\n\t\t\t\t\t\t\t\t\t\t\t\t\t<\/div>\n\t\t\t\t<\/div>\n\t\t\t\t\t<\/div>\n\t\t<\/div>\n\t\t\t\t\t<\/div>\n\t\t<\/section>\n\t\t\t\t<\/div>","protected":false},"excerpt":{"rendered":"<p>Hautverj\u00fcngung in M\u00fcnchen \/ Skin Rejuvination Skin Rejuvenation \/ Hautverj\u00fcngung(PRP-Behandlung, Medical Needling, Skin Booster) \u00a0 Mit den Jahren l\u00e4sst die Regenerationsf\u00e4higkeit der Haut nach, die Zellteilung in der Haut und die Produktion von wichtigen Bindegewebsstrukturen verlangsamen sich. Unsere Haut wird d\u00fcnner, weniger elastisch und ver\u00e4ndert ihre Pigmentierung, der jugendliche Glanz verschwindet, Knitterf\u00e4ltchen entstehen. Schonende, moderne [&hellip;]<\/p>","protected":false},"author":4,"featured_media":148,"parent":0,"menu_order":0,"comment_status":"closed","ping_status":"closed","template":"","meta":{"footnotes":""},"_links":{"self":[{"href":"https:\/\/christinaguenter.com\/en\/wp-json\/wp\/v2\/pages\/250"}],"collection":[{"href":"https:\/\/christinaguenter.com\/en\/wp-json\/wp\/v2\/pages"}],"about":[{"href":"https:\/\/christinaguenter.com\/en\/wp-json\/wp\/v2\/types\/page"}],"author":[{"embeddable":true,"href":"https:\/\/christinaguenter.com\/en\/wp-json\/wp\/v2\/users\/4"}],"replies":[{"embeddable":true,"href":"https:\/\/christinaguenter.com\/en\/wp-json\/wp\/v2\/comments?post=250"}],"version-history":[{"count":41,"href":"https:\/\/christinaguenter.com\/en\/wp-json\/wp\/v2\/pages\/250\/revisions"}],"predecessor-version":[{"id":4076,"href":"https:\/\/christinaguenter.com\/en\/wp-json\/wp\/v2\/pages\/250\/revisions\/4076"}],"wp:featuredmedia":[{"embeddable":true,"href":"https:\/\/christinaguenter.com\/en\/wp-json\/wp\/v2\/media\/148"}],"wp:attachment":[{"href":"https:\/\/christinaguenter.com\/en\/wp-json\/wp\/v2\/media?parent=250"}],"curies":[{"name":"wp","href":"https:\/\/api.w.org\/{rel}","templated":true}]}}