{"id":266,"date":"2020-04-23T11:04:04","date_gmt":"2020-04-23T09:04:04","guid":{"rendered":"https:\/\/christinaguenter.com\/?page_id=266"},"modified":"2025-08-09T14:08:43","modified_gmt":"2025-08-09T12:08:43","slug":"facelift-in-munchen","status":"publish","type":"page","link":"https:\/\/christinaguenter.com\/en\/facelift-in-munchen","title":{"rendered":"Facelift"},"content":{"rendered":"<div data-elementor-type=\"wp-page\" data-elementor-id=\"266\" class=\"elementor elementor-266\" data-elementor-post-type=\"page\">\n\t\t\t\t\t\t<section class=\"elementor-section elementor-top-section elementor-element elementor-element-5297b21 elementor-section-boxed elementor-section-height-default elementor-section-height-default\" data-id=\"5297b21\" data-element_type=\"section\">\n\t\t\t\t\t\t<div class=\"elementor-container elementor-column-gap-default\">\n\t\t\t\t\t<div class=\"elementor-column elementor-col-100 elementor-top-column elementor-element elementor-element-a7ae86e\" data-id=\"a7ae86e\" data-element_type=\"column\">\n\t\t\t<div class=\"elementor-widget-wrap elementor-element-populated\">\n\t\t\t\t\t\t<div class=\"elementor-element elementor-element-57d17d5 headline elementor-widget elementor-widget-text-editor\" data-id=\"57d17d5\" data-element_type=\"widget\" data-widget_type=\"text-editor.default\">\n\t\t\t\t<div class=\"elementor-widget-container\">\n\t\t\t\t\t\t\t<h1 style=\"font-size: 0.9em; font-weight: 300; color: #888888;\">Facelift in Munich<\/h1>\t\t\t\t\t\t<\/div>\n\t\t\t\t<\/div>\n\t\t\t\t\t<\/div>\n\t\t<\/div>\n\t\t\t\t\t<\/div>\n\t\t<\/section>\n\t\t\t\t<section class=\"elementor-section elementor-top-section elementor-element elementor-element-1de5cb9 elementor-section-boxed elementor-section-height-default elementor-section-height-default\" data-id=\"1de5cb9\" data-element_type=\"section\">\n\t\t\t\t\t\t<div class=\"elementor-container elementor-column-gap-default\">\n\t\t\t\t\t<div class=\"elementor-column elementor-col-100 elementor-top-column elementor-element elementor-element-7eaac10\" data-id=\"7eaac10\" data-element_type=\"column\">\n\t\t\t<div class=\"elementor-widget-wrap elementor-element-populated\">\n\t\t\t\t\t\t<div class=\"elementor-element elementor-element-8eb79b6 elementor-widget elementor-widget-text-editor\" data-id=\"8eb79b6\" data-element_type=\"widget\" data-widget_type=\"text-editor.default\">\n\t\t\t\t<div class=\"elementor-widget-container\">\n\t\t\t\t\t\t\t<h2><strong>Facelift<\/strong><\/h2><div>\u00a0<\/div><p>Facelift, Short Scar Lift, Full Facelift, Mini Facelift, Deep Plane Lift, SMAS Lift, MACS Lift, Midface Lift, Mini Lift, Vampire Lift, Cheek Lift, Neck-Cheek-Lift, \u2013 the list is almost endless. There is hardly any other aesthetic operation with as many different names to describe it. Even for the specialist, it is not always easy to keep track, primarily since the melodious terms do not always hide a \u201cnovel\u201d surgical technique. Here, too, old wine is sometimes sold in new skins.<\/p><p>With increasing age, our face and skin are susceptible to natural changes. These include volumetric losses in the deeper tissue layers, fatty and conjunctive tissue, and bone degradation. In addition, the facial conjunctive tissue slackens: the loosened tissue layers and excessive skin are pulled downwards by gravity, changing the facial contours.\nThese natural processes are different for every individual. Accordingly, it is also necessary to decide individually which treatment is best suited to a patient. During an in-depth consultation, Dr. med. Dr. med. Christina Irene G\u00fcnter will evaluate and determine, together with you, which method is best suited to your unique situation. Since the intended changes are quite complex, it often requires more than one procedure to be effective. In one instance, a single SMAS Lift may be sufficient, while in another, a combination of a mini facelift with an upper eyelid lift and autologous fat transfer may lead to the best result.<\/p><p>Depending on the procedure\u2019s complexity, surgery may take between two to five hours and will be performed under general anesthesia or twilight anesthesia with local anesthesia. \u00a0<\/p><p>The incision for a facelift will run along the hairline, continuing around the ear.<\/p><p>The tissue will then be lifted in two stages: the first step is to loosen the skin layer. Then the layer below, consisting of musculature, conjunctive tissue, and fat (the so-called SMAS or superficial muscular aponeurotic system), will also be slackened. The individual layers can now be tightened in different directions. This procedure leads to the best results.<\/p><p>Once the lower SMAS layer has been tightened, the overlying skin layer is smoothed, and excess skin is removed. The edges are then sutured without tension. The incisions will heal completely, leaving only inconspicuous, linear scars that may easily be concealed by your hair.<\/p><p>To minimize swelling and bruising, the surgery will be followed by an inpatient hospital stay of one or two nights. The sutures will be removed one to two weeks after the procedure. After approx. two weeks, you will be able to resume social activities.<\/p><p>Before such a treatment, detailed consultations are mandatory. It is essential to talk about the motivation for this kind of surgery, to discuss whether the desired result can be achieved, and to speak about possible limitations. Other important topics are alternative treatments, as well as potential adverse side effects and possible risks.\u00a0<\/p><h2>Risks<\/h2><p>As with any surgical procedure, a facelift may lead to bruising (hematoma), secondary bleeding, swelling, wound healing disorders, infections, and wound dehiscence. Temporary sometimes long lasting numbness of the treated area or palsy of the mimic musculature may also occur.<\/p><p>If you decide on a facelift, it is essential that you are cared for professionally and personally during the entire process.\u00a0<\/p><p>I attach great importance to perceiving, advising, and treating you as an individual, with all your personality\u2019s facets. My many years of experience, expertise, empathy, and communication are central pillars of my therapeutic success. Intensive and personal post-treatment care is as much a focus of my work as the preparation and the treatment itself. After all, a perfect result can only be achieved by working together as a team.\u00a0<\/p><p>It goes without saying that your health is always given priority. Surgery that negatively affects your health or physical integrity is not recommended and should not be performed in the first place.<\/p><div><img fetchpriority=\"high\" decoding=\"async\" class=\"alignnone wp-image-816\" src=\"https:\/\/christinaguenter.com\/wp-content\/uploads\/2020\/05\/IMG_1849-300x200.jpg\" alt=\"\" width=\"553\" height=\"368\" srcset=\"https:\/\/christinaguenter.com\/wp-content\/uploads\/2020\/05\/IMG_1849-300x200.jpg 300w, https:\/\/christinaguenter.com\/wp-content\/uploads\/2020\/05\/IMG_1849-1024x683.jpg 1024w, https:\/\/christinaguenter.com\/wp-content\/uploads\/2020\/05\/IMG_1849-768x512.jpg 768w, https:\/\/christinaguenter.com\/wp-content\/uploads\/2020\/05\/IMG_1849-1536x1024.jpg 1536w, https:\/\/christinaguenter.com\/wp-content\/uploads\/2020\/05\/IMG_1849-2048x1365.jpg 2048w\" sizes=\"(max-width: 553px) 100vw, 553px\" \/><\/div><h2>The most important facts on facelifts<\/h2><ul><li><strong>DURATION OF TREATMENT:<\/strong>depending on the chosen procedure<\/li><li><strong>NAKOSE<\/strong>: twilight sleep with local anesthesia or general anesthesia<\/li><li><strong>TREATMENT:<\/strong>: inpatient or outpatient<\/li><li><strong>COSTS:<\/strong> will be determined individually after the preliminary consultation, depending on the work involved<\/li><li><strong>CHECK-UP<\/strong>: 1 to 6 weeks<\/li><li><strong>REMOVAL OF SUTURES<\/strong>: after 7 to 14 days<\/li><li><strong>SOCIAL ACTIVITIES<\/strong>after 1 to 2 weeks<\/li><li><strong>PHYSICAL EXERCISE:<\/strong>after 6 weeks<\/li><\/ul>\t\t\t\t\t\t<\/div>\n\t\t\t\t<\/div>\n\t\t\t\t\t<\/div>\n\t\t<\/div>\n\t\t\t\t\t<\/div>\n\t\t<\/section>\n\t\t\t\t<section class=\"elementor-section elementor-top-section elementor-element elementor-element-23c671da elementor-section-boxed elementor-section-height-default elementor-section-height-default\" data-id=\"23c671da\" data-element_type=\"section\">\n\t\t\t\t\t\t\t<div class=\"elementor-background-overlay\"><\/div>\n\t\t\t\t\t\t\t<div class=\"elementor-container elementor-column-gap-default\">\n\t\t\t\t\t<div class=\"elementor-column elementor-col-50 elementor-top-column elementor-element elementor-element-1e406450\" data-id=\"1e406450\" data-element_type=\"column\">\n\t\t\t<div class=\"elementor-widget-wrap elementor-element-populated\">\n\t\t\t\t\t\t<div class=\"elementor-element elementor-element-2aaf4657 elementor-widget__width-initial elementor-widget elementor-widget-text-editor\" data-id=\"2aaf4657\" data-element_type=\"widget\" data-widget_type=\"text-editor.default\">\n\t\t\t\t<div class=\"elementor-widget-container\">\n\t\t\t\t\t\t\t<h2><a title=\"Plastic surgery services\" href=\"https:\/\/christinaguenter.com\/en\/leistungen\/\" rel=\"\"><b>\u00dcbersicht der BehandlungsLEISTUNGEN \u00bb<\/b><\/a><\/h2><p>Here you will find an overview of my main areas of treatment\u2014from aesthetic surgery to gentle corrections. Each treatment is individual, personalized, and carried out with medical care.\u00a0<a title=\"\u00dcbersicht Behandlungsleistungen\" href=\"https:\/\/christinaguenter.com\/en\/leistungen\/\" rel=\"\"> <strong>To the service overview \u00bb<\/strong><\/a><\/p>\t\t\t\t\t\t<\/div>\n\t\t\t\t<\/div>\n\t\t\t\t\t<\/div>\n\t\t<\/div>\n\t\t\t\t<div class=\"elementor-column elementor-col-50 elementor-top-column elementor-element elementor-element-5029df49\" data-id=\"5029df49\" data-element_type=\"column\">\n\t\t\t<div class=\"elementor-widget-wrap elementor-element-populated\">\n\t\t\t\t\t\t<div class=\"elementor-element elementor-element-cd3ad2 elementor-widget elementor-widget-image\" data-id=\"cd3ad2\" data-element_type=\"widget\" data-widget_type=\"image.default\">\n\t\t\t\t<div class=\"elementor-widget-container\">\n\t\t\t\t\t\t\t\t\t\t\t\t\t\t<a href=\"https:\/\/christinaguenter.com\/en\/leistungen\/\">\n\t\t\t\t\t\t\t<img decoding=\"async\" width=\"460\" height=\"460\" src=\"https:\/\/christinaguenter.com\/wp-content\/uploads\/2025\/08\/op-dr-christina-guenter-plastische-chirurgin_04.jpg\" class=\"attachment-large size-large wp-image-3685\" alt=\"\" srcset=\"https:\/\/christinaguenter.com\/wp-content\/uploads\/2025\/08\/op-dr-christina-guenter-plastische-chirurgin_04.jpg 460w, https:\/\/christinaguenter.com\/wp-content\/uploads\/2025\/08\/op-dr-christina-guenter-plastische-chirurgin_04-300x300.jpg 300w, https:\/\/christinaguenter.com\/wp-content\/uploads\/2025\/08\/op-dr-christina-guenter-plastische-chirurgin_04-150x150.jpg 150w, https:\/\/christinaguenter.com\/wp-content\/uploads\/2025\/08\/op-dr-christina-guenter-plastische-chirurgin_04-12x12.jpg 12w\" sizes=\"(max-width: 460px) 100vw, 460px\" \/>\t\t\t\t\t\t\t\t<\/a>\n\t\t\t\t\t\t\t\t\t\t\t\t\t<\/div>\n\t\t\t\t<\/div>\n\t\t\t\t\t<\/div>\n\t\t<\/div>\n\t\t\t\t\t<\/div>\n\t\t<\/section>\n\t\t\t\t<\/div>","protected":false},"excerpt":{"rendered":"<p>Facelift in M\u00fcnchen \/ Lipofilling Facelift \u00a0 Facelift, Short-Scar-Lift,\u00a0 Full-Facelift, Mini-Facelift, Deep Plane Lift, SMAS-Lift, MACS-Lift, Midface Lift, Minilifting, Vampire Lift, Wangenlift, Hals-Wangen-Lift, Gesichtsstraffung, Mittelgesichtsstraffung\u00a0 &#8211;\u00a0 diese Aufz\u00e4hlung lie\u00dfe sich noch beliebig fortsetzen. Kaum eine \u00e4sthetische Operation hat so viele verschiedene Namen, mit der sie beschrieben wird. Selbst f\u00fcr den Fachmann ist es nicht immer [&hellip;]<\/p>","protected":false},"author":4,"featured_media":148,"parent":0,"menu_order":0,"comment_status":"closed","ping_status":"closed","template":"","meta":{"footnotes":""},"_links":{"self":[{"href":"https:\/\/christinaguenter.com\/en\/wp-json\/wp\/v2\/pages\/266"}],"collection":[{"href":"https:\/\/christinaguenter.com\/en\/wp-json\/wp\/v2\/pages"}],"about":[{"href":"https:\/\/christinaguenter.com\/en\/wp-json\/wp\/v2\/types\/page"}],"author":[{"embeddable":true,"href":"https:\/\/christinaguenter.com\/en\/wp-json\/wp\/v2\/users\/4"}],"replies":[{"embeddable":true,"href":"https:\/\/christinaguenter.com\/en\/wp-json\/wp\/v2\/comments?post=266"}],"version-history":[{"count":37,"href":"https:\/\/christinaguenter.com\/en\/wp-json\/wp\/v2\/pages\/266\/revisions"}],"predecessor-version":[{"id":4048,"href":"https:\/\/christinaguenter.com\/en\/wp-json\/wp\/v2\/pages\/266\/revisions\/4048"}],"wp:featuredmedia":[{"embeddable":true,"href":"https:\/\/christinaguenter.com\/en\/wp-json\/wp\/v2\/media\/148"}],"wp:attachment":[{"href":"https:\/\/christinaguenter.com\/en\/wp-json\/wp\/v2\/media?parent=266"}],"curies":[{"name":"wp","href":"https:\/\/api.w.org\/{rel}","templated":true}]}}