{"id":270,"date":"2020-04-23T11:11:53","date_gmt":"2020-04-23T09:11:53","guid":{"rendered":"https:\/\/christinaguenter.com\/?page_id=270"},"modified":"2025-08-09T14:15:57","modified_gmt":"2025-08-09T12:15:57","slug":"ohrlaeppchenkorrektur-in-muenchen","status":"publish","type":"page","link":"https:\/\/christinaguenter.com\/en\/ohrlaeppchenkorrektur-in-muenchen","title":{"rendered":"Earlobe Reduction"},"content":{"rendered":"<div data-elementor-type=\"wp-page\" data-elementor-id=\"270\" class=\"elementor elementor-270\" data-elementor-post-type=\"page\">\n\t\t\t\t\t\t<section class=\"elementor-section elementor-top-section elementor-element elementor-element-7e0e604 elementor-section-boxed elementor-section-height-default elementor-section-height-default\" data-id=\"7e0e604\" data-element_type=\"section\">\n\t\t\t\t\t\t<div class=\"elementor-container elementor-column-gap-default\">\n\t\t\t\t\t<div class=\"elementor-column elementor-col-100 elementor-top-column elementor-element elementor-element-eadb089\" data-id=\"eadb089\" data-element_type=\"column\">\n\t\t\t<div class=\"elementor-widget-wrap elementor-element-populated\">\n\t\t\t\t\t\t<div class=\"elementor-element elementor-element-5015dc5 headline elementor-widget elementor-widget-text-editor\" data-id=\"5015dc5\" data-element_type=\"widget\" data-widget_type=\"text-editor.default\">\n\t\t\t\t<div class=\"elementor-widget-container\">\n\t\t\t\t\t\t\t<h1 style=\"font-size: 0.9em; font-weight: 300; color: #888888;\"><strong>Earlobe Reduction or Reconstruction in munich<\/strong><\/h1>\t\t\t\t\t\t<\/div>\n\t\t\t\t<\/div>\n\t\t\t\t\t<\/div>\n\t\t<\/div>\n\t\t\t\t\t<\/div>\n\t\t<\/section>\n\t\t\t\t<section class=\"elementor-section elementor-top-section elementor-element elementor-element-1de5cb9 elementor-section-boxed elementor-section-height-default elementor-section-height-default\" data-id=\"1de5cb9\" data-element_type=\"section\">\n\t\t\t\t\t\t<div class=\"elementor-container elementor-column-gap-default\">\n\t\t\t\t\t<div class=\"elementor-column elementor-col-100 elementor-top-column elementor-element elementor-element-7eaac10\" data-id=\"7eaac10\" data-element_type=\"column\">\n\t\t\t<div class=\"elementor-widget-wrap elementor-element-populated\">\n\t\t\t\t\t\t<div class=\"elementor-element elementor-element-8eb79b6 elementor-widget elementor-widget-text-editor\" data-id=\"8eb79b6\" data-element_type=\"widget\" data-widget_type=\"text-editor.default\">\n\t\t\t\t<div class=\"elementor-widget-container\">\n\t\t\t\t\t\t\t<h2><strong>Earlobe Reduction or Reconstruction<\/strong><\/h2><div>\u00a0<\/div><p>People have different earlobes; some may find them too big, some too small. Others are bothered by their ears\u2019 shape or suffer from torn earlobes because an earring got caught. Earlobe reduction can restore beautiful, harmonious earlobes, and torn earlobes can be reconstructed. Once the healing phase is over, new earlobes can even be pierced again, if desired.<\/p><p>Surgery on the earlobe may also be combined with other aesthetic treatments (facelift, liquid facelift, autologous fat transfer).<\/p><p>If the earlobe surgery is performed alone, the surgery can be done quickly on an outpatient basis, under local anesthesia. After a short rest period, you can immediately return home. The sutures will be removed after one week.<\/p><p>Before such a treatment, detailed consultations are mandatory. It is essential to talk about the motivation for this kind of surgery, to discuss whether the desired result can be achieved, and to speak about possible limitations. Other important topics are alternative treatments, as well as potential adverse side effects and possible risks.\u00a0<\/p><h2>Risks<\/h2><p>As with any surgical procedure, earlobe surgery may lead to bruising (hematoma), secondary bleeding, swelling, wound healing disorders, infections, and wound dehiscence. Temporary numbness of the treated area may also occur.<\/p><div><img fetchpriority=\"high\" decoding=\"async\" class=\"alignnone wp-image-820\" src=\"https:\/\/christinaguenter.com\/wp-content\/uploads\/2020\/05\/IMG_1941-1-300x200.jpg\" alt=\"\" width=\"607\" height=\"404\" srcset=\"https:\/\/christinaguenter.com\/wp-content\/uploads\/2020\/05\/IMG_1941-1-300x200.jpg 300w, https:\/\/christinaguenter.com\/wp-content\/uploads\/2020\/05\/IMG_1941-1-1024x683.jpg 1024w, https:\/\/christinaguenter.com\/wp-content\/uploads\/2020\/05\/IMG_1941-1-768x512.jpg 768w, https:\/\/christinaguenter.com\/wp-content\/uploads\/2020\/05\/IMG_1941-1-1536x1024.jpg 1536w, https:\/\/christinaguenter.com\/wp-content\/uploads\/2020\/05\/IMG_1941-1-2048x1365.jpg 2048w\" sizes=\"(max-width: 607px) 100vw, 607px\" \/><\/div><h2>The most important facts on earlobe surgery<\/h2><ul><li><strong>DURATION OF SURGERY:<\/strong>: 1 Stunde<\/li><li><strong>ANESTHESIA:<\/strong>: approx. 1 hour<\/li><li><strong>TREATMENT:<\/strong>: out-patient<\/li><li><strong>COSTS:<\/strong>will be determined individually after the preliminary consultation, depending on the work involved<\/li><li><strong>CHECK-UP<\/strong>: 1 to 6 weeks<\/li><li><strong>REMOVAL OF SUTURES:<\/strong>after 7 days<\/li><li><strong>SOCIAL ACTIVITIES:<\/strong>: immediately \/ after 1 day<\/li><li><strong>PHYSICAL EXERCISE:<\/strong>: after 2 weeks<\/li><\/ul>\t\t\t\t\t\t<\/div>\n\t\t\t\t<\/div>\n\t\t\t\t\t<\/div>\n\t\t<\/div>\n\t\t\t\t\t<\/div>\n\t\t<\/section>\n\t\t\t\t<section class=\"elementor-section elementor-top-section elementor-element elementor-element-1dc6f5a0 elementor-section-boxed elementor-section-height-default elementor-section-height-default\" data-id=\"1dc6f5a0\" data-element_type=\"section\">\n\t\t\t\t\t\t\t<div class=\"elementor-background-overlay\"><\/div>\n\t\t\t\t\t\t\t<div class=\"elementor-container elementor-column-gap-default\">\n\t\t\t\t\t<div class=\"elementor-column elementor-col-50 elementor-top-column elementor-element elementor-element-66331054\" data-id=\"66331054\" data-element_type=\"column\">\n\t\t\t<div class=\"elementor-widget-wrap elementor-element-populated\">\n\t\t\t\t\t\t<div class=\"elementor-element elementor-element-78fb4a1d elementor-widget__width-initial elementor-widget elementor-widget-text-editor\" data-id=\"78fb4a1d\" data-element_type=\"widget\" data-widget_type=\"text-editor.default\">\n\t\t\t\t<div class=\"elementor-widget-container\">\n\t\t\t\t\t\t\t<h2><a title=\"Plastic surgery services\" href=\"https:\/\/christinaguenter.com\/en\/leistungen\/\" rel=\"\"><b>\u00dcbersicht der BehandlungsLEISTUNGEN \u00bb<\/b><\/a><\/h2><p>Here you will find an overview of my main areas of treatment\u2014from aesthetic surgery to gentle corrections. Each treatment is individual, personalized, and carried out with medical care.\u00a0<a title=\"\u00dcbersicht Behandlungsleistungen\" href=\"https:\/\/christinaguenter.com\/en\/leistungen\/\" rel=\"\"> <strong>To the service overview \u00bb<\/strong><\/a><\/p>\t\t\t\t\t\t<\/div>\n\t\t\t\t<\/div>\n\t\t\t\t\t<\/div>\n\t\t<\/div>\n\t\t\t\t<div class=\"elementor-column elementor-col-50 elementor-top-column elementor-element elementor-element-6267ed90\" data-id=\"6267ed90\" data-element_type=\"column\">\n\t\t\t<div class=\"elementor-widget-wrap elementor-element-populated\">\n\t\t\t\t\t\t<div class=\"elementor-element elementor-element-11fe97ef elementor-widget elementor-widget-image\" data-id=\"11fe97ef\" data-element_type=\"widget\" data-widget_type=\"image.default\">\n\t\t\t\t<div class=\"elementor-widget-container\">\n\t\t\t\t\t\t\t\t\t\t\t\t\t\t<a href=\"https:\/\/christinaguenter.com\/en\/leistungen\/\">\n\t\t\t\t\t\t\t<img decoding=\"async\" width=\"460\" height=\"460\" src=\"https:\/\/christinaguenter.com\/wp-content\/uploads\/2025\/08\/op-dr-christina-guenter-plastische-chirurgin_04.jpg\" class=\"attachment-large size-large wp-image-3685\" alt=\"\" srcset=\"https:\/\/christinaguenter.com\/wp-content\/uploads\/2025\/08\/op-dr-christina-guenter-plastische-chirurgin_04.jpg 460w, https:\/\/christinaguenter.com\/wp-content\/uploads\/2025\/08\/op-dr-christina-guenter-plastische-chirurgin_04-300x300.jpg 300w, https:\/\/christinaguenter.com\/wp-content\/uploads\/2025\/08\/op-dr-christina-guenter-plastische-chirurgin_04-150x150.jpg 150w, https:\/\/christinaguenter.com\/wp-content\/uploads\/2025\/08\/op-dr-christina-guenter-plastische-chirurgin_04-12x12.jpg 12w\" sizes=\"(max-width: 460px) 100vw, 460px\" \/>\t\t\t\t\t\t\t\t<\/a>\n\t\t\t\t\t\t\t\t\t\t\t\t\t<\/div>\n\t\t\t\t<\/div>\n\t\t\t\t\t<\/div>\n\t\t<\/div>\n\t\t\t\t\t<\/div>\n\t\t<\/section>\n\t\t\t\t<\/div>","protected":false},"excerpt":{"rendered":"<p>Ohrl\u00e4ppchenverkleinerung in M\u00fcnchen \/ Ohrl\u00e4ppchenrekonstruktion Ohrl\u00e4ppchenverkleinerung oder Ohrl\u00e4ppchenrekonstruktion \u00a0 Jeder hat unterschiedliche Ohrl\u00e4ppchen. Manche finden sie zu gro\u00df, andere zu klein. Wieder andere st\u00f6ren sich an der Form oder leiden an eingerissenen Ohrl\u00e4ppchen, weil sie einmal mit einem Ohrring h\u00e4ngen geblieben sind. Eine Ohrl\u00e4ppchen-Verkleinerung bringt sch\u00f6ne, harmonische Ohrl\u00e4ppchen zur\u00fcck. Im Falle von eingerissenen Ohrl\u00e4ppchen k\u00f6nnen [&hellip;]<\/p>","protected":false},"author":4,"featured_media":148,"parent":0,"menu_order":0,"comment_status":"closed","ping_status":"closed","template":"","meta":{"footnotes":""},"_links":{"self":[{"href":"https:\/\/christinaguenter.com\/en\/wp-json\/wp\/v2\/pages\/270"}],"collection":[{"href":"https:\/\/christinaguenter.com\/en\/wp-json\/wp\/v2\/pages"}],"about":[{"href":"https:\/\/christinaguenter.com\/en\/wp-json\/wp\/v2\/types\/page"}],"author":[{"embeddable":true,"href":"https:\/\/christinaguenter.com\/en\/wp-json\/wp\/v2\/users\/4"}],"replies":[{"embeddable":true,"href":"https:\/\/christinaguenter.com\/en\/wp-json\/wp\/v2\/comments?post=270"}],"version-history":[{"count":25,"href":"https:\/\/christinaguenter.com\/en\/wp-json\/wp\/v2\/pages\/270\/revisions"}],"predecessor-version":[{"id":4112,"href":"https:\/\/christinaguenter.com\/en\/wp-json\/wp\/v2\/pages\/270\/revisions\/4112"}],"wp:featuredmedia":[{"embeddable":true,"href":"https:\/\/christinaguenter.com\/en\/wp-json\/wp\/v2\/media\/148"}],"wp:attachment":[{"href":"https:\/\/christinaguenter.com\/en\/wp-json\/wp\/v2\/media?parent=270"}],"curies":[{"name":"wp","href":"https:\/\/api.w.org\/{rel}","templated":true}]}}