{"id":275,"date":"2020-04-23T11:16:40","date_gmt":"2020-04-23T09:16:40","guid":{"rendered":"https:\/\/christinaguenter.com\/?page_id=275"},"modified":"2025-08-09T14:09:05","modified_gmt":"2025-08-09T12:09:05","slug":"entfernung-von-hauttumoren-in-muenchen","status":"publish","type":"page","link":"https:\/\/christinaguenter.com\/en\/entfernung-von-hauttumoren-in-muenchen","title":{"rendered":"Removal of Skin Tumors"},"content":{"rendered":"<div data-elementor-type=\"wp-page\" data-elementor-id=\"275\" class=\"elementor elementor-275\" data-elementor-post-type=\"page\">\n\t\t\t\t\t\t<section class=\"elementor-section elementor-top-section elementor-element elementor-element-0e2484e elementor-section-boxed elementor-section-height-default elementor-section-height-default\" data-id=\"0e2484e\" data-element_type=\"section\">\n\t\t\t\t\t\t<div class=\"elementor-container elementor-column-gap-default\">\n\t\t\t\t\t<div class=\"elementor-column elementor-col-100 elementor-top-column elementor-element elementor-element-dfe35ff\" data-id=\"dfe35ff\" data-element_type=\"column\">\n\t\t\t<div class=\"elementor-widget-wrap elementor-element-populated\">\n\t\t\t\t\t\t<div class=\"elementor-element elementor-element-220b749 headline elementor-widget elementor-widget-text-editor\" data-id=\"220b749\" data-element_type=\"widget\" data-widget_type=\"text-editor.default\">\n\t\t\t\t<div class=\"elementor-widget-container\">\n\t\t\t\t\t\t\t<h1 style=\"font-size: 0.9em; font-weight: 300; color: #888888;\">Removal of Skin Tumors Munich<\/h1>\t\t\t\t\t\t<\/div>\n\t\t\t\t<\/div>\n\t\t\t\t\t<\/div>\n\t\t<\/div>\n\t\t\t\t\t<\/div>\n\t\t<\/section>\n\t\t\t\t<section class=\"elementor-section elementor-top-section elementor-element elementor-element-1de5cb9 elementor-section-boxed elementor-section-height-default elementor-section-height-default\" data-id=\"1de5cb9\" data-element_type=\"section\">\n\t\t\t\t\t\t<div class=\"elementor-container elementor-column-gap-default\">\n\t\t\t\t\t<div class=\"elementor-column elementor-col-100 elementor-top-column elementor-element elementor-element-7eaac10\" data-id=\"7eaac10\" data-element_type=\"column\">\n\t\t\t<div class=\"elementor-widget-wrap elementor-element-populated\">\n\t\t\t\t\t\t<div class=\"elementor-element elementor-element-8eb79b6 elementor-widget elementor-widget-text-editor\" data-id=\"8eb79b6\" data-element_type=\"widget\" data-widget_type=\"text-editor.default\">\n\t\t\t\t<div class=\"elementor-widget-container\">\n\t\t\t\t\t\t\t<h2><strong>Removal of Skin Tumors<\/strong><\/h2><div>\u00a0<\/div><p>Over the years, various tumors may form on the skin. The vast majority are benign, such as moles and age warts, but they may be bothersome from an aesthetic perspective. They can be easily removed, even if it is not really necessary.<\/p><p>However, in the case of malignant tumors, surgical removal (also called \u201cexcision\u201c) is mandatory.<\/p><p>Benign skin tumors include all types of moles (nevus cell nevi), connective tissue tumors (fibromas), fatty tissue tumors (lipomas), age warts (seborrheic keratoses), and blood vessel tumors (small hemangiomas). In these cases, it is up to you whether or not you find the growth disturbing enough to have it removed. The method of choice has to be considered and discussed on a case-by-case basis.<\/p><p>Anders als ein gutartiger Hauttumor muss ein b\u00f6sartiger Hauttumor zwingend entfernt werden und zwar chirurgisch, das hei\u00dft durch eine Operation.<\/p><p>Responsible patients, therefore, will observe their skin regularly and consult a specialist to have anomalies evaluated immediately. Please make an appointment with Dr. med. Dr. med. Christina Irene G\u00fcnter as soon as you notice the following indicators: sudden increase in size, bleeding, and other skin anomalies.<\/p><p>In a personal consultation, Dr. med. Dr. med. Christina Irene G\u00fcnter will be happy to discuss with you the best way to treat skin cancer cosmetically. Depending on size and location, the tumor can be removed on an outpatient basis under local anesthesia. Larger tumors may require a hospital stay and general anesthesia.<\/p><p>Wie Ihr Hauttumor kosmetisch am besten behandelt werden kann, erkl\u00e4rt Ihnen\u00a0Frau Dr. \u00a0Dr. Christina Irene G\u00fcnter gerne in einem pers\u00f6nlichen Gespr\u00e4ch.<\/p><p>Je nach Gr\u00f6\u00dfe und Lage kann ein Tumor ambulant mit lokaler Bet\u00e4ubung entfernt werden, bei gr\u00f6\u00dferen sind z.T. eine Vollnarkose und ein station\u00e4rer Aufenthalt notwendig.<\/p><h2>Risks<\/h2><p>As with any surgical procedure, surgical removal of skin tumors may lead to bruising (hematoma), secondary bleeding, swelling, wound healing disorders, infections, and wound dehiscence. Temporary numbness of the treated area may also occur.<\/p><p>If the findings are unclear, the tumor will be sent to a pathological laboratory for a more precise microscopic evaluation after removal to determine the type of tumor. If the results require further treatment, I will tell you about it sensitively and emphatically.<\/p><p>For malign tumors, treatment costs will be covered by health insurance, sometimes also for benign growths. I am happy to help you clarify whether your health insurance company will assume the costs for your treatment.<\/p><p>\u00a0<\/p><div><img fetchpriority=\"high\" decoding=\"async\" class=\"alignnone wp-image-791\" src=\"https:\/\/christinaguenter.com\/wp-content\/uploads\/2020\/05\/IMG_0963-300x200.jpg\" alt=\"\" width=\"563\" height=\"375\" srcset=\"https:\/\/christinaguenter.com\/wp-content\/uploads\/2020\/05\/IMG_0963-300x200.jpg 300w, https:\/\/christinaguenter.com\/wp-content\/uploads\/2020\/05\/IMG_0963-1024x683.jpg 1024w, https:\/\/christinaguenter.com\/wp-content\/uploads\/2020\/05\/IMG_0963-768x512.jpg 768w, https:\/\/christinaguenter.com\/wp-content\/uploads\/2020\/05\/IMG_0963-1536x1024.jpg 1536w, https:\/\/christinaguenter.com\/wp-content\/uploads\/2020\/05\/IMG_0963-2048x1365.jpg 2048w\" sizes=\"(max-width: 563px) 100vw, 563px\" \/><\/div><h2><strong>The most important facts on the surgical removal of skin tumors:<\/strong><\/h2><ul><li><strong>DURATION OF SURGERY:<\/strong>from 30 minutes<\/li><li><strong>ANESTHESIA:<\/strong>Local or general anesthesia<\/li><li><strong>TREATMENT:<\/strong>inpatient or outpatient<\/li><li><strong>COSTS:<\/strong>will be determined individually after the preliminary consultation, depending on the work involved; in the case of malign tumors, costs will be covered by your health insurance company <br \/>Bei b\u00f6sartigen Tumoren werden die Kosten von der Krankenkasse \u00fcbernommen<\/li><li><strong>CHECK-UP<\/strong>: 1 to 6 weeks<\/li><li><strong>REMOVAL OF SUTURES:<\/strong>after 7 days<\/li><li><strong>SOCIAL ACTIVITIES:<\/strong>immediately \/ after 1 week<\/li><li><strong>PHYSICAL EXERCISE:<\/strong>: after 2 weeks<\/li><\/ul>\t\t\t\t\t\t<\/div>\n\t\t\t\t<\/div>\n\t\t\t\t\t<\/div>\n\t\t<\/div>\n\t\t\t\t\t<\/div>\n\t\t<\/section>\n\t\t\t\t<section class=\"elementor-section elementor-top-section elementor-element elementor-element-1b6c0961 elementor-section-boxed elementor-section-height-default elementor-section-height-default\" data-id=\"1b6c0961\" data-element_type=\"section\">\n\t\t\t\t\t\t\t<div class=\"elementor-background-overlay\"><\/div>\n\t\t\t\t\t\t\t<div class=\"elementor-container elementor-column-gap-default\">\n\t\t\t\t\t<div class=\"elementor-column elementor-col-50 elementor-top-column elementor-element elementor-element-51be2dbe\" data-id=\"51be2dbe\" data-element_type=\"column\">\n\t\t\t<div class=\"elementor-widget-wrap elementor-element-populated\">\n\t\t\t\t\t\t<div class=\"elementor-element elementor-element-2ed739c8 elementor-widget__width-initial elementor-widget elementor-widget-text-editor\" data-id=\"2ed739c8\" data-element_type=\"widget\" data-widget_type=\"text-editor.default\">\n\t\t\t\t<div class=\"elementor-widget-container\">\n\t\t\t\t\t\t\t<h2><a title=\"Plastic surgery services\" href=\"https:\/\/christinaguenter.com\/en\/leistungen\/\" rel=\"\"><b>\u00dcbersicht der BehandlungsLEISTUNGEN \u00bb<\/b><\/a><\/h2><p>Here you will find an overview of my main areas of treatment\u2014from aesthetic surgery to gentle corrections. Each treatment is individual, personalized, and carried out with medical care.\u00a0<a title=\"\u00dcbersicht Behandlungsleistungen\" href=\"https:\/\/christinaguenter.com\/en\/leistungen\/\" rel=\"\"> <strong>To the service overview \u00bb<\/strong><\/a><\/p>\t\t\t\t\t\t<\/div>\n\t\t\t\t<\/div>\n\t\t\t\t\t<\/div>\n\t\t<\/div>\n\t\t\t\t<div class=\"elementor-column elementor-col-50 elementor-top-column elementor-element elementor-element-7906afb1\" data-id=\"7906afb1\" data-element_type=\"column\">\n\t\t\t<div class=\"elementor-widget-wrap elementor-element-populated\">\n\t\t\t\t\t\t<div class=\"elementor-element elementor-element-365a2f08 elementor-widget elementor-widget-image\" data-id=\"365a2f08\" data-element_type=\"widget\" data-widget_type=\"image.default\">\n\t\t\t\t<div class=\"elementor-widget-container\">\n\t\t\t\t\t\t\t\t\t\t\t\t\t\t<a href=\"https:\/\/christinaguenter.com\/en\/leistungen\/\">\n\t\t\t\t\t\t\t<img decoding=\"async\" width=\"460\" height=\"460\" src=\"https:\/\/christinaguenter.com\/wp-content\/uploads\/2025\/08\/op-dr-christina-guenter-plastische-chirurgin_04.jpg\" class=\"attachment-large size-large wp-image-3685\" alt=\"\" srcset=\"https:\/\/christinaguenter.com\/wp-content\/uploads\/2025\/08\/op-dr-christina-guenter-plastische-chirurgin_04.jpg 460w, https:\/\/christinaguenter.com\/wp-content\/uploads\/2025\/08\/op-dr-christina-guenter-plastische-chirurgin_04-300x300.jpg 300w, https:\/\/christinaguenter.com\/wp-content\/uploads\/2025\/08\/op-dr-christina-guenter-plastische-chirurgin_04-150x150.jpg 150w, https:\/\/christinaguenter.com\/wp-content\/uploads\/2025\/08\/op-dr-christina-guenter-plastische-chirurgin_04-12x12.jpg 12w\" sizes=\"(max-width: 460px) 100vw, 460px\" \/>\t\t\t\t\t\t\t\t<\/a>\n\t\t\t\t\t\t\t\t\t\t\t\t\t<\/div>\n\t\t\t\t<\/div>\n\t\t\t\t\t<\/div>\n\t\t<\/div>\n\t\t\t\t\t<\/div>\n\t\t<\/section>\n\t\t\t\t<\/div>","protected":false},"excerpt":{"rendered":"<p>Entfernung von Hauttumoren in M\u00fcnchen Entfernung von Hauttumoren \u00a0 Im Laufe der Jahre k\u00f6nnen sich auf der Haut verschiedene Tumoren bilden. Die allermeisten sind gutartig, zum Beispiel Muttermale und Alterswarzen, st\u00f6ren aber aus \u00e4sthetischer Sicht. Aus diesem Grund kann man auch einen gutartigen Hauttumor entfernen lassen. Bei b\u00f6sartigen Tumoren ist die Entfernung (auch \u00abExcision\u00bb genannt) [&hellip;]<\/p>","protected":false},"author":4,"featured_media":148,"parent":0,"menu_order":0,"comment_status":"closed","ping_status":"closed","template":"","meta":{"footnotes":""},"_links":{"self":[{"href":"https:\/\/christinaguenter.com\/en\/wp-json\/wp\/v2\/pages\/275"}],"collection":[{"href":"https:\/\/christinaguenter.com\/en\/wp-json\/wp\/v2\/pages"}],"about":[{"href":"https:\/\/christinaguenter.com\/en\/wp-json\/wp\/v2\/types\/page"}],"author":[{"embeddable":true,"href":"https:\/\/christinaguenter.com\/en\/wp-json\/wp\/v2\/users\/4"}],"replies":[{"embeddable":true,"href":"https:\/\/christinaguenter.com\/en\/wp-json\/wp\/v2\/comments?post=275"}],"version-history":[{"count":30,"href":"https:\/\/christinaguenter.com\/en\/wp-json\/wp\/v2\/pages\/275\/revisions"}],"predecessor-version":[{"id":4052,"href":"https:\/\/christinaguenter.com\/en\/wp-json\/wp\/v2\/pages\/275\/revisions\/4052"}],"wp:featuredmedia":[{"embeddable":true,"href":"https:\/\/christinaguenter.com\/en\/wp-json\/wp\/v2\/media\/148"}],"wp:attachment":[{"href":"https:\/\/christinaguenter.com\/en\/wp-json\/wp\/v2\/media?parent=275"}],"curies":[{"name":"wp","href":"https:\/\/api.w.org\/{rel}","templated":true}]}}