{"id":278,"date":"2020-04-23T11:22:19","date_gmt":"2020-04-23T09:22:19","guid":{"rendered":"https:\/\/christinaguenter.com\/?page_id=278"},"modified":"2025-08-09T14:06:50","modified_gmt":"2025-08-09T12:06:50","slug":"haartransplantation","status":"publish","type":"page","link":"https:\/\/christinaguenter.com\/en\/haartransplantation","title":{"rendered":"Hair Transplant Procedures"},"content":{"rendered":"<div data-elementor-type=\"wp-page\" data-elementor-id=\"278\" class=\"elementor elementor-278\" data-elementor-post-type=\"page\">\n\t\t\t\t\t\t<section class=\"elementor-section elementor-top-section elementor-element elementor-element-336cd04 elementor-section-boxed elementor-section-height-default elementor-section-height-default\" data-id=\"336cd04\" data-element_type=\"section\">\n\t\t\t\t\t\t<div class=\"elementor-container elementor-column-gap-default\">\n\t\t\t\t\t<div class=\"elementor-column elementor-col-100 elementor-top-column elementor-element elementor-element-d5f9cd4\" data-id=\"d5f9cd4\" data-element_type=\"column\">\n\t\t\t<div class=\"elementor-widget-wrap elementor-element-populated\">\n\t\t\t\t\t\t<div class=\"elementor-element elementor-element-4bdb2b0 headline elementor-widget elementor-widget-text-editor\" data-id=\"4bdb2b0\" data-element_type=\"widget\" data-widget_type=\"text-editor.default\">\n\t\t\t\t<div class=\"elementor-widget-container\">\n\t\t\t\t\t\t\t<h1 style=\"font-size: 0.9em; font-weight: 300; color: #888888;\">Hair Transplant Procedures in Munich<\/h1>\t\t\t\t\t\t<\/div>\n\t\t\t\t<\/div>\n\t\t\t\t\t<\/div>\n\t\t<\/div>\n\t\t\t\t\t<\/div>\n\t\t<\/section>\n\t\t\t\t<section class=\"elementor-section elementor-top-section elementor-element elementor-element-1de5cb9 elementor-section-boxed elementor-section-height-default elementor-section-height-default\" data-id=\"1de5cb9\" data-element_type=\"section\">\n\t\t\t\t\t\t<div class=\"elementor-container elementor-column-gap-default\">\n\t\t\t\t\t<div class=\"elementor-column elementor-col-100 elementor-top-column elementor-element elementor-element-7eaac10\" data-id=\"7eaac10\" data-element_type=\"column\">\n\t\t\t<div class=\"elementor-widget-wrap elementor-element-populated\">\n\t\t\t\t\t\t<div class=\"elementor-element elementor-element-8eb79b6 elementor-widget elementor-widget-text-editor\" data-id=\"8eb79b6\" data-element_type=\"widget\" data-widget_type=\"text-editor.default\">\n\t\t\t\t<div class=\"elementor-widget-container\">\n\t\t\t\t\t\t\t<h2><strong>Hair Transplant Procedures<\/strong><\/h2><p>According to the Bible, Samson owed his supernatural powers to his long magnificent head of hair. Once his enemies succeeded in cutting it off, his fate was sealed. In another legend, Lorelei bewitches sailors with her long blond hair, so that many of them foundered. Emperor Franz-Josef\u2019s love for Empress Sissi\u2019s long, shiny, and luxuriant curls is historically documented.<\/p><p>Shiny and healthy hair is not only an essential adornment for women; it also contributes to a man\u2019s attractive and vital appearance. Unfortunately, not all of us are genetically endowed with full, shiny, and silky hair. There are many different causes for hair loss or hair-free areas on the head. If not all, at least most of them can be treated effectively and successfully by hair transplant procedures.<\/p><p>Transplantation of one\u2019s own hair roots to bald areas is suitable, for instance, for the treatment of androgenetic hair loss in men and women. Hair transplants can also help with idiopathic, diffuse hair loss, alopecia areata (circular hair loss), and even scars. With a hair transplant, bald areas can be provided with new, healthy hair follicles. Hair transplant procedures are also suitable for the restoration of eyebrows and facial hair.\u00a0<\/p><p>Since only a limited number of hairs keep growing throughout our lifetime, they should be removed very carefully, and \u201csafety reserves\u201c should be left for a possible follow-up treatment.\u00a0<\/p><p>Wound healing may include the formation of crusts or scabs, swelling, and possibly also hematoma, which will disappear within a few days. The treated area may show some temporary redness that can be easily covered by concealer.\u00a0<\/p><p>Directly after the procedure, the hair roots will enter a resting phase. After three to twelve months, they will begin to grow hair again. However, when, and at what speed, the transplanted hair will grow varies significantly from person to person. Since the hair becomes thicker and stronger over time, a clear improvement may be seen even after only a few months.<\/p><p>Dr. med. Dr. med. Christina Irene G\u00fcnter will be happy to advise you in detail about the treatment options and to help you to realize your wish for full, silky, and shiny hair.<\/p><p>Before such a treatment, detailed consultations are mandatory. It is essential to speak about the motivation for this kind of surgery, to discuss whether the desired result can be achieved, and to talk about possible limitations. Other important topics are alternative treatments, as well as potential adverse side effects and possible risks.\u00a0<\/p><h2>Risks<\/h2><p>As with any surgical procedure, hair transplants may lead to bruising (hematoma), secondary bleeding, swelling, wound healing disorders, infections, and wound dehiscence. Temporary numbness of the treated area may also occur.<\/p><p>If you decide on a hair transplant surgery, it is essential that you are cared for professionally and personally during the entire process.\u00a0<\/p><p>I attach great importance to perceiving, advising, and treating you as an individual, with all your personality\u2019s facets. My many years of experience, expertise, empathy, and communication are central pillars of my therapeutic success. Intensive and personal post-treatment care is as much a focus of my work as the preparation and the treatment itself. After all, a perfect result can only be achieved by working together as a team.\u00a0<\/p><p>It goes without saying that your health is always given priority. Surgery that negatively affects your health or physical integrity is not recommended and should not be performed in the first place.<\/p><p>\u00a0<\/p><p><img fetchpriority=\"high\" decoding=\"async\" class=\"alignnone size-full wp-image-736\" src=\"https:\/\/christinaguenter.com\/wp-content\/uploads\/2020\/05\/iStock-881579434.jpg\" alt=\"\" width=\"2120\" height=\"1415\" srcset=\"https:\/\/christinaguenter.com\/wp-content\/uploads\/2020\/05\/iStock-881579434.jpg 2120w, https:\/\/christinaguenter.com\/wp-content\/uploads\/2020\/05\/iStock-881579434-300x200.jpg 300w, https:\/\/christinaguenter.com\/wp-content\/uploads\/2020\/05\/iStock-881579434-1024x683.jpg 1024w, https:\/\/christinaguenter.com\/wp-content\/uploads\/2020\/05\/iStock-881579434-768x513.jpg 768w, https:\/\/christinaguenter.com\/wp-content\/uploads\/2020\/05\/iStock-881579434-1536x1025.jpg 1536w, https:\/\/christinaguenter.com\/wp-content\/uploads\/2020\/05\/iStock-881579434-2048x1367.jpg 2048w\" sizes=\"(max-width: 2120px) 100vw, 2120px\" \/><\/p><h2>The most important facts on hair transplant surgeries<\/h2><ul><li><strong>DURATION OF SURGERY:<\/strong>depending on the chosen procedure<\/li><li><strong>ANESTHESIA:<\/strong>twilight anesthesia<\/li><li><strong>TREATMENT:<\/strong>one day in-patient stay or out-patient<\/li><li><strong>COSTS:<\/strong>will be determined individually after the preliminary consultation, depending on the work involved<\/li><li><strong>CHECK-UP<\/strong>: after 4 weeks<\/li><li><strong>REMOVAL OF SUTURES:<\/strong>after 14 days<\/li><li><strong>SOCIAL ACTIVITIES:<\/strong>after 1 to 2 weeks<\/li><li><strong>PHYSICAL EXERCISE:<\/strong>after 6 weeks<\/li><\/ul>\t\t\t\t\t\t<\/div>\n\t\t\t\t<\/div>\n\t\t\t\t\t<\/div>\n\t\t<\/div>\n\t\t\t\t\t<\/div>\n\t\t<\/section>\n\t\t\t\t<section class=\"elementor-section elementor-top-section elementor-element elementor-element-472b4e26 elementor-section-boxed elementor-section-height-default elementor-section-height-default\" data-id=\"472b4e26\" data-element_type=\"section\">\n\t\t\t\t\t\t\t<div class=\"elementor-background-overlay\"><\/div>\n\t\t\t\t\t\t\t<div class=\"elementor-container elementor-column-gap-default\">\n\t\t\t\t\t<div class=\"elementor-column elementor-col-50 elementor-top-column elementor-element elementor-element-5be1d307\" data-id=\"5be1d307\" data-element_type=\"column\">\n\t\t\t<div class=\"elementor-widget-wrap elementor-element-populated\">\n\t\t\t\t\t\t<div class=\"elementor-element elementor-element-1770756 elementor-widget__width-initial elementor-widget elementor-widget-text-editor\" data-id=\"1770756\" data-element_type=\"widget\" data-widget_type=\"text-editor.default\">\n\t\t\t\t<div class=\"elementor-widget-container\">\n\t\t\t\t\t\t\t<h2><a title=\"Plastic surgery services\" href=\"https:\/\/christinaguenter.com\/en\/leistungen\/\" rel=\"\"><b>\u00dcbersicht der BehandlungsLEISTUNGEN \u00bb<\/b><\/a><\/h2><p>Here you will find an overview of my main areas of treatment\u2014from aesthetic surgery to gentle corrections. Each treatment is individual, personalized, and carried out with medical care.\u00a0<a title=\"\u00dcbersicht Behandlungsleistungen\" href=\"https:\/\/christinaguenter.com\/en\/leistungen\/\" rel=\"\"> <strong>To the service overview \u00bb<\/strong><\/a><\/p>\t\t\t\t\t\t<\/div>\n\t\t\t\t<\/div>\n\t\t\t\t\t<\/div>\n\t\t<\/div>\n\t\t\t\t<div class=\"elementor-column elementor-col-50 elementor-top-column elementor-element elementor-element-29bad9be\" data-id=\"29bad9be\" data-element_type=\"column\">\n\t\t\t<div class=\"elementor-widget-wrap elementor-element-populated\">\n\t\t\t\t\t\t<div class=\"elementor-element elementor-element-69105cc2 elementor-widget elementor-widget-image\" data-id=\"69105cc2\" data-element_type=\"widget\" data-widget_type=\"image.default\">\n\t\t\t\t<div class=\"elementor-widget-container\">\n\t\t\t\t\t\t\t\t\t\t\t\t\t\t<a href=\"https:\/\/christinaguenter.com\/en\/leistungen\/\">\n\t\t\t\t\t\t\t<img decoding=\"async\" width=\"460\" height=\"460\" src=\"https:\/\/christinaguenter.com\/wp-content\/uploads\/2025\/08\/op-dr-christina-guenter-plastische-chirurgin_04.jpg\" class=\"attachment-large size-large wp-image-3685\" alt=\"\" srcset=\"https:\/\/christinaguenter.com\/wp-content\/uploads\/2025\/08\/op-dr-christina-guenter-plastische-chirurgin_04.jpg 460w, https:\/\/christinaguenter.com\/wp-content\/uploads\/2025\/08\/op-dr-christina-guenter-plastische-chirurgin_04-300x300.jpg 300w, https:\/\/christinaguenter.com\/wp-content\/uploads\/2025\/08\/op-dr-christina-guenter-plastische-chirurgin_04-150x150.jpg 150w, https:\/\/christinaguenter.com\/wp-content\/uploads\/2025\/08\/op-dr-christina-guenter-plastische-chirurgin_04-12x12.jpg 12w\" sizes=\"(max-width: 460px) 100vw, 460px\" \/>\t\t\t\t\t\t\t\t<\/a>\n\t\t\t\t\t\t\t\t\t\t\t\t\t<\/div>\n\t\t\t\t<\/div>\n\t\t\t\t\t<\/div>\n\t\t<\/div>\n\t\t\t\t\t<\/div>\n\t\t<\/section>\n\t\t\t\t<\/div>","protected":false},"excerpt":{"rendered":"<p>Haartransplantation \/ Eigenhaartransplantation in M\u00fcnchen Haartransplantation Seine \u00fcbernat\u00fcrlichen Kr\u00e4fte verdankte Samson laut Bibel seiner \u00fcppigen und langen Haarpracht; als es gelang, diese abzuschneiden, war sein Schicksal besiegelt. Laut Legende bet\u00f6rte die Lorelei die Schiffer mit ihren langen blonden Haaren derart, dass unz\u00e4hlige von ihnen Schiffbruch erlitten. Und historisch verbrieft ist die Liebe von Kaiser Franz [&hellip;]<\/p>","protected":false},"author":4,"featured_media":148,"parent":0,"menu_order":0,"comment_status":"closed","ping_status":"closed","template":"","meta":{"footnotes":""},"_links":{"self":[{"href":"https:\/\/christinaguenter.com\/en\/wp-json\/wp\/v2\/pages\/278"}],"collection":[{"href":"https:\/\/christinaguenter.com\/en\/wp-json\/wp\/v2\/pages"}],"about":[{"href":"https:\/\/christinaguenter.com\/en\/wp-json\/wp\/v2\/types\/page"}],"author":[{"embeddable":true,"href":"https:\/\/christinaguenter.com\/en\/wp-json\/wp\/v2\/users\/4"}],"replies":[{"embeddable":true,"href":"https:\/\/christinaguenter.com\/en\/wp-json\/wp\/v2\/comments?post=278"}],"version-history":[{"count":31,"href":"https:\/\/christinaguenter.com\/en\/wp-json\/wp\/v2\/pages\/278\/revisions"}],"predecessor-version":[{"id":4024,"href":"https:\/\/christinaguenter.com\/en\/wp-json\/wp\/v2\/pages\/278\/revisions\/4024"}],"wp:featuredmedia":[{"embeddable":true,"href":"https:\/\/christinaguenter.com\/en\/wp-json\/wp\/v2\/media\/148"}],"wp:attachment":[{"href":"https:\/\/christinaguenter.com\/en\/wp-json\/wp\/v2\/media?parent=278"}],"curies":[{"name":"wp","href":"https:\/\/api.w.org\/{rel}","templated":true}]}}