{"id":284,"date":"2020-04-23T16:54:30","date_gmt":"2020-04-23T14:54:30","guid":{"rendered":"https:\/\/christinaguenter.com\/?page_id=284"},"modified":"2025-08-09T14:08:09","modified_gmt":"2025-08-09T12:08:09","slug":"hyaluronsaeure-in-muenchen","status":"publish","type":"page","link":"https:\/\/christinaguenter.com\/en\/hyaluronsaeure-in-muenchen","title":{"rendered":"Liquid Facelift"},"content":{"rendered":"<div data-elementor-type=\"wp-page\" data-elementor-id=\"284\" class=\"elementor elementor-284\" data-elementor-post-type=\"page\">\n\t\t\t\t\t\t<section class=\"elementor-section elementor-top-section elementor-element elementor-element-fddfd85 elementor-section-boxed elementor-section-height-default elementor-section-height-default\" data-id=\"fddfd85\" data-element_type=\"section\">\n\t\t\t\t\t\t<div class=\"elementor-container elementor-column-gap-default\">\n\t\t\t\t\t<div class=\"elementor-column elementor-col-100 elementor-top-column elementor-element elementor-element-ea37d9e\" data-id=\"ea37d9e\" data-element_type=\"column\">\n\t\t\t<div class=\"elementor-widget-wrap elementor-element-populated\">\n\t\t\t\t\t\t<div class=\"elementor-element elementor-element-143df26 headline elementor-widget elementor-widget-text-editor\" data-id=\"143df26\" data-element_type=\"widget\" data-widget_type=\"text-editor.default\">\n\t\t\t\t<div class=\"elementor-widget-container\">\n\t\t\t\t\t\t\t<h1 style=\"font-size: 0.9em; font-weight: 300; color: #888888;\">Liquid Facelift in munich<\/h1>\t\t\t\t\t\t<\/div>\n\t\t\t\t<\/div>\n\t\t\t\t\t<\/div>\n\t\t<\/div>\n\t\t\t\t\t<\/div>\n\t\t<\/section>\n\t\t\t\t<section class=\"elementor-section elementor-top-section elementor-element elementor-element-1de5cb9 elementor-section-boxed elementor-section-height-default elementor-section-height-default\" data-id=\"1de5cb9\" data-element_type=\"section\">\n\t\t\t\t\t\t<div class=\"elementor-container elementor-column-gap-default\">\n\t\t\t\t\t<div class=\"elementor-column elementor-col-100 elementor-top-column elementor-element elementor-element-7eaac10\" data-id=\"7eaac10\" data-element_type=\"column\">\n\t\t\t<div class=\"elementor-widget-wrap elementor-element-populated\">\n\t\t\t\t\t\t<div class=\"elementor-element elementor-element-8eb79b6 elementor-widget elementor-widget-text-editor\" data-id=\"8eb79b6\" data-element_type=\"widget\" data-widget_type=\"text-editor.default\">\n\t\t\t\t<div class=\"elementor-widget-container\">\n\t\t\t\t\t\t\t<h2><strong>Liquid Facelift <br \/>die Innovative Formel f\u00fcr sch\u00f6ne Haut<br \/><\/strong><\/h2><p><strong>Liquid Facelift, the innovative form of wrinkle treatment<br \/><\/strong><\/p><p>Increasing age causes natural changes to our face and skin. Most noticeable are loss of volume and bone degeneration, causing typical age-associated changes to the physiognomy. The simultaneously slackening skin leads to wrinkles, lines, and furrows in the face. Gravity pulls the loosened tissue layers and excessive skin downwards, changing the facial contours.<\/p><p>Mit einer schmerzfreien Volumentherapie mit Hyalurons\u00e4ure k\u00f6nnen kleine Volumina aufgef\u00fcllt werden. Dadurch wird das Fettgewebe der Unterhaut aufgepolstert und die Hautoberfl\u00e4che gegl\u00e4ttet.<\/p><p>Dank spezieller Nadeln und stumpfen Kan\u00fclen k\u00f6nnen diese Behandlungen nahezu schmerzfrei, gewebeschonend und pr\u00e4zise durchgef\u00fchrt werden.<\/p><p>Die Hyalurons\u00e4ure wird, je nach Befund, punktgenau oder \u00fcber die ganze Fl\u00e4che verteilt und sorgt f\u00fcr schnelle und dennoch nachhaltige Resultate.<\/p><p>Diese innovative Behandlung ist nahezu schmerzfrei dank lokaler Bet\u00e4ubungscreme und Hyalurons\u00e4ure-Fillern mit Lokalan\u00e4sthetika.<\/p><p>Im Anschluss k\u00f6nnen Sie in aller Regel gleich wieder an die Arbeit und unter die Leute.<\/p><p>W\u00e4hrend der ersten 2 bis 5 Tage kann es vereinzelt zu sichtbaren Schwellungen, blauen Flecken (H\u00e4matomen), schmerzhaften Stellen sowie zu leichten Asymmetrien kommen.<\/p><p>In a personal consultation, Dr. med. Dr. med. Christina Irene G\u00fcnter will discuss sensitively and in detail which treatment or therapy is to be recommended in your individual case. Dr. med. Dr. med. Christina Irene G\u00fcnter will also explain the course of treatment as well as possible adverse side effects and risks.<br \/><br \/><\/p><p><img fetchpriority=\"high\" decoding=\"async\" class=\"alignnone wp-image-738\" src=\"https:\/\/christinaguenter.com\/wp-content\/uploads\/2020\/05\/IMG_1941-300x200.jpg\" alt=\"Liquid Facelift\" width=\"882\" height=\"587\" srcset=\"https:\/\/christinaguenter.com\/wp-content\/uploads\/2020\/05\/IMG_1941-300x200.jpg 300w, https:\/\/christinaguenter.com\/wp-content\/uploads\/2020\/05\/IMG_1941-1024x683.jpg 1024w, https:\/\/christinaguenter.com\/wp-content\/uploads\/2020\/05\/IMG_1941-768x512.jpg 768w, https:\/\/christinaguenter.com\/wp-content\/uploads\/2020\/05\/IMG_1941-1536x1024.jpg 1536w, https:\/\/christinaguenter.com\/wp-content\/uploads\/2020\/05\/IMG_1941-2048x1365.jpg 2048w\" sizes=\"(max-width: 882px) 100vw, 882px\" \/><\/p><h2><strong>Die wichtigsten Fakten zur <\/strong><strong>Behandlung mit <\/strong><strong>Hyaluronic Acid <\/strong><\/h2><ul><li><strong>DURATION OF SURGERY:<\/strong>from 30 minutes<\/li><li><strong>ANESTHESIA:<\/strong>: locally applied anesthetic cream<\/li><li><strong>TREATMENT:<\/strong>: out-patient<\/li><li><strong>COSTS:<\/strong>: werden individuell nach der Vorbesprechung in einem Kostenvoranschlag festgelegt<\/li><li><strong>CHECK-UP<\/strong>:\u00a0 nach 2 Wochen<\/li><li><strong>SOCIAL ACTIVITIES:<\/strong>: sofort<\/li><li><strong>PHYSICAL EXERCISE:<\/strong>: after 2 days<\/li><\/ul>\t\t\t\t\t\t<\/div>\n\t\t\t\t<\/div>\n\t\t\t\t\t<\/div>\n\t\t<\/div>\n\t\t\t\t\t<\/div>\n\t\t<\/section>\n\t\t\t\t<section class=\"elementor-section elementor-top-section elementor-element elementor-element-30d1e42c elementor-section-boxed elementor-section-height-default elementor-section-height-default\" data-id=\"30d1e42c\" data-element_type=\"section\">\n\t\t\t\t\t\t\t<div class=\"elementor-background-overlay\"><\/div>\n\t\t\t\t\t\t\t<div class=\"elementor-container elementor-column-gap-default\">\n\t\t\t\t\t<div class=\"elementor-column elementor-col-50 elementor-top-column elementor-element elementor-element-236196b5\" data-id=\"236196b5\" data-element_type=\"column\">\n\t\t\t<div class=\"elementor-widget-wrap elementor-element-populated\">\n\t\t\t\t\t\t<div class=\"elementor-element elementor-element-db9ebd6 elementor-widget__width-initial elementor-widget elementor-widget-text-editor\" data-id=\"db9ebd6\" data-element_type=\"widget\" data-widget_type=\"text-editor.default\">\n\t\t\t\t<div class=\"elementor-widget-container\">\n\t\t\t\t\t\t\t<h2><a title=\"Plastic surgery services\" href=\"https:\/\/christinaguenter.com\/en\/leistungen\/\" rel=\"\"><b>\u00dcbersicht der BehandlungsLEISTUNGEN \u00bb<\/b><\/a><\/h2><p>Here you will find an overview of my main areas of treatment\u2014from aesthetic surgery to gentle corrections. Each treatment is individual, personalized, and carried out with medical care.\u00a0<a title=\"\u00dcbersicht Behandlungsleistungen\" href=\"https:\/\/christinaguenter.com\/en\/leistungen\/\" rel=\"\"> <strong>To the service overview \u00bb<\/strong><\/a><\/p>\t\t\t\t\t\t<\/div>\n\t\t\t\t<\/div>\n\t\t\t\t\t<\/div>\n\t\t<\/div>\n\t\t\t\t<div class=\"elementor-column elementor-col-50 elementor-top-column elementor-element elementor-element-15e9bf3d\" data-id=\"15e9bf3d\" data-element_type=\"column\">\n\t\t\t<div class=\"elementor-widget-wrap elementor-element-populated\">\n\t\t\t\t\t\t<div class=\"elementor-element elementor-element-d9a62c3 elementor-widget elementor-widget-image\" data-id=\"d9a62c3\" data-element_type=\"widget\" data-widget_type=\"image.default\">\n\t\t\t\t<div class=\"elementor-widget-container\">\n\t\t\t\t\t\t\t\t\t\t\t\t\t\t<a href=\"https:\/\/christinaguenter.com\/en\/leistungen\/\">\n\t\t\t\t\t\t\t<img decoding=\"async\" width=\"460\" height=\"460\" src=\"https:\/\/christinaguenter.com\/wp-content\/uploads\/2025\/08\/op-dr-christina-guenter-plastische-chirurgin_04.jpg\" class=\"attachment-large size-large wp-image-3685\" alt=\"\" srcset=\"https:\/\/christinaguenter.com\/wp-content\/uploads\/2025\/08\/op-dr-christina-guenter-plastische-chirurgin_04.jpg 460w, https:\/\/christinaguenter.com\/wp-content\/uploads\/2025\/08\/op-dr-christina-guenter-plastische-chirurgin_04-300x300.jpg 300w, https:\/\/christinaguenter.com\/wp-content\/uploads\/2025\/08\/op-dr-christina-guenter-plastische-chirurgin_04-150x150.jpg 150w, https:\/\/christinaguenter.com\/wp-content\/uploads\/2025\/08\/op-dr-christina-guenter-plastische-chirurgin_04-12x12.jpg 12w\" sizes=\"(max-width: 460px) 100vw, 460px\" \/>\t\t\t\t\t\t\t\t<\/a>\n\t\t\t\t\t\t\t\t\t\t\t\t\t<\/div>\n\t\t\t\t<\/div>\n\t\t\t\t\t<\/div>\n\t\t<\/div>\n\t\t\t\t\t<\/div>\n\t\t<\/section>\n\t\t\t\t<\/div>","protected":false},"excerpt":{"rendered":"<p>Faltenunterspritzung mit Hyluron in M\u00fcnchen \/ Hylaurons\u00e4ure behandlung mit Hyalurons\u00e4ure &#8211; die Innovative Formel f\u00fcr sch\u00f6ne Haut Innovative Form der Hautqualit\u00e4tsverbesserung, der Faltenunterspritzung und der Detail-Konturverbesserung Mit zunehmendem Alter, Hormon- und Gewichtsschwankungen kommt es zu naturgegebenen Ver\u00e4nderungen des K\u00f6rpers und der Haut. Dabei kommt es zu Volumenver\u00e4nderungen in den tiefen Gewebeschichten, Fett- und Bindegewebe, aber [&hellip;]<\/p>","protected":false},"author":4,"featured_media":149,"parent":0,"menu_order":0,"comment_status":"closed","ping_status":"closed","template":"","meta":{"footnotes":""},"_links":{"self":[{"href":"https:\/\/christinaguenter.com\/en\/wp-json\/wp\/v2\/pages\/284"}],"collection":[{"href":"https:\/\/christinaguenter.com\/en\/wp-json\/wp\/v2\/pages"}],"about":[{"href":"https:\/\/christinaguenter.com\/en\/wp-json\/wp\/v2\/types\/page"}],"author":[{"embeddable":true,"href":"https:\/\/christinaguenter.com\/en\/wp-json\/wp\/v2\/users\/4"}],"replies":[{"embeddable":true,"href":"https:\/\/christinaguenter.com\/en\/wp-json\/wp\/v2\/comments?post=284"}],"version-history":[{"count":25,"href":"https:\/\/christinaguenter.com\/en\/wp-json\/wp\/v2\/pages\/284\/revisions"}],"predecessor-version":[{"id":4040,"href":"https:\/\/christinaguenter.com\/en\/wp-json\/wp\/v2\/pages\/284\/revisions\/4040"}],"wp:featuredmedia":[{"embeddable":true,"href":"https:\/\/christinaguenter.com\/en\/wp-json\/wp\/v2\/media\/149"}],"wp:attachment":[{"href":"https:\/\/christinaguenter.com\/en\/wp-json\/wp\/v2\/media?parent=284"}],"curies":[{"name":"wp","href":"https:\/\/api.w.org\/{rel}","templated":true}]}}