{"id":293,"date":"2020-04-23T17:33:25","date_gmt":"2020-04-23T15:33:25","guid":{"rendered":"https:\/\/christinaguenter.com\/?page_id=293"},"modified":"2025-08-09T14:04:39","modified_gmt":"2025-08-09T12:04:39","slug":"veroedung-von-krampfadern-in-muenchen","status":"publish","type":"page","link":"https:\/\/christinaguenter.com\/en\/veroedung-von-krampfadern-in-muenchen","title":{"rendered":"Sclerotherapy of Varicose Veins"},"content":{"rendered":"<div data-elementor-type=\"wp-page\" data-elementor-id=\"293\" class=\"elementor elementor-293\" data-elementor-post-type=\"page\">\n\t\t\t\t\t\t<section class=\"elementor-section elementor-top-section elementor-element elementor-element-86e0eb6 elementor-section-boxed elementor-section-height-default elementor-section-height-default\" data-id=\"86e0eb6\" data-element_type=\"section\">\n\t\t\t\t\t\t<div class=\"elementor-container elementor-column-gap-default\">\n\t\t\t\t\t<div class=\"elementor-column elementor-col-100 elementor-top-column elementor-element elementor-element-8a6a621\" data-id=\"8a6a621\" data-element_type=\"column\">\n\t\t\t<div class=\"elementor-widget-wrap elementor-element-populated\">\n\t\t\t\t\t\t<div class=\"elementor-element elementor-element-6f85a5b headline elementor-widget elementor-widget-text-editor\" data-id=\"6f85a5b\" data-element_type=\"widget\" data-widget_type=\"text-editor.default\">\n\t\t\t\t<div class=\"elementor-widget-container\">\n\t\t\t\t\t\t\t<h1 style=\"font-size: 0.9em; font-weight: 300; color: #888888;\">Sclerotherapy of Varicose Veins in munich<\/h1>\t\t\t\t\t\t<\/div>\n\t\t\t\t<\/div>\n\t\t\t\t\t<\/div>\n\t\t<\/div>\n\t\t\t\t\t<\/div>\n\t\t<\/section>\n\t\t\t\t<section class=\"elementor-section elementor-top-section elementor-element elementor-element-1de5cb9 elementor-section-boxed elementor-section-height-default elementor-section-height-default\" data-id=\"1de5cb9\" data-element_type=\"section\">\n\t\t\t\t\t\t<div class=\"elementor-container elementor-column-gap-default\">\n\t\t\t\t\t<div class=\"elementor-column elementor-col-100 elementor-top-column elementor-element elementor-element-7eaac10\" data-id=\"7eaac10\" data-element_type=\"column\">\n\t\t\t<div class=\"elementor-widget-wrap elementor-element-populated\">\n\t\t\t\t\t\t<div class=\"elementor-element elementor-element-8eb79b6 elementor-widget elementor-widget-text-editor\" data-id=\"8eb79b6\" data-element_type=\"widget\" data-widget_type=\"text-editor.default\">\n\t\t\t\t<div class=\"elementor-widget-container\">\n\t\t\t\t\t\t\t<h2>Sclerotherapy of Varicose Veins<\/h2><p>Everybody wants them: smooth, sleek, well-trained legs without visible blue veins, but only a few are so lucky. In the course of their lives, almost 80% of the population develop varicose veins that are more or less pronounced. While varicose vein-like changes to the larger truncal veins are a severe health problem, the small, ugly spider veins are merely an aesthetic issue. Nevertheless, they can have a negative impact on the quality of life and even lead to restrictions in the daily routine, if the affected persons suffer accordingly. After the spider veins have been phlebologically evaluated to ensure that no medically significant venous disease is hidden underneath, they can be removed without hesitation.<\/p><p>Treatment is performed with a so-called \u201cMicro Sclerotherapy.\u201c A solution is injected into the small, delicate veins, which irritates the vein\u2019s internal lining, causing the injected veins to stick together, effectively closing the spider vein. Once it has been removed, it is no longer visible.<\/p><p>Using a fine, sterile cannula, the spider veins are punctured as centrally as possible at the confluence of several varices at a flat angle. The sclerosant is slowly injected into the vessel. If the cannula is positioned correctly, a draining of the vessel can be observed. The treatment is virtually painless, although a slight burning sensation may be noticeable. A local anesthetic can be applied if desired. The vessel is then compressed with a swab or a patch. The treatment is concluded by applying a compression bandage or donning compression stockings.<\/p><p>In a first treatment procedure, Dr. med. Dr. med. Christina Irene G\u00fcnter will perform a trial sclerotherapy to exclude potential incompatibilities.<\/p><p>Compression bandages or compression stockings have to be worn for another two days. The first follow-up appointment will be one week after the procedure.<\/p><p>Even after successful treatment, spider veins often form again so that treatments have to be repeated usually every few years.<\/p><p>In a personal consultation, Dr. med. Dr. med. Christina Irene G\u00fcnter will discuss sensitively and in detail which treatment or therapy is to be recommended in your individual case. Dr. med. Dr. med. Christina Irene G\u00fcnter will also explain the course of treatment as well as possible adverse side effects and risks.<\/p><div>\u00a0<\/div><div><img fetchpriority=\"high\" decoding=\"async\" class=\"alignnone wp-image-788\" src=\"https:\/\/christinaguenter.com\/wp-content\/uploads\/2020\/05\/IMG_0917-1-300x200.jpg\" alt=\"\" width=\"527\" height=\"351\" srcset=\"https:\/\/christinaguenter.com\/wp-content\/uploads\/2020\/05\/IMG_0917-1-300x200.jpg 300w, https:\/\/christinaguenter.com\/wp-content\/uploads\/2020\/05\/IMG_0917-1-1024x683.jpg 1024w, https:\/\/christinaguenter.com\/wp-content\/uploads\/2020\/05\/IMG_0917-1-768x512.jpg 768w, https:\/\/christinaguenter.com\/wp-content\/uploads\/2020\/05\/IMG_0917-1-1536x1024.jpg 1536w, https:\/\/christinaguenter.com\/wp-content\/uploads\/2020\/05\/IMG_0917-1-2048x1365.jpg 2048w\" sizes=\"(max-width: 527px) 100vw, 527px\" \/><\/div><h2>The most important facts on varicose vein sclerotherapy<\/h2><ul><li><strong>DURATION OF SURGERY:<\/strong>: from 15 min<\/li><li><strong>ANESTHESIA:<\/strong>: locally applied anesthetic cream, if desired<\/li><li><strong>TREATMENT:<\/strong>: out-patient<\/li><li><strong>COSTS:<\/strong>will be determined individually after the preliminary consultation, depending on the work involved<\/li><li><strong>CHECK-UP<\/strong>: after 1 week<\/li><li><strong>SOCIAL ACTIVITIES:<\/strong>: immediately (visible veins up to 4 weeks after treatment)<\/li><li><strong>PHYSICAL EXERCISE:<\/strong>: after 4 days<\/li><\/ul>\t\t\t\t\t\t<\/div>\n\t\t\t\t<\/div>\n\t\t\t\t\t<\/div>\n\t\t<\/div>\n\t\t\t\t\t<\/div>\n\t\t<\/section>\n\t\t\t\t<section class=\"elementor-section elementor-top-section elementor-element elementor-element-e78c264 elementor-section-boxed elementor-section-height-default elementor-section-height-default\" data-id=\"e78c264\" data-element_type=\"section\">\n\t\t\t\t\t\t\t<div class=\"elementor-background-overlay\"><\/div>\n\t\t\t\t\t\t\t<div class=\"elementor-container elementor-column-gap-default\">\n\t\t\t\t\t<div class=\"elementor-column elementor-col-50 elementor-top-column elementor-element elementor-element-16b28975\" data-id=\"16b28975\" data-element_type=\"column\">\n\t\t\t<div class=\"elementor-widget-wrap elementor-element-populated\">\n\t\t\t\t\t\t<div class=\"elementor-element elementor-element-74614ae2 elementor-widget__width-initial elementor-widget elementor-widget-text-editor\" data-id=\"74614ae2\" data-element_type=\"widget\" data-widget_type=\"text-editor.default\">\n\t\t\t\t<div class=\"elementor-widget-container\">\n\t\t\t\t\t\t\t<h2><a title=\"Plastic surgery services\" href=\"https:\/\/christinaguenter.com\/en\/leistungen\/\" rel=\"\"><b>\u00dcbersicht der BehandlungsLEISTUNGEN \u00bb<\/b><\/a><\/h2><p>Here you will find an overview of my main areas of treatment\u2014from aesthetic surgery to gentle corrections. Each treatment is individual, personalized, and carried out with medical care.\u00a0<a title=\"\u00dcbersicht Behandlungsleistungen\" href=\"https:\/\/christinaguenter.com\/en\/leistungen\/\" rel=\"\"> <strong>To the service overview \u00bb<\/strong><\/a><\/p>\t\t\t\t\t\t<\/div>\n\t\t\t\t<\/div>\n\t\t\t\t\t<\/div>\n\t\t<\/div>\n\t\t\t\t<div class=\"elementor-column elementor-col-50 elementor-top-column elementor-element elementor-element-1a396f2\" data-id=\"1a396f2\" data-element_type=\"column\">\n\t\t\t<div class=\"elementor-widget-wrap elementor-element-populated\">\n\t\t\t\t\t\t<div class=\"elementor-element elementor-element-72c4f006 elementor-widget elementor-widget-image\" data-id=\"72c4f006\" data-element_type=\"widget\" data-widget_type=\"image.default\">\n\t\t\t\t<div class=\"elementor-widget-container\">\n\t\t\t\t\t\t\t\t\t\t\t\t\t\t<a href=\"https:\/\/christinaguenter.com\/en\/leistungen\/\">\n\t\t\t\t\t\t\t<img decoding=\"async\" width=\"460\" height=\"460\" src=\"https:\/\/christinaguenter.com\/wp-content\/uploads\/2025\/08\/op-dr-christina-guenter-plastische-chirurgin_04.jpg\" class=\"attachment-large size-large wp-image-3685\" alt=\"\" srcset=\"https:\/\/christinaguenter.com\/wp-content\/uploads\/2025\/08\/op-dr-christina-guenter-plastische-chirurgin_04.jpg 460w, https:\/\/christinaguenter.com\/wp-content\/uploads\/2025\/08\/op-dr-christina-guenter-plastische-chirurgin_04-300x300.jpg 300w, https:\/\/christinaguenter.com\/wp-content\/uploads\/2025\/08\/op-dr-christina-guenter-plastische-chirurgin_04-150x150.jpg 150w, https:\/\/christinaguenter.com\/wp-content\/uploads\/2025\/08\/op-dr-christina-guenter-plastische-chirurgin_04-12x12.jpg 12w\" sizes=\"(max-width: 460px) 100vw, 460px\" \/>\t\t\t\t\t\t\t\t<\/a>\n\t\t\t\t\t\t\t\t\t\t\t\t\t<\/div>\n\t\t\t\t<\/div>\n\t\t\t\t\t<\/div>\n\t\t<\/div>\n\t\t\t\t\t<\/div>\n\t\t<\/section>\n\t\t\t\t<\/div>","protected":false},"excerpt":{"rendered":"<p>Krampfadern entfernen M\u00fcnchen \/ Skelosierung Sklerosierung von Krampfadern Fast jeder w\u00fcnscht sie sich, glatte, straffe, durchtrainierte Beine ohne sichtbare blaue Adern. Nicht jedem ist dies verg\u00f6nnt. Im Verlauf ihres Lebens entwickeln fast 80% der Bev\u00f6lkerung mehr oder minder ausgepr\u00e4gte Krampfadern. W\u00e4hrend krampfaderartige Ver\u00e4nderungen der gro\u00dfen Stammvenen ein ernst zu nehmendes gesundheitliches Problem darstellen, sind die [&hellip;]<\/p>","protected":false},"author":4,"featured_media":149,"parent":0,"menu_order":0,"comment_status":"closed","ping_status":"closed","template":"","meta":{"footnotes":""},"_links":{"self":[{"href":"https:\/\/christinaguenter.com\/en\/wp-json\/wp\/v2\/pages\/293"}],"collection":[{"href":"https:\/\/christinaguenter.com\/en\/wp-json\/wp\/v2\/pages"}],"about":[{"href":"https:\/\/christinaguenter.com\/en\/wp-json\/wp\/v2\/types\/page"}],"author":[{"embeddable":true,"href":"https:\/\/christinaguenter.com\/en\/wp-json\/wp\/v2\/users\/4"}],"replies":[{"embeddable":true,"href":"https:\/\/christinaguenter.com\/en\/wp-json\/wp\/v2\/comments?post=293"}],"version-history":[{"count":26,"href":"https:\/\/christinaguenter.com\/en\/wp-json\/wp\/v2\/pages\/293\/revisions"}],"predecessor-version":[{"id":4000,"href":"https:\/\/christinaguenter.com\/en\/wp-json\/wp\/v2\/pages\/293\/revisions\/4000"}],"wp:featuredmedia":[{"embeddable":true,"href":"https:\/\/christinaguenter.com\/en\/wp-json\/wp\/v2\/media\/149"}],"wp:attachment":[{"href":"https:\/\/christinaguenter.com\/en\/wp-json\/wp\/v2\/media?parent=293"}],"curies":[{"name":"wp","href":"https:\/\/api.w.org\/{rel}","templated":true}]}}