{"id":300,"date":"2020-04-23T17:47:44","date_gmt":"2020-04-23T15:47:44","guid":{"rendered":"https:\/\/christinaguenter.com\/?page_id=300"},"modified":"2025-08-09T14:05:20","modified_gmt":"2025-08-09T12:05:20","slug":"hyperhidrose","status":"publish","type":"page","link":"https:\/\/christinaguenter.com\/en\/hyperhidrose","title":{"rendered":"Hyperhidrosis"},"content":{"rendered":"<div data-elementor-type=\"wp-page\" data-elementor-id=\"300\" class=\"elementor elementor-300\" data-elementor-post-type=\"page\">\n\t\t\t\t\t\t<section class=\"elementor-section elementor-top-section elementor-element elementor-element-af7b79f elementor-section-boxed elementor-section-height-default elementor-section-height-default\" data-id=\"af7b79f\" data-element_type=\"section\">\n\t\t\t\t\t\t<div class=\"elementor-container elementor-column-gap-default\">\n\t\t\t\t\t<div class=\"elementor-column elementor-col-100 elementor-top-column elementor-element elementor-element-b6f4d03\" data-id=\"b6f4d03\" data-element_type=\"column\">\n\t\t\t<div class=\"elementor-widget-wrap elementor-element-populated\">\n\t\t\t\t\t\t<div class=\"elementor-element elementor-element-06dde9c headline elementor-widget elementor-widget-text-editor\" data-id=\"06dde9c\" data-element_type=\"widget\" data-widget_type=\"text-editor.default\">\n\t\t\t\t<div class=\"elementor-widget-container\">\n\t\t\t\t\t\t\t<h1 style=\"font-size: 0.9em; font-weight: 300; color: #888888;\">Excessive Sweating \/ Hyperhidrosis  in munich <br><\/h1>\t\t\t\t\t\t<\/div>\n\t\t\t\t<\/div>\n\t\t\t\t\t<\/div>\n\t\t<\/div>\n\t\t\t\t\t<\/div>\n\t\t<\/section>\n\t\t\t\t<section class=\"elementor-section elementor-top-section elementor-element elementor-element-1de5cb9 elementor-section-boxed elementor-section-height-default elementor-section-height-default\" data-id=\"1de5cb9\" data-element_type=\"section\">\n\t\t\t\t\t\t<div class=\"elementor-container elementor-column-gap-default\">\n\t\t\t\t\t<div class=\"elementor-column elementor-col-100 elementor-top-column elementor-element elementor-element-7eaac10\" data-id=\"7eaac10\" data-element_type=\"column\">\n\t\t\t<div class=\"elementor-widget-wrap elementor-element-populated\">\n\t\t\t\t\t\t<div class=\"elementor-element elementor-element-8eb79b6 elementor-widget elementor-widget-text-editor\" data-id=\"8eb79b6\" data-element_type=\"widget\" data-widget_type=\"text-editor.default\">\n\t\t\t\t<div class=\"elementor-widget-container\">\n\t\t\t\t\t\t\t<h2>Excessive Sweating \/ Hyperhidrosis<\/h2><p><br \/><strong>\u201dDon\u2019t bathe, I\u2019m coming home\u201c<\/strong>\u2013 As legend has it, Napoleon Bonaparte, Emperor of France, wrote these lines to his beloved wife Josephine in anticipation of an amorous t\u00eate-\u00e0-t\u00eate. Whether this preference was specific to the emperor or corresponded to the general taste of the time should probably better remain unanswered.<\/p><p>Today, however, this preference will certainly not find a majority.<\/p><p>Noticeable body odor or even visible sweat stains are highly undesirable. The same applies to damp handshakes and the proverbial sweaty feet. Even though the causes are hormonal or neurological, and the affected persons follow a strict personal hygiene, these symptoms of hyperhidrosis often lead to their social withdrawal or exclusion.<\/p><p>Injection therapy with botulinum toxin, commonly called Botox\u00ae, is a very effective method, especially for severe axillary perspiration. Botulinum toxin has been used very successfully for decades in various fields of medicine (e.g., neurology, ophthalmology, and aesthetic medicine).<\/p><p>In hyperhidrosis therapy, Botox blocks the transmission of stimuli from the nerve fibers of the autonomous nervous system to the sweat glands\u2019 cells. Without the signal, the glands are not activated, preventing the undesired excessive sweating.\u00a0<\/p><p>The result of the therapy will last approx. 4 to 9 months, when it has to be repeated.<\/p><p>Sclerotherapy with aetoxysclerol is a possible alternative treatment. The injection of aetoxysclerol causes an inflammatory reaction in the sweat gland tissue, causing the excretory ducts to stick together. Although sweat is still produced, it cannot flow outwards, thus preventing excessive sweating.<\/p><p>The result of therapy with Aetoxysklerol will last approx. 12 to 24 months, when it has to be repeated.<\/p><p>In a personal consultation, Dr. med. Dr. med. Christina Irene G\u00fcnter will discuss sensitively and in detail which treatment or therapy is to be recommended in your individual case. Dr. med. Dr. med. Christina Irene G\u00fcnter will also explain the course of treatment as well as possible adverse side effects and risks.<\/p><p><br \/><img fetchpriority=\"high\" decoding=\"async\" class=\"alignnone wp-image-735\" src=\"https:\/\/christinaguenter.com\/wp-content\/uploads\/2020\/05\/iStock-881579072-300x200.jpg\" alt=\"\" width=\"372\" height=\"248\" srcset=\"https:\/\/christinaguenter.com\/wp-content\/uploads\/2020\/05\/iStock-881579072-300x200.jpg 300w, https:\/\/christinaguenter.com\/wp-content\/uploads\/2020\/05\/iStock-881579072-1024x683.jpg 1024w, https:\/\/christinaguenter.com\/wp-content\/uploads\/2020\/05\/iStock-881579072-768x513.jpg 768w, https:\/\/christinaguenter.com\/wp-content\/uploads\/2020\/05\/iStock-881579072-1536x1025.jpg 1536w, https:\/\/christinaguenter.com\/wp-content\/uploads\/2020\/05\/iStock-881579072-2048x1367.jpg 2048w\" sizes=\"(max-width: 372px) 100vw, 372px\" \/><\/p><h2>The most important facts on hyperhidrosis treatment<\/h2><ul><li><strong>DURATION OF SURGERY:<\/strong>from 30 minutes<\/li><li><strong>ANESTHESIA:<\/strong>: locally applied anesthetic cream<\/li><li><strong>TREATMENT:<\/strong>: out-patient<\/li><li><strong>COSTS:<\/strong>will be determined individually after the preliminary consultation, depending on the work involved<\/li><li><strong>CHECK-UP<\/strong>: after 2 weeks<\/li><li><strong>SOCIAL ACTIVITIES:<\/strong>: immediately<\/li><li><strong>PHYSICAL EXERCISE:<\/strong>: after 2 days<\/li><\/ul>\t\t\t\t\t\t<\/div>\n\t\t\t\t<\/div>\n\t\t\t\t\t<\/div>\n\t\t<\/div>\n\t\t\t\t\t<\/div>\n\t\t<\/section>\n\t\t\t\t<section class=\"elementor-section elementor-top-section elementor-element elementor-element-33ce9868 elementor-section-boxed elementor-section-height-default elementor-section-height-default\" data-id=\"33ce9868\" data-element_type=\"section\">\n\t\t\t\t\t\t\t<div class=\"elementor-background-overlay\"><\/div>\n\t\t\t\t\t\t\t<div class=\"elementor-container elementor-column-gap-default\">\n\t\t\t\t\t<div class=\"elementor-column elementor-col-50 elementor-top-column elementor-element elementor-element-4024207d\" data-id=\"4024207d\" data-element_type=\"column\">\n\t\t\t<div class=\"elementor-widget-wrap elementor-element-populated\">\n\t\t\t\t\t\t<div class=\"elementor-element elementor-element-3d31bf1e elementor-widget__width-initial elementor-widget elementor-widget-text-editor\" data-id=\"3d31bf1e\" data-element_type=\"widget\" data-widget_type=\"text-editor.default\">\n\t\t\t\t<div class=\"elementor-widget-container\">\n\t\t\t\t\t\t\t<h2><a title=\"Plastic surgery services\" href=\"https:\/\/christinaguenter.com\/en\/leistungen\/\" rel=\"\"><b>\u00dcbersicht der BehandlungsLEISTUNGEN \u00bb<\/b><\/a><\/h2><p>Here you will find an overview of my main areas of treatment\u2014from aesthetic surgery to gentle corrections. Each treatment is individual, personalized, and carried out with medical care.\u00a0<a title=\"\u00dcbersicht Behandlungsleistungen\" href=\"https:\/\/christinaguenter.com\/en\/leistungen\/\" rel=\"\"> <strong>To the service overview \u00bb<\/strong><\/a><\/p>\t\t\t\t\t\t<\/div>\n\t\t\t\t<\/div>\n\t\t\t\t\t<\/div>\n\t\t<\/div>\n\t\t\t\t<div class=\"elementor-column elementor-col-50 elementor-top-column elementor-element elementor-element-1dadaa5b\" data-id=\"1dadaa5b\" data-element_type=\"column\">\n\t\t\t<div class=\"elementor-widget-wrap elementor-element-populated\">\n\t\t\t\t\t\t<div class=\"elementor-element elementor-element-1626acc2 elementor-widget elementor-widget-image\" data-id=\"1626acc2\" data-element_type=\"widget\" data-widget_type=\"image.default\">\n\t\t\t\t<div class=\"elementor-widget-container\">\n\t\t\t\t\t\t\t\t\t\t\t\t\t\t<a href=\"https:\/\/christinaguenter.com\/en\/leistungen\/\">\n\t\t\t\t\t\t\t<img decoding=\"async\" width=\"460\" height=\"460\" src=\"https:\/\/christinaguenter.com\/wp-content\/uploads\/2025\/08\/op-dr-christina-guenter-plastische-chirurgin_04.jpg\" class=\"attachment-large size-large wp-image-3685\" alt=\"\" srcset=\"https:\/\/christinaguenter.com\/wp-content\/uploads\/2025\/08\/op-dr-christina-guenter-plastische-chirurgin_04.jpg 460w, https:\/\/christinaguenter.com\/wp-content\/uploads\/2025\/08\/op-dr-christina-guenter-plastische-chirurgin_04-300x300.jpg 300w, https:\/\/christinaguenter.com\/wp-content\/uploads\/2025\/08\/op-dr-christina-guenter-plastische-chirurgin_04-150x150.jpg 150w, https:\/\/christinaguenter.com\/wp-content\/uploads\/2025\/08\/op-dr-christina-guenter-plastische-chirurgin_04-12x12.jpg 12w\" sizes=\"(max-width: 460px) 100vw, 460px\" \/>\t\t\t\t\t\t\t\t<\/a>\n\t\t\t\t\t\t\t\t\t\t\t\t\t<\/div>\n\t\t\t\t<\/div>\n\t\t\t\t\t<\/div>\n\t\t<\/div>\n\t\t\t\t\t<\/div>\n\t\t<\/section>\n\t\t\t\t<\/div>","protected":false},"excerpt":{"rendered":"<p>Behandlung bei Hyperhidrose in m\u00fcnchen Hyperhidrose \/ Starkes Schwitzen \u201eWasch Dich nicht, ich komme!\u201c schrieb Kaiser Napoleon Bonaparte von Frankreich an seine geliebte Frau Josephine in Vorfreude auf erotische Zweisamkeit. Ob dies eine ausnehmend individuelle Vorliebe des Kaisers war oder ob es dem damaligen allgemeinen Zeitgeschmack entsprach, darf getrost unbeantwortet bleiben. Heutzutage jedoch ist diese [&hellip;]<\/p>","protected":false},"author":4,"featured_media":149,"parent":0,"menu_order":0,"comment_status":"closed","ping_status":"closed","template":"","meta":{"footnotes":""},"_links":{"self":[{"href":"https:\/\/christinaguenter.com\/en\/wp-json\/wp\/v2\/pages\/300"}],"collection":[{"href":"https:\/\/christinaguenter.com\/en\/wp-json\/wp\/v2\/pages"}],"about":[{"href":"https:\/\/christinaguenter.com\/en\/wp-json\/wp\/v2\/types\/page"}],"author":[{"embeddable":true,"href":"https:\/\/christinaguenter.com\/en\/wp-json\/wp\/v2\/users\/4"}],"replies":[{"embeddable":true,"href":"https:\/\/christinaguenter.com\/en\/wp-json\/wp\/v2\/comments?post=300"}],"version-history":[{"count":30,"href":"https:\/\/christinaguenter.com\/en\/wp-json\/wp\/v2\/pages\/300\/revisions"}],"predecessor-version":[{"id":4008,"href":"https:\/\/christinaguenter.com\/en\/wp-json\/wp\/v2\/pages\/300\/revisions\/4008"}],"wp:featuredmedia":[{"embeddable":true,"href":"https:\/\/christinaguenter.com\/en\/wp-json\/wp\/v2\/media\/149"}],"wp:attachment":[{"href":"https:\/\/christinaguenter.com\/en\/wp-json\/wp\/v2\/media?parent=300"}],"curies":[{"name":"wp","href":"https:\/\/api.w.org\/{rel}","templated":true}]}}