{"id":3024,"date":"2024-06-06T13:43:49","date_gmt":"2024-06-06T11:43:49","guid":{"rendered":"https:\/\/christinaguenter.com\/?page_id=3024"},"modified":"2025-08-09T14:14:59","modified_gmt":"2025-08-09T12:14:59","slug":"presse-beste-jahre-2024","status":"publish","type":"page","link":"https:\/\/christinaguenter.com\/en\/presse-beste-jahre-2024","title":{"rendered":"Presse: BESTE JAHRE 2024"},"content":{"rendered":"<div data-elementor-type=\"wp-page\" data-elementor-id=\"3024\" class=\"elementor elementor-3024\" data-elementor-post-type=\"page\">\n\t\t\t\t\t\t<section class=\"elementor-section elementor-top-section elementor-element elementor-element-6352b62 elementor-section-boxed elementor-section-height-default elementor-section-height-default\" data-id=\"6352b62\" data-element_type=\"section\">\n\t\t\t\t\t\t<div class=\"elementor-container elementor-column-gap-default\">\n\t\t\t\t\t<div class=\"elementor-column elementor-col-100 elementor-top-column elementor-element elementor-element-0e96f0b\" data-id=\"0e96f0b\" data-element_type=\"column\">\n\t\t\t<div class=\"elementor-widget-wrap elementor-element-populated\">\n\t\t\t\t\t\t<div class=\"elementor-element elementor-element-52012cd headline elementor-widget elementor-widget-text-editor\" data-id=\"52012cd\" data-element_type=\"widget\" data-widget_type=\"text-editor.default\">\n\t\t\t\t<div class=\"elementor-widget-container\">\n\t\t\t\t\t\t\t<h1 style=\"font-size: 0.9em; font-weight: 300; color: #888888;\">Plastic surgery ... Dr. Christina G\u00fcnter Munich Reviews<\/h1>\t\t\t\t\t\t<\/div>\n\t\t\t\t<\/div>\n\t\t\t\t\t<\/div>\n\t\t<\/div>\n\t\t\t\t\t<\/div>\n\t\t<\/section>\n\t\t\t\t<section class=\"elementor-section elementor-top-section elementor-element elementor-element-1de5cb9 elementor-section-boxed elementor-section-height-default elementor-section-height-default\" data-id=\"1de5cb9\" data-element_type=\"section\">\n\t\t\t\t\t\t<div class=\"elementor-container elementor-column-gap-default\">\n\t\t\t\t\t<div class=\"elementor-column elementor-col-100 elementor-top-column elementor-element elementor-element-7eaac10\" data-id=\"7eaac10\" data-element_type=\"column\">\n\t\t\t<div class=\"elementor-widget-wrap elementor-element-populated\">\n\t\t\t\t\t\t<div class=\"elementor-element elementor-element-8eb79b6 elementor-widget elementor-widget-text-editor\" data-id=\"8eb79b6\" data-element_type=\"widget\" data-widget_type=\"text-editor.default\">\n\t\t\t\t<div class=\"elementor-widget-container\">\n\t\t\t\t\t\t\t<h2>&#8222;BESTE JAHRE&#8220; 2024<br \/><span style=\"font-size: 16px; font-weight: 300;\">f\u00fcr die Region Regensburg &amp; Umland.<\/span><\/h2><p>\u00a0<\/p>\t\t\t\t\t\t<\/div>\n\t\t\t\t<\/div>\n\t\t\t\t\t<\/div>\n\t\t<\/div>\n\t\t\t\t\t<\/div>\n\t\t<\/section>\n\t\t\t\t<section class=\"elementor-section elementor-top-section elementor-element elementor-element-d3cd4b7 elementor-section-boxed elementor-section-height-default elementor-section-height-default\" data-id=\"d3cd4b7\" data-element_type=\"section\">\n\t\t\t\t\t\t<div class=\"elementor-container elementor-column-gap-default\">\n\t\t\t\t\t<div class=\"elementor-column elementor-col-100 elementor-top-column elementor-element elementor-element-222ced1\" data-id=\"222ced1\" data-element_type=\"column\">\n\t\t\t<div class=\"elementor-widget-wrap elementor-element-populated\">\n\t\t\t\t\t\t<div class=\"elementor-element elementor-element-b4add53 elementor-widget elementor-widget-image\" data-id=\"b4add53\" data-element_type=\"widget\" data-widget_type=\"image.default\">\n\t\t\t\t<div class=\"elementor-widget-container\">\n\t\t\t\t\t\t\t\t\t\t\t\t\t<img fetchpriority=\"high\" decoding=\"async\" width=\"800\" height=\"1016\" src=\"https:\/\/christinaguenter.com\/wp-content\/uploads\/2024\/06\/BesteJahre_2024_01-806x1024.jpg\" class=\"attachment-large size-large wp-image-3020\" alt=\"\" srcset=\"https:\/\/christinaguenter.com\/wp-content\/uploads\/2024\/06\/BesteJahre_2024_01-806x1024.jpg 806w, https:\/\/christinaguenter.com\/wp-content\/uploads\/2024\/06\/BesteJahre_2024_01-236x300.jpg 236w, https:\/\/christinaguenter.com\/wp-content\/uploads\/2024\/06\/BesteJahre_2024_01-768x975.jpg 768w, https:\/\/christinaguenter.com\/wp-content\/uploads\/2024\/06\/BesteJahre_2024_01-1209x1536.jpg 1209w, https:\/\/christinaguenter.com\/wp-content\/uploads\/2024\/06\/BesteJahre_2024_01-1613x2048.jpg 1613w, https:\/\/christinaguenter.com\/wp-content\/uploads\/2024\/06\/BesteJahre_2024_01-9x12.jpg 9w, https:\/\/christinaguenter.com\/wp-content\/uploads\/2024\/06\/BesteJahre_2024_01.jpg 1970w\" sizes=\"(max-width: 800px) 100vw, 800px\" \/>\t\t\t\t\t\t\t\t\t\t\t\t\t<\/div>\n\t\t\t\t<\/div>\n\t\t\t\t\t<\/div>\n\t\t<\/div>\n\t\t\t\t\t<\/div>\n\t\t<\/section>\n\t\t\t\t<section class=\"elementor-section elementor-top-section elementor-element elementor-element-18e7acb1 elementor-section-boxed elementor-section-height-default elementor-section-height-default\" data-id=\"18e7acb1\" data-element_type=\"section\">\n\t\t\t\t\t\t\t<div class=\"elementor-background-overlay\"><\/div>\n\t\t\t\t\t\t\t<div class=\"elementor-container elementor-column-gap-default\">\n\t\t\t\t\t<div class=\"elementor-column elementor-col-50 elementor-top-column elementor-element elementor-element-4f85a559\" data-id=\"4f85a559\" data-element_type=\"column\">\n\t\t\t<div class=\"elementor-widget-wrap elementor-element-populated\">\n\t\t\t\t\t\t<div class=\"elementor-element elementor-element-4f51da78 elementor-widget__width-initial elementor-widget elementor-widget-text-editor\" data-id=\"4f51da78\" data-element_type=\"widget\" data-widget_type=\"text-editor.default\">\n\t\t\t\t<div class=\"elementor-widget-container\">\n\t\t\t\t\t\t\t<h2><a title=\"Plastic surgery services\" href=\"https:\/\/christinaguenter.com\/en\/leistungen\/\" rel=\"\"><b>\u00dcbersicht der BehandlungsLEISTUNGEN \u00bb<\/b><\/a><\/h2><p>Here you will find an overview of my main areas of treatment\u2014from aesthetic surgery to gentle corrections. Each treatment is individual, personalized, and carried out with medical care.\u00a0<a title=\"\u00dcbersicht Behandlungsleistungen\" href=\"https:\/\/christinaguenter.com\/en\/leistungen\/\" rel=\"\"> <strong>To the service overview \u00bb<\/strong><\/a><\/p>\t\t\t\t\t\t<\/div>\n\t\t\t\t<\/div>\n\t\t\t\t\t<\/div>\n\t\t<\/div>\n\t\t\t\t<div class=\"elementor-column elementor-col-50 elementor-top-column elementor-element elementor-element-20e790a4\" data-id=\"20e790a4\" data-element_type=\"column\">\n\t\t\t<div class=\"elementor-widget-wrap elementor-element-populated\">\n\t\t\t\t\t\t<div class=\"elementor-element elementor-element-aaf5730 elementor-widget elementor-widget-image\" data-id=\"aaf5730\" data-element_type=\"widget\" data-widget_type=\"image.default\">\n\t\t\t\t<div class=\"elementor-widget-container\">\n\t\t\t\t\t\t\t\t\t\t\t\t\t\t<a href=\"https:\/\/christinaguenter.com\/en\/leistungen\/\">\n\t\t\t\t\t\t\t<img decoding=\"async\" width=\"460\" height=\"460\" src=\"https:\/\/christinaguenter.com\/wp-content\/uploads\/2025\/08\/op-dr-christina-guenter-plastische-chirurgin_04.jpg\" class=\"attachment-large size-large wp-image-3685\" alt=\"\" srcset=\"https:\/\/christinaguenter.com\/wp-content\/uploads\/2025\/08\/op-dr-christina-guenter-plastische-chirurgin_04.jpg 460w, https:\/\/christinaguenter.com\/wp-content\/uploads\/2025\/08\/op-dr-christina-guenter-plastische-chirurgin_04-300x300.jpg 300w, https:\/\/christinaguenter.com\/wp-content\/uploads\/2025\/08\/op-dr-christina-guenter-plastische-chirurgin_04-150x150.jpg 150w, https:\/\/christinaguenter.com\/wp-content\/uploads\/2025\/08\/op-dr-christina-guenter-plastische-chirurgin_04-12x12.jpg 12w\" sizes=\"(max-width: 460px) 100vw, 460px\" \/>\t\t\t\t\t\t\t\t<\/a>\n\t\t\t\t\t\t\t\t\t\t\t\t\t<\/div>\n\t\t\t\t<\/div>\n\t\t\t\t\t<\/div>\n\t\t<\/div>\n\t\t\t\t\t<\/div>\n\t\t<\/section>\n\t\t\t\t<\/div>","protected":false},"excerpt":{"rendered":"<p>Plastische chirurgie &#8230; Dr. christina g\u00fcnter M\u00fcnchen in der Presse &#8222;BESTE JAHRE&#8220; 2024f\u00fcr die Region Regensburg &amp; Umland. \u00a0 \u00dcbersicht der BehandlungsLEISTUNGEN \u00bb Hier finden Sie einen \u00dcberblick \u00fcber meine Behandlungs\u00adschwerpunkte \u2013 von \u00e4sthetischer Chirurgie bis hin zu schonenden Korrekturen. Jede Behandlung erfolgt individuell, pers\u00f6nlich und mit medizinischer Sorgfalt.\u00a0 Zur Leistungs\u00fcbersicht \u00bb<\/p>","protected":false},"author":4,"featured_media":3029,"parent":0,"menu_order":0,"comment_status":"closed","ping_status":"closed","template":"","meta":{"footnotes":""},"_links":{"self":[{"href":"https:\/\/christinaguenter.com\/en\/wp-json\/wp\/v2\/pages\/3024"}],"collection":[{"href":"https:\/\/christinaguenter.com\/en\/wp-json\/wp\/v2\/pages"}],"about":[{"href":"https:\/\/christinaguenter.com\/en\/wp-json\/wp\/v2\/types\/page"}],"author":[{"embeddable":true,"href":"https:\/\/christinaguenter.com\/en\/wp-json\/wp\/v2\/users\/4"}],"replies":[{"embeddable":true,"href":"https:\/\/christinaguenter.com\/en\/wp-json\/wp\/v2\/comments?post=3024"}],"version-history":[{"count":13,"href":"https:\/\/christinaguenter.com\/en\/wp-json\/wp\/v2\/pages\/3024\/revisions"}],"predecessor-version":[{"id":4100,"href":"https:\/\/christinaguenter.com\/en\/wp-json\/wp\/v2\/pages\/3024\/revisions\/4100"}],"wp:featuredmedia":[{"embeddable":true,"href":"https:\/\/christinaguenter.com\/en\/wp-json\/wp\/v2\/media\/3029"}],"wp:attachment":[{"href":"https:\/\/christinaguenter.com\/en\/wp-json\/wp\/v2\/media?parent=3024"}],"curies":[{"name":"wp","href":"https:\/\/api.w.org\/{rel}","templated":true}]}}