{"id":3119,"date":"2024-09-05T23:28:42","date_gmt":"2024-09-05T21:28:42","guid":{"rendered":"https:\/\/christinaguenter.com\/?page_id=3119"},"modified":"2025-08-17T13:42:29","modified_gmt":"2025-08-17T11:42:29","slug":"aktuelles-rezensionen","status":"publish","type":"page","link":"https:\/\/christinaguenter.com\/en\/aktuelles-rezensionen","title":{"rendered":"Aktuelles: Rezensionen"},"content":{"rendered":"<div data-elementor-type=\"wp-page\" data-elementor-id=\"3119\" class=\"elementor elementor-3119\" data-elementor-post-type=\"page\">\n\t\t\t\t\t\t<section class=\"elementor-section elementor-top-section elementor-element elementor-element-6352b62 elementor-section-boxed elementor-section-height-default elementor-section-height-default\" data-id=\"6352b62\" data-element_type=\"section\">\n\t\t\t\t\t\t<div class=\"elementor-container elementor-column-gap-default\">\n\t\t\t\t\t<div class=\"elementor-column elementor-col-100 elementor-top-column elementor-element elementor-element-0e96f0b\" data-id=\"0e96f0b\" data-element_type=\"column\">\n\t\t\t<div class=\"elementor-widget-wrap elementor-element-populated\">\n\t\t\t\t\t\t<div class=\"elementor-element elementor-element-52012cd headline elementor-widget elementor-widget-text-editor\" data-id=\"52012cd\" data-element_type=\"widget\" data-widget_type=\"text-editor.default\">\n\t\t\t\t<div class=\"elementor-widget-container\">\n\t\t\t\t\t\t\t<h1 style=\"font-size: 0.9em; font-weight: 300; color: #888888;\">Plastic surgery ... Dr. Christina G\u00fcnter Munich Reviews<\/h1>\t\t\t\t\t\t<\/div>\n\t\t\t\t<\/div>\n\t\t\t\t\t<\/div>\n\t\t<\/div>\n\t\t\t\t\t<\/div>\n\t\t<\/section>\n\t\t\t\t<section class=\"elementor-section elementor-top-section elementor-element elementor-element-1de5cb9 elementor-section-boxed elementor-section-height-default elementor-section-height-default\" data-id=\"1de5cb9\" data-element_type=\"section\">\n\t\t\t\t\t\t<div class=\"elementor-container elementor-column-gap-default\">\n\t\t\t\t\t<div class=\"elementor-column elementor-col-100 elementor-top-column elementor-element elementor-element-7eaac10\" data-id=\"7eaac10\" data-element_type=\"column\">\n\t\t\t<div class=\"elementor-widget-wrap elementor-element-populated\">\n\t\t\t\t\t\t<div class=\"elementor-element elementor-element-8eb79b6 elementor-widget elementor-widget-text-editor\" data-id=\"8eb79b6\" data-element_type=\"widget\" data-widget_type=\"text-editor.default\">\n\t\t\t\t<div class=\"elementor-widget-container\">\n\t\t\t\t\t\t\t<h2>REVIEWS<br \/><span style=\"font-size: 16px; font-weight: 300;\">We are very pleased that our patients are so satisfied.<\/span><\/h2>\t\t\t\t\t\t<\/div>\n\t\t\t\t<\/div>\n\t\t\t\t\t<\/div>\n\t\t<\/div>\n\t\t\t\t\t<\/div>\n\t\t<\/section>\n\t\t\t\t<section class=\"elementor-section elementor-top-section elementor-element elementor-element-d3cd4b7 elementor-section-boxed elementor-section-height-default elementor-section-height-default\" data-id=\"d3cd4b7\" data-element_type=\"section\">\n\t\t\t\t\t\t<div class=\"elementor-container elementor-column-gap-default\">\n\t\t\t\t\t<div class=\"elementor-column elementor-col-100 elementor-top-column elementor-element elementor-element-222ced1\" data-id=\"222ced1\" data-element_type=\"column\">\n\t\t\t<div class=\"elementor-widget-wrap elementor-element-populated\">\n\t\t\t\t\t\t<div class=\"elementor-element elementor-element-6e30c3f elementor-widget elementor-widget-text-editor\" data-id=\"6e30c3f\" data-element_type=\"widget\" data-widget_type=\"text-editor.default\">\n\t\t\t\t<div class=\"elementor-widget-container\">\n\t\t\t\t\t\t\t<p>These reviews were sent to us by e-mail by our patients and we show them here unedited.<\/p>\t\t\t\t\t\t<\/div>\n\t\t\t\t<\/div>\n\t\t\t\t<div class=\"elementor-element elementor-element-dcaefc7 elementor-widget elementor-widget-heading\" data-id=\"dcaefc7\" data-element_type=\"widget\" data-widget_type=\"heading.default\">\n\t\t\t\t<div class=\"elementor-widget-container\">\n\t\t\t<h2 class=\"elementor-heading-title elementor-size-default\">Review for Dr. Dr. G\u00fcnter<\/h2>\t\t<\/div>\n\t\t\t\t<\/div>\n\t\t\t\t<div class=\"elementor-element elementor-element-37c8aec elementor-widget elementor-widget-text-editor\" data-id=\"37c8aec\" data-element_type=\"widget\" data-widget_type=\"text-editor.default\">\n\t\t\t\t<div class=\"elementor-widget-container\">\n\t\t\t\t\t\t\t<p>(anonymized)<\/p>\t\t\t\t\t\t<\/div>\n\t\t\t\t<\/div>\n\t\t\t\t<div class=\"elementor-element elementor-element-31e3d76 elementor-widget elementor-widget-text-editor\" data-id=\"31e3d76\" data-element_type=\"widget\" data-widget_type=\"text-editor.default\">\n\t\t\t\t<div class=\"elementor-widget-container\">\n\t\t\t\t\t\t\t<p>After I was diagnosed with capsular fibrosis, I decided to have breast implants again in 2018. This was also due to the statement from several doctors that a beautiful result could no longer be achieved with an explantation.<\/p>\t\t\t\t\t\t<\/div>\n\t\t\t\t<\/div>\n\t\t\t\t<div class=\"elementor-element elementor-element-e8172e3 elementor-widget elementor-widget-text-editor\" data-id=\"e8172e3\" data-element_type=\"widget\" data-widget_type=\"text-editor.default\">\n\t\t\t\t<div class=\"elementor-widget-container\">\n\t\t\t\t\t\t\t<p>After years of suffering and unsuccessful consultations with various doctors with the diagnosis of renewed capsular fibrosis, I finally discovered that I had BII myself via the Internet. By chance, I came across Dr. Dr. G\u00fcnter.<\/p><p>After a detailed consultation, I opted for an \u201cen bloc\u201d explantation, which proved to be difficult, as the first ruptured residual capsules also had to be removed.\u00a0<\/p>\t\t\t\t\t\t<\/div>\n\t\t\t\t<\/div>\n\t\t\t\t<div class=\"elementor-element elementor-element-2fe7eb0 elementor-widget elementor-widget-text-editor\" data-id=\"2fe7eb0\" data-element_type=\"widget\" data-widget_type=\"text-editor.default\">\n\t\t\t\t<div class=\"elementor-widget-container\">\n\t\t\t\t\t\t\t<p>Dr. Dr. G\u00fcnter did an excellent job! She gave me a beautiful breast (without a T-cut) and the result gave me a completely new attitude to life. The result exceeded all my expectations! Dr. Dr. G\u00fcnter is an extremely competent, precise and empathetic master of her trade. I have never experienced such a high level of professional competence as with her. From the very beginning I felt that she was aware of me and gave me very good advice.\u00a0<\/p><p>I felt much better immediately after the operation. My brain fog and many other symptoms improved significantly or disappeared after a very short time. Dr. Dr. G\u00fcnter has given me a new, healthier life.<\/p>\t\t\t\t\t\t<\/div>\n\t\t\t\t<\/div>\n\t\t\t\t<div class=\"elementor-element elementor-element-dcceeb1 elementor-widget elementor-widget-text-editor\" data-id=\"dcceeb1\" data-element_type=\"widget\" data-widget_type=\"text-editor.default\">\n\t\t\t\t<div class=\"elementor-widget-container\">\n\t\t\t\t\t\t\t<p>I would like to thank Dr. Dr. G\u00fcnter and her great team from the bottom of my heart for their excellent work - there is no better plastic surgeon.<\/p><p>She is also available to answer questions at any time after the operation.\u00a0<\/p><p>5 stars are not enough!\u00a0<\/p>\t\t\t\t\t\t<\/div>\n\t\t\t\t<\/div>\n\t\t\t\t\t<\/div>\n\t\t<\/div>\n\t\t\t\t\t<\/div>\n\t\t<\/section>\n\t\t\t\t<section class=\"elementor-section elementor-top-section elementor-element elementor-element-156ec93 elementor-section-boxed elementor-section-height-default elementor-section-height-default\" data-id=\"156ec93\" data-element_type=\"section\">\n\t\t\t\t\t\t<div class=\"elementor-container elementor-column-gap-default\">\n\t\t\t\t\t<div class=\"elementor-column elementor-col-100 elementor-top-column elementor-element elementor-element-a1e47c7\" data-id=\"a1e47c7\" data-element_type=\"column\">\n\t\t\t<div class=\"elementor-widget-wrap elementor-element-populated\">\n\t\t\t\t\t\t<div class=\"elementor-element elementor-element-2796118 elementor-widget elementor-widget-heading\" data-id=\"2796118\" data-element_type=\"widget\" data-widget_type=\"heading.default\">\n\t\t\t\t<div class=\"elementor-widget-container\">\n\t\t\t<h2 class=\"elementor-heading-title elementor-size-default\">Review<\/h2>\t\t<\/div>\n\t\t\t\t<\/div>\n\t\t\t\t<div class=\"elementor-element elementor-element-191deaf elementor-widget elementor-widget-text-editor\" data-id=\"191deaf\" data-element_type=\"widget\" data-widget_type=\"text-editor.default\">\n\t\t\t\t<div class=\"elementor-widget-container\">\n\t\t\t\t\t\t\t<p>(anonymized)<\/p>\t\t\t\t\t\t<\/div>\n\t\t\t\t<\/div>\n\t\t\t\t<div class=\"elementor-element elementor-element-ae48978 elementor-widget elementor-widget-text-editor\" data-id=\"ae48978\" data-element_type=\"widget\" data-widget_type=\"text-editor.default\">\n\t\t\t\t<div class=\"elementor-widget-container\">\n\t\t\t\t\t\t\t<p>I fell insanely ill with BII\/ASIA syndrome in 2022. Unfortunately, I had not informed myself well at the time. So I booked a supposed \u201cEnbloc\u201d removal of my implants, which I had only been wearing for 2 years, for a low price with my implanting surgeon. However, my symptoms never completely subsided. At my first appointment, Dr. Dr. G\u00fcnter discovered by ultrasound that the capsules were still almost completely intact.<\/p><p>These were then removed in a 6-hour second operation. Silicones were detected in the right capsule.<\/p>\t\t\t\t\t\t<\/div>\n\t\t\t\t<\/div>\n\t\t\t\t<div class=\"elementor-element elementor-element-14bd805 elementor-widget elementor-widget-text-editor\" data-id=\"14bd805\" data-element_type=\"widget\" data-widget_type=\"text-editor.default\">\n\t\t\t\t<div class=\"elementor-widget-container\">\n\t\t\t\t\t\t\t<p>I am very grateful to Dr. Dr. G\u00fcnter. She is a coriph\u00e9e in the field of BII and I wish I had done less damage to my body and had gone to her the first time. I can only advise every woman who remains symptomatic after a year, who had a favorable and short-lived extraction, to have herself examined by Dr. Dr. G\u00fcnter.<\/p><div>\u00a0<\/div>\t\t\t\t\t\t<\/div>\n\t\t\t\t<\/div>\n\t\t\t\t<div class=\"elementor-element elementor-element-248b905 elementor-widget elementor-widget-text-editor\" data-id=\"248b905\" data-element_type=\"widget\" data-widget_type=\"text-editor.default\">\n\t\t\t\t<div class=\"elementor-widget-container\">\n\t\t\t\t\t\t\t<p>Girls, you only have this one life and it should be beautiful - invest in your health and go to her - one of the only ones in Germany who is well versed in this field.<\/p>\t\t\t\t\t\t<\/div>\n\t\t\t\t<\/div>\n\t\t\t\t\t<\/div>\n\t\t<\/div>\n\t\t\t\t\t<\/div>\n\t\t<\/section>\n\t\t\t\t<section class=\"elementor-section elementor-top-section elementor-element elementor-element-1ae4231 elementor-section-boxed elementor-section-height-default elementor-section-height-default\" data-id=\"1ae4231\" data-element_type=\"section\">\n\t\t\t\t\t\t<div class=\"elementor-container elementor-column-gap-default\">\n\t\t\t\t\t<div class=\"elementor-column elementor-col-100 elementor-top-column elementor-element elementor-element-7cd48cd\" data-id=\"7cd48cd\" data-element_type=\"column\">\n\t\t\t<div class=\"elementor-widget-wrap elementor-element-populated\">\n\t\t\t\t\t\t<div class=\"elementor-element elementor-element-6842141 elementor-widget elementor-widget-heading\" data-id=\"6842141\" data-element_type=\"widget\" data-widget_type=\"heading.default\">\n\t\t\t\t<div class=\"elementor-widget-container\">\n\t\t\t<h2 class=\"elementor-heading-title elementor-size-default\">Review by Janine Merbold<\/h2>\t\t<\/div>\n\t\t\t\t<\/div>\n\t\t\t\t<div class=\"elementor-element elementor-element-a0cba76 elementor-widget elementor-widget-text-editor\" data-id=\"a0cba76\" data-element_type=\"widget\" data-widget_type=\"text-editor.default\">\n\t\t\t\t<div class=\"elementor-widget-container\">\n\t\t\t\t\t\t\t<p><strong>A life without pain and restrictions - a dream has come true for me!<\/strong><\/p>\t\t\t\t\t\t<\/div>\n\t\t\t\t<\/div>\n\t\t\t\t<div class=\"elementor-element elementor-element-b13398f elementor-widget elementor-widget-text-editor\" data-id=\"b13398f\" data-element_type=\"widget\" data-widget_type=\"text-editor.default\">\n\t\t\t\t<div class=\"elementor-widget-container\">\n\t\t\t\t\t\t\t<p>Here is my little story:<\/p><p>I am 52 years old and have been explanted for 1 year.<br \/>How did this come about?<\/p><p>In 2005 I opted for silicone implants from Allergan up to approx. 300 ml.<br \/>3 years later I suffered from capsular fibrosis, which I pushed out until 2016. <br \/>Then I got an implant change to Polytech.<\/p><p>I did not have a lift and was given larger implants of approx. 450 ml. The doctor's report stated that the existing implants were removed with a capsule. The operation lasted 1.5 hours.<\/p>\t\t\t\t\t\t<\/div>\n\t\t\t\t<\/div>\n\t\t\t\t<div class=\"elementor-element elementor-element-42bbeca elementor-widget elementor-widget-text-editor\" data-id=\"42bbeca\" data-element_type=\"widget\" data-widget_type=\"text-editor.default\">\n\t\t\t\t<div class=\"elementor-widget-container\">\n\t\t\t\t\t\t\t<p>Apart from the fact that this size was no longer - MY size - the first complaints began to appear in 2018. <br \/>I always had very severe shoulder and muscle pain and blamed it on sore muscles and sport. I gave up sport and then blamed it on my physically hard work.<br \/>Dec. 2019 then came the diagnosis - muscular rheumatism - in connection with the menopause. Immunosuppressants, cortisone and oestrogel were now the order of the day.<\/p>\t\t\t\t\t\t<\/div>\n\t\t\t\t<\/div>\n\t\t\t\t<div class=\"elementor-element elementor-element-9832821 elementor-widget elementor-widget-text-editor\" data-id=\"9832821\" data-element_type=\"widget\" data-widget_type=\"text-editor.default\">\n\t\t\t\t<div class=\"elementor-widget-container\">\n\t\t\t\t\t\t\t<p>When I moved house, I made a new friend who told me she had had her implants removed and she gave me lots of reading material. Less than a week passed and I decided to have my breast implants removed. <br \/>I came across various doctors who operate En Bloc via social media and decided on Dr. Dr. G\u00fcnter from Munich.<br \/>In the meantime, my pain had become unbearable and I could no longer manage without medication. Tramal, Tillidin, ibuprofen and finally morphine were on my schedule.\u00a0<\/p>\t\t\t\t\t\t<\/div>\n\t\t\t\t<\/div>\n\t\t\t\t<div class=\"elementor-element elementor-element-18c9278 elementor-widget elementor-widget-text-editor\" data-id=\"18c9278\" data-element_type=\"widget\" data-widget_type=\"text-editor.default\">\n\t\t\t\t<div class=\"elementor-widget-container\">\n\t\t\t\t\t\t\t<p><b>Work was no longer possible!<\/b><br \/>I got an appointment promptly and Dr. Dr. G\u00fcnter took a lot of time to listen to my story. <br \/>I felt immediately understood and thanks to her detailed explanations, a second appointment was not necessary for me. <br \/>She didn't say that everything would get better, but she gave me hope that things could change for the better.<br \/>6 weeks later I was on the operating table: Dr. removed the En Bloc implants and 4 capsules (the old ones that were actually removed) in 4.5 hours.<\/p>\t\t\t\t\t\t<\/div>\n\t\t\t\t<\/div>\n\t\t\t\t<div class=\"elementor-element elementor-element-501afaa elementor-widget elementor-widget-text-editor\" data-id=\"501afaa\" data-element_type=\"widget\" data-widget_type=\"text-editor.default\">\n\t\t\t\t<div class=\"elementor-widget-container\">\n\t\t\t\t\t\t\t<p>Thanks to a special surgical technique, only the scar around the nipple is minimally visible and a small breast reconstruction could be achieved with this technique, which saved me a lift.<br \/>I have been to check-ups very regularly and am delighted with the really nice result.<br \/>I am even happier that I have never taken another tablet! <br \/>My pain got worse shortly after the operation, but I gave my body time to recover and lo and behold the operation was almost 1 year ago and I have nothing more!<br \/>A life without pain and restrictions - a dream has come true for me!<br \/>I still go to Dr. Dr. G\u00fcnter regularly with a smile and am grateful every day that I found her.<\/p>\t\t\t\t\t\t<\/div>\n\t\t\t\t<\/div>\n\t\t\t\t\t<\/div>\n\t\t<\/div>\n\t\t\t\t\t<\/div>\n\t\t<\/section>\n\t\t\t\t<\/div>","protected":false},"excerpt":{"rendered":"<p>Plastische chirurgie &#8230; Dr. christina g\u00fcnter M\u00fcnchen in der Presse REZENSIONEN Wir freuen uns sehr, dass unsere Patientinnen so zufrieden sind. Diese Rezensionen wurde uns per Mail von unseren Patientinnen \u00fcbermittelt und wir zeigen diese hier unredigiert. Rezension f\u00fcr Frau Dr. Dr. G\u00fcnter (anonymisiert) Nachdem bei mir eine Kapselfibrose festgestellt wurde, habe ich mich 2018 [&hellip;]<\/p>","protected":false},"author":4,"featured_media":0,"parent":0,"menu_order":0,"comment_status":"closed","ping_status":"closed","template":"","meta":{"footnotes":""},"_links":{"self":[{"href":"https:\/\/christinaguenter.com\/en\/wp-json\/wp\/v2\/pages\/3119"}],"collection":[{"href":"https:\/\/christinaguenter.com\/en\/wp-json\/wp\/v2\/pages"}],"about":[{"href":"https:\/\/christinaguenter.com\/en\/wp-json\/wp\/v2\/types\/page"}],"author":[{"embeddable":true,"href":"https:\/\/christinaguenter.com\/en\/wp-json\/wp\/v2\/users\/4"}],"replies":[{"embeddable":true,"href":"https:\/\/christinaguenter.com\/en\/wp-json\/wp\/v2\/comments?post=3119"}],"version-history":[{"count":23,"href":"https:\/\/christinaguenter.com\/en\/wp-json\/wp\/v2\/pages\/3119\/revisions"}],"predecessor-version":[{"id":3142,"href":"https:\/\/christinaguenter.com\/en\/wp-json\/wp\/v2\/pages\/3119\/revisions\/3142"}],"wp:attachment":[{"href":"https:\/\/christinaguenter.com\/en\/wp-json\/wp\/v2\/media?parent=3119"}],"curies":[{"name":"wp","href":"https:\/\/api.w.org\/{rel}","templated":true}]}}