{"id":324,"date":"2020-04-23T18:33:24","date_gmt":"2020-04-23T16:33:24","guid":{"rendered":"https:\/\/christinaguenter.com\/?page_id=324"},"modified":"2025-08-17T14:59:34","modified_gmt":"2025-08-17T12:59:34","slug":"brustreduktion-in-muenchen","status":"publish","type":"page","link":"https:\/\/christinaguenter.com\/en\/brustreduktion-in-muenchen","title":{"rendered":"Breast Reduction \/ Reduction Mammaplasty"},"content":{"rendered":"<div data-elementor-type=\"wp-page\" data-elementor-id=\"324\" class=\"elementor elementor-324\" data-elementor-post-type=\"page\">\n\t\t\t\t\t\t<section class=\"elementor-section elementor-top-section elementor-element elementor-element-7733759 elementor-section-boxed elementor-section-height-default elementor-section-height-default\" data-id=\"7733759\" data-element_type=\"section\">\n\t\t\t\t\t\t<div class=\"elementor-container elementor-column-gap-default\">\n\t\t\t\t\t<div class=\"elementor-column elementor-col-100 elementor-top-column elementor-element elementor-element-994e830\" data-id=\"994e830\" data-element_type=\"column\">\n\t\t\t<div class=\"elementor-widget-wrap elementor-element-populated\">\n\t\t\t\t\t\t<div class=\"elementor-element elementor-element-e6a517c headline elementor-widget elementor-widget-text-editor\" data-id=\"e6a517c\" data-element_type=\"widget\" data-widget_type=\"text-editor.default\">\n\t\t\t\t<div class=\"elementor-widget-container\">\n\t\t\t\t\t\t\t<h1 style=\"font-size: 0.9em; font-weight: 300; color: #888888;\">Breast Reduction Munich \/ Reduction Mammaplasty<\/h1>\t\t\t\t\t\t<\/div>\n\t\t\t\t<\/div>\n\t\t\t\t\t<\/div>\n\t\t<\/div>\n\t\t\t\t\t<\/div>\n\t\t<\/section>\n\t\t\t\t<section class=\"elementor-section elementor-top-section elementor-element elementor-element-1de5cb9 elementor-section-boxed elementor-section-height-default elementor-section-height-default\" data-id=\"1de5cb9\" data-element_type=\"section\">\n\t\t\t\t\t\t<div class=\"elementor-container elementor-column-gap-default\">\n\t\t\t\t\t<div class=\"elementor-column elementor-col-100 elementor-top-column elementor-element elementor-element-7eaac10\" data-id=\"7eaac10\" data-element_type=\"column\">\n\t\t\t<div class=\"elementor-widget-wrap elementor-element-populated\">\n\t\t\t\t\t\t<div class=\"elementor-element elementor-element-8eb79b6 elementor-widget elementor-widget-text-editor\" data-id=\"8eb79b6\" data-element_type=\"widget\" data-widget_type=\"text-editor.default\">\n\t\t\t\t<div class=\"elementor-widget-container\">\n\t\t\t\t\t\t\t<h2>Breast Reduction \/ Reduction Mammaplasty<\/h2><p>Large breasts (macromastia or gigantomastia) are not solely an aesthetic problem. They are heavy, and their weight lies above and in front of the body\u2019s center of gravity. Sooner or later, many women develop specific complaints that may become pathological. Back- and shoulder pains may seem harmless, but they often lead to permanent postural defects, excessive wear and tear on the spine, and even herniated discs. Add to that the psychological distress associated with large breasts, especially in young girls. These issues may persist for a lifetime, negatively impacting their social and sexual relationships, and may even trigger depression. Quite often, large breasts cause severe discomfort during physical activities. Consequently, the affected girls and women avoid such exercise, which, in turn, promotes obesity.\u00a0<\/p><p>A breast reduction, therefore, is not merely a cosmetic procedure; it also brings functional relief and emotional well-being to the affected women.<\/p><p>Before such a surgical procedure, detailed consultations are imperative. It is essential to talk about the motivation for this kind of surgery, to discuss whether the desired result can be achieved, and to speak about possible limitations. Other important topics are alternative treatments, as well as potential adverse side effects and possible risks.\u00a0<\/p><p>Depending on the shape of the breasts and the desired result, there are several incision options which will form different scars. Almost all incisions, however, have one aspect in common: The required cut around the areola and the vertical incision down to the fold below the breast. It is this vertical scar that causes concern for many women, but it usually heals quickly and inconspicuously. After a few months, it will be hardly visible. Breast reduction surgery clearly demonstrates that the wound healing and regeneration process takes several weeks, maybe even months. Immediately after surgery, the breasts do not yet look like they will after the regeneration period when they will have gained their new shape. As is true for any surgery, the breast area\u2019s sensitivity may be impaired in the first months after the procedure. These issues will be discussed sensitively and in detail, in a personal consultation with Dr. Dr. Christina G\u00fcnter. She will also explain the course of treatment as well as possible adverse side effects and risks. You will, of course, also have the opportunity to resolve any open questions.<\/p><h2>Risks<\/h2><p>As with any surgical procedure, breast reduction surgery may lead to bruising (hematoma), secondary bleeding, swelling, wound healing disorders, infections, and wound dehiscence. Temporary numbness of the treated area may also occur. It is only natural to feel some tension in your breasts after breast reduction surgery that may last for several weeks.<\/p><p>If you decide on a breast reduction, it is essential that you are cared for professionally and personally during the entire process.\u00a0<\/p><p>I attach great importance to perceiving, advising, and treating you as an individual, with all your personality\u2019s facets. My many years of experience, expertise, empathy, and communication are central pillars of my therapeutic success. Intensive and personal post-treatment care is as much a focus of my work as the preparation and the treatment itself. After all, a perfect result can only be achieved by working together as a team.\u00a0<\/p><p>It goes without saying that your health is always given priority. Surgery that negatively affects your health or physical integrity is not recommended and should not be performed in the first place.<\/p><p><img fetchpriority=\"high\" decoding=\"async\" class=\"wp-image-733 aligncenter\" src=\"https:\/\/christinaguenter.com\/wp-content\/uploads\/2020\/05\/iStock-496032473-209x300.jpg\" alt=\"\" width=\"313\" height=\"450\" srcset=\"https:\/\/christinaguenter.com\/wp-content\/uploads\/2020\/05\/iStock-496032473-209x300.jpg 209w, https:\/\/christinaguenter.com\/wp-content\/uploads\/2020\/05\/iStock-496032473-714x1024.jpg 714w, https:\/\/christinaguenter.com\/wp-content\/uploads\/2020\/05\/iStock-496032473-768x1101.jpg 768w, https:\/\/christinaguenter.com\/wp-content\/uploads\/2020\/05\/iStock-496032473-1071x1536.jpg 1071w, https:\/\/christinaguenter.com\/wp-content\/uploads\/2020\/05\/iStock-496032473-1429x2048.jpg 1429w, https:\/\/christinaguenter.com\/wp-content\/uploads\/2020\/05\/iStock-496032473-scaled.jpg 1786w\" sizes=\"(max-width: 313px) 100vw, 313px\" \/><\/p><h2>Your advantages<\/h2><ul><li>Relief for body and mind<\/li><li>Concealed incisions wherever possible, and low scar technique<\/li><li>At least two extensive consultations before to surgery<\/li><li>Intensive follow-up treatment\u00a0<\/li><li>Qualified contact person pre- and post-treatment<\/li><li>Experience with and focus on breast surgery<\/li><li>Honest cost transparency<\/li><li>Comprehensively qualified instructor and trainer for plastic and aesthetic surgeons<\/li><li>International activity<\/li><\/ul><h2>Die wichtigsten Fakten zu Brustreduktion<\/h2><ul><li><strong>DURATION OF SURGERY:<\/strong> 2-4h<\/li><li><strong>ANESTHESIA:<\/strong> General anesthesia<\/li><li><strong>HOSPITAL STAY:<\/strong> 2 days<\/li><li><strong>COSTS:<\/strong> will be determined individually after the preliminary consultation, depending on the work involved<\/li><li><strong>FOLLOW-UP-TREATMENT:<\/strong> 6 weeks to 12 month<\/li><li><strong>REMOVAL OF SUTURES:<\/strong> not applicable<\/li><li><strong>SOCIAL ACTIVITIES:<\/strong> after 2 to 3 weeks<\/li><li><strong>PHYSICAL EXERCISE:<\/strong> after 6 weeks<\/li><\/ul>\t\t\t\t\t\t<\/div>\n\t\t\t\t<\/div>\n\t\t\t\t\t<\/div>\n\t\t<\/div>\n\t\t\t\t\t<\/div>\n\t\t<\/section>\n\t\t\t\t<section class=\"elementor-section elementor-top-section elementor-element elementor-element-77d76ac4 elementor-section-boxed elementor-section-height-default elementor-section-height-default\" data-id=\"77d76ac4\" data-element_type=\"section\">\n\t\t\t\t\t\t\t<div class=\"elementor-background-overlay\"><\/div>\n\t\t\t\t\t\t\t<div class=\"elementor-container elementor-column-gap-default\">\n\t\t\t\t\t<div class=\"elementor-column elementor-col-50 elementor-top-column elementor-element elementor-element-66d7603a\" data-id=\"66d7603a\" data-element_type=\"column\">\n\t\t\t<div class=\"elementor-widget-wrap elementor-element-populated\">\n\t\t\t\t\t\t<div class=\"elementor-element elementor-element-48c6fb2d elementor-widget__width-initial elementor-widget elementor-widget-text-editor\" data-id=\"48c6fb2d\" data-element_type=\"widget\" data-widget_type=\"text-editor.default\">\n\t\t\t\t<div class=\"elementor-widget-container\">\n\t\t\t\t\t\t\t<h2><a title=\"Plastic surgery services\" href=\"https:\/\/christinaguenter.com\/en\/leistungen\/\" rel=\"\"><b>Infos zum mommy Makeover \/ Mommymakeover \u00bb<\/b><\/a><\/h2><p>Hier finden Sie verst\u00e4ndliche und einf\u00fchlsame Informationen rund um das Thema Mommy Makeover \u2013 von den OP-Optionen bis zur Erholungszeit. <a title=\"Mommy Makeover Mommymakeover\" href=\"https:\/\/christinaguenter.com\/en\/mommy-makeover-mommymakeover\/\" rel=\"\"> <strong>Zum Mommy Makeover \u00bb<\/strong><\/a><\/p>\t\t\t\t\t\t<\/div>\n\t\t\t\t<\/div>\n\t\t\t\t\t<\/div>\n\t\t<\/div>\n\t\t\t\t<div class=\"elementor-column elementor-col-50 elementor-top-column elementor-element elementor-element-43b8cea4\" data-id=\"43b8cea4\" data-element_type=\"column\">\n\t\t\t<div class=\"elementor-widget-wrap elementor-element-populated\">\n\t\t\t\t\t\t<div class=\"elementor-element elementor-element-c800e21 elementor-widget elementor-widget-image\" data-id=\"c800e21\" data-element_type=\"widget\" data-widget_type=\"image.default\">\n\t\t\t\t<div class=\"elementor-widget-container\">\n\t\t\t\t\t\t\t\t\t\t\t\t\t\t<a href=\"https:\/\/christinaguenter.com\/en\/mommy-makeover-mommymakeover\/\">\n\t\t\t\t\t\t\t<img decoding=\"async\" width=\"360\" height=\"360\" src=\"https:\/\/christinaguenter.com\/wp-content\/uploads\/2025\/08\/teaser_mommy_makeover.jpg\" class=\"attachment-large size-large wp-image-3367\" alt=\"Behandlung im Bereich Mommy Makeover Mommymakeover - Dr. med Christina Irene G\u00fcnter ... Fach\u00e4rztin f\u00fcr Plastische Chirurgie aus M\u00fcnchen\" srcset=\"https:\/\/christinaguenter.com\/wp-content\/uploads\/2025\/08\/teaser_mommy_makeover.jpg 360w, https:\/\/christinaguenter.com\/wp-content\/uploads\/2025\/08\/teaser_mommy_makeover-300x300.jpg 300w, https:\/\/christinaguenter.com\/wp-content\/uploads\/2025\/08\/teaser_mommy_makeover-150x150.jpg 150w, https:\/\/christinaguenter.com\/wp-content\/uploads\/2025\/08\/teaser_mommy_makeover-12x12.jpg 12w\" sizes=\"(max-width: 360px) 100vw, 360px\" \/>\t\t\t\t\t\t\t\t<\/a>\n\t\t\t\t\t\t\t\t\t\t\t\t\t<\/div>\n\t\t\t\t<\/div>\n\t\t\t\t\t<\/div>\n\t\t<\/div>\n\t\t\t\t\t<\/div>\n\t\t<\/section>\n\t\t\t\t<section class=\"elementor-section elementor-top-section elementor-element elementor-element-703248b4 elementor-section-boxed elementor-section-height-default elementor-section-height-default\" data-id=\"703248b4\" data-element_type=\"section\">\n\t\t\t\t\t\t\t<div class=\"elementor-background-overlay\"><\/div>\n\t\t\t\t\t\t\t<div class=\"elementor-container elementor-column-gap-default\">\n\t\t\t\t\t<div class=\"elementor-column elementor-col-50 elementor-top-column elementor-element elementor-element-3002ca6d\" data-id=\"3002ca6d\" data-element_type=\"column\">\n\t\t\t<div class=\"elementor-widget-wrap elementor-element-populated\">\n\t\t\t\t\t\t<div class=\"elementor-element elementor-element-20752445 elementor-widget__width-initial elementor-widget elementor-widget-text-editor\" data-id=\"20752445\" data-element_type=\"widget\" data-widget_type=\"text-editor.default\">\n\t\t\t\t<div class=\"elementor-widget-container\">\n\t\t\t\t\t\t\t<h2><a title=\"Plastic surgery services\" href=\"https:\/\/christinaguenter.com\/en\/leistungen\/\" rel=\"\"><b>\u00dcbersicht der BehandlungsLEISTUNGEN \u00bb<\/b><\/a><\/h2><p>Here you will find an overview of my main areas of treatment\u2014from aesthetic surgery to gentle corrections. Each treatment is individual, personalized, and carried out with medical care.\u00a0<a title=\"\u00dcbersicht Behandlungsleistungen\" href=\"https:\/\/christinaguenter.com\/en\/leistungen\/\" rel=\"\"> <strong>To the service overview \u00bb<\/strong><\/a><\/p>\t\t\t\t\t\t<\/div>\n\t\t\t\t<\/div>\n\t\t\t\t\t<\/div>\n\t\t<\/div>\n\t\t\t\t<div class=\"elementor-column elementor-col-50 elementor-top-column elementor-element elementor-element-3fb8f255\" data-id=\"3fb8f255\" data-element_type=\"column\">\n\t\t\t<div class=\"elementor-widget-wrap elementor-element-populated\">\n\t\t\t\t\t\t<div class=\"elementor-element elementor-element-250acda8 elementor-widget elementor-widget-image\" data-id=\"250acda8\" data-element_type=\"widget\" data-widget_type=\"image.default\">\n\t\t\t\t<div class=\"elementor-widget-container\">\n\t\t\t\t\t\t\t\t\t\t\t\t\t\t<a href=\"https:\/\/christinaguenter.com\/en\/leistungen\/\">\n\t\t\t\t\t\t\t<img decoding=\"async\" width=\"460\" height=\"460\" src=\"https:\/\/christinaguenter.com\/wp-content\/uploads\/2025\/08\/op-dr-christina-guenter-plastische-chirurgin_04.jpg\" class=\"attachment-large size-large wp-image-3685\" alt=\"\" srcset=\"https:\/\/christinaguenter.com\/wp-content\/uploads\/2025\/08\/op-dr-christina-guenter-plastische-chirurgin_04.jpg 460w, https:\/\/christinaguenter.com\/wp-content\/uploads\/2025\/08\/op-dr-christina-guenter-plastische-chirurgin_04-300x300.jpg 300w, https:\/\/christinaguenter.com\/wp-content\/uploads\/2025\/08\/op-dr-christina-guenter-plastische-chirurgin_04-150x150.jpg 150w, https:\/\/christinaguenter.com\/wp-content\/uploads\/2025\/08\/op-dr-christina-guenter-plastische-chirurgin_04-12x12.jpg 12w\" sizes=\"(max-width: 460px) 100vw, 460px\" \/>\t\t\t\t\t\t\t\t<\/a>\n\t\t\t\t\t\t\t\t\t\t\t\t\t<\/div>\n\t\t\t\t<\/div>\n\t\t\t\t\t<\/div>\n\t\t<\/div>\n\t\t\t\t\t<\/div>\n\t\t<\/section>\n\t\t\t\t<\/div>","protected":false},"excerpt":{"rendered":"<p>brustverkleinerung in M\u00fcnchen \/ Brustreduktion Brustreduktion \/ Brustverkleinerung \/ Mammareduktion Eine gro\u00dfe Brust (Makromastie oder Gigantomastie) ist kein \u00e4sthetisches Problem allein. Gro\u00dfe Br\u00fcste sind schwer, dieses Gewicht liegt oberhalb und vor dem K\u00f6rperschwerpunkt. Daher kommt es bei vielen Frauen fr\u00fcher oder sp\u00e4ter zu konkreten Beschwerden, die Krankheitswert haben. R\u00fccken- und Schulterschmerzen sind vergleichsweise harmlos, es [&hellip;]<\/p>","protected":false},"author":4,"featured_media":149,"parent":0,"menu_order":0,"comment_status":"closed","ping_status":"closed","template":"","meta":{"footnotes":""},"_links":{"self":[{"href":"https:\/\/christinaguenter.com\/en\/wp-json\/wp\/v2\/pages\/324"}],"collection":[{"href":"https:\/\/christinaguenter.com\/en\/wp-json\/wp\/v2\/pages"}],"about":[{"href":"https:\/\/christinaguenter.com\/en\/wp-json\/wp\/v2\/types\/page"}],"author":[{"embeddable":true,"href":"https:\/\/christinaguenter.com\/en\/wp-json\/wp\/v2\/users\/4"}],"replies":[{"embeddable":true,"href":"https:\/\/christinaguenter.com\/en\/wp-json\/wp\/v2\/comments?post=324"}],"version-history":[{"count":41,"href":"https:\/\/christinaguenter.com\/en\/wp-json\/wp\/v2\/pages\/324\/revisions"}],"predecessor-version":[{"id":4254,"href":"https:\/\/christinaguenter.com\/en\/wp-json\/wp\/v2\/pages\/324\/revisions\/4254"}],"wp:featuredmedia":[{"embeddable":true,"href":"https:\/\/christinaguenter.com\/en\/wp-json\/wp\/v2\/media\/149"}],"wp:attachment":[{"href":"https:\/\/christinaguenter.com\/en\/wp-json\/wp\/v2\/media?parent=324"}],"curies":[{"name":"wp","href":"https:\/\/api.w.org\/{rel}","templated":true}]}}