{"id":329,"date":"2020-04-23T18:45:12","date_gmt":"2020-04-23T16:45:12","guid":{"rendered":"https:\/\/christinaguenter.com\/?page_id=329"},"modified":"2025-12-16T18:40:20","modified_gmt":"2025-12-16T17:40:20","slug":"bruststraffung-in-muenchen","status":"publish","type":"page","link":"https:\/\/christinaguenter.com\/en\/bruststraffung-in-muenchen","title":{"rendered":"Breast lift"},"content":{"rendered":"<div data-elementor-type=\"wp-page\" data-elementor-id=\"329\" class=\"elementor elementor-329\" data-elementor-post-type=\"page\">\n\t\t\t\t\t\t<section class=\"elementor-section elementor-top-section elementor-element elementor-element-2dabca3 elementor-section-boxed elementor-section-height-default elementor-section-height-default\" data-id=\"2dabca3\" data-element_type=\"section\">\n\t\t\t\t\t\t<div class=\"elementor-container elementor-column-gap-default\">\n\t\t\t\t\t<div class=\"elementor-column elementor-col-100 elementor-top-column elementor-element elementor-element-b1f0aba\" data-id=\"b1f0aba\" data-element_type=\"column\">\n\t\t\t<div class=\"elementor-widget-wrap elementor-element-populated\">\n\t\t\t\t\t\t<div class=\"elementor-element elementor-element-a6db11a headline elementor-widget elementor-widget-text-editor\" data-id=\"a6db11a\" data-element_type=\"widget\" data-widget_type=\"text-editor.default\">\n\t\t\t\t<div class=\"elementor-widget-container\">\n\t\t\t\t\t\t\t<h1 style=\"font-size: 0.9em; font-weight: 300; color: #888888;\">Breast Lift in Munich<\/h1>\t\t\t\t\t\t<\/div>\n\t\t\t\t<\/div>\n\t\t\t\t\t<\/div>\n\t\t<\/div>\n\t\t\t\t\t<\/div>\n\t\t<\/section>\n\t\t\t\t<section class=\"elementor-section elementor-top-section elementor-element elementor-element-1de5cb9 elementor-section-boxed elementor-section-height-default elementor-section-height-default\" data-id=\"1de5cb9\" data-element_type=\"section\">\n\t\t\t\t\t\t<div class=\"elementor-container elementor-column-gap-default\">\n\t\t\t\t\t<div class=\"elementor-column elementor-col-100 elementor-top-column elementor-element elementor-element-7eaac10\" data-id=\"7eaac10\" data-element_type=\"column\">\n\t\t\t<div class=\"elementor-widget-wrap elementor-element-populated\">\n\t\t\t\t\t\t<div class=\"elementor-element elementor-element-8eb79b6 elementor-widget elementor-widget-text-editor\" data-id=\"8eb79b6\" data-element_type=\"widget\" data-widget_type=\"text-editor.default\">\n\t\t\t\t<div class=\"elementor-widget-container\">\n\t\t\t\t\t\t\t<h2>Breast lift<\/h2><p>For many women, the female breast is an essential attribute closely associated with their self-identification. Unfortunately, not all women are naturally endowed with firm, well-formed breasts.\u00a0<\/p><p>There are many factors that negatively influence the breast\u2019s shape: weight and hormonal fluctuations, pregnancy, breastfeeding, menopause, and even gravity. In addition, our connective tissue loses its firmness and elasticity after the age of 25. As time goes by, the breasts lose their original shape and start to sag.<\/p><p>Sagging breasts have a significant impact on the affected women\u2019s emotional well-being, often leading to reduced self-esteem, impairment of sex life, and depression. Fortunately, modern and minimally invasive treatment options are available, which Dr. med. Dr. med. Christina Irene G\u00fcnter is happy to explain to you in a personal conversation. The surgical breast lift (mastopexy) is only one possible alternative.\u00a0<\/p><p>A mastopexy\u2019s objective is a visible reshaping and lifting of the breast, restoring its youthful and perky contours. The breast size itself is not affected by a breast lift, since, essentially, only excess skin tissue is removed. A breast lift can be performed for any breast size. For large breasts, however, I usually recommend a simultaneous reduction; otherwise the breasts quickly start sagging again. In the case of very small breasts, and if desired by the patient, a simultaneous or delayed augmentation of the breast may be advisable.<\/p><p>Depending on the shape of the breasts and the desired result, there are several incision options which will form different scars. Almost all incisions, however, have one aspect in common: The required cut around the areola and the vertical incision down to the fold under the breast. This vertical scar causes concern for many women, but it usually heals quickly and inconspicuously. After a few months, it will be hardly visible. Breast reduction surgery demonstrates quite clearly that the wound healing and regeneration process takes several weeks, maybe even months. Immediately after surgery, the breasts do not yet look like they will after the regeneration period when they will have gained their new shape. As is true for any surgery, the breast area\u2019s sensitivity may be impaired in the first months after the procedure. These issues will be discussed sensitively and in detail, in a personal consultation with Dr. Dr. Christina G\u00fcnter. She will also explain the course of treatment as well as possible adverse side effects and risks. You will, of course, also have the opportunity to resolve any open questions.<\/p><p>\u00a0Detailed consultations are mandatory before any surgical procedure. It is essential to talk about the motivation for this kind of surgery, to discuss whether the desired result can be achieved, and to speak about possible limitations. Other important topics are alternative treatments, as well as potential adverse side effects and possible risks.\u00a0<\/p>\t\t\t\t\t\t<\/div>\n\t\t\t\t<\/div>\n\t\t\t\t\t<\/div>\n\t\t<\/div>\n\t\t\t\t\t<\/div>\n\t\t<\/section>\n\t\t\t\t<section class=\"elementor-section elementor-top-section elementor-element elementor-element-6037412 elementor-section-boxed elementor-section-height-default elementor-section-height-default\" data-id=\"6037412\" data-element_type=\"section\">\n\t\t\t\t\t\t\t<div class=\"elementor-background-overlay\"><\/div>\n\t\t\t\t\t\t\t<div class=\"elementor-container elementor-column-gap-default\">\n\t\t\t\t\t<div class=\"elementor-column elementor-col-50 elementor-top-column elementor-element elementor-element-e08c72c\" data-id=\"e08c72c\" data-element_type=\"column\">\n\t\t\t<div class=\"elementor-widget-wrap elementor-element-populated\">\n\t\t\t\t\t\t<div class=\"elementor-element elementor-element-edc00a6 elementor-widget elementor-widget-image\" data-id=\"edc00a6\" data-element_type=\"widget\" data-widget_type=\"image.default\">\n\t\t\t\t<div class=\"elementor-widget-container\">\n\t\t\t\t\t\t\t\t\t\t\t\t\t<img fetchpriority=\"high\" decoding=\"async\" width=\"460\" height=\"460\" src=\"https:\/\/christinaguenter.com\/wp-content\/uploads\/2025\/08\/dr-med-dr-med-christina-guenter.jpg\" class=\"attachment-large size-large wp-image-3436\" alt=\"Dr. med Dr. med Christina Irene G\u00fcnter ... Fach\u00e4rztin f\u00fcr Plastische Chirurgie aus M\u00fcnchen\" srcset=\"https:\/\/christinaguenter.com\/wp-content\/uploads\/2025\/08\/dr-med-dr-med-christina-guenter.jpg 460w, https:\/\/christinaguenter.com\/wp-content\/uploads\/2025\/08\/dr-med-dr-med-christina-guenter-300x300.jpg 300w, https:\/\/christinaguenter.com\/wp-content\/uploads\/2025\/08\/dr-med-dr-med-christina-guenter-150x150.jpg 150w, https:\/\/christinaguenter.com\/wp-content\/uploads\/2025\/08\/dr-med-dr-med-christina-guenter-12x12.jpg 12w\" sizes=\"(max-width: 460px) 100vw, 460px\" \/>\t\t\t\t\t\t\t\t\t\t\t\t\t<\/div>\n\t\t\t\t<\/div>\n\t\t\t\t\t<\/div>\n\t\t<\/div>\n\t\t\t\t<div class=\"elementor-column elementor-col-50 elementor-top-column elementor-element elementor-element-c5a58bf\" data-id=\"c5a58bf\" data-element_type=\"column\">\n\t\t\t<div class=\"elementor-widget-wrap elementor-element-populated\">\n\t\t\t\t\t\t<div class=\"elementor-element elementor-element-a493d68 elementor-widget__width-initial elementor-widget elementor-widget-text-editor\" data-id=\"a493d68\" data-element_type=\"widget\" data-widget_type=\"text-editor.default\">\n\t\t\t\t<div class=\"elementor-widget-container\">\n\t\t\t\t\t\t\t<h2><b>SCHEDULE A CONSULTATION NOW \u00bb<\/b><\/h2><p>Change begins with the first step\u2014and that is often a conversation. If you are considering treatment or would like more clarity:\u00a0 <strong data-start=\"228\" data-end=\"342\">I would be happy to advise you!<\/strong><\/p>\t\t\t\t\t\t<\/div>\n\t\t\t\t<\/div>\n\t\t\t\t<div class=\"elementor-element elementor-element-df49c86 elementor-widget__width-initial elementor-widget elementor-widget-text-editor\" data-id=\"df49c86\" data-element_type=\"widget\" data-widget_type=\"text-editor.default\">\n\t\t\t\t<div class=\"elementor-widget-container\">\n\t\t\t\t\t\t\t<p>Tel: ++49 89 37022860<br \/><a title=\"Anfrage Terminvereinbarung aus dem Webauftritt\" href=\"mailto:info@christinaguenter.com\" rel=\"\">info@christinaguenter.com<\/a><\/p>\t\t\t\t\t\t<\/div>\n\t\t\t\t<\/div>\n\t\t\t\t\t<\/div>\n\t\t<\/div>\n\t\t\t\t\t<\/div>\n\t\t<\/section>\n\t\t\t\t<section class=\"elementor-section elementor-top-section elementor-element elementor-element-19a0c16 elementor-section-boxed elementor-section-height-default elementor-section-height-default\" data-id=\"19a0c16\" data-element_type=\"section\">\n\t\t\t\t\t\t<div class=\"elementor-container elementor-column-gap-default\">\n\t\t\t\t\t<div class=\"elementor-column elementor-col-100 elementor-top-column elementor-element elementor-element-476ffe1\" data-id=\"476ffe1\" data-element_type=\"column\">\n\t\t\t<div class=\"elementor-widget-wrap elementor-element-populated\">\n\t\t\t\t\t\t<div class=\"elementor-element elementor-element-70fbf70 elementor-widget elementor-widget-image\" data-id=\"70fbf70\" data-element_type=\"widget\" data-widget_type=\"image.default\">\n\t\t\t\t<div class=\"elementor-widget-container\">\n\t\t\t\t\t\t\t\t\t\t\t\t\t\t<a href=\"https:\/\/christinaguenter.com\/en\/aktuelles-podcast\/\">\n\t\t\t\t\t\t\t<img decoding=\"async\" width=\"800\" height=\"185\" src=\"https:\/\/christinaguenter.com\/wp-content\/uploads\/2025\/12\/Postcast_Anzeige.jpg\" class=\"attachment-large size-large wp-image-4314\" alt=\"\" srcset=\"https:\/\/christinaguenter.com\/wp-content\/uploads\/2025\/12\/Postcast_Anzeige.jpg 960w, https:\/\/christinaguenter.com\/wp-content\/uploads\/2025\/12\/Postcast_Anzeige-300x69.jpg 300w, https:\/\/christinaguenter.com\/wp-content\/uploads\/2025\/12\/Postcast_Anzeige-768x178.jpg 768w, https:\/\/christinaguenter.com\/wp-content\/uploads\/2025\/12\/Postcast_Anzeige-18x4.jpg 18w\" sizes=\"(max-width: 800px) 100vw, 800px\" \/>\t\t\t\t\t\t\t\t<\/a>\n\t\t\t\t\t\t\t\t\t\t\t\t\t<\/div>\n\t\t\t\t<\/div>\n\t\t\t\t<div class=\"elementor-element elementor-element-08d1988 elementor-widget elementor-widget-text-editor\" data-id=\"08d1988\" data-element_type=\"widget\" data-widget_type=\"text-editor.default\">\n\t\t\t\t<div class=\"elementor-widget-container\">\n\t\t\t\t\t\t\t<h2>Risks<\/h2><p>As with any surgical procedure, a breast lift may lead to bruising (hematoma), secondary bleeding, swelling, wound healing disorders, infections, and wound dehiscence. Temporary numbness of the treated area may also occur. It is only natural to feel some tension in your breasts after a breast lift surgery that may last for several weeks.<\/p><p>If you decide on a breast lift, it is essential that you are cared for professionally and personally during the entire process.\u00a0<\/p><p>I attach great importance to perceiving, advising, and treating you as an individual, with all your personality\u2019s facets. My many years of experience, expertise, empathy, and communication are central pillars of my therapeutic success. Intensive and personal post-treatment care is as much a focus of my work as the preparation and the treatment itself. After all, a perfect result can only be achieved by working together as a team.\u00a0<\/p><p>It goes without saying that your health is always given priority. Surgery that negatively affects your health or physical integrity is not recommended and should not be performed in the first place.<\/p><p>\u00a0<\/p><p><img decoding=\"async\" class=\"wp-image-733 aligncenter\" src=\"https:\/\/christinaguenter.com\/wp-content\/uploads\/2020\/05\/iStock-496032473-209x300.jpg\" alt=\"\" width=\"278\" height=\"389\" \/><\/p><h2>Your advantages<\/h2><ul><li><strong> \u00a0<\/strong>Surgical treatment tailored to the individual patient and her needs<\/li><li><strong> \u00a0<\/strong>At least two extensive consultations pre- and post-surgery-<\/li><li><strong> \u00a0<\/strong>Intensive follow-up treatment\u00a0<\/li><li>\u00a0Qualified contact person pre- and post-treatment<\/li><li><strong> \u00a0<\/strong>Experience with and focus on breast surgery<\/li><li>\u00a0Honest cost transparency<\/li><li>\u00a0Comprehensively qualified instructor and trainer for plastic and aesthetic surgeons<\/li><li>\u00a0International activity<\/li><\/ul><h2>Die wichtigsten Fakten zu Bruststraffung<\/h2><ul><li><strong>DURATION OF SURGERY:<\/strong><strong>: <\/strong>1,5-3 h<\/li><li><strong>ANESTHESIA<\/strong><strong>: <\/strong>General anesthesia<\/li><li><strong>HOSPITAL STAY<\/strong><strong>: <\/strong>2 nights<\/li><li><strong>COSTS:<\/strong><strong>: <\/strong>will be determined individually after the preliminary consultation, depending on the work involved<\/li><li><strong>FOLLOW-UP TREATMENT<\/strong><strong>: <\/strong>1 to 6 weeks<\/li><li><strong>REMOVAL OF SUTURES<\/strong><strong>: <\/strong>not applicable or after 2 weeks<\/li><li><strong>SOCIAL ACTIVITIES<\/strong><strong>: <\/strong>after 1 to 2 weeks<\/li><li><strong>PHYSICAL EXERCISE: <\/strong>after 4 to 6 weeks<\/li><\/ul>\t\t\t\t\t\t<\/div>\n\t\t\t\t<\/div>\n\t\t\t\t\t<\/div>\n\t\t<\/div>\n\t\t\t\t\t<\/div>\n\t\t<\/section>\n\t\t\t\t<section class=\"elementor-section elementor-top-section elementor-element elementor-element-32fa40ee elementor-section-boxed elementor-section-height-default elementor-section-height-default\" data-id=\"32fa40ee\" data-element_type=\"section\">\n\t\t\t\t\t\t\t<div class=\"elementor-background-overlay\"><\/div>\n\t\t\t\t\t\t\t<div class=\"elementor-container elementor-column-gap-default\">\n\t\t\t\t\t<div class=\"elementor-column elementor-col-50 elementor-top-column elementor-element elementor-element-74e07f52\" data-id=\"74e07f52\" data-element_type=\"column\">\n\t\t\t<div class=\"elementor-widget-wrap elementor-element-populated\">\n\t\t\t\t\t\t<div class=\"elementor-element elementor-element-620887d7 elementor-widget__width-initial elementor-widget elementor-widget-text-editor\" data-id=\"620887d7\" data-element_type=\"widget\" data-widget_type=\"text-editor.default\">\n\t\t\t\t<div class=\"elementor-widget-container\">\n\t\t\t\t\t\t\t<h2><a title=\"Plastic surgery services\" href=\"https:\/\/christinaguenter.com\/en\/leistungen\/\" rel=\"\"><b>Infos zum mommy Makeover \/ Mommymakeover \u00bb<\/b><\/a><\/h2><p>Hier finden Sie verst\u00e4ndliche und einf\u00fchlsame Informationen rund um das Thema Mommy Makeover \u2013 von den OP-Optionen bis zur Erholungszeit. <a title=\"Mommy Makeover Mommymakeover\" href=\"https:\/\/christinaguenter.com\/en\/mommy-makeover-mommymakeover\/\" rel=\"\"> <strong>Zum Mommy Makeover \u00bb<\/strong><\/a><\/p>\t\t\t\t\t\t<\/div>\n\t\t\t\t<\/div>\n\t\t\t\t\t<\/div>\n\t\t<\/div>\n\t\t\t\t<div class=\"elementor-column elementor-col-50 elementor-top-column elementor-element elementor-element-147595ad\" data-id=\"147595ad\" data-element_type=\"column\">\n\t\t\t<div class=\"elementor-widget-wrap elementor-element-populated\">\n\t\t\t\t\t\t<div class=\"elementor-element elementor-element-3790cdf1 elementor-widget elementor-widget-image\" data-id=\"3790cdf1\" data-element_type=\"widget\" data-widget_type=\"image.default\">\n\t\t\t\t<div class=\"elementor-widget-container\">\n\t\t\t\t\t\t\t\t\t\t\t\t\t\t<a href=\"https:\/\/christinaguenter.com\/en\/mommy-makeover-mommymakeover\/\">\n\t\t\t\t\t\t\t<img loading=\"lazy\" decoding=\"async\" width=\"360\" height=\"360\" src=\"https:\/\/christinaguenter.com\/wp-content\/uploads\/2025\/08\/teaser_mommy_makeover.jpg\" class=\"attachment-large size-large wp-image-3367\" alt=\"Behandlung im Bereich Mommy Makeover Mommymakeover - Dr. med Christina Irene G\u00fcnter ... Fach\u00e4rztin f\u00fcr Plastische Chirurgie aus M\u00fcnchen\" srcset=\"https:\/\/christinaguenter.com\/wp-content\/uploads\/2025\/08\/teaser_mommy_makeover.jpg 360w, https:\/\/christinaguenter.com\/wp-content\/uploads\/2025\/08\/teaser_mommy_makeover-300x300.jpg 300w, https:\/\/christinaguenter.com\/wp-content\/uploads\/2025\/08\/teaser_mommy_makeover-150x150.jpg 150w, https:\/\/christinaguenter.com\/wp-content\/uploads\/2025\/08\/teaser_mommy_makeover-12x12.jpg 12w\" sizes=\"(max-width: 360px) 100vw, 360px\" \/>\t\t\t\t\t\t\t\t<\/a>\n\t\t\t\t\t\t\t\t\t\t\t\t\t<\/div>\n\t\t\t\t<\/div>\n\t\t\t\t\t<\/div>\n\t\t<\/div>\n\t\t\t\t\t<\/div>\n\t\t<\/section>\n\t\t\t\t<section class=\"elementor-section elementor-top-section elementor-element elementor-element-7865a944 elementor-section-boxed elementor-section-height-default elementor-section-height-default\" data-id=\"7865a944\" data-element_type=\"section\">\n\t\t\t\t\t\t\t<div class=\"elementor-background-overlay\"><\/div>\n\t\t\t\t\t\t\t<div class=\"elementor-container elementor-column-gap-default\">\n\t\t\t\t\t<div class=\"elementor-column elementor-col-50 elementor-top-column elementor-element elementor-element-68740666\" data-id=\"68740666\" data-element_type=\"column\">\n\t\t\t<div class=\"elementor-widget-wrap elementor-element-populated\">\n\t\t\t\t\t\t<div class=\"elementor-element elementor-element-54ed1368 elementor-widget__width-initial elementor-widget elementor-widget-text-editor\" data-id=\"54ed1368\" data-element_type=\"widget\" data-widget_type=\"text-editor.default\">\n\t\t\t\t<div class=\"elementor-widget-container\">\n\t\t\t\t\t\t\t<h2><a title=\"Plastic surgery services\" href=\"https:\/\/christinaguenter.com\/en\/leistungen\/\" rel=\"\"><b>\u00dcbersicht der BehandlungsLEISTUNGEN \u00bb<\/b><\/a><\/h2><p>Here you will find an overview of my main areas of treatment\u2014from aesthetic surgery to gentle corrections. Each treatment is individual, personalized, and carried out with medical care.\u00a0<a title=\"\u00dcbersicht Behandlungsleistungen\" href=\"https:\/\/christinaguenter.com\/en\/leistungen\/\" rel=\"\"> <strong>To the service overview \u00bb<\/strong><\/a><\/p>\t\t\t\t\t\t<\/div>\n\t\t\t\t<\/div>\n\t\t\t\t\t<\/div>\n\t\t<\/div>\n\t\t\t\t<div class=\"elementor-column elementor-col-50 elementor-top-column elementor-element elementor-element-2455f83c\" data-id=\"2455f83c\" data-element_type=\"column\">\n\t\t\t<div class=\"elementor-widget-wrap elementor-element-populated\">\n\t\t\t\t\t\t<div class=\"elementor-element elementor-element-4a75bf6f elementor-widget elementor-widget-image\" data-id=\"4a75bf6f\" data-element_type=\"widget\" data-widget_type=\"image.default\">\n\t\t\t\t<div class=\"elementor-widget-container\">\n\t\t\t\t\t\t\t\t\t\t\t\t\t\t<a href=\"https:\/\/christinaguenter.com\/en\/leistungen\/\">\n\t\t\t\t\t\t\t<img loading=\"lazy\" decoding=\"async\" width=\"460\" height=\"460\" src=\"https:\/\/christinaguenter.com\/wp-content\/uploads\/2025\/08\/op-dr-christina-guenter-plastische-chirurgin_04.jpg\" class=\"attachment-large size-large wp-image-3685\" alt=\"\" srcset=\"https:\/\/christinaguenter.com\/wp-content\/uploads\/2025\/08\/op-dr-christina-guenter-plastische-chirurgin_04.jpg 460w, https:\/\/christinaguenter.com\/wp-content\/uploads\/2025\/08\/op-dr-christina-guenter-plastische-chirurgin_04-300x300.jpg 300w, https:\/\/christinaguenter.com\/wp-content\/uploads\/2025\/08\/op-dr-christina-guenter-plastische-chirurgin_04-150x150.jpg 150w, https:\/\/christinaguenter.com\/wp-content\/uploads\/2025\/08\/op-dr-christina-guenter-plastische-chirurgin_04-12x12.jpg 12w\" sizes=\"(max-width: 460px) 100vw, 460px\" \/>\t\t\t\t\t\t\t\t<\/a>\n\t\t\t\t\t\t\t\t\t\t\t\t\t<\/div>\n\t\t\t\t<\/div>\n\t\t\t\t\t<\/div>\n\t\t<\/div>\n\t\t\t\t\t<\/div>\n\t\t<\/section>\n\t\t\t\t<\/div>","protected":false},"excerpt":{"rendered":"<p>Bruststraffung in M\u00fcnchen \/ Brust OP Bruststraffung Die weibliche Brust ist f\u00fcr viele Frauen ein wichtiges Attribut zur eigenen weiblichen Selbstidentifikation. Leider haben nicht alle Frauen von Natur aus eine straffe, wohlgeformte Brust.\u00a0 Zudem gibt es viele Einflussfaktoren, welche die Form der Br\u00fcste negativ beeinflussen: Gewichts- und hormonelle Schwankungen, Schwangerschaften, Stillzeiten, Wechseljahre oder aber auch [&hellip;]<\/p>","protected":false},"author":4,"featured_media":149,"parent":0,"menu_order":0,"comment_status":"closed","ping_status":"closed","template":"","meta":{"footnotes":""},"_links":{"self":[{"href":"https:\/\/christinaguenter.com\/en\/wp-json\/wp\/v2\/pages\/329"}],"collection":[{"href":"https:\/\/christinaguenter.com\/en\/wp-json\/wp\/v2\/pages"}],"about":[{"href":"https:\/\/christinaguenter.com\/en\/wp-json\/wp\/v2\/types\/page"}],"author":[{"embeddable":true,"href":"https:\/\/christinaguenter.com\/en\/wp-json\/wp\/v2\/users\/4"}],"replies":[{"embeddable":true,"href":"https:\/\/christinaguenter.com\/en\/wp-json\/wp\/v2\/comments?post=329"}],"version-history":[{"count":39,"href":"https:\/\/christinaguenter.com\/en\/wp-json\/wp\/v2\/pages\/329\/revisions"}],"predecessor-version":[{"id":4359,"href":"https:\/\/christinaguenter.com\/en\/wp-json\/wp\/v2\/pages\/329\/revisions\/4359"}],"wp:featuredmedia":[{"embeddable":true,"href":"https:\/\/christinaguenter.com\/en\/wp-json\/wp\/v2\/media\/149"}],"wp:attachment":[{"href":"https:\/\/christinaguenter.com\/en\/wp-json\/wp\/v2\/media?parent=329"}],"curies":[{"name":"wp","href":"https:\/\/api.w.org\/{rel}","templated":true}]}}