{"id":335,"date":"2020-04-23T18:54:55","date_gmt":"2020-04-23T16:54:55","guid":{"rendered":"https:\/\/christinaguenter.com\/?page_id=335"},"modified":"2025-08-09T13:59:29","modified_gmt":"2025-08-09T11:59:29","slug":"brustfehlbildungen-in-muenchen","status":"publish","type":"page","link":"https:\/\/christinaguenter.com\/en\/brustfehlbildungen-in-muenchen","title":{"rendered":"Breast Malformations"},"content":{"rendered":"<div data-elementor-type=\"wp-page\" data-elementor-id=\"335\" class=\"elementor elementor-335\" data-elementor-post-type=\"page\">\n\t\t\t\t\t\t<section class=\"elementor-section elementor-top-section elementor-element elementor-element-4749670 elementor-section-boxed elementor-section-height-default elementor-section-height-default\" data-id=\"4749670\" data-element_type=\"section\">\n\t\t\t\t\t\t<div class=\"elementor-container elementor-column-gap-default\">\n\t\t\t\t\t<div class=\"elementor-column elementor-col-100 elementor-top-column elementor-element elementor-element-219a2c0\" data-id=\"219a2c0\" data-element_type=\"column\">\n\t\t\t<div class=\"elementor-widget-wrap elementor-element-populated\">\n\t\t\t\t\t\t<div class=\"elementor-element elementor-element-563a371 headline elementor-widget elementor-widget-text-editor\" data-id=\"563a371\" data-element_type=\"widget\" data-widget_type=\"text-editor.default\">\n\t\t\t\t<div class=\"elementor-widget-container\">\n\t\t\t\t\t\t\t<h1 style=\"font-size: 0.9em; font-weight: 300; color: #888888;\">Breast Malformations in munich<\/h1>\t\t\t\t\t\t<\/div>\n\t\t\t\t<\/div>\n\t\t\t\t\t<\/div>\n\t\t<\/div>\n\t\t\t\t\t<\/div>\n\t\t<\/section>\n\t\t\t\t<section class=\"elementor-section elementor-top-section elementor-element elementor-element-1de5cb9 elementor-section-boxed elementor-section-height-default elementor-section-height-default\" data-id=\"1de5cb9\" data-element_type=\"section\">\n\t\t\t\t\t\t<div class=\"elementor-container elementor-column-gap-default\">\n\t\t\t\t\t<div class=\"elementor-column elementor-col-100 elementor-top-column elementor-element elementor-element-7eaac10\" data-id=\"7eaac10\" data-element_type=\"column\">\n\t\t\t<div class=\"elementor-widget-wrap elementor-element-populated\">\n\t\t\t\t\t\t<div class=\"elementor-element elementor-element-8eb79b6 elementor-widget elementor-widget-text-editor\" data-id=\"8eb79b6\" data-element_type=\"widget\" data-widget_type=\"text-editor.default\">\n\t\t\t\t<div class=\"elementor-widget-container\">\n\t\t\t\t\t\t\t<h2>Breast malformations<\/h2><div><p><strong>Such as: Tubular Breast Deformity \/ Asymmetries \/ Breast hypoplasia \/ Poland Syndrome \/ Amazons Syndrome \/ Nipple Deformities \/ Inverted Nipple Deformity<\/strong><\/p><\/div><p>The female breast is the very symbol of femininity. Being content with her breasts\u2019 shape and appearance has a very significant impact on whether a woman feels comfortable in her own skin or not. Many women, however, suffer from a genuine congenital malformation of the breasts that has already developed during the embryonic phase. Generally speaking, these deformities are very rare to extremely rare. For the affected woman, though, this information is of little help, if she is one of these very rare cases. Fortunately, plastic surgeons can provide you with highly skilled assistance. Based on my comprehensive experience, I can offer aesthetic solutions with natural-looking results for many of these malformations.\u00a0<\/p><p>Tubular breasts, also known as breast hypoplasia, conical breasts, or snoopy breasts, are the most common abnormalities. They have a narrow base, are long and cylindrical with large areolas. This malformation was first described in 1976, and since 2014 it is recognized as a genuine deformity and disorder. Unfortunately, this does not necessarily mean that the health insurance companies will cover the costs for the corrective surgery.\u00a0<\/p><p>The nipples may also be affected by several possible malformations: if they are missing entirely, the medical term is athelia; if there are too many, the condition is called polythelia. <br \/>Inverted nipple deformity affects the nipples themselves, which is not only an aesthetic but also a functional issue, since they may make breastfeeding difficult.\u00a0<\/p><p>Other breast malformations lead to sometimes pronounced asymmetries: the very rare \u201cPoland Syndrome\u201c (first described in 1841 by the English surgeon Alfred Poland), probably is the most complex breast deformity. Here, not only the mammary gland is missing, but also the pectoral muscle, leading to possible motor impairments. The \u201creal Poland Syndrome\u201c does occur more often in men than in women.<\/p><p>The \u201cAmazon Syndrome\u201c derives its name from the ancient warrior women. According to legend had their right breast amputated to become better archers. The pectoral muscle is present, so there are no motor deficits involved. Aesthetically, however, this disorder is highly problematic since one of the breasts is missing completely or is atrophied.<\/p><p>Depending on the deformity, surgical correction may be more or less complicated. Similarly, the surgical technique is dependent on the characteristics of the deformity and the desired result. In a personal, in-depth consultation, I will discuss your diagnosis with you in detail, as well as all treatment options and alternatives. This way, we can decide together how to move forward.\u00a0<\/p><p>Detailed consultations are mandatory before surgical procedures. It is essential to talk about the motivation for this kind of surgery, to discuss whether the desired result can be achieved, and to speak about possible limitations. Other important topics are alternative treatments, as well as potential adverse side effects and possible risks.<\/p>\t\t\t\t\t\t<\/div>\n\t\t\t\t<\/div>\n\t\t\t\t\t<\/div>\n\t\t<\/div>\n\t\t\t\t\t<\/div>\n\t\t<\/section>\n\t\t\t\t<section class=\"elementor-section elementor-top-section elementor-element elementor-element-2a7c00e elementor-section-boxed elementor-section-height-default elementor-section-height-default\" data-id=\"2a7c00e\" data-element_type=\"section\">\n\t\t\t\t\t\t\t<div class=\"elementor-background-overlay\"><\/div>\n\t\t\t\t\t\t\t<div class=\"elementor-container elementor-column-gap-default\">\n\t\t\t\t\t<div class=\"elementor-column elementor-col-50 elementor-top-column elementor-element elementor-element-f91a9ba\" data-id=\"f91a9ba\" data-element_type=\"column\">\n\t\t\t<div class=\"elementor-widget-wrap elementor-element-populated\">\n\t\t\t\t\t\t<div class=\"elementor-element elementor-element-5810e0a elementor-widget elementor-widget-image\" data-id=\"5810e0a\" data-element_type=\"widget\" data-widget_type=\"image.default\">\n\t\t\t\t<div class=\"elementor-widget-container\">\n\t\t\t\t\t\t\t\t\t\t\t\t\t<img fetchpriority=\"high\" decoding=\"async\" width=\"460\" height=\"460\" src=\"https:\/\/christinaguenter.com\/wp-content\/uploads\/2025\/08\/dr-med-dr-med-christina-guenter.jpg\" class=\"attachment-large size-large wp-image-3436\" alt=\"Dr. med Dr. med Christina Irene G\u00fcnter ... Fach\u00e4rztin f\u00fcr Plastische Chirurgie aus M\u00fcnchen\" srcset=\"https:\/\/christinaguenter.com\/wp-content\/uploads\/2025\/08\/dr-med-dr-med-christina-guenter.jpg 460w, https:\/\/christinaguenter.com\/wp-content\/uploads\/2025\/08\/dr-med-dr-med-christina-guenter-300x300.jpg 300w, https:\/\/christinaguenter.com\/wp-content\/uploads\/2025\/08\/dr-med-dr-med-christina-guenter-150x150.jpg 150w, https:\/\/christinaguenter.com\/wp-content\/uploads\/2025\/08\/dr-med-dr-med-christina-guenter-12x12.jpg 12w\" sizes=\"(max-width: 460px) 100vw, 460px\" \/>\t\t\t\t\t\t\t\t\t\t\t\t\t<\/div>\n\t\t\t\t<\/div>\n\t\t\t\t\t<\/div>\n\t\t<\/div>\n\t\t\t\t<div class=\"elementor-column elementor-col-50 elementor-top-column elementor-element elementor-element-939daec\" data-id=\"939daec\" data-element_type=\"column\">\n\t\t\t<div class=\"elementor-widget-wrap elementor-element-populated\">\n\t\t\t\t\t\t<div class=\"elementor-element elementor-element-7cd083d elementor-widget__width-initial elementor-widget elementor-widget-text-editor\" data-id=\"7cd083d\" data-element_type=\"widget\" data-widget_type=\"text-editor.default\">\n\t\t\t\t<div class=\"elementor-widget-container\">\n\t\t\t\t\t\t\t<h2><b>SCHEDULE A CONSULTATION NOW \u00bb<\/b><\/h2><p>Change begins with the first step\u2014and that is often a conversation. If you are considering treatment or would like more clarity:\u00a0 <strong data-start=\"228\" data-end=\"342\">I would be happy to advise you!<\/strong><\/p>\t\t\t\t\t\t<\/div>\n\t\t\t\t<\/div>\n\t\t\t\t<div class=\"elementor-element elementor-element-86f04f8 elementor-widget__width-initial elementor-widget elementor-widget-text-editor\" data-id=\"86f04f8\" data-element_type=\"widget\" data-widget_type=\"text-editor.default\">\n\t\t\t\t<div class=\"elementor-widget-container\">\n\t\t\t\t\t\t\t<p>Tel: ++49 89 37022860<br \/><a title=\"Anfrage Terminvereinbarung aus dem Webauftritt\" href=\"mailto:info@christinaguenter.com\" rel=\"\">info@christinaguenter.com<\/a><\/p>\t\t\t\t\t\t<\/div>\n\t\t\t\t<\/div>\n\t\t\t\t\t<\/div>\n\t\t<\/div>\n\t\t\t\t\t<\/div>\n\t\t<\/section>\n\t\t\t\t<section class=\"elementor-section elementor-top-section elementor-element elementor-element-7fee2d7 elementor-section-boxed elementor-section-height-default elementor-section-height-default\" data-id=\"7fee2d7\" data-element_type=\"section\">\n\t\t\t\t\t\t<div class=\"elementor-container elementor-column-gap-default\">\n\t\t\t\t\t<div class=\"elementor-column elementor-col-100 elementor-top-column elementor-element elementor-element-b79a85c\" data-id=\"b79a85c\" data-element_type=\"column\">\n\t\t\t<div class=\"elementor-widget-wrap elementor-element-populated\">\n\t\t\t\t\t\t<div class=\"elementor-element elementor-element-f76774c elementor-widget elementor-widget-text-editor\" data-id=\"f76774c\" data-element_type=\"widget\" data-widget_type=\"text-editor.default\">\n\t\t\t\t<div class=\"elementor-widget-container\">\n\t\t\t\t\t\t\t<h2>Risks<\/h2><p>If you decide on a breast reconstruction surgery, it is essential that you are cared for professionally and personally during the entire process.<\/p><p>If you decide on surgical breast augmentation, it is essential that you are cared for professionally and personally during the entire process.\u00a0<\/p><p>I attach great importance to perceiving, advising, and treating you as an individual, with all your personality\u2019s facets. My many years of experience, expertise, empathy, and communication are central pillars of my therapeutic success. Intensive and personal post-treatment care is as much a focus of my work as the preparation and the treatment itself. After all, a perfect result can only be achieved by working together as a team.\u00a0<\/p><p>It goes without saying that your health is always given priority. Surgery that negatively affects your health or physical integrity is not recommended and should not be performed in the first place.<\/p><p>\u00a0<\/p><div><img decoding=\"async\" class=\"wp-image-733 aligncenter\" src=\"https:\/\/christinaguenter.com\/wp-content\/uploads\/2020\/05\/iStock-496032473-209x300.jpg\" alt=\"\" width=\"295\" height=\"424\" srcset=\"https:\/\/christinaguenter.com\/wp-content\/uploads\/2020\/05\/iStock-496032473-209x300.jpg 209w, https:\/\/christinaguenter.com\/wp-content\/uploads\/2020\/05\/iStock-496032473-714x1024.jpg 714w, https:\/\/christinaguenter.com\/wp-content\/uploads\/2020\/05\/iStock-496032473-768x1101.jpg 768w, https:\/\/christinaguenter.com\/wp-content\/uploads\/2020\/05\/iStock-496032473-1071x1536.jpg 1071w, https:\/\/christinaguenter.com\/wp-content\/uploads\/2020\/05\/iStock-496032473-1429x2048.jpg 1429w, https:\/\/christinaguenter.com\/wp-content\/uploads\/2020\/05\/iStock-496032473-scaled.jpg 1786w\" sizes=\"(max-width: 295px) 100vw, 295px\" \/><\/div><h2>The most important facts on breast surgeries<\/h2><ul><li><strong>DURATION OF SURGERY: <\/strong>1-3 h<\/li><li><strong>ANESTHESIA<\/strong><strong>: <\/strong>General anesthesia<\/li><li><strong>HOSPITAL STAY<\/strong><strong>: <\/strong>2 nights<\/li><li><strong>COSTS:<\/strong><strong>: <\/strong>will be determined individually after the preliminary consultation, depending on the work involved<\/li><li><strong>FOLLOW-UP TREATMENT<\/strong><strong>: <\/strong>1 to 6 weeks<\/li><li><strong>REMOVAL OF SUTURES<\/strong><strong>: <\/strong>not applicable or after 2 weeks<\/li><li><strong>SOCIAL ACTIVITIES<\/strong><strong>: <\/strong>after 1 to 2 weeks<\/li><li><strong>PHYSICAL EXERCISE:\u00a0<\/strong>after 4 to 6 weeks<\/li><\/ul>\t\t\t\t\t\t<\/div>\n\t\t\t\t<\/div>\n\t\t\t\t\t<\/div>\n\t\t<\/div>\n\t\t\t\t\t<\/div>\n\t\t<\/section>\n\t\t\t\t<section class=\"elementor-section elementor-top-section elementor-element elementor-element-6f9fdbb5 elementor-section-boxed elementor-section-height-default elementor-section-height-default\" data-id=\"6f9fdbb5\" data-element_type=\"section\">\n\t\t\t\t\t\t\t<div class=\"elementor-background-overlay\"><\/div>\n\t\t\t\t\t\t\t<div class=\"elementor-container elementor-column-gap-default\">\n\t\t\t\t\t<div class=\"elementor-column elementor-col-50 elementor-top-column elementor-element elementor-element-39ec19d9\" data-id=\"39ec19d9\" data-element_type=\"column\">\n\t\t\t<div class=\"elementor-widget-wrap elementor-element-populated\">\n\t\t\t\t\t\t<div class=\"elementor-element elementor-element-32dedabf elementor-widget__width-initial elementor-widget elementor-widget-text-editor\" data-id=\"32dedabf\" data-element_type=\"widget\" data-widget_type=\"text-editor.default\">\n\t\t\t\t<div class=\"elementor-widget-container\">\n\t\t\t\t\t\t\t<h2><a title=\"Plastic surgery services\" href=\"https:\/\/christinaguenter.com\/en\/leistungen\/\" rel=\"\"><b>\u00dcbersicht der BehandlungsLEISTUNGEN \u00bb<\/b><\/a><\/h2><p>Here you will find an overview of my main areas of treatment\u2014from aesthetic surgery to gentle corrections. Each treatment is individual, personalized, and carried out with medical care.\u00a0<a title=\"\u00dcbersicht Behandlungsleistungen\" href=\"https:\/\/christinaguenter.com\/en\/leistungen\/\" rel=\"\"> <strong>To the service overview \u00bb<\/strong><\/a><\/p>\t\t\t\t\t\t<\/div>\n\t\t\t\t<\/div>\n\t\t\t\t\t<\/div>\n\t\t<\/div>\n\t\t\t\t<div class=\"elementor-column elementor-col-50 elementor-top-column elementor-element elementor-element-76f7f952\" data-id=\"76f7f952\" data-element_type=\"column\">\n\t\t\t<div class=\"elementor-widget-wrap elementor-element-populated\">\n\t\t\t\t\t\t<div class=\"elementor-element elementor-element-321e231a elementor-widget elementor-widget-image\" data-id=\"321e231a\" data-element_type=\"widget\" data-widget_type=\"image.default\">\n\t\t\t\t<div class=\"elementor-widget-container\">\n\t\t\t\t\t\t\t\t\t\t\t\t\t\t<a href=\"https:\/\/christinaguenter.com\/en\/leistungen\/\">\n\t\t\t\t\t\t\t<img decoding=\"async\" width=\"460\" height=\"460\" src=\"https:\/\/christinaguenter.com\/wp-content\/uploads\/2025\/08\/op-dr-christina-guenter-plastische-chirurgin_04.jpg\" class=\"attachment-large size-large wp-image-3685\" alt=\"\" srcset=\"https:\/\/christinaguenter.com\/wp-content\/uploads\/2025\/08\/op-dr-christina-guenter-plastische-chirurgin_04.jpg 460w, https:\/\/christinaguenter.com\/wp-content\/uploads\/2025\/08\/op-dr-christina-guenter-plastische-chirurgin_04-300x300.jpg 300w, https:\/\/christinaguenter.com\/wp-content\/uploads\/2025\/08\/op-dr-christina-guenter-plastische-chirurgin_04-150x150.jpg 150w, https:\/\/christinaguenter.com\/wp-content\/uploads\/2025\/08\/op-dr-christina-guenter-plastische-chirurgin_04-12x12.jpg 12w\" sizes=\"(max-width: 460px) 100vw, 460px\" \/>\t\t\t\t\t\t\t\t<\/a>\n\t\t\t\t\t\t\t\t\t\t\t\t\t<\/div>\n\t\t\t\t<\/div>\n\t\t\t\t\t<\/div>\n\t\t<\/div>\n\t\t\t\t\t<\/div>\n\t\t<\/section>\n\t\t\t\t<\/div>","protected":false},"excerpt":{"rendered":"<p>Brust OP bei Brustfehlbildungen in M\u00fcnchen Brustfehlbildungen Tubul\u00e4re Brust \/ Asymmetrien \/ Brusthypoplasie \/ Poland Syndrom \/ Brustwarzenfehlbildungen \/ Schlupfwarzen Die weibliche Brust ist f\u00fcr viele das Symbol der Weiblichkeit per se. Die Zufriedenheit mit Form und Aussehen der Br\u00fcste hat einen ganz wesentlichen Einfluss darauf, ob eine Frau sich in ihrer Haut wohlf\u00fchlt oder [&hellip;]<\/p>","protected":false},"author":4,"featured_media":149,"parent":0,"menu_order":0,"comment_status":"closed","ping_status":"closed","template":"","meta":{"footnotes":""},"_links":{"self":[{"href":"https:\/\/christinaguenter.com\/en\/wp-json\/wp\/v2\/pages\/335"}],"collection":[{"href":"https:\/\/christinaguenter.com\/en\/wp-json\/wp\/v2\/pages"}],"about":[{"href":"https:\/\/christinaguenter.com\/en\/wp-json\/wp\/v2\/types\/page"}],"author":[{"embeddable":true,"href":"https:\/\/christinaguenter.com\/en\/wp-json\/wp\/v2\/users\/4"}],"replies":[{"embeddable":true,"href":"https:\/\/christinaguenter.com\/en\/wp-json\/wp\/v2\/comments?post=335"}],"version-history":[{"count":35,"href":"https:\/\/christinaguenter.com\/en\/wp-json\/wp\/v2\/pages\/335\/revisions"}],"predecessor-version":[{"id":3965,"href":"https:\/\/christinaguenter.com\/en\/wp-json\/wp\/v2\/pages\/335\/revisions\/3965"}],"wp:featuredmedia":[{"embeddable":true,"href":"https:\/\/christinaguenter.com\/en\/wp-json\/wp\/v2\/media\/149"}],"wp:attachment":[{"href":"https:\/\/christinaguenter.com\/en\/wp-json\/wp\/v2\/media?parent=335"}],"curies":[{"name":"wp","href":"https:\/\/api.w.org\/{rel}","templated":true}]}}