{"id":346,"date":"2020-04-23T19:08:55","date_gmt":"2020-04-23T17:08:55","guid":{"rendered":"https:\/\/christinaguenter.com\/?page_id=346"},"modified":"2025-08-09T13:58:18","modified_gmt":"2025-08-09T11:58:18","slug":"brustrekonstruktion-in-muenchen","status":"publish","type":"page","link":"https:\/\/christinaguenter.com\/en\/brustrekonstruktion-in-muenchen","title":{"rendered":"Breast reconstruction"},"content":{"rendered":"<div data-elementor-type=\"wp-page\" data-elementor-id=\"346\" class=\"elementor elementor-346\" data-elementor-post-type=\"page\">\n\t\t\t\t\t\t<section class=\"elementor-section elementor-top-section elementor-element elementor-element-3f00d13 elementor-section-boxed elementor-section-height-default elementor-section-height-default\" data-id=\"3f00d13\" data-element_type=\"section\">\n\t\t\t\t\t\t<div class=\"elementor-container elementor-column-gap-default\">\n\t\t\t\t\t<div class=\"elementor-column elementor-col-100 elementor-top-column elementor-element elementor-element-c74d259\" data-id=\"c74d259\" data-element_type=\"column\">\n\t\t\t<div class=\"elementor-widget-wrap elementor-element-populated\">\n\t\t\t\t\t\t<div class=\"elementor-element elementor-element-267647d headline elementor-widget elementor-widget-text-editor\" data-id=\"267647d\" data-element_type=\"widget\" data-widget_type=\"text-editor.default\">\n\t\t\t\t<div class=\"elementor-widget-container\">\n\t\t\t\t\t\t\t<h1 style=\"font-size: 0.9em; font-weight: 300; color: #888888;\">Brust OP \/ Brustrekonstruktion in M\u00fcnchen<\/h1>\t\t\t\t\t\t<\/div>\n\t\t\t\t<\/div>\n\t\t\t\t\t<\/div>\n\t\t<\/div>\n\t\t\t\t\t<\/div>\n\t\t<\/section>\n\t\t\t\t<section class=\"elementor-section elementor-top-section elementor-element elementor-element-1de5cb9 elementor-section-boxed elementor-section-height-default elementor-section-height-default\" data-id=\"1de5cb9\" data-element_type=\"section\">\n\t\t\t\t\t\t<div class=\"elementor-container elementor-column-gap-default\">\n\t\t\t\t\t<div class=\"elementor-column elementor-col-100 elementor-top-column elementor-element elementor-element-7eaac10\" data-id=\"7eaac10\" data-element_type=\"column\">\n\t\t\t<div class=\"elementor-widget-wrap elementor-element-populated\">\n\t\t\t\t\t\t<div class=\"elementor-element elementor-element-8eb79b6 elementor-widget elementor-widget-text-editor\" data-id=\"8eb79b6\" data-element_type=\"widget\" data-widget_type=\"text-editor.default\">\n\t\t\t\t<div class=\"elementor-widget-container\">\n\t\t\t\t\t\t\t<h2>Breast reconstruction<\/h2><p>Breast reconstruction is necessary if a breast had to be removed entirely or partially for critical medical reasons or has been lost due to an accident.<\/p><p>There are various surgical options for the reconstruction of a breast, and also the time of the surgery may be chosen freely. In many situations, it is possible to perform a reconstruction at the same time the breast is removed. Sometimes, a temporary method has to be found first, followed by a permanent solution after a certain period of time. At other times, however, it is only possible to perform a separate procedure at a later date. This depends quite essentially on the reason why the breast had to be removed, and whether further medical measures (e.g., radiation) are necessary. All these options have to be discussed with all the doctors involved.<\/p><p>In addition, it also needs to be decided which surgical method is to be employed in reconstructing the breast. Generally, there are several possible options, using implants, autologous tissue, or, as a third alternative, a combination of both. If the patient decides on reconstruction with autologous tissue, she again has various options, including either the latissimus dorsi muscle or the DIEP as the donor tissue, or autologous fat transplantation.<\/p><p>Depending on the complexity of the situation, surgical correction may be more or less intricate. The surgical technique is dependent on the local, anatomical status, the patient\u2019s prognosis and general condition, and the desired result. Possible risks, undesirable side effects, and complications, the duration of convalescence, and the follow-up treatment design will depend on the procedure\u2018s complexity.\u00a0<\/p><p>In a personal, in-depth consultation, I will discuss your diagnoses with you in detail, as well as all treatment options and alternatives. This way, we can decide together how to move forward.<\/p><p>Detailed consultations are mandatory before surgical procedures. It is essential to talk about the motivation for this kind of surgery, to discuss whether the desired result can be achieved, and to speak about possible limitations. Other important topics are alternative treatments, as well as potential adverse side effects and possible risks.\u00a0<\/p>\t\t\t\t\t\t<\/div>\n\t\t\t\t<\/div>\n\t\t\t\t\t<\/div>\n\t\t<\/div>\n\t\t\t\t\t<\/div>\n\t\t<\/section>\n\t\t\t\t<section class=\"elementor-section elementor-top-section elementor-element elementor-element-1788d64 elementor-section-boxed elementor-section-height-default elementor-section-height-default\" data-id=\"1788d64\" data-element_type=\"section\">\n\t\t\t\t\t\t\t<div class=\"elementor-background-overlay\"><\/div>\n\t\t\t\t\t\t\t<div class=\"elementor-container elementor-column-gap-default\">\n\t\t\t\t\t<div class=\"elementor-column elementor-col-50 elementor-top-column elementor-element elementor-element-2330155\" data-id=\"2330155\" data-element_type=\"column\">\n\t\t\t<div class=\"elementor-widget-wrap elementor-element-populated\">\n\t\t\t\t\t\t<div class=\"elementor-element elementor-element-eea82b5 elementor-widget elementor-widget-image\" data-id=\"eea82b5\" data-element_type=\"widget\" data-widget_type=\"image.default\">\n\t\t\t\t<div class=\"elementor-widget-container\">\n\t\t\t\t\t\t\t\t\t\t\t\t\t<img fetchpriority=\"high\" decoding=\"async\" width=\"460\" height=\"460\" src=\"https:\/\/christinaguenter.com\/wp-content\/uploads\/2025\/08\/dr-med-dr-med-christina-guenter.jpg\" class=\"attachment-large size-large wp-image-3436\" alt=\"Dr. med Dr. med Christina Irene G\u00fcnter ... Fach\u00e4rztin f\u00fcr Plastische Chirurgie aus M\u00fcnchen\" srcset=\"https:\/\/christinaguenter.com\/wp-content\/uploads\/2025\/08\/dr-med-dr-med-christina-guenter.jpg 460w, https:\/\/christinaguenter.com\/wp-content\/uploads\/2025\/08\/dr-med-dr-med-christina-guenter-300x300.jpg 300w, https:\/\/christinaguenter.com\/wp-content\/uploads\/2025\/08\/dr-med-dr-med-christina-guenter-150x150.jpg 150w, https:\/\/christinaguenter.com\/wp-content\/uploads\/2025\/08\/dr-med-dr-med-christina-guenter-12x12.jpg 12w\" sizes=\"(max-width: 460px) 100vw, 460px\" \/>\t\t\t\t\t\t\t\t\t\t\t\t\t<\/div>\n\t\t\t\t<\/div>\n\t\t\t\t\t<\/div>\n\t\t<\/div>\n\t\t\t\t<div class=\"elementor-column elementor-col-50 elementor-top-column elementor-element elementor-element-fcafbfd\" data-id=\"fcafbfd\" data-element_type=\"column\">\n\t\t\t<div class=\"elementor-widget-wrap elementor-element-populated\">\n\t\t\t\t\t\t<div class=\"elementor-element elementor-element-3a1e2a4 elementor-widget__width-initial elementor-widget elementor-widget-text-editor\" data-id=\"3a1e2a4\" data-element_type=\"widget\" data-widget_type=\"text-editor.default\">\n\t\t\t\t<div class=\"elementor-widget-container\">\n\t\t\t\t\t\t\t<h2><b>SCHEDULE A CONSULTATION NOW \u00bb<\/b><\/h2><p>Change begins with the first step\u2014and that is often a conversation. If you are considering treatment or would like more clarity:\u00a0 <strong data-start=\"228\" data-end=\"342\">I would be happy to advise you!<\/strong><\/p>\t\t\t\t\t\t<\/div>\n\t\t\t\t<\/div>\n\t\t\t\t<div class=\"elementor-element elementor-element-ea7404e elementor-widget__width-initial elementor-widget elementor-widget-text-editor\" data-id=\"ea7404e\" data-element_type=\"widget\" data-widget_type=\"text-editor.default\">\n\t\t\t\t<div class=\"elementor-widget-container\">\n\t\t\t\t\t\t\t<p>Tel: ++49 89 37022860<br \/><a title=\"Anfrage Terminvereinbarung aus dem Webauftritt\" href=\"mailto:info@christinaguenter.com\" rel=\"\">info@christinaguenter.com<\/a><\/p>\t\t\t\t\t\t<\/div>\n\t\t\t\t<\/div>\n\t\t\t\t\t<\/div>\n\t\t<\/div>\n\t\t\t\t\t<\/div>\n\t\t<\/section>\n\t\t\t\t<section class=\"elementor-section elementor-top-section elementor-element elementor-element-5d0e0ef elementor-section-boxed elementor-section-height-default elementor-section-height-default\" data-id=\"5d0e0ef\" data-element_type=\"section\">\n\t\t\t\t\t\t<div class=\"elementor-container elementor-column-gap-default\">\n\t\t\t\t\t<div class=\"elementor-column elementor-col-100 elementor-top-column elementor-element elementor-element-a250dc4\" data-id=\"a250dc4\" data-element_type=\"column\">\n\t\t\t<div class=\"elementor-widget-wrap elementor-element-populated\">\n\t\t\t\t\t\t<div class=\"elementor-element elementor-element-c4c355f elementor-widget elementor-widget-text-editor\" data-id=\"c4c355f\" data-element_type=\"widget\" data-widget_type=\"text-editor.default\">\n\t\t\t\t<div class=\"elementor-widget-container\">\n\t\t\t\t\t\t\t<h2>Risks<\/h2><p>If you decide on a breast reconstruction surgery, it is essential that you are cared for professionally and personally during the entire process.<\/p><p>If you decide on surgical breast augmentation, it is essential that you are cared for professionally and personally during the entire process.\u00a0<\/p><p>I attach great importance to perceiving, advising, and treating you as an individual, with all your personality\u2019s facets. My many years of experience, expertise, empathy, and communication are central pillars of my therapeutic success. Intensive and personal post-treatment care is as much a focus of my work as the preparation and the treatment itself. After all, a perfect result can only be achieved by working together as a team.\u00a0<\/p><p>It goes without saying that your health is always given priority. Surgery that negatively affects your health or physical integrity is not recommended and should not be performed in the first place.<\/p><div><img decoding=\"async\" class=\"alignnone wp-image-812\" src=\"https:\/\/christinaguenter.com\/wp-content\/uploads\/2020\/05\/IMG_1696-1-300x200.jpg\" alt=\"\" width=\"593\" height=\"395\" srcset=\"https:\/\/christinaguenter.com\/wp-content\/uploads\/2020\/05\/IMG_1696-1-300x200.jpg 300w, https:\/\/christinaguenter.com\/wp-content\/uploads\/2020\/05\/IMG_1696-1-1024x683.jpg 1024w, https:\/\/christinaguenter.com\/wp-content\/uploads\/2020\/05\/IMG_1696-1-768x512.jpg 768w, https:\/\/christinaguenter.com\/wp-content\/uploads\/2020\/05\/IMG_1696-1-1536x1024.jpg 1536w, https:\/\/christinaguenter.com\/wp-content\/uploads\/2020\/05\/IMG_1696-1-2048x1365.jpg 2048w\" sizes=\"(max-width: 593px) 100vw, 593px\" \/><\/div><h2>The most important facts on breast surgeries<\/h2><ul><li><strong>DURATION OF SURGERY:<\/strong>: 1 to 6 h<\/li><li><strong>ANESTHESIA<\/strong>: General anesthesia<\/li><li><strong>HOSPITAL STAY<\/strong>2 nights<\/li><li><strong>COSTS:<\/strong>will be determined individually after the preliminary consultation, depending on the work involved<\/li><li><strong>FOLLOW-UP TREATMENT<\/strong>: 6 weeks<\/li><li><strong>REMOVAL OF SUTURES<\/strong>: not applicable or 2 weeks<\/li><li><strong>SOCIAL ACTIVITIES<\/strong>after 1 to 2 weeks<\/li><li><strong>PHYSICAL EXERCISE:<\/strong>: after 6 to 12 weeks<\/li><\/ul>\t\t\t\t\t\t<\/div>\n\t\t\t\t<\/div>\n\t\t\t\t\t<\/div>\n\t\t<\/div>\n\t\t\t\t\t<\/div>\n\t\t<\/section>\n\t\t\t\t<section class=\"elementor-section elementor-top-section elementor-element elementor-element-ac52e7b elementor-section-boxed elementor-section-height-default elementor-section-height-default\" data-id=\"ac52e7b\" data-element_type=\"section\">\n\t\t\t\t\t\t\t<div class=\"elementor-background-overlay\"><\/div>\n\t\t\t\t\t\t\t<div class=\"elementor-container elementor-column-gap-default\">\n\t\t\t\t\t<div class=\"elementor-column elementor-col-50 elementor-top-column elementor-element elementor-element-f4f7fd9\" data-id=\"f4f7fd9\" data-element_type=\"column\">\n\t\t\t<div class=\"elementor-widget-wrap elementor-element-populated\">\n\t\t\t\t\t\t<div class=\"elementor-element elementor-element-1e98fb4c elementor-widget__width-initial elementor-widget elementor-widget-text-editor\" data-id=\"1e98fb4c\" data-element_type=\"widget\" data-widget_type=\"text-editor.default\">\n\t\t\t\t<div class=\"elementor-widget-container\">\n\t\t\t\t\t\t\t<h2><a title=\"Plastic surgery services\" href=\"https:\/\/christinaguenter.com\/en\/leistungen\/\" rel=\"\"><b>\u00dcbersicht der BehandlungsLEISTUNGEN \u00bb<\/b><\/a><\/h2><p>Here you will find an overview of my main areas of treatment\u2014from aesthetic surgery to gentle corrections. Each treatment is individual, personalized, and carried out with medical care.\u00a0<a title=\"\u00dcbersicht Behandlungsleistungen\" href=\"https:\/\/christinaguenter.com\/en\/leistungen\/\" rel=\"\"> <strong>To the service overview \u00bb<\/strong><\/a><\/p>\t\t\t\t\t\t<\/div>\n\t\t\t\t<\/div>\n\t\t\t\t\t<\/div>\n\t\t<\/div>\n\t\t\t\t<div class=\"elementor-column elementor-col-50 elementor-top-column elementor-element elementor-element-432bbd30\" data-id=\"432bbd30\" data-element_type=\"column\">\n\t\t\t<div class=\"elementor-widget-wrap elementor-element-populated\">\n\t\t\t\t\t\t<div class=\"elementor-element elementor-element-567d7f0f elementor-widget elementor-widget-image\" data-id=\"567d7f0f\" data-element_type=\"widget\" data-widget_type=\"image.default\">\n\t\t\t\t<div class=\"elementor-widget-container\">\n\t\t\t\t\t\t\t\t\t\t\t\t\t\t<a href=\"https:\/\/christinaguenter.com\/en\/leistungen\/\">\n\t\t\t\t\t\t\t<img decoding=\"async\" width=\"460\" height=\"460\" src=\"https:\/\/christinaguenter.com\/wp-content\/uploads\/2025\/08\/op-dr-christina-guenter-plastische-chirurgin_04.jpg\" class=\"attachment-large size-large wp-image-3685\" alt=\"\" srcset=\"https:\/\/christinaguenter.com\/wp-content\/uploads\/2025\/08\/op-dr-christina-guenter-plastische-chirurgin_04.jpg 460w, https:\/\/christinaguenter.com\/wp-content\/uploads\/2025\/08\/op-dr-christina-guenter-plastische-chirurgin_04-300x300.jpg 300w, https:\/\/christinaguenter.com\/wp-content\/uploads\/2025\/08\/op-dr-christina-guenter-plastische-chirurgin_04-150x150.jpg 150w, https:\/\/christinaguenter.com\/wp-content\/uploads\/2025\/08\/op-dr-christina-guenter-plastische-chirurgin_04-12x12.jpg 12w\" sizes=\"(max-width: 460px) 100vw, 460px\" \/>\t\t\t\t\t\t\t\t<\/a>\n\t\t\t\t\t\t\t\t\t\t\t\t\t<\/div>\n\t\t\t\t<\/div>\n\t\t\t\t\t<\/div>\n\t\t<\/div>\n\t\t\t\t\t<\/div>\n\t\t<\/section>\n\t\t\t\t<\/div>","protected":false},"excerpt":{"rendered":"<p>Brust OP \/ Brustrekonstruktion in M\u00fcnchen Brustrekonstruktion Eine Brustrekonstruktion wird immer dann notwendig, wenn im Vorfeld eine Brust aus wichtigen medizinischen Gr\u00fcnden ganz oder teilweise entfernt werden musste oder durch einen Unfall verloren wurde. Es gibt verschiedene operative M\u00f6glichkeiten, eine Brust wiederherzustellen, und auch der Zeitpunkt der Wiederherstellung ist h\u00e4ufig w\u00e4hlbar. Grunds\u00e4tzlich ist es in [&hellip;]<\/p>","protected":false},"author":4,"featured_media":149,"parent":0,"menu_order":0,"comment_status":"closed","ping_status":"closed","template":"","meta":{"footnotes":""},"_links":{"self":[{"href":"https:\/\/christinaguenter.com\/en\/wp-json\/wp\/v2\/pages\/346"}],"collection":[{"href":"https:\/\/christinaguenter.com\/en\/wp-json\/wp\/v2\/pages"}],"about":[{"href":"https:\/\/christinaguenter.com\/en\/wp-json\/wp\/v2\/types\/page"}],"author":[{"embeddable":true,"href":"https:\/\/christinaguenter.com\/en\/wp-json\/wp\/v2\/users\/4"}],"replies":[{"embeddable":true,"href":"https:\/\/christinaguenter.com\/en\/wp-json\/wp\/v2\/comments?post=346"}],"version-history":[{"count":31,"href":"https:\/\/christinaguenter.com\/en\/wp-json\/wp\/v2\/pages\/346\/revisions"}],"predecessor-version":[{"id":3957,"href":"https:\/\/christinaguenter.com\/en\/wp-json\/wp\/v2\/pages\/346\/revisions\/3957"}],"wp:featuredmedia":[{"embeddable":true,"href":"https:\/\/christinaguenter.com\/en\/wp-json\/wp\/v2\/media\/149"}],"wp:attachment":[{"href":"https:\/\/christinaguenter.com\/en\/wp-json\/wp\/v2\/media?parent=346"}],"curies":[{"name":"wp","href":"https:\/\/api.w.org\/{rel}","templated":true}]}}