{"id":358,"date":"2020-04-28T14:00:53","date_gmt":"2020-04-28T12:00:53","guid":{"rendered":"https:\/\/christinaguenter.com\/?page_id=358"},"modified":"2025-08-09T14:07:08","modified_gmt":"2025-08-09T12:07:08","slug":"gynaekomastie","status":"publish","type":"page","link":"https:\/\/christinaguenter.com\/en\/gynaekomastie","title":{"rendered":"Gynecomastia"},"content":{"rendered":"<div data-elementor-type=\"wp-page\" data-elementor-id=\"358\" class=\"elementor elementor-358\" data-elementor-post-type=\"page\">\n\t\t\t\t\t\t<section class=\"elementor-section elementor-top-section elementor-element elementor-element-df01643 elementor-section-boxed elementor-section-height-default elementor-section-height-default\" data-id=\"df01643\" data-element_type=\"section\">\n\t\t\t\t\t\t<div class=\"elementor-container elementor-column-gap-default\">\n\t\t\t\t\t<div class=\"elementor-column elementor-col-100 elementor-top-column elementor-element elementor-element-41a6fa7\" data-id=\"41a6fa7\" data-element_type=\"column\">\n\t\t\t<div class=\"elementor-widget-wrap elementor-element-populated\">\n\t\t\t\t\t\t<div class=\"elementor-element elementor-element-c1233e6 headline elementor-widget elementor-widget-text-editor\" data-id=\"c1233e6\" data-element_type=\"widget\" data-widget_type=\"text-editor.default\">\n\t\t\t\t<div class=\"elementor-widget-container\">\n\t\t\t\t\t\t\t<h1 style=\"font-size: 0.9em; font-weight: 300; color: #888888;\">Gynecomastia, Enlarged Breasts in Men in Munich<\/h1>\t\t\t\t\t\t<\/div>\n\t\t\t\t<\/div>\n\t\t\t\t\t<\/div>\n\t\t<\/div>\n\t\t\t\t\t<\/div>\n\t\t<\/section>\n\t\t\t\t<section class=\"elementor-section elementor-top-section elementor-element elementor-element-1de5cb9 elementor-section-boxed elementor-section-height-default elementor-section-height-default\" data-id=\"1de5cb9\" data-element_type=\"section\">\n\t\t\t\t\t\t<div class=\"elementor-container elementor-column-gap-default\">\n\t\t\t\t\t<div class=\"elementor-column elementor-col-100 elementor-top-column elementor-element elementor-element-7eaac10\" data-id=\"7eaac10\" data-element_type=\"column\">\n\t\t\t<div class=\"elementor-widget-wrap elementor-element-populated\">\n\t\t\t\t\t\t<div class=\"elementor-element elementor-element-8eb79b6 elementor-widget elementor-widget-text-editor\" data-id=\"8eb79b6\" data-element_type=\"widget\" data-widget_type=\"text-editor.default\">\n\t\t\t\t<div class=\"elementor-widget-container\">\n\t\t\t\t\t\t\t<h2>Gynecomastia, Enlarged Breasts in Men<\/h2><div>\u00a0<\/div><p>Gynecomastia is a condition of enlarged breasts in men. They may result merely from an increase in volume (pseudo gynecomastia) due to excess weight, or from excess breast tissue (real gynecomastia). The incidence of both forms of gynecomastia has increased significantly for the past few years due to a general increase in obesity and a number of external factors. According to one hypothesis real gynecomastia is triggered by drugs. The symptoms will usually disappear as soon as the drugs are discontinued. Hormones in drinking water and meat, as well as plasticizers in plastic bottles, are also suspected as potential causes. Occasionally, genuine hormonal disorders may be the reason for the enlarged breast, requiring treatment. In extremely rare cases, breast cancer can also occur in men. The tumor usually manifests itself by a one-sided swelling of the mammary gland.<\/p><p>Gynecomastia changes the silhouette of the male chest. For many affected men, this \u201cfemale silhouette\u201c may be very stressful. Their self-perception will suffer, and disparaging remarks in their private and professional environment can further undermine their self-esteem. In a predominantly male setting, this may lead to bullying and discrimination, possibly even to occupational disadvantages.<\/p><p>Surgical correction may be advisable here, even though gynecomastia is harmless from a medical perspective, with the possible exception of male breast cancer. There are different surgical techniques and incisions, as well as different scar shapes to achieve the individually desired optimal result, depending on the initial findings. In most cases, these will heal quickly and inconspicuously. After a few months, they will hardly be visible. In gynecomastia surgery, it is particularly apparent that wound healing and regeneration will take several weeks to months. The chest area\u2019s sensitivity may also change in the first few months, as with any operation. I will discuss these topics with you in detail and with great empathy in a personal consultation.<\/p><p>Detailed consultations are mandatory before surgical procedures. It is essential to talk about the motivation for this kind of surgery, to discuss whether the desired result can be achieved, and to speak about possible limitations. Other important topics are alternative treatments, as well as potential adverse side effects and possible risks.\u00a0<\/p><h2>Risks<\/h2><p>As with any surgical procedure, gynecomastia surgery may lead to bruising (hematoma), secondary bleeding, swelling, wound healing disorders, infections, and wound dehiscence. Temporary numbness of the treated area may also occur.<\/p><p>If you decide on a surgical procedure, it is essential that you are cared for professionally and personally during the entire process.\u00a0<\/p><p>I attach great importance to perceiving, advising, and treating you as an individual, with all your personality\u2019s facets. My many years of experience, expertise, empathy, and communication are central pillars of my therapeutic success. Intensive and personal post-treatment care is as much a focus of my work as the preparation and the treatment itself. After all, a perfect result can only be achieved by working together as a team.\u00a0<\/p><p>It goes without saying that your health is always given priority. Surgery that negatively affects your health or physical integrity is not recommended and should not be performed in the first place.<\/p><div><img fetchpriority=\"high\" decoding=\"async\" class=\"alignnone wp-image-735\" src=\"https:\/\/christinaguenter.com\/wp-content\/uploads\/2020\/05\/iStock-881579072-300x200.jpg\" alt=\"\" width=\"620\" height=\"413\" srcset=\"https:\/\/christinaguenter.com\/wp-content\/uploads\/2020\/05\/iStock-881579072-300x200.jpg 300w, https:\/\/christinaguenter.com\/wp-content\/uploads\/2020\/05\/iStock-881579072-1024x683.jpg 1024w, https:\/\/christinaguenter.com\/wp-content\/uploads\/2020\/05\/iStock-881579072-768x513.jpg 768w, https:\/\/christinaguenter.com\/wp-content\/uploads\/2020\/05\/iStock-881579072-1536x1025.jpg 1536w, https:\/\/christinaguenter.com\/wp-content\/uploads\/2020\/05\/iStock-881579072-2048x1367.jpg 2048w\" sizes=\"(max-width: 620px) 100vw, 620px\" \/><\/div><h2>Your advantages<\/h2><p>Surgical treatment tailored to the individual patient and her needs<\/p><ul><li>At least two extensive consultations pre- and post-surgery-<\/li><li>Intensive follow-up treatment<\/li><li>Intensive follow-up treatment<\/li><li>Experience with and focus on breast surgery<\/li><li>Honest cost transparency<\/li><li>Comprehensively qualified instructor and trainer for plastic and aesthetic surgeons<\/li><li>International activity<\/li><\/ul><h2>Die wichtigsten Fakten zu Bruststraffung<\/h2><ul><li><strong>DURATION OF SURGERY: <\/strong>1-3h<\/li><li><strong>ANESTHESIA<\/strong><strong>: <\/strong>General anesthesia<\/li><li><strong>HOSPITAL STAY: <\/strong>1 to 2 days<\/li><li><strong>COSTS: <\/strong>will be determined individually after the preliminary consultation, depending on the work involved<\/li><li><strong>FOLLOW-UP-TREATMENT: <\/strong>6 weeks to 12 month<\/li><li><strong>REMOVAL OF SUTURES: <\/strong>after 2 weeks<\/li><li><strong>SOCIAL ACTIVITIES: <\/strong>after 1 to 2 weeks<\/li><li><strong>PHYSICAL EXERCISE: <\/strong>after 6 weeks<\/li><\/ul>\t\t\t\t\t\t<\/div>\n\t\t\t\t<\/div>\n\t\t\t\t\t<\/div>\n\t\t<\/div>\n\t\t\t\t\t<\/div>\n\t\t<\/section>\n\t\t\t\t<section class=\"elementor-section elementor-top-section elementor-element elementor-element-188a73b2 elementor-section-boxed elementor-section-height-default elementor-section-height-default\" data-id=\"188a73b2\" data-element_type=\"section\">\n\t\t\t\t\t\t\t<div class=\"elementor-background-overlay\"><\/div>\n\t\t\t\t\t\t\t<div class=\"elementor-container elementor-column-gap-default\">\n\t\t\t\t\t<div class=\"elementor-column elementor-col-50 elementor-top-column elementor-element elementor-element-6a6f6840\" data-id=\"6a6f6840\" data-element_type=\"column\">\n\t\t\t<div class=\"elementor-widget-wrap elementor-element-populated\">\n\t\t\t\t\t\t<div class=\"elementor-element elementor-element-55e875e6 elementor-widget__width-initial elementor-widget elementor-widget-text-editor\" data-id=\"55e875e6\" data-element_type=\"widget\" data-widget_type=\"text-editor.default\">\n\t\t\t\t<div class=\"elementor-widget-container\">\n\t\t\t\t\t\t\t<h2><a title=\"Plastic surgery services\" href=\"https:\/\/christinaguenter.com\/en\/leistungen\/\" rel=\"\"><b>\u00dcbersicht der BehandlungsLEISTUNGEN \u00bb<\/b><\/a><\/h2><p>Here you will find an overview of my main areas of treatment\u2014from aesthetic surgery to gentle corrections. Each treatment is individual, personalized, and carried out with medical care.\u00a0<a title=\"\u00dcbersicht Behandlungsleistungen\" href=\"https:\/\/christinaguenter.com\/en\/leistungen\/\" rel=\"\"> <strong>To the service overview \u00bb<\/strong><\/a><\/p>\t\t\t\t\t\t<\/div>\n\t\t\t\t<\/div>\n\t\t\t\t\t<\/div>\n\t\t<\/div>\n\t\t\t\t<div class=\"elementor-column elementor-col-50 elementor-top-column elementor-element elementor-element-7fe53e6b\" data-id=\"7fe53e6b\" data-element_type=\"column\">\n\t\t\t<div class=\"elementor-widget-wrap elementor-element-populated\">\n\t\t\t\t\t\t<div class=\"elementor-element elementor-element-674bb90f elementor-widget elementor-widget-image\" data-id=\"674bb90f\" data-element_type=\"widget\" data-widget_type=\"image.default\">\n\t\t\t\t<div class=\"elementor-widget-container\">\n\t\t\t\t\t\t\t\t\t\t\t\t\t\t<a href=\"https:\/\/christinaguenter.com\/en\/leistungen\/\">\n\t\t\t\t\t\t\t<img decoding=\"async\" width=\"460\" height=\"460\" src=\"https:\/\/christinaguenter.com\/wp-content\/uploads\/2025\/08\/op-dr-christina-guenter-plastische-chirurgin_04.jpg\" class=\"attachment-large size-large wp-image-3685\" alt=\"\" srcset=\"https:\/\/christinaguenter.com\/wp-content\/uploads\/2025\/08\/op-dr-christina-guenter-plastische-chirurgin_04.jpg 460w, https:\/\/christinaguenter.com\/wp-content\/uploads\/2025\/08\/op-dr-christina-guenter-plastische-chirurgin_04-300x300.jpg 300w, https:\/\/christinaguenter.com\/wp-content\/uploads\/2025\/08\/op-dr-christina-guenter-plastische-chirurgin_04-150x150.jpg 150w, https:\/\/christinaguenter.com\/wp-content\/uploads\/2025\/08\/op-dr-christina-guenter-plastische-chirurgin_04-12x12.jpg 12w\" sizes=\"(max-width: 460px) 100vw, 460px\" \/>\t\t\t\t\t\t\t\t<\/a>\n\t\t\t\t\t\t\t\t\t\t\t\t\t<\/div>\n\t\t\t\t<\/div>\n\t\t\t\t\t<\/div>\n\t\t<\/div>\n\t\t\t\t\t<\/div>\n\t\t<\/section>\n\t\t\t\t<\/div>","protected":false},"excerpt":{"rendered":"<p>Gyn\u00e4komastie \/ Behandlung M\u00e4nnerbrust in M\u00fcnchen Gyn\u00e4komastie, Brustbildung beim Mann, M\u00e4nnerbrust \u00a0 Kommt es beim Mann zur Vergr\u00f6\u00dferung der Br\u00fcste, wird dies als Gyn\u00e4komastie bezeichnet. Es kann sich dabei um eine reine Mengenzunahme des Fettgewebes handeln (unechte Gyn\u00e4komastie); dies ist zumeist bei \u00dcbergewicht die Ursache. Es kann aber auch eine sogenannte \u201eechte Gyn\u00e4komastie\u201c vorliegen, die [&hellip;]<\/p>","protected":false},"author":4,"featured_media":2009,"parent":0,"menu_order":0,"comment_status":"closed","ping_status":"closed","template":"","meta":{"footnotes":""},"_links":{"self":[{"href":"https:\/\/christinaguenter.com\/en\/wp-json\/wp\/v2\/pages\/358"}],"collection":[{"href":"https:\/\/christinaguenter.com\/en\/wp-json\/wp\/v2\/pages"}],"about":[{"href":"https:\/\/christinaguenter.com\/en\/wp-json\/wp\/v2\/types\/page"}],"author":[{"embeddable":true,"href":"https:\/\/christinaguenter.com\/en\/wp-json\/wp\/v2\/users\/4"}],"replies":[{"embeddable":true,"href":"https:\/\/christinaguenter.com\/en\/wp-json\/wp\/v2\/comments?post=358"}],"version-history":[{"count":31,"href":"https:\/\/christinaguenter.com\/en\/wp-json\/wp\/v2\/pages\/358\/revisions"}],"predecessor-version":[{"id":4028,"href":"https:\/\/christinaguenter.com\/en\/wp-json\/wp\/v2\/pages\/358\/revisions\/4028"}],"wp:featuredmedia":[{"embeddable":true,"href":"https:\/\/christinaguenter.com\/en\/wp-json\/wp\/v2\/media\/2009"}],"wp:attachment":[{"href":"https:\/\/christinaguenter.com\/en\/wp-json\/wp\/v2\/media?parent=358"}],"curies":[{"name":"wp","href":"https:\/\/api.w.org\/{rel}","templated":true}]}}