{"id":370,"date":"2020-04-28T14:34:17","date_gmt":"2020-04-28T12:34:17","guid":{"rendered":"https:\/\/christinaguenter.com\/?page_id=370"},"modified":"2025-08-09T14:11:02","modified_gmt":"2025-08-09T12:11:02","slug":"schamhuegelkorrektur-in-muenchen","status":"publish","type":"page","link":"https:\/\/christinaguenter.com\/en\/schamhuegelkorrektur-in-muenchen","title":{"rendered":"Mons Pubis Correction"},"content":{"rendered":"<div data-elementor-type=\"wp-page\" data-elementor-id=\"370\" class=\"elementor elementor-370\" data-elementor-post-type=\"page\">\n\t\t\t\t\t\t<section class=\"elementor-section elementor-top-section elementor-element elementor-element-7b411e4 elementor-section-boxed elementor-section-height-default elementor-section-height-default\" data-id=\"7b411e4\" data-element_type=\"section\">\n\t\t\t\t\t\t<div class=\"elementor-container elementor-column-gap-default\">\n\t\t\t\t\t<div class=\"elementor-column elementor-col-100 elementor-top-column elementor-element elementor-element-90bdcbb\" data-id=\"90bdcbb\" data-element_type=\"column\">\n\t\t\t<div class=\"elementor-widget-wrap elementor-element-populated\">\n\t\t\t\t\t\t<div class=\"elementor-element elementor-element-0d771c8 headline elementor-widget elementor-widget-text-editor\" data-id=\"0d771c8\" data-element_type=\"widget\" data-widget_type=\"text-editor.default\">\n\t\t\t\t<div class=\"elementor-widget-container\">\n\t\t\t\t\t\t\t<h1 style=\"font-size: 0.9em; font-weight: 300; color: #888888;\">Mons Pubis Correction IN MUNICH<\/h1>\t\t\t\t\t\t<\/div>\n\t\t\t\t<\/div>\n\t\t\t\t\t<\/div>\n\t\t<\/div>\n\t\t\t\t\t<\/div>\n\t\t<\/section>\n\t\t\t\t<section class=\"elementor-section elementor-top-section elementor-element elementor-element-1de5cb9 elementor-section-boxed elementor-section-height-default elementor-section-height-default\" data-id=\"1de5cb9\" data-element_type=\"section\">\n\t\t\t\t\t\t<div class=\"elementor-container elementor-column-gap-default\">\n\t\t\t\t\t<div class=\"elementor-column elementor-col-100 elementor-top-column elementor-element elementor-element-7eaac10\" data-id=\"7eaac10\" data-element_type=\"column\">\n\t\t\t<div class=\"elementor-widget-wrap elementor-element-populated\">\n\t\t\t\t\t\t<div class=\"elementor-element elementor-element-8eb79b6 elementor-widget elementor-widget-text-editor\" data-id=\"8eb79b6\" data-element_type=\"widget\" data-widget_type=\"text-editor.default\">\n\t\t\t\t<div class=\"elementor-widget-container\">\n\t\t\t\t\t\t\t<h2>Mons Pubis Correction<\/h2><p>The mons pubis marks the harmonious transition from the abdomen to the female genitalia. Due to weight and hormonal fluctuations, the mons pubis sometimes changes its appearance. If it is too prominent or too flabby, it is often perceived as unattractive. Liposuction, tightening, or a combination of both can help to improve the body contour. In a personal consultation, Dr. med. Dr. med. Christina Irene G\u00fcnter will discuss which treatment method is most suitable for your individual situation.<\/p><p>It goes without saying that your health is always given priority. Surgery that negatively affects your health or physical integrity is not recommended and should not be performed in the first place. Detailed consultations are mandatory before surgical procedures. It is essential to talk about the motivation for this kind of surgery, to discuss whether the desired result can be achieved, and to speak about possible limitations. Other important topics are alternative treatments, as well as potential adverse side effects and possible risks.\u00a0<\/p><h2>Risks<\/h2><p>As with any surgical procedure, mons pubis reduction may lead to bruising (hematoma), secondary bleeding, swelling, wound healing disorders, infections, and wound dehiscence. Temporary numbness of the treated area may also occur.<\/p><p>If you decide on a surgical procedure, it is essential that you are cared for professionally and personally during the entire process.\u00a0<\/p><p>I attach great importance to perceiving, advising, and treating you as an individual, with all the facets of your personality. My many years of experience, expertise, empathy, and communication are central pillars of my therapeutic success. Intensive and personal post-treatment care is as much a focus of my work as the preparation and the treatment itself. After all, a perfect result can only be achieved by working together as a team.\u00a0<\/p><p><img fetchpriority=\"high\" decoding=\"async\" class=\"wp-image-732 aligncenter\" src=\"https:\/\/christinaguenter.com\/wp-content\/uploads\/2020\/05\/iStock-493444741-200x300.jpg\" alt=\"\" width=\"273\" height=\"410\" srcset=\"https:\/\/christinaguenter.com\/wp-content\/uploads\/2020\/05\/iStock-493444741-200x300.jpg 200w, https:\/\/christinaguenter.com\/wp-content\/uploads\/2020\/05\/iStock-493444741-683x1024.jpg 683w, https:\/\/christinaguenter.com\/wp-content\/uploads\/2020\/05\/iStock-493444741-768x1152.jpg 768w, https:\/\/christinaguenter.com\/wp-content\/uploads\/2020\/05\/iStock-493444741-1024x1536.jpg 1024w, https:\/\/christinaguenter.com\/wp-content\/uploads\/2020\/05\/iStock-493444741-1365x2048.jpg 1365w, https:\/\/christinaguenter.com\/wp-content\/uploads\/2020\/05\/iStock-493444741-scaled.jpg 1707w\" sizes=\"(max-width: 273px) 100vw, 273px\" \/><\/p><h2>The most important facts on mons pubis surgical reduction<\/h2><ul><li><strong>DURATION OF TREATMENT:<\/strong>: from 1 h<\/li><li><strong>ANESTHESIA<\/strong>: twilight sleep with local anesthesia or general anesthesia<\/li><li><strong>TREATMENT:<\/strong>one day in-patient stay or out-patient<\/li><li><strong>COSTS:<\/strong>will be determined individually after the preliminary consultation, depending on the work involved<\/li><li><strong>FOLLOW-UP TREATMENT<\/strong>: 2 to 6 weeks<\/li><li><strong>REMOVAL OF SUTURES<\/strong>: no sutures or absorbable sutures<\/li><li><strong>SOCIAL ACTIVITIES<\/strong>after 1 week<\/li><li><strong>PHYSICAL EXERCISE:<\/strong>: after 4 weeks<\/li><\/ul>\t\t\t\t\t\t<\/div>\n\t\t\t\t<\/div>\n\t\t\t\t\t<\/div>\n\t\t<\/div>\n\t\t\t\t\t<\/div>\n\t\t<\/section>\n\t\t\t\t<section class=\"elementor-section elementor-top-section elementor-element elementor-element-682fd9a4 elementor-section-boxed elementor-section-height-default elementor-section-height-default\" data-id=\"682fd9a4\" data-element_type=\"section\">\n\t\t\t\t\t\t\t<div class=\"elementor-background-overlay\"><\/div>\n\t\t\t\t\t\t\t<div class=\"elementor-container elementor-column-gap-default\">\n\t\t\t\t\t<div class=\"elementor-column elementor-col-50 elementor-top-column elementor-element elementor-element-7379c483\" data-id=\"7379c483\" data-element_type=\"column\">\n\t\t\t<div class=\"elementor-widget-wrap elementor-element-populated\">\n\t\t\t\t\t\t<div class=\"elementor-element elementor-element-33babd04 elementor-widget__width-initial elementor-widget elementor-widget-text-editor\" data-id=\"33babd04\" data-element_type=\"widget\" data-widget_type=\"text-editor.default\">\n\t\t\t\t<div class=\"elementor-widget-container\">\n\t\t\t\t\t\t\t<h2><a title=\"Plastic surgery services\" href=\"https:\/\/christinaguenter.com\/en\/leistungen\/\" rel=\"\"><b>\u00dcbersicht der BehandlungsLEISTUNGEN \u00bb<\/b><\/a><\/h2><p>Here you will find an overview of my main areas of treatment\u2014from aesthetic surgery to gentle corrections. Each treatment is individual, personalized, and carried out with medical care.\u00a0<a title=\"\u00dcbersicht Behandlungsleistungen\" href=\"https:\/\/christinaguenter.com\/en\/leistungen\/\" rel=\"\"> <strong>To the service overview \u00bb<\/strong><\/a><\/p>\t\t\t\t\t\t<\/div>\n\t\t\t\t<\/div>\n\t\t\t\t\t<\/div>\n\t\t<\/div>\n\t\t\t\t<div class=\"elementor-column elementor-col-50 elementor-top-column elementor-element elementor-element-69d41840\" data-id=\"69d41840\" data-element_type=\"column\">\n\t\t\t<div class=\"elementor-widget-wrap elementor-element-populated\">\n\t\t\t\t\t\t<div class=\"elementor-element elementor-element-d30e23d elementor-widget elementor-widget-image\" data-id=\"d30e23d\" data-element_type=\"widget\" data-widget_type=\"image.default\">\n\t\t\t\t<div class=\"elementor-widget-container\">\n\t\t\t\t\t\t\t\t\t\t\t\t\t\t<a href=\"https:\/\/christinaguenter.com\/en\/leistungen\/\">\n\t\t\t\t\t\t\t<img decoding=\"async\" width=\"460\" height=\"460\" src=\"https:\/\/christinaguenter.com\/wp-content\/uploads\/2025\/08\/op-dr-christina-guenter-plastische-chirurgin_04.jpg\" class=\"attachment-large size-large wp-image-3685\" alt=\"\" srcset=\"https:\/\/christinaguenter.com\/wp-content\/uploads\/2025\/08\/op-dr-christina-guenter-plastische-chirurgin_04.jpg 460w, https:\/\/christinaguenter.com\/wp-content\/uploads\/2025\/08\/op-dr-christina-guenter-plastische-chirurgin_04-300x300.jpg 300w, https:\/\/christinaguenter.com\/wp-content\/uploads\/2025\/08\/op-dr-christina-guenter-plastische-chirurgin_04-150x150.jpg 150w, https:\/\/christinaguenter.com\/wp-content\/uploads\/2025\/08\/op-dr-christina-guenter-plastische-chirurgin_04-12x12.jpg 12w\" sizes=\"(max-width: 460px) 100vw, 460px\" \/>\t\t\t\t\t\t\t\t<\/a>\n\t\t\t\t\t\t\t\t\t\t\t\t\t<\/div>\n\t\t\t\t<\/div>\n\t\t\t\t\t<\/div>\n\t\t<\/div>\n\t\t\t\t\t<\/div>\n\t\t<\/section>\n\t\t\t\t<\/div>","protected":false},"excerpt":{"rendered":"<p>Schamh\u00fcgelkorrektur in M\u00fcnchen Schamh\u00fcgel-Korrektur \/ Mons Pubis Korrektur Der Schamh\u00fcgel markiert den \u00dcbergang von der Bauchdecke in den Intimbereich. Durch Gewichts- und Hormonschwankungen kann er sein Erscheinungsbild ver\u00e4ndern. Insbesondere wenn er zu prominent oder zu erschlafft ist, wird dies h\u00e4ufig als st\u00f6rend empfunden. Hier kann durch eine Fettabsaugung, eine Straffung oder eine Kombinationsbehandlung geholfen werden. [&hellip;]<\/p>","protected":false},"author":4,"featured_media":149,"parent":0,"menu_order":0,"comment_status":"closed","ping_status":"closed","template":"","meta":{"footnotes":""},"_links":{"self":[{"href":"https:\/\/christinaguenter.com\/en\/wp-json\/wp\/v2\/pages\/370"}],"collection":[{"href":"https:\/\/christinaguenter.com\/en\/wp-json\/wp\/v2\/pages"}],"about":[{"href":"https:\/\/christinaguenter.com\/en\/wp-json\/wp\/v2\/types\/page"}],"author":[{"embeddable":true,"href":"https:\/\/christinaguenter.com\/en\/wp-json\/wp\/v2\/users\/4"}],"replies":[{"embeddable":true,"href":"https:\/\/christinaguenter.com\/en\/wp-json\/wp\/v2\/comments?post=370"}],"version-history":[{"count":35,"href":"https:\/\/christinaguenter.com\/en\/wp-json\/wp\/v2\/pages\/370\/revisions"}],"predecessor-version":[{"id":4068,"href":"https:\/\/christinaguenter.com\/en\/wp-json\/wp\/v2\/pages\/370\/revisions\/4068"}],"wp:featuredmedia":[{"embeddable":true,"href":"https:\/\/christinaguenter.com\/en\/wp-json\/wp\/v2\/media\/149"}],"wp:attachment":[{"href":"https:\/\/christinaguenter.com\/en\/wp-json\/wp\/v2\/media?parent=370"}],"curies":[{"name":"wp","href":"https:\/\/api.w.org\/{rel}","templated":true}]}}