{"id":389,"date":"2020-04-28T17:21:26","date_gmt":"2020-04-28T15:21:26","guid":{"rendered":"https:\/\/christinaguenter.com\/?page_id=389"},"modified":"2025-08-17T14:58:14","modified_gmt":"2025-08-17T12:58:14","slug":"armstraffungen-in-muenchen","status":"publish","type":"page","link":"https:\/\/christinaguenter.com\/en\/armstraffungen-in-muenchen","title":{"rendered":"arm lifts"},"content":{"rendered":"<div data-elementor-type=\"wp-page\" data-elementor-id=\"389\" class=\"elementor elementor-389\" data-elementor-post-type=\"page\">\n\t\t\t\t\t\t<section class=\"elementor-section elementor-top-section elementor-element elementor-element-2dfd52b elementor-section-boxed elementor-section-height-default elementor-section-height-default\" data-id=\"2dfd52b\" data-element_type=\"section\">\n\t\t\t\t\t\t<div class=\"elementor-container elementor-column-gap-default\">\n\t\t\t\t\t<div class=\"elementor-column elementor-col-100 elementor-top-column elementor-element elementor-element-419edce\" data-id=\"419edce\" data-element_type=\"column\">\n\t\t\t<div class=\"elementor-widget-wrap elementor-element-populated\">\n\t\t\t\t\t\t<div class=\"elementor-element elementor-element-37f54b1 headline elementor-widget elementor-widget-text-editor\" data-id=\"37f54b1\" data-element_type=\"widget\" data-widget_type=\"text-editor.default\">\n\t\t\t\t<div class=\"elementor-widget-container\">\n\t\t\t\t\t\t\t<h1 style=\"font-size: 0.9em; font-weight: 300; color: #888888;\">&nbsp;arm lifts in munich<\/h1>\t\t\t\t\t\t<\/div>\n\t\t\t\t<\/div>\n\t\t\t\t\t<\/div>\n\t\t<\/div>\n\t\t\t\t\t<\/div>\n\t\t<\/section>\n\t\t\t\t<section class=\"elementor-section elementor-top-section elementor-element elementor-element-1de5cb9 elementor-section-boxed elementor-section-height-default elementor-section-height-default\" data-id=\"1de5cb9\" data-element_type=\"section\">\n\t\t\t\t\t\t<div class=\"elementor-container elementor-column-gap-default\">\n\t\t\t\t\t<div class=\"elementor-column elementor-col-100 elementor-top-column elementor-element elementor-element-7eaac10\" data-id=\"7eaac10\" data-element_type=\"column\">\n\t\t\t<div class=\"elementor-widget-wrap elementor-element-populated\">\n\t\t\t\t\t\t<div class=\"elementor-element elementor-element-8eb79b6 elementor-widget elementor-widget-text-editor\" data-id=\"8eb79b6\" data-element_type=\"widget\" data-widget_type=\"text-editor.default\">\n\t\t\t\t<div class=\"elementor-widget-container\">\n\t\t\t\t\t\t\t<h2>arm lifts<\/h2><p><strong>Arm correction \/ Arm surgery \/ Liposuction for the arms<\/strong><\/p><p>Our hands and arms are our second \"business card\" after our face. They play a decisive role in non-verbal communication. They should be well-groomed, slim, trained, muscular and toned. This is associated with vitality, youthful freshness and physical attractiveness. Fat deposits, sagging skin and visible blemishes, such as pigmentation spots, are undesirable.\u00a0<\/p><p>But unfortunately, a disciplined exercise program alone is often not enough to achieve the desired result. Especially after weight and hormonal fluctuations, the skin on the upper arms sags. Even in the case of lipedema, for example, the pathological fat pads cannot be treated with regular measures. Here, an arm lift or liposuction can show new ways.<\/p><p>Dr. Dr. Christina Irene G\u00fcnter will be happy to help you on your way to your desired arms and is available for an individual consultation. Together we will decide which treatment is right for you. Treatment alternatives, advantages and disadvantages, risks and possible undesirable results will be honestly explained.<\/p><p>Depending on the findings, there are various possible incision designs and resulting scar courses. In the case of a \"major\" arm lift, scarring on the inside of the upper arms is unfortunately unavoidable. Fortunately, the scars usually heal well and quickly and become relatively inconspicuous.\u00a0<\/p><p>If skin elasticity is sufficient, liposuction alone may be sufficient, requiring only 1-2 small incisions about 0.5 cm long.\u00a0<\/p><p>Which method is suitable can only be clarified in an individual personal consultation with Dr. Dr. Christina Irene G\u00fcnter.<\/p><p>\u00a0Detailed consultations are also mandatory before such an operation. It is also important to discuss the motivation for the procedure. It is also very important to discuss whether the desired result is feasible and possible limitations. Alternative treatment methods should also be discussed at this time, as well as possible undesirable side effects and risks.\u00a0<\/p><p>It goes without saying that health is always given priority as a matter of principle. Operations that affect your health or the physical integrity<\/p><h2>Risks<\/h2><p>As with any other surgical procedure, arm lift surgery can cause bruising (hematoma), secondary bleeding, swelling, wound healing problems, infection, and sutures coming apart. Temporary numbness in the operated area is also possible. In the nature of tightening surgery, there is a certain feeling of tension in the surgical area that may persist for a few weeks.<\/p><p>If you decide on a surgical procedure, it is essential that you are cared for professionally and personally during the entire process.\u00a0<\/p><p>I attach great importance to perceiving, advising, and treating you as an individual, with all the facets of your personality. My many years of experience, expertise, empathy, and communication are central pillars of my therapeutic success. Intensive and personal post-treatment care is as much a focus of my work as the preparation and the treatment itself. After all, a perfect result can only be achieved by working together as a team.\u00a0<\/p><p>\u00a0<\/p><h2><img fetchpriority=\"high\" decoding=\"async\" class=\"wp-image-731 aligncenter\" src=\"https:\/\/christinaguenter.com\/wp-content\/uploads\/2020\/05\/iStock-492795237-184x300.jpg\" alt=\"\" width=\"231\" height=\"377\" srcset=\"https:\/\/christinaguenter.com\/wp-content\/uploads\/2020\/05\/iStock-492795237-184x300.jpg 184w, https:\/\/christinaguenter.com\/wp-content\/uploads\/2020\/05\/iStock-492795237-627x1024.jpg 627w, https:\/\/christinaguenter.com\/wp-content\/uploads\/2020\/05\/iStock-492795237-768x1253.jpg 768w, https:\/\/christinaguenter.com\/wp-content\/uploads\/2020\/05\/iStock-492795237-941x1536.jpg 941w, https:\/\/christinaguenter.com\/wp-content\/uploads\/2020\/05\/iStock-492795237-1255x2048.jpg 1255w, https:\/\/christinaguenter.com\/wp-content\/uploads\/2020\/05\/iStock-492795237-scaled.jpg 1569w\" sizes=\"(max-width: 231px) 100vw, 231px\" \/><\/h2><h2>Die wichtigsten Fakten zur Armstraffung<\/h2><p><strong>DURATION OF SURGERY:<\/strong>\u00a01,5-2 h<\/p><ul><li><strong> \u00a0ANESTHESIA<\/strong>: General anesthesia<\/li><li><strong> \u00a0HOSPITAL STAY<\/strong>: 1 to 2 nights<\/li><li><strong> \u00a0COSTS:<\/strong>will be determined individually after the preliminary consultation, depending on the work involved<\/li><li><strong> \u00a0FOLLOW-UP TREATMENT<\/strong>: 1 to 6 weeks<\/li><li><strong> \u00a0REMOVAL OF SUTURES<\/strong>: not applicable or 2 weeks<\/li><li><strong> \u00a0SOCIAL ACTIVITIES<\/strong>after 1 to 2 weeks<\/li><li><strong> \u00a0PHYSICAL EXERCISE:<\/strong>after 4 to 6 weeks<\/li><\/ul>\t\t\t\t\t\t<\/div>\n\t\t\t\t<\/div>\n\t\t\t\t\t<\/div>\n\t\t<\/div>\n\t\t\t\t\t<\/div>\n\t\t<\/section>\n\t\t\t\t<section class=\"elementor-section elementor-top-section elementor-element elementor-element-3ad04462 elementor-section-boxed elementor-section-height-default elementor-section-height-default\" data-id=\"3ad04462\" data-element_type=\"section\">\n\t\t\t\t\t\t\t<div class=\"elementor-background-overlay\"><\/div>\n\t\t\t\t\t\t\t<div class=\"elementor-container elementor-column-gap-default\">\n\t\t\t\t\t<div class=\"elementor-column elementor-col-50 elementor-top-column elementor-element elementor-element-74af33f9\" data-id=\"74af33f9\" data-element_type=\"column\">\n\t\t\t<div class=\"elementor-widget-wrap elementor-element-populated\">\n\t\t\t\t\t\t<div class=\"elementor-element elementor-element-90da6ea elementor-widget__width-initial elementor-widget elementor-widget-text-editor\" data-id=\"90da6ea\" data-element_type=\"widget\" data-widget_type=\"text-editor.default\">\n\t\t\t\t<div class=\"elementor-widget-container\">\n\t\t\t\t\t\t\t<h2><a title=\"Plastic surgery services\" href=\"https:\/\/christinaguenter.com\/en\/leistungen\/\" rel=\"\"><b>Infos zum mommy Makeover \/ Mommymakeover \u00bb<\/b><\/a><\/h2><p>Hier finden Sie verst\u00e4ndliche und einf\u00fchlsame Informationen rund um das Thema Mommy Makeover \u2013 von den OP-Optionen bis zur Erholungszeit. <a title=\"Mommy Makeover Mommymakeover\" href=\"https:\/\/christinaguenter.com\/en\/mommy-makeover-mommymakeover\/\" rel=\"\"> <strong>Zum Mommy Makeover \u00bb<\/strong><\/a><\/p>\t\t\t\t\t\t<\/div>\n\t\t\t\t<\/div>\n\t\t\t\t\t<\/div>\n\t\t<\/div>\n\t\t\t\t<div class=\"elementor-column elementor-col-50 elementor-top-column elementor-element elementor-element-312bf2ef\" data-id=\"312bf2ef\" data-element_type=\"column\">\n\t\t\t<div class=\"elementor-widget-wrap elementor-element-populated\">\n\t\t\t\t\t\t<div class=\"elementor-element elementor-element-4892a32b elementor-widget elementor-widget-image\" data-id=\"4892a32b\" data-element_type=\"widget\" data-widget_type=\"image.default\">\n\t\t\t\t<div class=\"elementor-widget-container\">\n\t\t\t\t\t\t\t\t\t\t\t\t\t\t<a href=\"https:\/\/christinaguenter.com\/en\/mommy-makeover-mommymakeover\/\">\n\t\t\t\t\t\t\t<img decoding=\"async\" width=\"360\" height=\"360\" src=\"https:\/\/christinaguenter.com\/wp-content\/uploads\/2025\/08\/teaser_mommy_makeover.jpg\" class=\"attachment-large size-large wp-image-3367\" alt=\"Behandlung im Bereich Mommy Makeover Mommymakeover - Dr. med Christina Irene G\u00fcnter ... Fach\u00e4rztin f\u00fcr Plastische Chirurgie aus M\u00fcnchen\" srcset=\"https:\/\/christinaguenter.com\/wp-content\/uploads\/2025\/08\/teaser_mommy_makeover.jpg 360w, https:\/\/christinaguenter.com\/wp-content\/uploads\/2025\/08\/teaser_mommy_makeover-300x300.jpg 300w, https:\/\/christinaguenter.com\/wp-content\/uploads\/2025\/08\/teaser_mommy_makeover-150x150.jpg 150w, https:\/\/christinaguenter.com\/wp-content\/uploads\/2025\/08\/teaser_mommy_makeover-12x12.jpg 12w\" sizes=\"(max-width: 360px) 100vw, 360px\" \/>\t\t\t\t\t\t\t\t<\/a>\n\t\t\t\t\t\t\t\t\t\t\t\t\t<\/div>\n\t\t\t\t<\/div>\n\t\t\t\t\t<\/div>\n\t\t<\/div>\n\t\t\t\t\t<\/div>\n\t\t<\/section>\n\t\t\t\t<section class=\"elementor-section elementor-top-section elementor-element elementor-element-2557a3c0 elementor-section-boxed elementor-section-height-default elementor-section-height-default\" data-id=\"2557a3c0\" data-element_type=\"section\">\n\t\t\t\t\t\t\t<div class=\"elementor-background-overlay\"><\/div>\n\t\t\t\t\t\t\t<div class=\"elementor-container elementor-column-gap-default\">\n\t\t\t\t\t<div class=\"elementor-column elementor-col-50 elementor-top-column elementor-element elementor-element-55c256b1\" data-id=\"55c256b1\" data-element_type=\"column\">\n\t\t\t<div class=\"elementor-widget-wrap elementor-element-populated\">\n\t\t\t\t\t\t<div class=\"elementor-element elementor-element-17732768 elementor-widget__width-initial elementor-widget elementor-widget-text-editor\" data-id=\"17732768\" data-element_type=\"widget\" data-widget_type=\"text-editor.default\">\n\t\t\t\t<div class=\"elementor-widget-container\">\n\t\t\t\t\t\t\t<h2><a title=\"Plastic surgery services\" href=\"https:\/\/christinaguenter.com\/en\/leistungen\/\" rel=\"\"><b>\u00dcbersicht der BehandlungsLEISTUNGEN \u00bb<\/b><\/a><\/h2><p>Here you will find an overview of my main areas of treatment\u2014from aesthetic surgery to gentle corrections. Each treatment is individual, personalized, and carried out with medical care.\u00a0<a title=\"\u00dcbersicht Behandlungsleistungen\" href=\"https:\/\/christinaguenter.com\/en\/leistungen\/\" rel=\"\"> <strong>To the service overview \u00bb<\/strong><\/a><\/p>\t\t\t\t\t\t<\/div>\n\t\t\t\t<\/div>\n\t\t\t\t\t<\/div>\n\t\t<\/div>\n\t\t\t\t<div class=\"elementor-column elementor-col-50 elementor-top-column elementor-element elementor-element-779a0365\" data-id=\"779a0365\" data-element_type=\"column\">\n\t\t\t<div class=\"elementor-widget-wrap elementor-element-populated\">\n\t\t\t\t\t\t<div class=\"elementor-element elementor-element-75bc286f elementor-widget elementor-widget-image\" data-id=\"75bc286f\" data-element_type=\"widget\" data-widget_type=\"image.default\">\n\t\t\t\t<div class=\"elementor-widget-container\">\n\t\t\t\t\t\t\t\t\t\t\t\t\t\t<a href=\"https:\/\/christinaguenter.com\/en\/leistungen\/\">\n\t\t\t\t\t\t\t<img decoding=\"async\" width=\"460\" height=\"460\" src=\"https:\/\/christinaguenter.com\/wp-content\/uploads\/2025\/08\/op-dr-christina-guenter-plastische-chirurgin_04.jpg\" class=\"attachment-large size-large wp-image-3685\" alt=\"\" srcset=\"https:\/\/christinaguenter.com\/wp-content\/uploads\/2025\/08\/op-dr-christina-guenter-plastische-chirurgin_04.jpg 460w, https:\/\/christinaguenter.com\/wp-content\/uploads\/2025\/08\/op-dr-christina-guenter-plastische-chirurgin_04-300x300.jpg 300w, https:\/\/christinaguenter.com\/wp-content\/uploads\/2025\/08\/op-dr-christina-guenter-plastische-chirurgin_04-150x150.jpg 150w, https:\/\/christinaguenter.com\/wp-content\/uploads\/2025\/08\/op-dr-christina-guenter-plastische-chirurgin_04-12x12.jpg 12w\" sizes=\"(max-width: 460px) 100vw, 460px\" \/>\t\t\t\t\t\t\t\t<\/a>\n\t\t\t\t\t\t\t\t\t\t\t\t\t<\/div>\n\t\t\t\t<\/div>\n\t\t\t\t\t<\/div>\n\t\t<\/div>\n\t\t\t\t\t<\/div>\n\t\t<\/section>\n\t\t\t\t<\/div>","protected":false},"excerpt":{"rendered":"<p>&nbsp;Armstraffung und armlifting in M\u00fcnchen Armstraffung \/ Armlifting Armkorrekturen \/ Armchirurgie \/ Fettabsaugung f\u00fcr die Arme Unsere H\u00e4nde und Arme sind nach unserem Gesicht unsere zweite \u201eVisitenkarte\u201c. Ganz ma\u00dfgeblich sind sie bei der nonverbalen Kommunikation beteiligt. Gepflegt, schlank, trainiert bis muskul\u00f6s und straff sollen sie sein. Dies wird mit Vitalit\u00e4t, jugendlicher Frische und k\u00f6rperlicher Attraktivit\u00e4t [&hellip;]<\/p>","protected":false},"author":4,"featured_media":149,"parent":0,"menu_order":0,"comment_status":"closed","ping_status":"closed","template":"","meta":{"footnotes":""},"_links":{"self":[{"href":"https:\/\/christinaguenter.com\/en\/wp-json\/wp\/v2\/pages\/389"}],"collection":[{"href":"https:\/\/christinaguenter.com\/en\/wp-json\/wp\/v2\/pages"}],"about":[{"href":"https:\/\/christinaguenter.com\/en\/wp-json\/wp\/v2\/types\/page"}],"author":[{"embeddable":true,"href":"https:\/\/christinaguenter.com\/en\/wp-json\/wp\/v2\/users\/4"}],"replies":[{"embeddable":true,"href":"https:\/\/christinaguenter.com\/en\/wp-json\/wp\/v2\/comments?post=389"}],"version-history":[{"count":41,"href":"https:\/\/christinaguenter.com\/en\/wp-json\/wp\/v2\/pages\/389\/revisions"}],"predecessor-version":[{"id":4242,"href":"https:\/\/christinaguenter.com\/en\/wp-json\/wp\/v2\/pages\/389\/revisions\/4242"}],"wp:featuredmedia":[{"embeddable":true,"href":"https:\/\/christinaguenter.com\/en\/wp-json\/wp\/v2\/media\/149"}],"wp:attachment":[{"href":"https:\/\/christinaguenter.com\/en\/wp-json\/wp\/v2\/media?parent=389"}],"curies":[{"name":"wp","href":"https:\/\/api.w.org\/{rel}","templated":true}]}}