{"id":404,"date":"2020-04-28T18:40:35","date_gmt":"2020-04-28T16:40:35","guid":{"rendered":"https:\/\/christinaguenter.com\/?page_id=404"},"modified":"2025-08-17T14:53:04","modified_gmt":"2025-08-17T12:53:04","slug":"bauchdeckenstraffung-in-muenchen","status":"publish","type":"page","link":"https:\/\/christinaguenter.com\/en\/bauchdeckenstraffung-in-muenchen","title":{"rendered":"Abdominoplasty"},"content":{"rendered":"<div data-elementor-type=\"wp-page\" data-elementor-id=\"404\" class=\"elementor elementor-404\" data-elementor-post-type=\"page\">\n\t\t\t\t\t\t<section class=\"elementor-section elementor-top-section elementor-element elementor-element-fd8f885 elementor-section-boxed elementor-section-height-default elementor-section-height-default\" data-id=\"fd8f885\" data-element_type=\"section\">\n\t\t\t\t\t\t<div class=\"elementor-container elementor-column-gap-default\">\n\t\t\t\t\t<div class=\"elementor-column elementor-col-100 elementor-top-column elementor-element elementor-element-6f5cd21\" data-id=\"6f5cd21\" data-element_type=\"column\">\n\t\t\t<div class=\"elementor-widget-wrap elementor-element-populated\">\n\t\t\t\t\t\t<div class=\"elementor-element elementor-element-2a9de97 headline elementor-widget elementor-widget-text-editor\" data-id=\"2a9de97\" data-element_type=\"widget\" data-widget_type=\"text-editor.default\">\n\t\t\t\t<div class=\"elementor-widget-container\">\n\t\t\t\t\t\t\t<h1 style=\"font-size: 0.9em; font-weight: 300; color: #888888;\">Abdominoplasty in Munich<\/h1>\t\t\t\t\t\t<\/div>\n\t\t\t\t<\/div>\n\t\t\t\t\t<\/div>\n\t\t<\/div>\n\t\t\t\t\t<\/div>\n\t\t<\/section>\n\t\t\t\t<section class=\"elementor-section elementor-top-section elementor-element elementor-element-1de5cb9 elementor-section-boxed elementor-section-height-default elementor-section-height-default\" data-id=\"1de5cb9\" data-element_type=\"section\">\n\t\t\t\t\t\t<div class=\"elementor-container elementor-column-gap-default\">\n\t\t\t\t\t<div class=\"elementor-column elementor-col-100 elementor-top-column elementor-element elementor-element-7eaac10\" data-id=\"7eaac10\" data-element_type=\"column\">\n\t\t\t<div class=\"elementor-widget-wrap elementor-element-populated\">\n\t\t\t\t\t\t<div class=\"elementor-element elementor-element-8eb79b6 elementor-widget elementor-widget-text-editor\" data-id=\"8eb79b6\" data-element_type=\"widget\" data-widget_type=\"text-editor.default\">\n\t\t\t\t<div class=\"elementor-widget-container\">\n\t\t\t\t\t\t\t<h2>Abdominoplasty also called Tummy Tuck<\/h2><p><strong>Abdominal Wall Reconstruction \/ Mini-Abdominoplasty \/ Lipo-Abdominoplasty<\/strong><\/p><p>Due to Dr. med. Dr. med. Christina Irene G\u00fcnter\u2019s international activities and her cooperation with famous bariatric surgeons in Kuwait, one of her main areas of expertise in post-bariatric or body-shaping surgery, including abdominoplasty.<\/p><p>Weight and hormonal fluctuations, pregnancies, or sometimes simply increasing age, and menopause may cause the abdominal skin to become loose and sagging. Most women perceive the flabby skin as ugly and unattractive and start wearing swim-suits instead of bikinis if they go swimming at all. Men usually have no other choice than to wear their wrinkles with dignity. \nThe straight abdominal muscles often start to separate after pregnancies and weight loss, leading to a so-called postpartum belly, also known as \u201cmummy tummy.\u201d These diverging muscles not only lead to aesthetic issues, but potentially also to functional problems, since the complicated balance of bipedal movement is impaired, causing back pain up to premature spinal column abrasion, and, in the worst case, to herniated discs. Neither excess skin nor separating muscles can be improved by physical exercise or a healthy diet, even though this is all too often propagated by enterprising people. In most cases, only a surgical correction offers a possible solution and leads to the desired result: aesthetically formed, flat, and firm abdominal contours, with functionally restored abdominal musculature!<\/p><p>Depending on the procedure\u2019s extent and the desired result, there are several surgical methods: mini-abdominoplasty, abdominoplasty with muscle correction, and abdominoplasty with simultaneous liposuction. If both the skin and subcutaneous fatty tissue are sagging, and the abdominal musculature has separated and needs to be corrected, the classic abdominoplasty is the method of choice.\u00a0<\/p><p>Dr. med. Dr. med. Christina Irene G\u00fcnter uses gentle surgical methods, taking care to only use short and easily hidden incisions. In an individual consultation, she will recommend the best course of treatment for your specific situation.<\/p><p>It goes without saying that your health is always given priority. Surgery that negatively affects your health or physical integrity is not recommended before any surgical procedure. It is essential to talk about the motivation for this kind of surgery, to discuss whether the desired result can be achieved, and to speak about possible limitations. Other important topics are alternative treatments, as well as potential adverse side effects and possible risks.\u00a0<\/p><h2>Risks<\/h2><p>As with any surgical procedure, abdominoplasty may lead to bruising (hematoma), secondary bleeding, swelling, wound healing disorders, infections, and wound dehiscence. Temporary numbness of the treated area may also occur. After surgery, a certain abdominal tightness may be experienced, which is a natural part of the healing process, and may last for several weeks.<\/p><p>If you decide on an abdominoplasty surgery, it is essential that you are cared for professionally and personally during the entire process.\u00a0<\/p><p>I attach great importance to perceiving, advising, and treating you as an individual, with all the facets of your personality. My many years of experience, expertise, empathy, and communication are central pillars of my therapeutic success. Intensive and personal post-treatment care is as much a focus of my work as the preparation and the treatment itself. After all, a perfect result can only be achieved by working together as a team.\u00a0<\/p><h2>The most important facts on abdominoplasty surgery:<\/h2><ul><li><strong>DURATION OF SURGERY: <\/strong>1,5 to 3 h<\/li><li><strong>ANESTHESIA<\/strong><strong>: <\/strong>General anesthesia<\/li><li><strong>HOSPITAL STAY<\/strong><strong>: <\/strong>from 2 days<\/li><li><strong>COSTS:<\/strong><strong>: <\/strong>will be determined individually after the preliminary consultation, depending on the work involved<\/li><li><strong>FOLLOW-UP TREATMENT<\/strong><strong>: <\/strong>3 to 6 weeks<\/li><li><strong>REMOVAL OF SUTURES<\/strong><strong>: <\/strong>not applicable<\/li><li><strong>SOCIAL ACTIVITIES<\/strong><strong>: <\/strong>after 1 to 2 weeks<\/li><li><strong>PHYSICAL EXERCISE:<\/strong><strong>: <\/strong>after 6 weeks<\/li><li><strong>COMPRESSION CLOTHING<\/strong><strong>: <\/strong>needs to be worn for 6 weeks<\/li><\/ul><h2>Mini-abdominoplasty<\/h2><p>As the name already suggests, mini-abdominoplasty is a significantly smaller procedure compared to a complete abdominoplasty, involving only a tightening of the abdominal wall below the belly button. In an individual consultation, Dr. med. Dr. med. Christina Irene G\u00fcnter will recommend the best course of treatment for your specific situation.<\/p><p>It goes without saying that your health is always given priority. Surgery that negatively affects your health or physical integrity is not recommended before any surgical procedure. It is essential to talk about the motivation for this kind of surgery, to discuss whether the desired result can be achieved, and to speak about possible limitations. Other important topics are alternative treatments, as well as potential adverse side effects and possible risks.\u00a0<\/p><h2>Risks<\/h2><p>As with any surgical procedure, a mini-abdominoplasty may lead to bruising (hematoma), secondary bleeding, swelling, wound healing disorders, infections, and wound dehiscence. Temporary numbness of the treated area may also occur. After surgery, a certain abdominal tightness may be experienced, which is a natural part of the healing process, and may last for several weeks.<\/p><h2>The most important facts on mini-abdominoplasty surgery:<\/h2><ul><li><strong>DURATION OF SURGERY: <\/strong>1-2h<\/li><li><strong>ANESTHESIA<\/strong><strong>: <\/strong>General anesthesia<\/li><li><strong>HOSPITAL STAY<\/strong><strong>: <\/strong>1 to 2 days<\/li><li><strong>COSTS:<\/strong><strong>: <\/strong>will be determined individually after the preliminary consultation, depending on the work involved<\/li><li><strong>FOLLOW-UP TREATMENT<\/strong><strong>: <\/strong>3 to 6 weeks<\/li><li><strong>REMOVAL OF SUTURES<\/strong><strong>: <\/strong>not applicable<\/li><li><strong>SOCIAL ACTIVITIES<\/strong><strong>: <\/strong>after 1 to 2 weeks<\/li><li><strong>PHYSICAL EXERCISE:<\/strong><strong>: <\/strong><strong>\u00a0<\/strong>after 6 weeks<\/li><li><strong>KOMPRESSIONSW\u00c4SCHE: <\/strong>needs to be worn for 6 weeks<\/li><\/ul><h2>Abdominoplasty Combined with Liposuction<\/h2><p>A combination treatment of abdominoplasty and liposuction may be particularly recommended for patients with undesirable fat deposits in the upper abdomen, hips, and flanks. Even if major abdominal surgeries have already been performed, this combination treatment may be the gentler surgical technique compared to the classic method.<\/p><p>It goes without saying that your health is always given priority. Surgery that negatively affects your health or physical integrity is not recommended before any surgical procedure. It is essential to talk about the motivation for this kind of surgery, to discuss whether the desired result can be achieved, and to speak about possible limitations. Other important topics are alternative treatments, as well as potential adverse side effects and possible risks.\u00a0<\/p><h2>Risks<\/h2><p>As with any surgical procedure, a combination of abdominoplasty and liposuction may lead to bruising (hematoma), secondary bleeding, swelling, wound healing disorders, infections, and wound dehiscence. Temporary numbness of the treated area may also occur. After surgery, a certain abdominal tightness may be experienced, which is a natural part of the healing process, and may last for several weeks.<br \/><br \/><\/p><p><img fetchpriority=\"high\" decoding=\"async\" class=\"wp-image-731 aligncenter\" src=\"https:\/\/christinaguenter.com\/wp-content\/uploads\/2020\/05\/iStock-492795237-184x300.jpg\" alt=\"\" width=\"241\" height=\"393\" srcset=\"https:\/\/christinaguenter.com\/wp-content\/uploads\/2020\/05\/iStock-492795237-184x300.jpg 184w, https:\/\/christinaguenter.com\/wp-content\/uploads\/2020\/05\/iStock-492795237-627x1024.jpg 627w, https:\/\/christinaguenter.com\/wp-content\/uploads\/2020\/05\/iStock-492795237-768x1253.jpg 768w, https:\/\/christinaguenter.com\/wp-content\/uploads\/2020\/05\/iStock-492795237-941x1536.jpg 941w, https:\/\/christinaguenter.com\/wp-content\/uploads\/2020\/05\/iStock-492795237-1255x2048.jpg 1255w, https:\/\/christinaguenter.com\/wp-content\/uploads\/2020\/05\/iStock-492795237-scaled.jpg 1569w\" sizes=\"(max-width: 241px) 100vw, 241px\" \/><\/p><h2>The most important facts on abdominoplasty and liposuction combination surgery:<\/h2><ul><li><strong>DURATION OF SURGERY: <\/strong>2,5 &#8211; 4h<\/li><li><strong>ANESTHESIA<\/strong><strong>: <\/strong>General anesthesia<\/li><li><strong>HOSPITAL STAY<\/strong><strong>: <\/strong>2 to 3 days<\/li><li><strong>COSTS:<\/strong><strong>: <\/strong>will be determined individually after the preliminary consultation, depending on the work involved<\/li><li><strong>FOLLOW-UP TREATMENT<\/strong><strong>: <\/strong>6 weeks to 12 month<\/li><li><strong>REMOVAL OF SUTURES<\/strong><strong>: <\/strong>not applicable<\/li><li><strong>SOCIAL ACTIVITIES<\/strong><strong>: <\/strong>after 2 to 3 weeks<\/li><li><strong>PHYSICAL EXERCISE:\u00a0 <\/strong>after 6 weeks<\/li><li><strong>COMPRESSION CLOTHING<\/strong>needs to be worn for 6 weeks<\/li><\/ul>\t\t\t\t\t\t<\/div>\n\t\t\t\t<\/div>\n\t\t\t\t\t<\/div>\n\t\t<\/div>\n\t\t\t\t\t<\/div>\n\t\t<\/section>\n\t\t\t\t<section class=\"elementor-section elementor-top-section elementor-element elementor-element-85576d6 elementor-section-boxed elementor-section-height-default elementor-section-height-default\" data-id=\"85576d6\" data-element_type=\"section\">\n\t\t\t\t\t\t\t<div class=\"elementor-background-overlay\"><\/div>\n\t\t\t\t\t\t\t<div class=\"elementor-container elementor-column-gap-default\">\n\t\t\t\t\t<div class=\"elementor-column elementor-col-50 elementor-top-column elementor-element elementor-element-5f5e0f6\" data-id=\"5f5e0f6\" data-element_type=\"column\">\n\t\t\t<div class=\"elementor-widget-wrap elementor-element-populated\">\n\t\t\t\t\t\t<div class=\"elementor-element elementor-element-24f7254 elementor-widget__width-initial elementor-widget elementor-widget-text-editor\" data-id=\"24f7254\" data-element_type=\"widget\" data-widget_type=\"text-editor.default\">\n\t\t\t\t<div class=\"elementor-widget-container\">\n\t\t\t\t\t\t\t<h2><a title=\"Plastic surgery services\" href=\"https:\/\/christinaguenter.com\/en\/leistungen\/\" rel=\"\"><b>Infos zum mommy Makeover \/ Mommymakeover \u00bb<\/b><\/a><\/h2><p>Hier finden Sie verst\u00e4ndliche und einf\u00fchlsame Informationen rund um das Thema Mommy Makeover \u2013 von den OP-Optionen bis zur Erholungszeit. <a title=\"Mommy Makeover Mommymakeover\" href=\"https:\/\/christinaguenter.com\/en\/mommy-makeover-mommymakeover\/\" rel=\"\"> <strong>Zum Mommy Makeover \u00bb<\/strong><\/a><\/p>\t\t\t\t\t\t<\/div>\n\t\t\t\t<\/div>\n\t\t\t\t\t<\/div>\n\t\t<\/div>\n\t\t\t\t<div class=\"elementor-column elementor-col-50 elementor-top-column elementor-element elementor-element-557453a\" data-id=\"557453a\" data-element_type=\"column\">\n\t\t\t<div class=\"elementor-widget-wrap elementor-element-populated\">\n\t\t\t\t\t\t<div class=\"elementor-element elementor-element-52ee35b elementor-widget elementor-widget-image\" data-id=\"52ee35b\" data-element_type=\"widget\" data-widget_type=\"image.default\">\n\t\t\t\t<div class=\"elementor-widget-container\">\n\t\t\t\t\t\t\t\t\t\t\t\t\t\t<a href=\"https:\/\/christinaguenter.com\/en\/mommy-makeover-mommymakeover\/\">\n\t\t\t\t\t\t\t<img decoding=\"async\" width=\"360\" height=\"360\" src=\"https:\/\/christinaguenter.com\/wp-content\/uploads\/2025\/08\/teaser_mommy_makeover.jpg\" class=\"attachment-large size-large wp-image-3367\" alt=\"Behandlung im Bereich Mommy Makeover Mommymakeover - Dr. med Christina Irene G\u00fcnter ... Fach\u00e4rztin f\u00fcr Plastische Chirurgie aus M\u00fcnchen\" srcset=\"https:\/\/christinaguenter.com\/wp-content\/uploads\/2025\/08\/teaser_mommy_makeover.jpg 360w, https:\/\/christinaguenter.com\/wp-content\/uploads\/2025\/08\/teaser_mommy_makeover-300x300.jpg 300w, https:\/\/christinaguenter.com\/wp-content\/uploads\/2025\/08\/teaser_mommy_makeover-150x150.jpg 150w, https:\/\/christinaguenter.com\/wp-content\/uploads\/2025\/08\/teaser_mommy_makeover-12x12.jpg 12w\" sizes=\"(max-width: 360px) 100vw, 360px\" \/>\t\t\t\t\t\t\t\t<\/a>\n\t\t\t\t\t\t\t\t\t\t\t\t\t<\/div>\n\t\t\t\t<\/div>\n\t\t\t\t\t<\/div>\n\t\t<\/div>\n\t\t\t\t\t<\/div>\n\t\t<\/section>\n\t\t\t\t<section class=\"elementor-section elementor-top-section elementor-element elementor-element-f276149 elementor-section-boxed elementor-section-height-default elementor-section-height-default\" data-id=\"f276149\" data-element_type=\"section\">\n\t\t\t\t\t\t\t<div class=\"elementor-background-overlay\"><\/div>\n\t\t\t\t\t\t\t<div class=\"elementor-container elementor-column-gap-default\">\n\t\t\t\t\t<div class=\"elementor-column elementor-col-50 elementor-top-column elementor-element elementor-element-66a794cd\" data-id=\"66a794cd\" data-element_type=\"column\">\n\t\t\t<div class=\"elementor-widget-wrap elementor-element-populated\">\n\t\t\t\t\t\t<div class=\"elementor-element elementor-element-23940122 elementor-widget__width-initial elementor-widget elementor-widget-text-editor\" data-id=\"23940122\" data-element_type=\"widget\" data-widget_type=\"text-editor.default\">\n\t\t\t\t<div class=\"elementor-widget-container\">\n\t\t\t\t\t\t\t<h2><a title=\"Plastic surgery services\" href=\"https:\/\/christinaguenter.com\/en\/leistungen\/\" rel=\"\"><b>\u00dcbersicht der Behandlungsleistungen \u00bb<\/b><\/a><\/h2><p>Here you will find an overview of my main areas of treatment\u2014from aesthetic surgery to gentle corrections. Each treatment is individual, personalized, and carried out with medical care.\u00a0<a title=\"\u00dcbersicht Behandlungsleistungen\" href=\"https:\/\/christinaguenter.com\/en\/leistungen\/\" rel=\"\"> <strong>To the service overview \u00bb<\/strong><\/a><\/p>\t\t\t\t\t\t<\/div>\n\t\t\t\t<\/div>\n\t\t\t\t\t<\/div>\n\t\t<\/div>\n\t\t\t\t<div class=\"elementor-column elementor-col-50 elementor-top-column elementor-element elementor-element-748477d9\" data-id=\"748477d9\" data-element_type=\"column\">\n\t\t\t<div class=\"elementor-widget-wrap elementor-element-populated\">\n\t\t\t\t\t\t<div class=\"elementor-element elementor-element-21ce96e9 elementor-widget elementor-widget-image\" data-id=\"21ce96e9\" data-element_type=\"widget\" data-widget_type=\"image.default\">\n\t\t\t\t<div class=\"elementor-widget-container\">\n\t\t\t\t\t\t\t\t\t\t\t\t\t\t<a href=\"https:\/\/christinaguenter.com\/en\/leistungen\/\">\n\t\t\t\t\t\t\t<img decoding=\"async\" width=\"460\" height=\"460\" src=\"https:\/\/christinaguenter.com\/wp-content\/uploads\/2025\/08\/op-dr-christina-guenter-plastische-chirurgin_04.jpg\" class=\"attachment-large size-large wp-image-3685\" alt=\"\" srcset=\"https:\/\/christinaguenter.com\/wp-content\/uploads\/2025\/08\/op-dr-christina-guenter-plastische-chirurgin_04.jpg 460w, https:\/\/christinaguenter.com\/wp-content\/uploads\/2025\/08\/op-dr-christina-guenter-plastische-chirurgin_04-300x300.jpg 300w, https:\/\/christinaguenter.com\/wp-content\/uploads\/2025\/08\/op-dr-christina-guenter-plastische-chirurgin_04-150x150.jpg 150w, https:\/\/christinaguenter.com\/wp-content\/uploads\/2025\/08\/op-dr-christina-guenter-plastische-chirurgin_04-12x12.jpg 12w\" sizes=\"(max-width: 460px) 100vw, 460px\" \/>\t\t\t\t\t\t\t\t<\/a>\n\t\t\t\t\t\t\t\t\t\t\t\t\t<\/div>\n\t\t\t\t<\/div>\n\t\t\t\t\t<\/div>\n\t\t<\/div>\n\t\t\t\t\t<\/div>\n\t\t<\/section>\n\t\t\t\t<\/div>","protected":false},"excerpt":{"rendered":"<p>Bauchdeckenstraffung \/ Bauchstraffung in M\u00fcnchen Bauchdeckenstraffung Bauchstraffung \/ Bauchdeckenrekonstruktion \/ Abdominoplastik \/ Tummy Tuck \/ Mini-Bauchdeckenstraffung \/ Lipo-Abdominoplastik Durch die internationale T\u00e4tigkeit von Frau Dr. Dr. Christina Irene G\u00fcnter in Kuwait und ihre dortige Kooperation mit ber\u00fchmten bariatrischen Chirurgen liegt einer ihrer T\u00e4tigkeitsschwerpunkte im Bereich der post-bariatrischen, also der k\u00f6rperformenden Chirurgie. Hierzu geh\u00f6ren auch Bauchdeckenstraffungen. [&hellip;]<\/p>","protected":false},"author":4,"featured_media":149,"parent":0,"menu_order":0,"comment_status":"closed","ping_status":"closed","template":"","meta":{"footnotes":""},"_links":{"self":[{"href":"https:\/\/christinaguenter.com\/en\/wp-json\/wp\/v2\/pages\/404"}],"collection":[{"href":"https:\/\/christinaguenter.com\/en\/wp-json\/wp\/v2\/pages"}],"about":[{"href":"https:\/\/christinaguenter.com\/en\/wp-json\/wp\/v2\/types\/page"}],"author":[{"embeddable":true,"href":"https:\/\/christinaguenter.com\/en\/wp-json\/wp\/v2\/users\/4"}],"replies":[{"embeddable":true,"href":"https:\/\/christinaguenter.com\/en\/wp-json\/wp\/v2\/comments?post=404"}],"version-history":[{"count":57,"href":"https:\/\/christinaguenter.com\/en\/wp-json\/wp\/v2\/pages\/404\/revisions"}],"predecessor-version":[{"id":4238,"href":"https:\/\/christinaguenter.com\/en\/wp-json\/wp\/v2\/pages\/404\/revisions\/4238"}],"wp:featuredmedia":[{"embeddable":true,"href":"https:\/\/christinaguenter.com\/en\/wp-json\/wp\/v2\/media\/149"}],"wp:attachment":[{"href":"https:\/\/christinaguenter.com\/en\/wp-json\/wp\/v2\/media?parent=404"}],"curies":[{"name":"wp","href":"https:\/\/api.w.org\/{rel}","templated":true}]}}