{"id":407,"date":"2020-04-29T09:18:40","date_gmt":"2020-04-29T07:18:40","guid":{"rendered":"https:\/\/christinaguenter.com\/?page_id=407"},"modified":"2025-08-17T15:00:34","modified_gmt":"2025-08-17T13:00:34","slug":"oberschenkelstraffung-in-muenchen","status":"publish","type":"page","link":"https:\/\/christinaguenter.com\/en\/oberschenkelstraffung-in-muenchen","title":{"rendered":"Thigh Lift Surgery"},"content":{"rendered":"<div data-elementor-type=\"wp-page\" data-elementor-id=\"407\" class=\"elementor elementor-407\" data-elementor-post-type=\"page\">\n\t\t\t\t\t\t<section class=\"elementor-section elementor-top-section elementor-element elementor-element-798ebba elementor-section-boxed elementor-section-height-default elementor-section-height-default\" data-id=\"798ebba\" data-element_type=\"section\">\n\t\t\t\t\t\t<div class=\"elementor-container elementor-column-gap-default\">\n\t\t\t\t\t<div class=\"elementor-column elementor-col-100 elementor-top-column elementor-element elementor-element-fbeec9f\" data-id=\"fbeec9f\" data-element_type=\"column\">\n\t\t\t<div class=\"elementor-widget-wrap elementor-element-populated\">\n\t\t\t\t\t\t<div class=\"elementor-element elementor-element-97dbcca headline elementor-widget elementor-widget-text-editor\" data-id=\"97dbcca\" data-element_type=\"widget\" data-widget_type=\"text-editor.default\">\n\t\t\t\t<div class=\"elementor-widget-container\">\n\t\t\t\t\t\t\t<h1 style=\"font-size: 0.9em; font-weight: 300; color: #888888;\">Thigh Lift Surgery in munich<\/h1>\t\t\t\t\t\t<\/div>\n\t\t\t\t<\/div>\n\t\t\t\t\t<\/div>\n\t\t<\/div>\n\t\t\t\t\t<\/div>\n\t\t<\/section>\n\t\t\t\t<section class=\"elementor-section elementor-top-section elementor-element elementor-element-1de5cb9 elementor-section-boxed elementor-section-height-default elementor-section-height-default\" data-id=\"1de5cb9\" data-element_type=\"section\">\n\t\t\t\t\t\t<div class=\"elementor-container elementor-column-gap-default\">\n\t\t\t\t\t<div class=\"elementor-column elementor-col-100 elementor-top-column elementor-element elementor-element-7eaac10\" data-id=\"7eaac10\" data-element_type=\"column\">\n\t\t\t<div class=\"elementor-widget-wrap elementor-element-populated\">\n\t\t\t\t\t\t<div class=\"elementor-element elementor-element-8eb79b6 elementor-widget elementor-widget-text-editor\" data-id=\"8eb79b6\" data-element_type=\"widget\" data-widget_type=\"text-editor.default\">\n\t\t\t\t<div class=\"elementor-widget-container\">\n\t\t\t\t\t\t\t<h2>Thigh Lift Surgery<\/h2><p><strong>(Liposuction of Thighs, Knees, and Lower Legs)<\/strong><\/p><p>Due to Dr. med. Dr. med. Christina Irene G\u00fcnter\u2019s international activities and her cooperation with famous bariatric surgeons in Kuwait, one of her main areas of expertise in post-bariatric or body-shaping surgery, including surgery on arms and legs.<\/p><p>Most women would like to have trim, slim, long, and well-trained legs without varicose veins or cellulite. Unfortunately, there are many who are not so favored by their genes, and even with rigorous training and a healthy lifestyle, their desire remains unfulfilled. Weight and hormonal fluctuations, the loss of elasticity starting at the age of 25, or merely an unfavorable disposition stand in the way of this ideal. A so-called lipedema, a pathological accumulation off at, is even recognized as a disorder.\u00a0\u00a0<\/p><p>Depending on your personal situation and the desired result, various treatment options are available.<\/p><p>In the case of smaller fat deposits, liposuction is usually the recommended method. If there is a pronounced excess of skin, a thigh lift, and possibly a lower leg lift, will be the option of choice. For lipedema, specific surgical techniques are employed, depending on their severity. Dr. med. Dr. med. Christina Irene G\u00fcnter\u2019s objective is always to achieve an optimal result with the least surgical trauma and the smallest possible, unobtrusive scars.\u00a0<\/p><p>Dr. med. Dr. med. Christina Irene G\u00fcnter will be happy to help you realize your ideal of trim, attractive, and well-toned legs, and is available for personal consultations. Together, you will decide which treatment will be the most appropriate for you.\u00a0<\/p><p>\u00a0Detailed consultations are mandatory before surgical procedures. It is essential to talk about the motivation for this kind of surgery, to discuss whether the desired result can be achieved, and to speak about possible limitations. Other important topics are alternative treatments, as well as potential adverse side effects and possible risks.\u00a0<\/p><p>It goes without saying that your health is always given priority. Surgery that negatively affects your health or physical integrity is not recommended and should not be performed in the first place.<\/p><h2><img fetchpriority=\"high\" decoding=\"async\" class=\"alignnone wp-image-729\" src=\"https:\/\/christinaguenter.com\/wp-content\/uploads\/2020\/05\/IMG_1696-300x200.jpg\" alt=\"\" width=\"513\" height=\"342\" srcset=\"https:\/\/christinaguenter.com\/wp-content\/uploads\/2020\/05\/IMG_1696-300x200.jpg 300w, https:\/\/christinaguenter.com\/wp-content\/uploads\/2020\/05\/IMG_1696-1024x683.jpg 1024w, https:\/\/christinaguenter.com\/wp-content\/uploads\/2020\/05\/IMG_1696-768x512.jpg 768w, https:\/\/christinaguenter.com\/wp-content\/uploads\/2020\/05\/IMG_1696-1536x1024.jpg 1536w, https:\/\/christinaguenter.com\/wp-content\/uploads\/2020\/05\/IMG_1696-2048x1365.jpg 2048w\" sizes=\"(max-width: 513px) 100vw, 513px\" \/><\/h2><h2>Risks<\/h2><p>As with any surgical procedure, leg surgery may lead to bruising (hematoma), secondary bleeding, swelling, wound healing disorders, infections, and wound dehiscence. Temporary numbness of the treated area may also occur. After surgery, a certain tightness may be experienced, which is a natural part of the healing process, and may last for several weeks.<\/p><p>If you decide on a surgical procedure, it is essential that you are cared for professionally and personally during the entire process.\u00a0<\/p><p>I attach great importance to perceiving, advising, and treating you as an individual, with all the facets of your personality. My many years of experience, expertise, empathy, and communication are central pillars of my therapeutic success. Intensive and personal post-treatment care is as much a focus of my work as the preparation and the treatment itself. After all, a perfect result can only be achieved by working together as a team.\u00a0<\/p><p><img decoding=\"async\" class=\"wp-image-731 aligncenter\" src=\"https:\/\/christinaguenter.com\/wp-content\/uploads\/2020\/05\/iStock-492795237-184x300.jpg\" alt=\"\" width=\"264\" height=\"430\" srcset=\"https:\/\/christinaguenter.com\/wp-content\/uploads\/2020\/05\/iStock-492795237-184x300.jpg 184w, https:\/\/christinaguenter.com\/wp-content\/uploads\/2020\/05\/iStock-492795237-627x1024.jpg 627w, https:\/\/christinaguenter.com\/wp-content\/uploads\/2020\/05\/iStock-492795237-768x1253.jpg 768w, https:\/\/christinaguenter.com\/wp-content\/uploads\/2020\/05\/iStock-492795237-941x1536.jpg 941w, https:\/\/christinaguenter.com\/wp-content\/uploads\/2020\/05\/iStock-492795237-1255x2048.jpg 1255w, https:\/\/christinaguenter.com\/wp-content\/uploads\/2020\/05\/iStock-492795237-scaled.jpg 1569w\" sizes=\"(max-width: 264px) 100vw, 264px\" \/><\/p><h2>Die wichtigsten Fakten zu Beinoperationen<\/h2><ul><li><strong> \u00a0DURATION OF SURGERY:<\/strong> 1 to 4 h<\/li><li><strong> \u00a0ANESTHESIA<\/strong><strong>: <\/strong>General anesthesia<\/li><li><strong> \u00a0HOSPITAL STAY<\/strong><strong>: <\/strong>0 to 2 nights<\/li><li><strong> \u00a0COSTS:<\/strong><strong>: <\/strong>will be determined individually after the preliminary consultation, depending on the work involved<\/li><li><strong> \u00a0FOLLOW-UP TREATMENT<\/strong><strong>: <\/strong>1 to 6 weeks<\/li><li><strong> \u00a0REMOVAL OF SUTURES<\/strong><strong>: <\/strong>not applicable or after 2 weeks<\/li><li><strong> \u00a0SOCIAL ACTIVITIES<\/strong><strong>: <\/strong>after 1 to 2 weeks<\/li><li><strong>\u00a0PHYSICAL EXERCISE: <\/strong>after 4 to 6 weeks<\/li><\/ul>\t\t\t\t\t\t<\/div>\n\t\t\t\t<\/div>\n\t\t\t\t\t<\/div>\n\t\t<\/div>\n\t\t\t\t\t<\/div>\n\t\t<\/section>\n\t\t\t\t<section class=\"elementor-section elementor-top-section elementor-element elementor-element-4da15638 elementor-section-boxed elementor-section-height-default elementor-section-height-default\" data-id=\"4da15638\" data-element_type=\"section\">\n\t\t\t\t\t\t\t<div class=\"elementor-background-overlay\"><\/div>\n\t\t\t\t\t\t\t<div class=\"elementor-container elementor-column-gap-default\">\n\t\t\t\t\t<div class=\"elementor-column elementor-col-50 elementor-top-column elementor-element elementor-element-69ab1905\" data-id=\"69ab1905\" data-element_type=\"column\">\n\t\t\t<div class=\"elementor-widget-wrap elementor-element-populated\">\n\t\t\t\t\t\t<div class=\"elementor-element elementor-element-12fbebb6 elementor-widget__width-initial elementor-widget elementor-widget-text-editor\" data-id=\"12fbebb6\" data-element_type=\"widget\" data-widget_type=\"text-editor.default\">\n\t\t\t\t<div class=\"elementor-widget-container\">\n\t\t\t\t\t\t\t<h2><a title=\"Plastic surgery services\" href=\"https:\/\/christinaguenter.com\/en\/leistungen\/\" rel=\"\"><b>Infos zum mommy Makeover \/ Mommymakeover \u00bb<\/b><\/a><\/h2><p>Hier finden Sie verst\u00e4ndliche und einf\u00fchlsame Informationen rund um das Thema Mommy Makeover \u2013 von den OP-Optionen bis zur Erholungszeit. <a title=\"Mommy Makeover Mommymakeover\" href=\"https:\/\/christinaguenter.com\/en\/mommy-makeover-mommymakeover\/\" rel=\"\"> <strong>Zum Mommy Makeover \u00bb<\/strong><\/a><\/p>\t\t\t\t\t\t<\/div>\n\t\t\t\t<\/div>\n\t\t\t\t\t<\/div>\n\t\t<\/div>\n\t\t\t\t<div class=\"elementor-column elementor-col-50 elementor-top-column elementor-element elementor-element-63d2fd7d\" data-id=\"63d2fd7d\" data-element_type=\"column\">\n\t\t\t<div class=\"elementor-widget-wrap elementor-element-populated\">\n\t\t\t\t\t\t<div class=\"elementor-element elementor-element-bc1dbb8 elementor-widget elementor-widget-image\" data-id=\"bc1dbb8\" data-element_type=\"widget\" data-widget_type=\"image.default\">\n\t\t\t\t<div class=\"elementor-widget-container\">\n\t\t\t\t\t\t\t\t\t\t\t\t\t\t<a href=\"https:\/\/christinaguenter.com\/en\/mommy-makeover-mommymakeover\/\">\n\t\t\t\t\t\t\t<img decoding=\"async\" width=\"360\" height=\"360\" src=\"https:\/\/christinaguenter.com\/wp-content\/uploads\/2025\/08\/teaser_mommy_makeover.jpg\" class=\"attachment-large size-large wp-image-3367\" alt=\"Behandlung im Bereich Mommy Makeover Mommymakeover - Dr. med Christina Irene G\u00fcnter ... Fach\u00e4rztin f\u00fcr Plastische Chirurgie aus M\u00fcnchen\" srcset=\"https:\/\/christinaguenter.com\/wp-content\/uploads\/2025\/08\/teaser_mommy_makeover.jpg 360w, https:\/\/christinaguenter.com\/wp-content\/uploads\/2025\/08\/teaser_mommy_makeover-300x300.jpg 300w, https:\/\/christinaguenter.com\/wp-content\/uploads\/2025\/08\/teaser_mommy_makeover-150x150.jpg 150w, https:\/\/christinaguenter.com\/wp-content\/uploads\/2025\/08\/teaser_mommy_makeover-12x12.jpg 12w\" sizes=\"(max-width: 360px) 100vw, 360px\" \/>\t\t\t\t\t\t\t\t<\/a>\n\t\t\t\t\t\t\t\t\t\t\t\t\t<\/div>\n\t\t\t\t<\/div>\n\t\t\t\t\t<\/div>\n\t\t<\/div>\n\t\t\t\t\t<\/div>\n\t\t<\/section>\n\t\t\t\t<section class=\"elementor-section elementor-top-section elementor-element elementor-element-343059e6 elementor-section-boxed elementor-section-height-default elementor-section-height-default\" data-id=\"343059e6\" data-element_type=\"section\">\n\t\t\t\t\t\t\t<div class=\"elementor-background-overlay\"><\/div>\n\t\t\t\t\t\t\t<div class=\"elementor-container elementor-column-gap-default\">\n\t\t\t\t\t<div class=\"elementor-column elementor-col-50 elementor-top-column elementor-element elementor-element-688f6d64\" data-id=\"688f6d64\" data-element_type=\"column\">\n\t\t\t<div class=\"elementor-widget-wrap elementor-element-populated\">\n\t\t\t\t\t\t<div class=\"elementor-element elementor-element-160328d elementor-widget__width-initial elementor-widget elementor-widget-text-editor\" data-id=\"160328d\" data-element_type=\"widget\" data-widget_type=\"text-editor.default\">\n\t\t\t\t<div class=\"elementor-widget-container\">\n\t\t\t\t\t\t\t<h2><a title=\"Plastic surgery services\" href=\"https:\/\/christinaguenter.com\/en\/leistungen\/\" rel=\"\"><b>\u00dcbersicht der BehandlungsLEISTUNGEN \u00bb<\/b><\/a><\/h2><p>Here you will find an overview of my main areas of treatment\u2014from aesthetic surgery to gentle corrections. Each treatment is individual, personalized, and carried out with medical care.\u00a0<a title=\"\u00dcbersicht Behandlungsleistungen\" href=\"https:\/\/christinaguenter.com\/en\/leistungen\/\" rel=\"\"> <strong>To the service overview \u00bb<\/strong><\/a><\/p>\t\t\t\t\t\t<\/div>\n\t\t\t\t<\/div>\n\t\t\t\t\t<\/div>\n\t\t<\/div>\n\t\t\t\t<div class=\"elementor-column elementor-col-50 elementor-top-column elementor-element elementor-element-3d05cc3e\" data-id=\"3d05cc3e\" data-element_type=\"column\">\n\t\t\t<div class=\"elementor-widget-wrap elementor-element-populated\">\n\t\t\t\t\t\t<div class=\"elementor-element elementor-element-225f7dc5 elementor-widget elementor-widget-image\" data-id=\"225f7dc5\" data-element_type=\"widget\" data-widget_type=\"image.default\">\n\t\t\t\t<div class=\"elementor-widget-container\">\n\t\t\t\t\t\t\t\t\t\t\t\t\t\t<a href=\"https:\/\/christinaguenter.com\/en\/leistungen\/\">\n\t\t\t\t\t\t\t<img loading=\"lazy\" decoding=\"async\" width=\"460\" height=\"460\" src=\"https:\/\/christinaguenter.com\/wp-content\/uploads\/2025\/08\/op-dr-christina-guenter-plastische-chirurgin_04.jpg\" class=\"attachment-large size-large wp-image-3685\" alt=\"\" srcset=\"https:\/\/christinaguenter.com\/wp-content\/uploads\/2025\/08\/op-dr-christina-guenter-plastische-chirurgin_04.jpg 460w, https:\/\/christinaguenter.com\/wp-content\/uploads\/2025\/08\/op-dr-christina-guenter-plastische-chirurgin_04-300x300.jpg 300w, https:\/\/christinaguenter.com\/wp-content\/uploads\/2025\/08\/op-dr-christina-guenter-plastische-chirurgin_04-150x150.jpg 150w, https:\/\/christinaguenter.com\/wp-content\/uploads\/2025\/08\/op-dr-christina-guenter-plastische-chirurgin_04-12x12.jpg 12w\" sizes=\"(max-width: 460px) 100vw, 460px\" \/>\t\t\t\t\t\t\t\t<\/a>\n\t\t\t\t\t\t\t\t\t\t\t\t\t<\/div>\n\t\t\t\t<\/div>\n\t\t\t\t\t<\/div>\n\t\t<\/div>\n\t\t\t\t\t<\/div>\n\t\t<\/section>\n\t\t\t\t<\/div>","protected":false},"excerpt":{"rendered":"<p>Oberschenkelstraffung in M\u00fcnchen Oberschenkelstraffung Oberschenkelstraffung \/ Fettabsaugung an den Oberschenkeln, Knien, Unterschenkeln Durch die internationale T\u00e4tigkeit von Frau Dr. Dr. Christina Irene G\u00fcnter in Kuwait und ihrer dortige Kooperation mit ber\u00fchmten bariatrischen Chirurgen liegt einer ihrer T\u00e4tigkeitsschwerpunkte im Bereich der post-bariatrischen, d.h. k\u00f6rperformenden Chirurgie. Hierzu geh\u00f6ren auch die Operationen an den Beinen und Armen. Straffe, [&hellip;]<\/p>","protected":false},"author":4,"featured_media":149,"parent":0,"menu_order":0,"comment_status":"closed","ping_status":"closed","template":"","meta":{"footnotes":""},"_links":{"self":[{"href":"https:\/\/christinaguenter.com\/en\/wp-json\/wp\/v2\/pages\/407"}],"collection":[{"href":"https:\/\/christinaguenter.com\/en\/wp-json\/wp\/v2\/pages"}],"about":[{"href":"https:\/\/christinaguenter.com\/en\/wp-json\/wp\/v2\/types\/page"}],"author":[{"embeddable":true,"href":"https:\/\/christinaguenter.com\/en\/wp-json\/wp\/v2\/users\/4"}],"replies":[{"embeddable":true,"href":"https:\/\/christinaguenter.com\/en\/wp-json\/wp\/v2\/comments?post=407"}],"version-history":[{"count":31,"href":"https:\/\/christinaguenter.com\/en\/wp-json\/wp\/v2\/pages\/407\/revisions"}],"predecessor-version":[{"id":4262,"href":"https:\/\/christinaguenter.com\/en\/wp-json\/wp\/v2\/pages\/407\/revisions\/4262"}],"wp:featuredmedia":[{"embeddable":true,"href":"https:\/\/christinaguenter.com\/en\/wp-json\/wp\/v2\/media\/149"}],"wp:attachment":[{"href":"https:\/\/christinaguenter.com\/en\/wp-json\/wp\/v2\/media?parent=407"}],"curies":[{"name":"wp","href":"https:\/\/api.w.org\/{rel}","templated":true}]}}