{"id":471,"date":"2020-04-29T17:17:36","date_gmt":"2020-04-29T15:17:36","guid":{"rendered":"https:\/\/christinaguenter.com\/?page_id=471"},"modified":"2025-08-17T14:59:58","modified_gmt":"2025-08-17T12:59:58","slug":"gewichtsreduktion","status":"publish","type":"page","link":"https:\/\/christinaguenter.com\/en\/gewichtsreduktion","title":{"rendered":"Medically Supervised Weight Loss"},"content":{"rendered":"<div data-elementor-type=\"wp-page\" data-elementor-id=\"471\" class=\"elementor elementor-471\" data-elementor-post-type=\"page\">\n\t\t\t\t\t\t<section class=\"elementor-section elementor-top-section elementor-element elementor-element-7cc8f93 elementor-section-boxed elementor-section-height-default elementor-section-height-default\" data-id=\"7cc8f93\" data-element_type=\"section\">\n\t\t\t\t\t\t<div class=\"elementor-container elementor-column-gap-default\">\n\t\t\t\t\t<div class=\"elementor-column elementor-col-100 elementor-top-column elementor-element elementor-element-9a574bb\" data-id=\"9a574bb\" data-element_type=\"column\">\n\t\t\t<div class=\"elementor-widget-wrap elementor-element-populated\">\n\t\t\t\t\t\t<div class=\"elementor-element elementor-element-8072d3b headline elementor-widget elementor-widget-text-editor\" data-id=\"8072d3b\" data-element_type=\"widget\" data-widget_type=\"text-editor.default\">\n\t\t\t\t<div class=\"elementor-widget-container\">\n\t\t\t\t\t\t\t<h1 style=\"font-size: 0.9em; font-weight: 300; color: #888888;\">Medically Supervised Weight Loss<\/h1>\t\t\t\t\t\t<\/div>\n\t\t\t\t<\/div>\n\t\t\t\t\t<\/div>\n\t\t<\/div>\n\t\t\t\t\t<\/div>\n\t\t<\/section>\n\t\t\t\t<section class=\"elementor-section elementor-top-section elementor-element elementor-element-1de5cb9 elementor-section-boxed elementor-section-height-default elementor-section-height-default\" data-id=\"1de5cb9\" data-element_type=\"section\">\n\t\t\t\t\t\t<div class=\"elementor-container elementor-column-gap-default\">\n\t\t\t\t\t<div class=\"elementor-column elementor-col-100 elementor-top-column elementor-element elementor-element-7eaac10\" data-id=\"7eaac10\" data-element_type=\"column\">\n\t\t\t<div class=\"elementor-widget-wrap elementor-element-populated\">\n\t\t\t\t\t\t<div class=\"elementor-element elementor-element-8eb79b6 elementor-widget elementor-widget-text-editor\" data-id=\"8eb79b6\" data-element_type=\"widget\" data-widget_type=\"text-editor.default\">\n\t\t\t\t<div class=\"elementor-widget-container\">\n\t\t\t\t\t\t\t<h2>Medically Supervised Weight Loss<\/h2><div>\u00a0<\/div><p>A trim well-shaped body is considered attractive and desirable. To achieve and maintain the body contours, an active lifestyle and a balanced diet are essential. Still, even very athletic people have a few little love handles in unwanted places. Life, pregnancies, or other decisive event have left their traces on your body \u2013 and your scales. Regardless of whether we have several or only a few kilos too many, we often cannot reach the desired ideal weight of our own volition. Or they return as if by magic as soon as we happily contemplate the low weight indicated on the scales and the excellent fit of the new pair of trousers.<\/p><p>Untreated, obesity (or overweight) increases the risk of cardiovascular disease, diabetes, and high blood pressure, complaints such as overstressed joints, and shortness of breath.<\/p><p>Healthy, lasting weight loss will reduce these risks and improve your general quality of life.<\/p><p>The daily look in the mirror, the upcoming wedding, the precarious state of health caused by too much weight, or the need for a particular surgery \u2013 there are many, very personal reasons for losing weight.<\/p><p>Rather than tormenting yourself with an uncertain outcome, it is better to seek medical advice and learn about the available treatment options.<\/p><h2>Simeons or hCG Diet<\/h2><p>The English physician Albert Simeons is the originator of the hCG Diet. Shortly after World War I, he went to India as a military doctor, where he observed that malnourished Indian women were still giving birth to healthy babies. As a result of his studies, he systematically started to administer the pregnancy hormone human chorionic gonadotropin (hCG) to patients during their diets. He acquired an enormous amount of empirical knowledge and already put forward various hypotheses, which have become relevant again due to modern research into fat metabolism.<\/p><p>In 1954, Albert Simeons published his book \u201cPounds and Inches,\u201c where he explains the basics of the Simeons or hCG diet and its protocol. Simeons describes the steps of a low-carbohydrate, low-calorie, low-fat, and high-protein diet combined with daily hCG injections that have remained unchanged until today.<\/p><p>After finishing his service as a British military doctor, he opened his own diet clinic, where he helped the international Who is Who to lose several kilos over the following 30 years. It is known that he assisted Maria Callas, Liz Taylor, and other stars to regain their desired body size.<\/p><p>However, this diet is not a miracle cure, even though patients usually lose between 6 to 13 kilos within 3 weeks. It requires rigorous discipline and continuous patient monitoring. As a fast and safe method to lose weight, the Simeons Diet still has its value today and can be recommended under close supervision by an experienced physician.<\/p><p>The genuine Simeons Diet might be an alternative treatment for lipedema patients.\n\nThe Simeons Diet uses hCG to initiate the degradation of particularly stubborn, genetically determined, and diet-resistant fat deposits. The injection of this hormone induces the body to use the stored fat and break it down like normal fat, the same way the malnourished pregnant women in India Dr. Simeons had observed doing.<\/p><p>Currently, there are indications that the pathological fat deposits of lipedema may also be reduced using the genuine Simeons Diet. For patients who cannot undergo surgery for medical reasons, this is the only way to regain their quality of life.<\/p><p>In addition, hCG helps<\/p><ul><li>to prevent hunger pangs<\/li><li>to keep the blood sugar level low<\/li><li>to guard against exhaustion and lack of energy<\/li><li>to brighten the patient\u2019s mood<\/li><li>to keep your skin firm and soft<\/li><li>to improve cellulite<\/li><\/ul><p>Dr. med. Dr. med. Christina Irene G\u00fcnter will discuss in a personal conversation, whether the Simeons Diet is suitable for your specific situation.<\/p><p>It goes without saying that your health is always given priority. Treatments that negatively affect your health or physical integrity are not recommended. Detailed consultations are mandatory before any surgical procedure. It is essential to talk about the motivation for this kind of diet, to discuss whether the desired result can be achieved, and to speak about possible limitations. Other important topics are alternative treatments, as well as potential adverse side effects and possible risks.<\/p><p>\u00a0<\/p><h2><img fetchpriority=\"high\" decoding=\"async\" class=\"alignnone wp-image-791\" src=\"https:\/\/christinaguenter.com\/wp-content\/uploads\/2020\/05\/IMG_0963-300x200.jpg\" alt=\"\" width=\"314\" height=\"209\" srcset=\"https:\/\/christinaguenter.com\/wp-content\/uploads\/2020\/05\/IMG_0963-300x200.jpg 300w, https:\/\/christinaguenter.com\/wp-content\/uploads\/2020\/05\/IMG_0963-1024x683.jpg 1024w, https:\/\/christinaguenter.com\/wp-content\/uploads\/2020\/05\/IMG_0963-768x512.jpg 768w, https:\/\/christinaguenter.com\/wp-content\/uploads\/2020\/05\/IMG_0963-1536x1024.jpg 1536w, https:\/\/christinaguenter.com\/wp-content\/uploads\/2020\/05\/IMG_0963-2048x1365.jpg 2048w\" sizes=\"(max-width: 314px) 100vw, 314px\" \/><\/h2><h2>Trulicity and Saxenda<\/h2><p>Trulicity and Saxenda are a medications initially developed for persons with diabetes. Today it also helps severely overweight people lose weight, and keeping their blood sugar level stable. Liraglutide, the active compound in Saxenda, stimulates insulin production in the pancreas, creating a long-lasting, if artificial, feeling of satiety and preventing further food consumption. \nDulaglutid, the active compound in Trulicity, stimulates insulin production in the pancreas, creating a long-lasting, if artificial, feeling of satiety and preventing further food consumption.<\/p><p>Saxenda is only indicated for obesity and has to be injected daily, at any given time of day.<\/p><p>It is, however, essential to combine Saxenda with a balanced diet and physical exercise. Treatment should not exceed 3 months. During this time, the patient may lose about 3 kilos weekly. \nAfter discontinuation of Saxenda, it is crucial to continue with the new exercise- and nutrition-conscious lifestyle to maintain this new sense of well-being.<\/p><p>Da t\u00e4gliche Injektionen f\u00fcr l\u00e4ngere Zeitr\u00e4ume belastend sind und die Bereitschaft, dies zuverl\u00e4ssig und regelm\u00e4\u00dfig durchzuf\u00fchren dadurch erschwert ist, wurde als Weiterentwicklung das Pr\u00e4parat Trulicity entwickelt. Trulicity muss nur einmal die Woche gespritzt werden. Allerdings ist das durchschnittlich abgenommene Gewicht im Vergleich zu Saxenda auch etwas niedriger.<\/p><p>Eine Behandlungsdauer von ca. 3 Monaten sollte nicht \u00fcberschritten werden. In diesem Zeitraum sind w\u00f6chentliche Gewichtsverluste um die 3 Kilo beschrieben.<\/p><p>Nach Absetzen von Saxenda\/Trulicity muss jedoch weiterhin am neuen bewegungs- und ern\u00e4hrungsbewussteren Lebensstil festgehalten werden, um das erreichte neue Wohlbefinden zu bewahren.<\/p><p>Dr. med. Dr. med. Christina Irene G\u00fcnter will discuss in a personal conversation whether the Saxenda-based diet is suitable for your specific situation.<\/p><p>It goes without saying that your health is always given priority. Treatments that negatively affect your health or physical integrity are not recommended. Detailed consultations are mandatory before the treatment. It is essential to talk about the motivation for this kind of diet, to discuss whether the desired result can be achieved, and to speak about possible limitations. Other important topics are alternative treatments, as well as potential adverse side effects and possible risks.\u2003<\/p><p>\u00a0<\/p>\t\t\t\t\t\t<\/div>\n\t\t\t\t<\/div>\n\t\t\t\t\t<\/div>\n\t\t<\/div>\n\t\t\t\t\t<\/div>\n\t\t<\/section>\n\t\t\t\t<section class=\"elementor-section elementor-top-section elementor-element elementor-element-21657263 elementor-section-boxed elementor-section-height-default elementor-section-height-default\" data-id=\"21657263\" data-element_type=\"section\">\n\t\t\t\t\t\t\t<div class=\"elementor-background-overlay\"><\/div>\n\t\t\t\t\t\t\t<div class=\"elementor-container elementor-column-gap-default\">\n\t\t\t\t\t<div class=\"elementor-column elementor-col-50 elementor-top-column elementor-element elementor-element-60b114b\" data-id=\"60b114b\" data-element_type=\"column\">\n\t\t\t<div class=\"elementor-widget-wrap elementor-element-populated\">\n\t\t\t\t\t\t<div class=\"elementor-element elementor-element-3e9740be elementor-widget__width-initial elementor-widget elementor-widget-text-editor\" data-id=\"3e9740be\" data-element_type=\"widget\" data-widget_type=\"text-editor.default\">\n\t\t\t\t<div class=\"elementor-widget-container\">\n\t\t\t\t\t\t\t<h2><a title=\"Plastic surgery services\" href=\"https:\/\/christinaguenter.com\/en\/leistungen\/\" rel=\"\"><b>Infos zum mommy Makeover \/ Mommymakeover \u00bb<\/b><\/a><\/h2><p>Hier finden Sie verst\u00e4ndliche und einf\u00fchlsame Informationen rund um das Thema Mommy Makeover \u2013 von den OP-Optionen bis zur Erholungszeit. <a title=\"Mommy Makeover Mommymakeover\" href=\"https:\/\/christinaguenter.com\/en\/mommy-makeover-mommymakeover\/\" rel=\"\"> <strong>Zum Mommy Makeover \u00bb<\/strong><\/a><\/p>\t\t\t\t\t\t<\/div>\n\t\t\t\t<\/div>\n\t\t\t\t\t<\/div>\n\t\t<\/div>\n\t\t\t\t<div class=\"elementor-column elementor-col-50 elementor-top-column elementor-element elementor-element-412bca35\" data-id=\"412bca35\" data-element_type=\"column\">\n\t\t\t<div class=\"elementor-widget-wrap elementor-element-populated\">\n\t\t\t\t\t\t<div class=\"elementor-element elementor-element-78e62664 elementor-widget elementor-widget-image\" data-id=\"78e62664\" data-element_type=\"widget\" data-widget_type=\"image.default\">\n\t\t\t\t<div class=\"elementor-widget-container\">\n\t\t\t\t\t\t\t\t\t\t\t\t\t\t<a href=\"https:\/\/christinaguenter.com\/en\/mommy-makeover-mommymakeover\/\">\n\t\t\t\t\t\t\t<img decoding=\"async\" width=\"360\" height=\"360\" src=\"https:\/\/christinaguenter.com\/wp-content\/uploads\/2025\/08\/teaser_mommy_makeover.jpg\" class=\"attachment-large size-large wp-image-3367\" alt=\"Behandlung im Bereich Mommy Makeover Mommymakeover - Dr. med Christina Irene G\u00fcnter ... Fach\u00e4rztin f\u00fcr Plastische Chirurgie aus M\u00fcnchen\" srcset=\"https:\/\/christinaguenter.com\/wp-content\/uploads\/2025\/08\/teaser_mommy_makeover.jpg 360w, https:\/\/christinaguenter.com\/wp-content\/uploads\/2025\/08\/teaser_mommy_makeover-300x300.jpg 300w, https:\/\/christinaguenter.com\/wp-content\/uploads\/2025\/08\/teaser_mommy_makeover-150x150.jpg 150w, https:\/\/christinaguenter.com\/wp-content\/uploads\/2025\/08\/teaser_mommy_makeover-12x12.jpg 12w\" sizes=\"(max-width: 360px) 100vw, 360px\" \/>\t\t\t\t\t\t\t\t<\/a>\n\t\t\t\t\t\t\t\t\t\t\t\t\t<\/div>\n\t\t\t\t<\/div>\n\t\t\t\t\t<\/div>\n\t\t<\/div>\n\t\t\t\t\t<\/div>\n\t\t<\/section>\n\t\t\t\t<section class=\"elementor-section elementor-top-section elementor-element elementor-element-72f5183 elementor-section-boxed elementor-section-height-default elementor-section-height-default\" data-id=\"72f5183\" data-element_type=\"section\">\n\t\t\t\t\t\t\t<div class=\"elementor-background-overlay\"><\/div>\n\t\t\t\t\t\t\t<div class=\"elementor-container elementor-column-gap-default\">\n\t\t\t\t\t<div class=\"elementor-column elementor-col-50 elementor-top-column elementor-element elementor-element-6936047f\" data-id=\"6936047f\" data-element_type=\"column\">\n\t\t\t<div class=\"elementor-widget-wrap elementor-element-populated\">\n\t\t\t\t\t\t<div class=\"elementor-element elementor-element-695941e5 elementor-widget__width-initial elementor-widget elementor-widget-text-editor\" data-id=\"695941e5\" data-element_type=\"widget\" data-widget_type=\"text-editor.default\">\n\t\t\t\t<div class=\"elementor-widget-container\">\n\t\t\t\t\t\t\t<h2><a title=\"Plastic surgery services\" href=\"https:\/\/christinaguenter.com\/en\/leistungen\/\" rel=\"\"><b>\u00dcbersicht der BehandlungsLEISTUNGEN \u00bb<\/b><\/a><\/h2><p>Here you will find an overview of my main areas of treatment\u2014from aesthetic surgery to gentle corrections. Each treatment is individual, personalized, and carried out with medical care.\u00a0<a title=\"\u00dcbersicht Behandlungsleistungen\" href=\"https:\/\/christinaguenter.com\/en\/leistungen\/\" rel=\"\"> <strong>To the service overview \u00bb<\/strong><\/a><\/p>\t\t\t\t\t\t<\/div>\n\t\t\t\t<\/div>\n\t\t\t\t\t<\/div>\n\t\t<\/div>\n\t\t\t\t<div class=\"elementor-column elementor-col-50 elementor-top-column elementor-element elementor-element-6a21f68\" data-id=\"6a21f68\" data-element_type=\"column\">\n\t\t\t<div class=\"elementor-widget-wrap elementor-element-populated\">\n\t\t\t\t\t\t<div class=\"elementor-element elementor-element-1569e365 elementor-widget elementor-widget-image\" data-id=\"1569e365\" data-element_type=\"widget\" data-widget_type=\"image.default\">\n\t\t\t\t<div class=\"elementor-widget-container\">\n\t\t\t\t\t\t\t\t\t\t\t\t\t\t<a href=\"https:\/\/christinaguenter.com\/en\/leistungen\/\">\n\t\t\t\t\t\t\t<img decoding=\"async\" width=\"460\" height=\"460\" src=\"https:\/\/christinaguenter.com\/wp-content\/uploads\/2025\/08\/op-dr-christina-guenter-plastische-chirurgin_04.jpg\" class=\"attachment-large size-large wp-image-3685\" alt=\"\" srcset=\"https:\/\/christinaguenter.com\/wp-content\/uploads\/2025\/08\/op-dr-christina-guenter-plastische-chirurgin_04.jpg 460w, https:\/\/christinaguenter.com\/wp-content\/uploads\/2025\/08\/op-dr-christina-guenter-plastische-chirurgin_04-300x300.jpg 300w, https:\/\/christinaguenter.com\/wp-content\/uploads\/2025\/08\/op-dr-christina-guenter-plastische-chirurgin_04-150x150.jpg 150w, https:\/\/christinaguenter.com\/wp-content\/uploads\/2025\/08\/op-dr-christina-guenter-plastische-chirurgin_04-12x12.jpg 12w\" sizes=\"(max-width: 460px) 100vw, 460px\" \/>\t\t\t\t\t\t\t\t<\/a>\n\t\t\t\t\t\t\t\t\t\t\t\t\t<\/div>\n\t\t\t\t<\/div>\n\t\t\t\t\t<\/div>\n\t\t<\/div>\n\t\t\t\t\t<\/div>\n\t\t<\/section>\n\t\t\t\t<\/div>","protected":false},"excerpt":{"rendered":"<p>Abnehmen unter \u00e4rztlicher Begleitung in M\u00fcnchen \/ Gewichtsreduktion \u00c4rztlich begleitete Gewichtsreduktion \u00a0 Ein schlanker, wohlgeformter K\u00f6rper gilt als attraktiv und erstrebenswert. Um dies zu erreichen und zu erhalten sind ein aktiver Lebensstil und eine ausgewogene Ern\u00e4hrung unabdingbar. Dennoch haben z.T. auch sehr sportliche Menschen hier und da kleine Fettp\u00f6lsterchen an ungew\u00fcnschter Stelle. Oder das gelebte [&hellip;]<\/p>","protected":false},"author":4,"featured_media":149,"parent":0,"menu_order":0,"comment_status":"closed","ping_status":"closed","template":"","meta":{"footnotes":""},"_links":{"self":[{"href":"https:\/\/christinaguenter.com\/en\/wp-json\/wp\/v2\/pages\/471"}],"collection":[{"href":"https:\/\/christinaguenter.com\/en\/wp-json\/wp\/v2\/pages"}],"about":[{"href":"https:\/\/christinaguenter.com\/en\/wp-json\/wp\/v2\/types\/page"}],"author":[{"embeddable":true,"href":"https:\/\/christinaguenter.com\/en\/wp-json\/wp\/v2\/users\/4"}],"replies":[{"embeddable":true,"href":"https:\/\/christinaguenter.com\/en\/wp-json\/wp\/v2\/comments?post=471"}],"version-history":[{"count":37,"href":"https:\/\/christinaguenter.com\/en\/wp-json\/wp\/v2\/pages\/471\/revisions"}],"predecessor-version":[{"id":4258,"href":"https:\/\/christinaguenter.com\/en\/wp-json\/wp\/v2\/pages\/471\/revisions\/4258"}],"wp:featuredmedia":[{"embeddable":true,"href":"https:\/\/christinaguenter.com\/en\/wp-json\/wp\/v2\/media\/149"}],"wp:attachment":[{"href":"https:\/\/christinaguenter.com\/en\/wp-json\/wp\/v2\/media?parent=471"}],"curies":[{"name":"wp","href":"https:\/\/api.w.org\/{rel}","templated":true}]}}