{"id":677,"date":"2020-05-15T15:00:34","date_gmt":"2020-05-15T13:00:34","guid":{"rendered":"https:\/\/christinaguenter.com\/?page_id=677"},"modified":"2025-08-09T14:04:15","modified_gmt":"2025-08-09T12:04:15","slug":"liposuktion-fettabsaugung-in-muenchen","status":"publish","type":"page","link":"https:\/\/christinaguenter.com\/en\/liposuktion-fettabsaugung-in-muenchen","title":{"rendered":"Liposuction"},"content":{"rendered":"<div data-elementor-type=\"wp-page\" data-elementor-id=\"677\" class=\"elementor elementor-677\" data-elementor-post-type=\"page\">\n\t\t\t\t\t\t<section class=\"elementor-section elementor-top-section elementor-element elementor-element-16a0ab7 elementor-section-boxed elementor-section-height-default elementor-section-height-default\" data-id=\"16a0ab7\" data-element_type=\"section\">\n\t\t\t\t\t\t<div class=\"elementor-container elementor-column-gap-default\">\n\t\t\t\t\t<div class=\"elementor-column elementor-col-100 elementor-top-column elementor-element elementor-element-492f921\" data-id=\"492f921\" data-element_type=\"column\">\n\t\t\t<div class=\"elementor-widget-wrap elementor-element-populated\">\n\t\t\t\t\t\t<div class=\"elementor-element elementor-element-0c606b9 headline elementor-widget elementor-widget-text-editor\" data-id=\"0c606b9\" data-element_type=\"widget\" data-widget_type=\"text-editor.default\">\n\t\t\t\t<div class=\"elementor-widget-container\">\n\t\t\t\t\t\t\t<h1 style=\"font-size: 0.9em; font-weight: 300; color: #888888;\">Liposuction in Munich<\/h1>\t\t\t\t\t\t<\/div>\n\t\t\t\t<\/div>\n\t\t\t\t\t<\/div>\n\t\t<\/div>\n\t\t\t\t\t<\/div>\n\t\t<\/section>\n\t\t\t\t<section class=\"elementor-section elementor-top-section elementor-element elementor-element-1de5cb9 elementor-section-boxed elementor-section-height-default elementor-section-height-default\" data-id=\"1de5cb9\" data-element_type=\"section\">\n\t\t\t\t\t\t<div class=\"elementor-container elementor-column-gap-default\">\n\t\t\t\t\t<div class=\"elementor-column elementor-col-100 elementor-top-column elementor-element elementor-element-7eaac10\" data-id=\"7eaac10\" data-element_type=\"column\">\n\t\t\t<div class=\"elementor-widget-wrap elementor-element-populated\">\n\t\t\t\t\t\t<div class=\"elementor-element elementor-element-8eb79b6 elementor-widget elementor-widget-text-editor\" data-id=\"8eb79b6\" data-element_type=\"widget\" data-widget_type=\"text-editor.default\">\n\t\t\t\t<div class=\"elementor-widget-container\">\n\t\t\t\t\t\t\t<h2>Liposuction<\/h2><p>A slim well-shaped body is considered attractive and desirable. To achieve and maintain the body contours, an active lifestyle and a balanced diet are essential. Still, even very athletic people have a few little love handles in unwanted places. They are often hereditary, and of all things, these tiny fat deposits, in particular, cannot be fundamentally changed by physical exercise or a healthy diet alone.<br \/>However, these unwanted love handles may be tackled with the help of liposuction, precisely and sustainably, permanently reshaping your body contours and proportions.<\/p><p>Liposuction is particularly promising in the following areas:<\/p><ul><li>Hips<\/li><li>Back<\/li><li>Buttocks<\/li><li>Outer thigh (\u201csaddlebags\u201d)<\/li><li>Inner thigh<\/li><li>Inner knee<\/li><li>Calves<\/li><li>Abdomen<\/li><li>Mons pubis<\/li><li>Lateral breast area<\/li><li>Chin (\u201cdouble chin\u201c)<\/li><li>Upper arms<\/li><\/ul><p>Liposuction is also effective for so-called Lipedema, providing lasting alleviation.<\/p><p>Due to Dr. med. Dr. med. Christina Irene G\u00fcnter\u2019s international activities and her cooperation with famous bariatric surgeons in Kuwait, one of her main areas of expertise is post-bariatric or body-shaping surgery, including liposuction.<\/p><p>The most suitable treatment for your individual situation will be discussed in a personal consultation with Dr. med. Dr. med. Christina Irene G\u00fcnter.<\/p><p>Your health is always given priority. Surgery that negatively affects your health or physical integrity is not recommended and will not be performed. Detailed consultations are mandatory before any surgical procedure. It is essential to talk about the motivation for this kind of surgery, to discuss whether the desired result can be achieved, and to speak about possible limitations. Other important topics are alternative treatments, as well as potential adverse side effects and possible risks.<\/p><h2>Risks<\/h2><p>As with any surgical procedure, liposuction may lead to bruising (hematoma), secondary bleeding, swelling, wound healing disorders, infections, and wound dehiscence. Temporary numbness of the treated area may also occur.<\/p><p>If you decide on a liposuction treatment, it is essential that you are cared for professionally and personally during the entire process.\u00a0<\/p><p>I attach great importance to perceiving, advising, and treating you as an individual, with all your personality\u2019s facets. My many years of experience, expertise, empathy, and communication are central pillars of my therapeutic success. Intensive and personal post-treatment care is as much a focus of my work as the preparation and the treatment itself. After all, a perfect result can only be achieved by working together as a team.\u00a0<\/p><div><h2><img fetchpriority=\"high\" decoding=\"async\" class=\"alignnone wp-image-791\" src=\"https:\/\/christinaguenter.com\/wp-content\/uploads\/2020\/05\/IMG_0963-300x200.jpg\" alt=\"\" width=\"578\" height=\"385\" srcset=\"https:\/\/christinaguenter.com\/wp-content\/uploads\/2020\/05\/IMG_0963-300x200.jpg 300w, https:\/\/christinaguenter.com\/wp-content\/uploads\/2020\/05\/IMG_0963-1024x683.jpg 1024w, https:\/\/christinaguenter.com\/wp-content\/uploads\/2020\/05\/IMG_0963-768x512.jpg 768w, https:\/\/christinaguenter.com\/wp-content\/uploads\/2020\/05\/IMG_0963-1536x1024.jpg 1536w, https:\/\/christinaguenter.com\/wp-content\/uploads\/2020\/05\/IMG_0963-2048x1365.jpg 2048w\" sizes=\"(max-width: 578px) 100vw, 578px\" \/><\/h2><\/div><h2>The most important facts on liposuction<\/h2><ul><li><strong>DURATION OF TREATMENT:<\/strong>depending on the chosen procedure<\/li><li><strong>ANESTHESIA<\/strong>: twilight sleep with local anesthesia or general anesthesia<\/li><li><b>TREATMENT:<\/b>one day in-patient stay or out-patient<\/li><li><b>COSTS:<\/b>will be determined individually after the preliminary consultation, depending on the work involved<\/li><li><strong>FOLLOW-UP TREATMENT<\/strong>: 2 to 6 weeks<\/li><li><strong>REMOVAL OF SUTURES<\/strong>: no sutures or absorbable sutures<\/li><li><strong>SOCIAL ACTIVITIES<\/strong>: after 1 week<\/li><li><strong>PHYSICAL EXERCISE:<\/strong>after 4 to 6 weeks<\/li><\/ul>\t\t\t\t\t\t<\/div>\n\t\t\t\t<\/div>\n\t\t\t\t\t<\/div>\n\t\t<\/div>\n\t\t\t\t\t<\/div>\n\t\t<\/section>\n\t\t\t\t<section class=\"elementor-section elementor-top-section elementor-element elementor-element-7f9b2be0 elementor-section-boxed elementor-section-height-default elementor-section-height-default\" data-id=\"7f9b2be0\" data-element_type=\"section\">\n\t\t\t\t\t\t\t<div class=\"elementor-background-overlay\"><\/div>\n\t\t\t\t\t\t\t<div class=\"elementor-container elementor-column-gap-default\">\n\t\t\t\t\t<div class=\"elementor-column elementor-col-50 elementor-top-column elementor-element elementor-element-3f0fc22d\" data-id=\"3f0fc22d\" data-element_type=\"column\">\n\t\t\t<div class=\"elementor-widget-wrap elementor-element-populated\">\n\t\t\t\t\t\t<div class=\"elementor-element elementor-element-13674dc2 elementor-widget__width-initial elementor-widget elementor-widget-text-editor\" data-id=\"13674dc2\" data-element_type=\"widget\" data-widget_type=\"text-editor.default\">\n\t\t\t\t<div class=\"elementor-widget-container\">\n\t\t\t\t\t\t\t<h2><a title=\"Plastic surgery services\" href=\"https:\/\/christinaguenter.com\/en\/leistungen\/\" rel=\"\"><b>\u00dcbersicht der BehandlungsLEISTUNGEN \u00bb<\/b><\/a><\/h2><p>Here you will find an overview of my main areas of treatment\u2014from aesthetic surgery to gentle corrections. Each treatment is individual, personalized, and carried out with medical care.\u00a0<a title=\"\u00dcbersicht Behandlungsleistungen\" href=\"https:\/\/christinaguenter.com\/en\/leistungen\/\" rel=\"\"> <strong>To the service overview \u00bb<\/strong><\/a><\/p>\t\t\t\t\t\t<\/div>\n\t\t\t\t<\/div>\n\t\t\t\t\t<\/div>\n\t\t<\/div>\n\t\t\t\t<div class=\"elementor-column elementor-col-50 elementor-top-column elementor-element elementor-element-1689e3aa\" data-id=\"1689e3aa\" data-element_type=\"column\">\n\t\t\t<div class=\"elementor-widget-wrap elementor-element-populated\">\n\t\t\t\t\t\t<div class=\"elementor-element elementor-element-1c737bcf elementor-widget elementor-widget-image\" data-id=\"1c737bcf\" data-element_type=\"widget\" data-widget_type=\"image.default\">\n\t\t\t\t<div class=\"elementor-widget-container\">\n\t\t\t\t\t\t\t\t\t\t\t\t\t\t<a href=\"https:\/\/christinaguenter.com\/en\/leistungen\/\">\n\t\t\t\t\t\t\t<img decoding=\"async\" width=\"460\" height=\"460\" src=\"https:\/\/christinaguenter.com\/wp-content\/uploads\/2025\/08\/op-dr-christina-guenter-plastische-chirurgin_04.jpg\" class=\"attachment-large size-large wp-image-3685\" alt=\"\" srcset=\"https:\/\/christinaguenter.com\/wp-content\/uploads\/2025\/08\/op-dr-christina-guenter-plastische-chirurgin_04.jpg 460w, https:\/\/christinaguenter.com\/wp-content\/uploads\/2025\/08\/op-dr-christina-guenter-plastische-chirurgin_04-300x300.jpg 300w, https:\/\/christinaguenter.com\/wp-content\/uploads\/2025\/08\/op-dr-christina-guenter-plastische-chirurgin_04-150x150.jpg 150w, https:\/\/christinaguenter.com\/wp-content\/uploads\/2025\/08\/op-dr-christina-guenter-plastische-chirurgin_04-12x12.jpg 12w\" sizes=\"(max-width: 460px) 100vw, 460px\" \/>\t\t\t\t\t\t\t\t<\/a>\n\t\t\t\t\t\t\t\t\t\t\t\t\t<\/div>\n\t\t\t\t<\/div>\n\t\t\t\t\t<\/div>\n\t\t<\/div>\n\t\t\t\t\t<\/div>\n\t\t<\/section>\n\t\t\t\t<\/div>","protected":false},"excerpt":{"rendered":"<p>Fettabsaugung in M\u00fcnchen \/ Liposuktion Fettabsaugung, Liposuktion Ein schlanker, wohlgeformter K\u00f6rper gilt als attraktiv und erstrebenswert. Um dies zu erreichen und zu erhalten sind ein aktiver Lebensstil und eine ausgewogene Ern\u00e4hrung unabdingbar. Dennoch haben auch sehr sportliche Menschen hier und da kleine Fettp\u00f6lsterchen an unerw\u00fcnschter Stelle. Diese sind vielfach erblich bedingt, und ausgerechnet diese st\u00f6renden [&hellip;]<\/p>","protected":false},"author":4,"featured_media":149,"parent":0,"menu_order":0,"comment_status":"closed","ping_status":"closed","template":"","meta":{"footnotes":""},"_links":{"self":[{"href":"https:\/\/christinaguenter.com\/en\/wp-json\/wp\/v2\/pages\/677"}],"collection":[{"href":"https:\/\/christinaguenter.com\/en\/wp-json\/wp\/v2\/pages"}],"about":[{"href":"https:\/\/christinaguenter.com\/en\/wp-json\/wp\/v2\/types\/page"}],"author":[{"embeddable":true,"href":"https:\/\/christinaguenter.com\/en\/wp-json\/wp\/v2\/users\/4"}],"replies":[{"embeddable":true,"href":"https:\/\/christinaguenter.com\/en\/wp-json\/wp\/v2\/comments?post=677"}],"version-history":[{"count":26,"href":"https:\/\/christinaguenter.com\/en\/wp-json\/wp\/v2\/pages\/677\/revisions"}],"predecessor-version":[{"id":3996,"href":"https:\/\/christinaguenter.com\/en\/wp-json\/wp\/v2\/pages\/677\/revisions\/3996"}],"wp:featuredmedia":[{"embeddable":true,"href":"https:\/\/christinaguenter.com\/en\/wp-json\/wp\/v2\/media\/149"}],"wp:attachment":[{"href":"https:\/\/christinaguenter.com\/en\/wp-json\/wp\/v2\/media?parent=677"}],"curies":[{"name":"wp","href":"https:\/\/api.w.org\/{rel}","templated":true}]}}