{"id":840,"date":"2020-05-27T10:37:14","date_gmt":"2020-05-27T08:37:14","guid":{"rendered":"https:\/\/christinaguenter.com\/?page_id=840"},"modified":"2025-08-17T13:46:36","modified_gmt":"2025-08-17T11:46:36","slug":"publikationen-dr-dr-guenter","status":"publish","type":"page","link":"https:\/\/christinaguenter.com\/en\/publikationen-dr-dr-guenter","title":{"rendered":"Publications Dr. Dr. G\u00fcnter"},"content":{"rendered":"<div data-elementor-type=\"wp-page\" data-elementor-id=\"840\" class=\"elementor elementor-840\" data-elementor-post-type=\"page\">\n\t\t\t\t\t\t<section class=\"elementor-section elementor-top-section elementor-element elementor-element-e280ca0 elementor-section-boxed elementor-section-height-default elementor-section-height-default\" data-id=\"e280ca0\" data-element_type=\"section\">\n\t\t\t\t\t\t<div class=\"elementor-container elementor-column-gap-default\">\n\t\t\t\t\t<div class=\"elementor-column elementor-col-100 elementor-top-column elementor-element elementor-element-8ace0bb\" data-id=\"8ace0bb\" data-element_type=\"column\">\n\t\t\t<div class=\"elementor-widget-wrap elementor-element-populated\">\n\t\t\t\t\t\t<div class=\"elementor-element elementor-element-a775e84 headline elementor-widget elementor-widget-text-editor\" data-id=\"a775e84\" data-element_type=\"widget\" data-widget_type=\"text-editor.default\">\n\t\t\t\t<div class=\"elementor-widget-container\">\n\t\t\t\t\t\t\t<h1 style=\"font-size: 0.9em; font-weight: 300; color: #888888;\">Dr. Dr. Christina G\u00fcnter | Publications<\/h1>\t\t\t\t\t\t<\/div>\n\t\t\t\t<\/div>\n\t\t\t\t\t<\/div>\n\t\t<\/div>\n\t\t\t\t\t<\/div>\n\t\t<\/section>\n\t\t\t\t<section class=\"elementor-section elementor-top-section elementor-element elementor-element-1de5cb9 elementor-section-boxed elementor-section-height-default elementor-section-height-default\" data-id=\"1de5cb9\" data-element_type=\"section\">\n\t\t\t\t\t\t<div class=\"elementor-container elementor-column-gap-default\">\n\t\t\t\t\t<div class=\"elementor-column elementor-col-100 elementor-top-column elementor-element elementor-element-7eaac10\" data-id=\"7eaac10\" data-element_type=\"column\">\n\t\t\t<div class=\"elementor-widget-wrap elementor-element-populated\">\n\t\t\t\t\t\t<div class=\"elementor-element elementor-element-8eb79b6 elementor-widget elementor-widget-text-editor\" data-id=\"8eb79b6\" data-element_type=\"widget\" data-widget_type=\"text-editor.default\">\n\t\t\t\t<div class=\"elementor-widget-container\">\n\t\t\t\t\t\t\t<h2><b style=\"mso-bidi-font-weight: normal;\"><span style=\"mso-ascii-font-family: 'Times New Roman'; mso-hansi-font-family: 'Times New Roman'; mso-bidi-font-family: 'Times New Roman'; color: black; mso-themecolor: text1;\">Publications Dr. Dr. Christina Irene G\u00fcnter<\/span><\/b><\/h2><p>\u00a0<\/p><p><strong>DISSERTATIONS<\/strong><\/p><p>Dr. med.\u00a0G\u00fcnter, Christina Irene<br \/>Doktorvater: Hans-G\u00fcnther Machens<br \/><strong><em>Retrospektive Evaluation zur Lebensqualit\u00e4t nach Seitenastexhaerese mittels Transilluminierter Powered Phlebotomy (TPP), unter Verwendung einer modifizierter Operationstechnik und des SQOR-V<br \/><\/em><\/strong>Dissertation zur Erlangung des Grades einer Doktorin der Medizin der Fakult\u00e4t f\u00fcr Medizin der Technischen Universit\u00e4t M\u00fcnchen, Deutschland<\/p><p>G\u00fcnter, Christina Irene<br \/>Doktorvater: Herbert Windisch<br \/><strong><em>Mechanismen der Defibrillation. Eine experimentelle Studie mit Kardiomyocyten und Herzteilpr\u00e4parationen<br \/><\/em><\/strong>Dissertation, 2002, Karl Franzens Universit\u00e4t zu Graz, \u00d6sterreich<\/p>\t\t\t\t\t\t<\/div>\n\t\t\t\t<\/div>\n\t\t\t\t\t<\/div>\n\t\t<\/div>\n\t\t\t\t\t<\/div>\n\t\t<\/section>\n\t\t\t\t<section class=\"elementor-section elementor-top-section elementor-element elementor-element-59ca5b5 elementor-section-boxed elementor-section-height-default elementor-section-height-default\" data-id=\"59ca5b5\" data-element_type=\"section\">\n\t\t\t\t\t\t<div class=\"elementor-container elementor-column-gap-default\">\n\t\t\t\t\t<div class=\"elementor-column elementor-col-100 elementor-top-column elementor-element elementor-element-8128044\" data-id=\"8128044\" data-element_type=\"column\">\n\t\t\t<div class=\"elementor-widget-wrap elementor-element-populated\">\n\t\t\t\t\t\t<div class=\"elementor-element elementor-element-81b527c elementor-widget elementor-widget-text-editor\" data-id=\"81b527c\" data-element_type=\"widget\" data-widget_type=\"text-editor.default\">\n\t\t\t\t<div class=\"elementor-widget-container\">\n\t\t\t\t\t\t\t<p><strong>PUBLICATIONS IN<\/strong>\u00a0<strong>PEER REVIEWED JOURNALS<\/strong><\/p><p>Gunter, C. I., Machens, H.-G., Ilg, F. P., Hapfelmeier, A., Jelkmann, W., Egert-Schwender, S., et al.\u00a0(2018). A Randomized Controlled Trial: <br \/><strong>Regenerative Effects, Efficacy and Safety of Erythropoietin in Burn and Scalding Injuries<\/strong>.\u00a0<br \/><em>Frontiers in Pharmacology, 9<\/em>(951). doi:10.3389\/fphar.2018.00951<\/p><p>Christina I.\u00a0G\u00fcnter, Victoria Kehl, Hans-G\u00fcnther Machens. <br \/><strong>Quality of life and clinical results of a modified technique of Transilluminated Powered Phlebectomy (TPP), a retrospective long-term evaluation<\/strong>, <br \/>Phlebology, 2018, 11:2\u00a0<\/p><p>Christina I\u00a0G\u00fcnter, Larissa Kern, Shibashish Giri, Hans-G\u00fcnther Machens and Augustinus Bader<br \/><strong><em>First results on patients treated with topical recombinant human Erythropoietin (rhEPO) to improve wound healing in diabetic foot ulcers.<\/em><\/strong><br \/>Journal of Transplantation &amp; Stem cell Biology, 2015, 2:4<\/p><p>Christina I.\u00a0G\u00fcnter<br \/><strong><em>Bericht zum Habilitanden-Mentoring-Programm der Fakult\u00e4t f\u00fcr Medizin der Technischen Universit\u00e4t M\u00fcnchen<\/em><br \/><\/strong>Handchir Mikrochir Plast Chir., 2014, 16: 209<\/p><p>Christina I.\u00a0G\u00fcnter, Claudia L. Yattara-Baratti, Victoria Kehl, Anke Kowert, Hans-G\u00fcnther Machens, Arndt Schilling\u00a0<br \/><strong><em>Retrospektive Langzeitevaluation der Ergebnisse einer modifizierten Technik von Transilluminierter Powered Phlebotomy (TPP)<\/em><\/strong><br \/>Phlebologie, 2015, 44<\/p><p>Christina I.\u00a0G\u00fcnter<br \/><strong><em>Bericht zum DGV-Reisestipendium 2013<\/em><\/strong><em>; 15.\u00a0<\/em><em>European Burns Association Congress in Wien,\u00a0<\/em>Handchir Mikrochir Plast Chir., 2014, 14:101-103<\/p><p>Christina I\u00a0G\u00fcnter, Hans-G\u00fcnther Machens\u00a0<br \/><strong><em>Innovations in wound medicine<\/em><\/strong><br \/>Wound Medicine, 2014, 4: 9\u201312<\/p><p>Christina I\u00a0G\u00fcnter, Augustinus Bader, Urs Dornseifer, Silvia Egert, Dunda Sebastian, Thomas Wolter, Gerrit Grieb, Norbert Pallua, Tobias von Wild, Frank Siemers, Peter Mail\u00e4nder, Carsten Ernert, Michael Steen, Reiner Sievers, Bert Reichert, Afshin Rahmanian-Schwarz, Hans E Schaller, Bernd Hartmann, Max Otte, Victoria Kehl, Christian Ohmann, Wolfgang Jelkmann and Hans-G\u00fcnther Machens<br \/><strong><em>A Multicenter Study on Regenerative Effects of Erythropoietin in Burn and Scald Injuries -EPO in Burns-: study protocol for a randomised controlled<\/em><\/strong><em> trial.<\/em>\u00a0\u00a0Trials<em>\u00a0<\/em>2013<em>,<\/em>\u00a014:124\u00a0doi:10.1186\/1745-6215-14-124\u00a0<\/p><p>Christina I. Guenter, Fahrid Rezaian, Yves Harder, J\u00f6rn Lohmeyer, Ulf Dornseifer,\u00a0 Augustinus Bader, Arndt Schilling, Hans-G\u00fcnther Machens\u00a0<br \/><strong><em>Erythropoetin in der Plastischen Chirurgie.<\/em><\/strong>\u00a0<br \/>Handchir Mikrochir Plast Chir. 2013 Apr; 45(2):108-19. doi: 10.1055\/s-0033-1334909<\/p><p>G\u00fcnter\u00a0CI, Machens HG<br \/><strong><em>\u201cNew strategies in clinical care of skin wound healing\u201c<\/em><\/strong><br \/>Eur J Surg Res, 2012: 49: 16-23<\/p><p>Augustinus Bader, Sabine Ebert, Shibashish Giri, Mathias Kremer, Shuhua Liu, Andereas Nerlich, Christina I\u00a0G\u00fcnter, Dagmar U Smith, Hans-G\u00fcnther Machens<br \/><strong><em>Skin regeneration with conical and hair follicle sturucture of deep second-degree scaldling injuries via combined expression of the EPO receptor and beta common receptor by local subcutaneous injection of nanosized rhEPO.<\/em><\/strong>\u00a0<br \/>Int J Nanomedicine 2012: 7 1227-1237<\/p><p>Debarun Das, Ziyang Zhang, Thomas Winkler, Meenskshi Mour, Jos\u00e9 T. Egana, Christina I.G\u00fcnter, Michael M. Morlock, Hans-G\u00fcnther Machens, Arndt F. Schilling<br \/><strong><em>Bioresorption and Degradation of Biomaterials.\u00a0<\/em><\/strong><br \/>Adv Biochem Engin\/Biotechnol 2011, DOI:10.1007\/10_2011_119<\/p><p>Christina I. Guenter, Augustinus Bader, Hans-Guenther Machens<br \/><strong><em>EPO-, EPO-Rezeptoren und Effekte in der Haut und ihre Bedeutung f\u00fcr die Wundheilung<\/em>.<\/strong> Regenerative Medizin, 2011;1: 26-30\u00a0<\/p><p>Hoerstrup SP, Kadner A, Breymann C, Maurus CF, Guenter CI, Sodian R, Visjager JF, Zund G, Turina MI.<br \/><strong><em>Living, autologous pulmonary artery conduits tissue engineered from human umbilical cord cells<\/em><\/strong><strong>.<\/strong> <br \/>Ann Thorac Surg. 2002 Jul; 74 (1):46-52<\/p><p>Mol A, Bouten CVC, Guenter CI, Baaijens FPT, Visjager JF, Zund G, Hoerstrup SP.<br \/><strong><em>Optimization of load-bearing properties for tissue engineering of heart valves.<\/em><\/strong><em>\u00a0<br \/><\/em>Perception. 2003 Jan<\/p><p>Kadner A, Zund G, Breymann C, Fleischmann A, Guenter CI, Visjager JF, Maurus C, Turina M, Hoerstrup SP.<br \/><strong><em>Human umbilical cord cells for tissue engineering of trileaflet heart valves.<\/em><\/strong><br \/>J Heart Lung Transplant 2003, Jan; 22(1)<\/p><p>Mol A, Bouten CVC, Zund G, Guenter CI, Visjager JF, Baaijens FPT, Hoerstrup SP<br \/><strong><em>The relevance of Large Strains in Funktional Tissue Engineering of Heart Valves<\/em><\/strong><em><br \/>\u00a0<\/em>The Thoracic and Cardiovascular Surgeon, 2003, Apr; 51 (2): 78-83<\/p><p>G\u00fcnter\u00a0CI, Neuenschwander S, Zund G, Turina M, Hoerstrup SP<br \/><strong><em>Das Herz aus dem Reagenzglas \u2013 hat die Zukunft schon begonnen?<\/em><\/strong><br \/>Ars Medici, 6, 2003, S. 280-284<\/p><p>Mol A, Bouten CVC, Guenter CI, Baaijens FPT, Visjager JF, Zund G, Hoerstrup SP.<br \/><strong><em>Improved load-bearing properties for tissue engineering of aortic heart valves.<\/em><\/strong><em>\u00a0<br \/><\/em>Perception. 2004 Jan<\/p><p>Schmidt D, Breymann C, Weber A, Guenter CI, Neuenschwander S, Zund G, Turina M, Hoerstrup SP<br \/><strong><em>Umbilical cord blood derived endothelial progenitor cells for tissue engineering of vascular grafts.<\/em><\/strong>\u00a0<br \/>Ann Thoracic Surg. 2004 Dec; 78 (6): 2094-8<\/p><p>Jens M. Kelm, Valentin Djonov, Simon P. Hoerstrup, Christina I. Guenter, Lars M. Ittner, Frauke Greve, Anderas Hierlemann, Charlotta Diaz Sanchez-Bustamante, Jean-Claude Perriard, Elisabeth Ehler, Martin Fussenegger<br \/><strong><em>Tissue-Transplant Fusion and Vascularization of Myocardial Micro- and Macrotissues Implanted into Chicken Embryos and Rats.\u00a0<\/em><\/strong><strong><br \/><\/strong>Tissue Engineering, 2006, Sep, Vol 12 (9), 2541<\/p><p>Simon P. Hoerstrup, Ian Cummings, Mario Lachat, Frederick J. Schoen, Rolf Jenni, Sebastian Leschka, Stefan Neuenschwander, D\u00f6rthe Schmidt, Anita Mol, Christina I.\u00a0G\u00fcnter, Mathias G\u00f6ssi, Michele Genoni, Gregor Zund<br \/><strong><em>Functional growth in tissue engineered living, vascular grafts: Follow up at 100 weeks in a large animal model<\/em><\/strong><br \/>Circulation, 2006, Jul 4, Vol 114 (1), I159<\/p>\t\t\t\t\t\t<\/div>\n\t\t\t\t<\/div>\n\t\t\t\t\t<\/div>\n\t\t<\/div>\n\t\t\t\t\t<\/div>\n\t\t<\/section>\n\t\t\t\t<section class=\"elementor-section elementor-top-section elementor-element elementor-element-f5ccbc0 elementor-section-boxed elementor-section-height-default elementor-section-height-default\" data-id=\"f5ccbc0\" data-element_type=\"section\">\n\t\t\t\t\t\t<div class=\"elementor-container elementor-column-gap-default\">\n\t\t\t\t\t<div class=\"elementor-column elementor-col-100 elementor-top-column elementor-element elementor-element-b261d4a\" data-id=\"b261d4a\" data-element_type=\"column\">\n\t\t\t<div class=\"elementor-widget-wrap elementor-element-populated\">\n\t\t\t\t\t\t<div class=\"elementor-element elementor-element-988429d elementor-widget elementor-widget-text-editor\" data-id=\"988429d\" data-element_type=\"widget\" data-widget_type=\"text-editor.default\">\n\t\t\t\t<div class=\"elementor-widget-container\">\n\t\t\t\t\t\t\t<p><strong>BOOK CHAPTER<\/strong><\/p><p>Christina Irene\u00a0G\u00fcnter, Hans-G\u00fcnther Machens<br \/>Herausgeber Dominic Duscher und\u00a0Melvin Shiffman<br \/><strong>\u201e<\/strong><strong>Erythropoietin: an innovative therapeutic approach in thermal trauma\u201d<\/strong><br \/>Regenerative Medicine in Plastic Surgery: Art, Science and Principles<br \/>Springer, 2018; in press<\/p><p>Christina I.\u00a0G\u00fcnter, Beate Blank, Daniel Fuge, Bert Reichert<br \/>Herausgeber Christian Ottomann, Bernd Hartman<br \/><strong>\u201eVollhauttransplantation\u201c<\/strong>\u00a0<br \/>Technik der Hauttransplantationen, Springer, 2015, in press<\/p><p>Christina I.\u00a0G\u00fcnter<br \/>Herausgeber Christian Ottomann, Bernd Hartman<br \/><strong>\u201eErytropoietin im schwerbrandverletzten Patienten\u201c<\/strong>\u00a0<br \/>Technik der Hauttransplantationen, Springer, 2015, in press<\/p><p>Christina I.\u00a0G\u00fcnter, Augustinus Bader, Hans G\u00fcnther Machens,<br \/>Herausgeber Gustav Steinhoff (Editor)<br \/><strong>Part IV Regenerative Therapies<\/strong><br \/>REGENERATIVE MEDICINE, From Protocol to Patient, 2015, Springer, 3.Edition,\u00a0eBook ISBN 978-3-319-28293-0, DOI 10.1007\/978-3-319-28293-0, Hardcover ISBN 978-3-319-28291-6<\/p><p>Christina I.\u00a0G\u00fcnter, Hans-G\u00fcnther Machens<br \/>Herausgeber A Bader and L de Bartolo<br \/><strong>\u201eInnovative solutions for wound therapy\u201c<\/strong><strong><br \/><\/strong><strong>\u201cBiomaterials and cell therapy: state of art and visions for the future\u201d,<\/strong> <br \/>2012 Science Publishers, USA, 1.\u00a0Edition<\/p><p>Christina I.\u00a0G\u00fcnter, Augustinus Bader, Hans G\u00fcnther Machens,<br \/>Herausgeber Gustav Steinhoff (Editor)<br \/><strong>Part IV Regenerative Therapies<\/strong><br \/>REGENERATIVE MEDICINE, From Protocol to Patient, 2012, Springer, 2.Edition, ISBN 978-94-007-5689-2<\/p><p>Hans G\u00fcnther Machens, Christina I.\u00a0G\u00fcnter, Augustinus Bader,\u00a0<br \/>Herausgeber Gustav Steinhoff (Editor)<br \/><strong>Part IV Regenerative Therapies<\/strong><br \/>REGENERATIVE MEDICINE, From Protocol to Patient, 2011, Springer, ISBN: 978-90-481-9074-4<\/p><p>Christina Irene\u00a0G\u00fcnter, Hans-G\u00fcnther Machens<br \/>Herausgeber: A. Berger, R. Hierner, N. Pallua<br \/><strong>Innovative Therapien der Wundheilung<\/strong><br \/>Buchreihe: PLASTISCHE CHIRURGIE, Band V, Neue Trends in der Forschung- Gesichtsfremdtransplantation- Fehlbildungen, Springer Verlag,\u00a0<\/p><p>Christina Irene\u00a0G\u00fcnter<br \/>Herausgeber: Prof. Hutmacher, Prof. Schantz<br \/><strong>Erythropoietin and its role in regenerative medicine<\/strong><br \/>Regenerative Medicine\u00a0World Scientific Press, Singapore, 2013, ISBN: 9789814520638<\/p>\t\t\t\t\t\t<\/div>\n\t\t\t\t<\/div>\n\t\t\t\t\t<\/div>\n\t\t<\/div>\n\t\t\t\t\t<\/div>\n\t\t<\/section>\n\t\t\t\t<section class=\"elementor-section elementor-top-section elementor-element elementor-element-7f03d35 elementor-section-boxed elementor-section-height-default elementor-section-height-default\" data-id=\"7f03d35\" data-element_type=\"section\">\n\t\t\t\t\t\t<div class=\"elementor-container elementor-column-gap-default\">\n\t\t\t\t\t<div class=\"elementor-column elementor-col-100 elementor-top-column elementor-element elementor-element-938f224\" data-id=\"938f224\" data-element_type=\"column\">\n\t\t\t<div class=\"elementor-widget-wrap elementor-element-populated\">\n\t\t\t\t\t\t<div class=\"elementor-element elementor-element-3fd3f5c elementor-widget elementor-widget-text-editor\" data-id=\"3fd3f5c\" data-element_type=\"widget\" data-widget_type=\"text-editor.default\">\n\t\t\t\t<div class=\"elementor-widget-container\">\n\t\t\t\t\t\t\t<p><strong>EDITORIAL BOARD MEMBERSHIP<\/strong><\/p><ul><li>Wound Medicine, Elsevier, Germany<\/li><li>Annals of Bone Marrow Research, Peertechz, Hyderabad, India<\/li><li>SciTz Stem Cells Research&amp;Therapy, SciTechz Open Access Journals, Delaware, USA<\/li><li>Jacobs Journal of Clinical Trials, Jacobs Publishers, Austin, Texas, USA<\/li><li>Journal of Stem Cells and Regenerative Therapy (JSCRT), ZygoScient Research Insights, USA<\/li><li>Updates in Nutritional Disorders and Therapy, OPR Science, Srinivasapuram, Hyderabad, India<\/li><\/ul>\t\t\t\t\t\t<\/div>\n\t\t\t\t<\/div>\n\t\t\t\t\t<\/div>\n\t\t<\/div>\n\t\t\t\t\t<\/div>\n\t\t<\/section>\n\t\t\t\t<section class=\"elementor-section elementor-top-section elementor-element elementor-element-b0ac097 elementor-section-boxed elementor-section-height-default elementor-section-height-default\" data-id=\"b0ac097\" data-element_type=\"section\">\n\t\t\t\t\t\t<div class=\"elementor-container elementor-column-gap-default\">\n\t\t\t\t\t<div class=\"elementor-column elementor-col-100 elementor-top-column elementor-element elementor-element-cff7465\" data-id=\"cff7465\" data-element_type=\"column\">\n\t\t\t<div class=\"elementor-widget-wrap elementor-element-populated\">\n\t\t\t\t\t\t<div class=\"elementor-element elementor-element-e1daa17 elementor-widget elementor-widget-text-editor\" data-id=\"e1daa17\" data-element_type=\"widget\" data-widget_type=\"text-editor.default\">\n\t\t\t\t<div class=\"elementor-widget-container\">\n\t\t\t\t\t\t\t<p><strong>PRESS RELEASE<\/strong><\/p><p>\u201cWith us in Bavaria\u201d issue no. 9 (87) \/ 2020, p. 48 to 49<\/p><p>\u201cHolistic beauty with natural results!\u201d<\/p><p>\u201cFinest, Fine Addresses\u201d, Munich Edition 11\/2020, 39th year, p. 9a<\/p><p>\u201cBeauty &amp; naturalness\u201d<\/p>\t\t\t\t\t\t<\/div>\n\t\t\t\t<\/div>\n\t\t\t\t\t<\/div>\n\t\t<\/div>\n\t\t\t\t\t<\/div>\n\t\t<\/section>\n\t\t\t\t<\/div>","protected":false},"excerpt":{"rendered":"<p>Dr. Dr. Christina G\u00fcnter | Publikationen | Ver\u00f6ffentlichungen Publikationen Dr. Dr. Christina Irene G\u00fcnter DISSERTATIONEN Dr. med.&nbsp;G\u00fcnter, Christina Irene Doktorvater: Hans-G\u00fcnther Machens Retrospektive Evaluation zur Lebensqualit\u00e4t nach Seitenastexhaerese mittels Transilluminierter Powered Phlebotomy (TPP), unter Verwendung einer modifizierter Operationstechnik und des SQOR-V Dissertation zur Erlangung des Grades einer Doktorin der Medizin der Fakult\u00e4t f\u00fcr Medizin der [&hellip;]<\/p>","protected":false},"author":4,"featured_media":2087,"parent":0,"menu_order":0,"comment_status":"closed","ping_status":"closed","template":"","meta":{"footnotes":""},"_links":{"self":[{"href":"https:\/\/christinaguenter.com\/en\/wp-json\/wp\/v2\/pages\/840"}],"collection":[{"href":"https:\/\/christinaguenter.com\/en\/wp-json\/wp\/v2\/pages"}],"about":[{"href":"https:\/\/christinaguenter.com\/en\/wp-json\/wp\/v2\/types\/page"}],"author":[{"embeddable":true,"href":"https:\/\/christinaguenter.com\/en\/wp-json\/wp\/v2\/users\/4"}],"replies":[{"embeddable":true,"href":"https:\/\/christinaguenter.com\/en\/wp-json\/wp\/v2\/comments?post=840"}],"version-history":[{"count":27,"href":"https:\/\/christinaguenter.com\/en\/wp-json\/wp\/v2\/pages\/840\/revisions"}],"predecessor-version":[{"id":2105,"href":"https:\/\/christinaguenter.com\/en\/wp-json\/wp\/v2\/pages\/840\/revisions\/2105"}],"wp:featuredmedia":[{"embeddable":true,"href":"https:\/\/christinaguenter.com\/en\/wp-json\/wp\/v2\/media\/2087"}],"wp:attachment":[{"href":"https:\/\/christinaguenter.com\/en\/wp-json\/wp\/v2\/media?parent=840"}],"curies":[{"name":"wp","href":"https:\/\/api.w.org\/{rel}","templated":true}]}}