{"id":873,"date":"2020-06-04T11:19:50","date_gmt":"2020-06-04T09:19:50","guid":{"rendered":"https:\/\/christinaguenter.com\/?page_id=873"},"modified":"2021-03-24T18:37:59","modified_gmt":"2021-03-24T17:37:59","slug":"veroeffentlichungen-dr-dr-guenter","status":"publish","type":"page","link":"https:\/\/christinaguenter.com\/en\/veroeffentlichungen-dr-dr-guenter","title":{"rendered":"z_ehemals Ver\u00f6ffentlichungen Dr. Dr. Christina G\u00fcnter"},"content":{"rendered":"<div data-elementor-type=\"wp-page\" data-elementor-id=\"873\" class=\"elementor elementor-873\" data-elementor-post-type=\"page\">\n\t\t\t\t\t\t<section class=\"elementor-section elementor-top-section elementor-element elementor-element-ca265a4 elementor-section-boxed elementor-section-height-default elementor-section-height-default\" data-id=\"ca265a4\" data-element_type=\"section\">\n\t\t\t\t\t\t<div class=\"elementor-container elementor-column-gap-default\">\n\t\t\t\t\t<div class=\"elementor-column elementor-col-100 elementor-top-column elementor-element elementor-element-1d01390\" data-id=\"1d01390\" data-element_type=\"column\">\n\t\t\t<div class=\"elementor-widget-wrap elementor-element-populated\">\n\t\t\t\t\t\t<div class=\"elementor-element elementor-element-6fd5a9a headline elementor-widget elementor-widget-text-editor\" data-id=\"6fd5a9a\" data-element_type=\"widget\" data-widget_type=\"text-editor.default\">\n\t\t\t\t<div class=\"elementor-widget-container\">\n\t\t\t\t\t\t\t<h1 style=\"font-size: 0.9em; font-weight: 300; color: #888888;\">Ver\u00f6ffentlichungen zum Thema Plastische Chirurgie<\/h1>\t\t\t\t\t\t<\/div>\n\t\t\t\t<\/div>\n\t\t\t\t\t<\/div>\n\t\t<\/div>\n\t\t\t\t\t<\/div>\n\t\t<\/section>\n\t\t\t\t<section class=\"elementor-section elementor-top-section elementor-element elementor-element-1de5cb9 elementor-section-boxed elementor-section-height-default elementor-section-height-default\" data-id=\"1de5cb9\" data-element_type=\"section\">\n\t\t\t\t\t\t<div class=\"elementor-container elementor-column-gap-default\">\n\t\t\t\t\t<div class=\"elementor-column elementor-col-100 elementor-top-column elementor-element elementor-element-7eaac10\" data-id=\"7eaac10\" data-element_type=\"column\">\n\t\t\t<div class=\"elementor-widget-wrap elementor-element-populated\">\n\t\t\t\t\t\t<div class=\"elementor-element elementor-element-8eb79b6 elementor-widget elementor-widget-text-editor\" data-id=\"8eb79b6\" data-element_type=\"widget\" data-widget_type=\"text-editor.default\">\n\t\t\t\t<div class=\"elementor-widget-container\">\n\t\t\t\t\t\t\t<h2>Ver\u00f6ffentlichungen von Dr. Dr. Christina Irene G\u00fcnter<\/h2><div>\u00a0<\/div><p><b>DISSERTATIONS<\/b><\/p><p>Dr. med. G\u00fcnter, Christina Irene<br \/>Doktorvater: Hans-G\u00fcnther Machens<br \/><i>Retrospektive Evaluation zur Lebensqualit\u00e4t nach Seitenastexhaerese mittels Transilluminierter Powered Phlebotomy (TPP), unter Verwendung einer modifizierter Operationstechnik und des SQOR-V<br \/><\/i>Dissertation zur Erlangung des Grades einer Doktorin der Medizin der Fakult\u00e4t f\u00fcr Medizin der Technischen Universit\u00e4t M\u00fcnchen, Deutschland<\/p><p>G\u00fcnter, Christina Irene<br \/>Doktorvater: Herbert Windisch<br \/><i>Mechanismen der Defibrillation. Eine experimentelle Studie mit Kardiomyocyten und Herzteilpr\u00e4parationen<br \/><\/i>Dissertation, 2002, Karl Franzens Universit\u00e4t zu Graz, \u00d6sterreich<\/p>\t\t\t\t\t\t<\/div>\n\t\t\t\t<\/div>\n\t\t\t\t\t<\/div>\n\t\t<\/div>\n\t\t\t\t\t<\/div>\n\t\t<\/section>\n\t\t\t\t<section class=\"elementor-section elementor-top-section elementor-element elementor-element-2598bf5 elementor-section-boxed elementor-section-height-default elementor-section-height-default\" data-id=\"2598bf5\" data-element_type=\"section\">\n\t\t\t\t\t\t<div class=\"elementor-container elementor-column-gap-default\">\n\t\t\t\t\t<div class=\"elementor-column elementor-col-100 elementor-top-column elementor-element elementor-element-6ef6773\" data-id=\"6ef6773\" data-element_type=\"column\">\n\t\t\t<div class=\"elementor-widget-wrap elementor-element-populated\">\n\t\t\t\t\t\t<div class=\"elementor-element elementor-element-afe9034 elementor-widget elementor-widget-text-editor\" data-id=\"afe9034\" data-element_type=\"widget\" data-widget_type=\"text-editor.default\">\n\t\t\t\t<div class=\"elementor-widget-container\">\n\t\t\t\t\t\t\t<p><b><span lang=\"EN-US\">PUBLICATIONS IN<\/span><\/b><span lang=\"EN-US\"> <b>PEER REVIEWED JOURNALS<\/b><\/span><\/p><p>Gunter, C. I., Machens, H.-G., Ilg, F. P., Hapfelmeier, A., Jelkmann, W., Egert-Schwender, S., et al. <span lang=\"EN-US\">(2018). A Randomized Controlled Trial: Regenerative Effects, Efficacy and Safety of Erythropoietin in Burn and Scalding Injuries. <i>Frontiers in Pharmacology, 9<\/i>(951). doi:10.3389\/fphar.2018.00951<\/span><\/p><p><span lang=\"EN-US\">Christina I. G\u00fcnter, Victoria Kehl, Hans-G\u00fcnther Machens. Quality of life and clinical results of a modified technique of Transilluminated Powered Phlebectomy (TPP), a retrospective long-term evaluation, Phlebology, 2018, 11:2<\/span><\/p><p><span lang=\"EN-US\">Christina I G\u00fcnter, Larissa Kern, Shibashish Giri, Hans-G\u00fcnther Machens and Augustinus Bader<\/span><\/p><p><i><span lang=\"EN-US\">First results on patients treated with topical recombinant human Erythropoietin (rhEPO) to improve wound healing in diabetic foot ulcers.<\/span><\/i><\/p><p>Journal of Transplantation &amp; Stem cell Biology, 2015, 2:4<\/p><p>Christina I. G\u00fcnter<\/p><p><i>Bericht zum Habilitanden-Mentoring-Programm der Fakult\u00e4t f\u00fcr Medizin der Technischen Universit\u00e4t M\u00fcnchen<\/i><\/p><p>Handchir Mikrochir Plast Chir., 2014, 16: 209<\/p><p>Christina I. G\u00fcnter, Claudia L. Yattara-Baratti, Victoria Kehl, Anke Kowert, Hans-G\u00fcnther Machens, Arndt Schilling<\/p><p><i>Retrospektive Langzeitevaluation der Ergebnisse einer modifizierten Technik von Transilluminierter Powered Phlebotomy (TPP)<\/i><\/p><p>Phlebologie, 2015, 44<\/p><p>Christina I. G\u00fcnter<\/p><p><i>Bericht zum DGV-Reisestipendium 2013; 15. <\/i><i><span lang=\"EN-US\">European Burns Association Congress in Wien, <\/span><\/i><span lang=\"EN-US\">Handchir Mikrochir Plast Chir., 2014, 14:101-103<\/span><\/p><p><span lang=\"EN-US\">Christina I G\u00fcnter, Hans-G\u00fcnther Machens<\/span><\/p><p><i><span lang=\"EN-US\">Innovations in wound medicine<\/span><\/i><\/p><p><span lang=\"EN-US\">Wound Medicine, 2014, 4: 9\u201312<\/span><\/p><p><span lang=\"EN-US\">Christina I G\u00fcnter, Augustinus Bader, Urs Dornseifer, Silvia Egert,<\/span><\/p><p><span lang=\"EN-US\">Dunda Sebastian, Thomas Wolter, Gerrit Grieb, Norbert Pallua, Tobias von Wild, Frank Siemers, Peter Mail\u00e4nder, Carsten Ernert, Michael Steen, Reiner Sievers, Bert Reichert, Afshin Rahmanian-Schwarz, Hans E Schaller, Bernd Hartmann, Max Otte, Victoria Kehl, Christian Ohmann, Wolfgang Jelkmann and Hans-G\u00fcnther Machens<\/span><\/p><p><span lang=\"EN-US\">\u00a0<i>A Multicenter Study on Regenerative Effects of Erythropoietin in Burn and Scald Injuries -EPO in Burns-: study protocol for a randomised controlled trial.<\/i>\u00a0 <\/span>Trials<i> <\/i>2013<i>,<\/i> 14:124\u00a0doi:10.1186\/1745-6215-14-124<\/p><p>Christina I. Guenter, Fahrid Rezaian, Yves Harder, J\u00f6rn Lohmeyer, Ulf Dornseifer,\u00a0 Augustinus Bader, Arndt Schilling, Hans-G\u00fcnther Machens <i>Erythropoetin in der Plastischen Chirurgie.<\/i> <span lang=\"EN-US\">Handchir Mikrochir Plast Chir. 2013 Apr; 45(2):108-19. doi: 10.1055\/s-0033-1334909<\/span><\/p><p><span lang=\"EN-US\">G\u00fcnter CI, Machens HG<\/span><br \/><i><span lang=\"EN-US\">\u201cNew strategies in clinical care of skin wound healing\u201c<\/span><\/i><\/p><p><span lang=\"EN-US\">Eur J Surg Res, 2012: 49: 16-23<\/span><\/p><p><span lang=\"EN-US\">Augustinus Bader, Sabine Ebert, Shibashish Giri, Mathias Kremer, Shuhua Liu, Andereas Nerlich, Christina I G\u00fcnter, Dagmar U Smith, Hans-G\u00fcnther Machens<\/span><\/p><p><i><span lang=\"EN-US\">Skin regeneration with conical and hair follicle sturucture of deep second-degree scaldling injuries via combined expression of the EPO receptor and beta common receptor by local subcutaneous injection of nanosized rhEPO. <\/span><\/i>\u00a0<span lang=\"EN-US\">Int J Nanomedicine 2012: 7 1227-1237<\/span><\/p><p><span lang=\"EN-US\">Debarun Das, Ziyang Zhang, Thomas Winkler, Meenskshi Mour, Jos\u00e9 T. Egana, Christina I.G\u00fcnter, Michael M. Morlock, Hans-G\u00fcnther Machens, Arndt F. Schilling<\/span><\/p><p><i><span lang=\"EN-US\">Bioresorption and Degradation of Biomaterials. <\/span><\/i><br \/>Adv Biochem Engin\/Biotechnol 2011, DOI:10.1007\/10_2011_119<\/p><p>Christina I. Guenter, Augustinus Bader, Hans-Guenther Machens<\/p><p><i>EPO-, EPO-Rezeptoren und Effekte in der Haut und ihre Bedeutung f\u00fcr die Wundheilung<\/i>. Regenerative Medizin, 2011;1: 26-30<\/p><p>Hoerstrup SP, Kadner A, Breymann C, Maurus CF, Guenter CI, Sodian R, Visjager JF, Zund G, Turina MI.<\/p><p><i><span lang=\"EN-US\">Living, autologous pulmonary artery conduits tissue engineered from human umbilical cord cells<\/span><\/i><span lang=\"EN-US\">. Ann Thorac Surg. 2002 Jul; 74 (1):46-52<\/span><\/p><p><span lang=\"EN-US\">Mol A, Bouten CVC, Guenter CI, Baaijens FPT, Visjager JF, Zund G, Hoerstrup SP.<\/span><\/p><p><i><span lang=\"EN-US\">Optimization of load-bearing properties for tissue engineering of heart valves. <\/span><\/i><span lang=\"EN-US\">Perception. 2003 Jan<\/span><\/p><p><span lang=\"EN-US\">Kadner A, Zund G, Breymann C, Fleischmann A, Guenter CI, Visjager JF, Maurus C, Turina M, Hoerstrup SP.<\/span><\/p><p><i><span lang=\"EN-US\">Human umbilical cord cells for tissue engineering of trileaflet heart valves.<\/span><\/i><\/p><p><span lang=\"EN-US\">J Heart Lung Transplant 2003, Jan; 22(1)<\/span><\/p><p><span lang=\"EN-US\">Mol A, Bouten CVC, Zund G, Guenter CI, Visjager JF, Baaijens FPT, Hoerstrup SP<\/span><\/p><p><i><span lang=\"EN-US\">The relevance of Large Strains in Funktional Tissue Engineering of Heart Valves <\/span><\/i><span lang=\"EN-US\">The Thoracic and Cardiovascular Surgeon, 2003, Apr; 51 (2): 78-83<\/span><\/p><p><span lang=\"EN-US\">G\u00fcnter CI, Neuenschwander S, Zund G, Turina M, Hoerstrup SP<\/span><\/p><p><i><span lang=\"EN-US\">Das Herz aus dem Reagenzglas \u2013 hat die Zukunft schon begonnen?<\/span><\/i><\/p><p><span lang=\"EN-US\">Ars Medici, 6, 2003, S. 280-284<\/span><\/p><p><span lang=\"EN-US\">Mol A, Bouten CVC, Guenter CI, Baaijens FPT, Visjager JF, Zund G, Hoerstrup SP.<\/span><\/p><p><i><span lang=\"EN-US\">Improved load-bearing properties for tissue engineering of aortic heart valves. <\/span><\/i><span lang=\"EN-US\">Perception. 2004 Jan<\/span><\/p><p><span lang=\"EN-US\">Schmidt D, Breymann C, Weber A, Guenter CI, Neuenschwander S, Zund G, Turina M, Hoerstrup SP<\/span><\/p><p><i><span lang=\"EN-US\">Umbilical cord blood derived endothelial progenitor cells for tissue engineering of vascular grafts.<\/span><\/i><span lang=\"EN-US\"> Ann Thoracic Surg. 2004 Dec; 78 (6): 2094-8<\/span><\/p><p><span lang=\"EN-US\">Jens M. Kelm, Valentin Djonov, Simon P. Hoerstrup, Christina I. Guenter, Lars M. Ittner, Frauke Greve, Anderas Hierlemann, Charlotta Diaz Sanchez-Bustamante, Jean-Claude Perriard, Elisabeth Ehler, Martin Fussenegger<\/span><\/p><p><i><span lang=\"EN-US\">Tissue-Transplant Fusion and Vascularization of Myocardial Micro- and Macrotissues Implanted into Chicken Embryos and Rats. <\/span><\/i><\/p><p><span lang=\"EN-US\">Tissue Engineering, 2006, Sep, Vol 12 (9), 2541<\/span><\/p><p><span lang=\"EN-US\">Simon P. Hoerstrup, Ian Cummings, Mario Lachat, Frederick J. Schoen, Rolf Jenni, Sebastian Leschka, Stefan Neuenschwander, D\u00f6rthe Schmidt, Anita Mol, Christina I. G\u00fcnter, Mathias G\u00f6ssi, Michele Genoni, Gregor Zund<\/span><\/p><p><i><span lang=\"EN-US\">Functional growth in tissue engineered living, vascular grafts: Follow up at 100 weeks in a large animal model<\/span><\/i><\/p><p><span lang=\"EN-US\">Circulation, 2006, Jul 4, Vol 114 (1), I159<\/span><\/p>\t\t\t\t\t\t<\/div>\n\t\t\t\t<\/div>\n\t\t\t\t\t<\/div>\n\t\t<\/div>\n\t\t\t\t\t<\/div>\n\t\t<\/section>\n\t\t\t\t<section class=\"elementor-section elementor-top-section elementor-element elementor-element-141742d elementor-section-boxed elementor-section-height-default elementor-section-height-default\" data-id=\"141742d\" data-element_type=\"section\">\n\t\t\t\t\t\t<div class=\"elementor-container elementor-column-gap-default\">\n\t\t\t\t\t<div class=\"elementor-column elementor-col-100 elementor-top-column elementor-element elementor-element-325bc90\" data-id=\"325bc90\" data-element_type=\"column\">\n\t\t\t<div class=\"elementor-widget-wrap elementor-element-populated\">\n\t\t\t\t\t\t<div class=\"elementor-element elementor-element-9221b00 elementor-widget elementor-widget-text-editor\" data-id=\"9221b00\" data-element_type=\"widget\" data-widget_type=\"text-editor.default\">\n\t\t\t\t<div class=\"elementor-widget-container\">\n\t\t\t\t\t\t\t<p><b>BOOK CHAPTER<\/b><\/p><p>Christina Irene G\u00fcnter, Hans-G\u00fcnther Machens<\/p><p>Herausgeber Dominic Duscher und <span lang=\"EN-US\">Melvin Shiffman<\/span><br \/>\u201e<span lang=\"EN\">Erythropoietin: an innovative therapeutic approach in thermal trauma\u201d<\/span><\/p><p><span lang=\"EN-US\">Regenerative Medicine in Plastic Surgery: Art, Science and Principles<\/span><br \/><span lang=\"EN-US\">Springer, 2018; in press<\/span><\/p><p>Christina I. G\u00fcnter, Beate Blank, Daniel Fuge, Bert Reichert<\/p><p>Herausgeber Christian Ottomann, Bernd Hartman<br \/>\u201eVollhauttransplantation\u201c <br \/>Technik der Hauttransplantationen, Springer, 2015, in press<\/p><p>Christina I. G\u00fcnter<br \/>Herausgeber Christian Ottomann, Bernd Hartman<br \/>\u201eErytropoietin im schwerbrandverletzten Patienten\u201c <br \/>Technik der Hauttransplantationen, Springer, 2015, in press<\/p><p>Christina I. G\u00fcnter, Augustinus Bader, Hans G\u00fcnther Machens,<\/p><p>Herausgeber Gustav Steinhoff (Editor)<\/p><p><span lang=\"EN-US\">Part IV Regenerative Therapies<\/span><\/p><p><span lang=\"EN-US\">REGENERATIVE MEDICINE, From Protocol to Patient, 2015, Springer, 3.Edition, <\/span><span lang=\"EN\">eBook ISBN 978-3-319-28293-0, DOI 10.1007\/978-3-319-28293-0, Hardcover ISBN 978-3-319-28291-6<\/span><\/p><p><span lang=\"EN-US\">Christina I. G\u00fcnter, Hans-G\u00fcnther Machens<\/span><br \/><span lang=\"EN-US\">Herausgeber A Bader and L de Bartolo<\/span><\/p><p><span lang=\"EN-US\">\u201eInnovative solutions for wound therapy\u201c<\/span><\/p><p><span lang=\"EN-US\">\u201cBiomaterials and cell therapy: state of art and visions for the future\u201d, 2012<\/span><\/p><p><span lang=\"EN-US\">Science Publishers, USA, 1. <\/span>Edition<\/p><p>Christina I. G\u00fcnter, Augustinus Bader, Hans G\u00fcnther Machens,<\/p><p>Herausgeber Gustav Steinhoff (Editor)<\/p><p><span lang=\"EN-US\">Part IV Regenerative Therapies<\/span><\/p><p><span lang=\"EN-US\">REGENERATIVE MEDICINE, From Protocol to Patient, 2012, Springer, 2.Edition, ISBN 978-94-007-5689-2<\/span><\/p><p>Hans G\u00fcnther Machens, Christina I. G\u00fcnter, Augustinus Bader,<\/p><p>Herausgeber Gustav Steinhoff (Editor)<\/p><p><span lang=\"EN-US\">Part IV Regenerative Therapies<\/span><\/p><p><span lang=\"EN-US\">REGENERATIVE MEDICINE, From Protocol to Patient, 2011, Springer, ISBN: 978-90-481-9074-4<\/span><\/p><p>Christina Irene G\u00fcnter, Hans-G\u00fcnther Machens<\/p><p>Herausgeber: A. Berger, R. Hierner, N. Pallua<\/p><p>Innovative Therapien der Wundheilung<\/p><p>Buchreihe: PLASTISCHE CHIRURGIE, Band V, Neue Trends in der Forschung- Gesichtsfremdtransplantation- Fehlbildungen, Springer Verlag,<\/p><p>Christina Irene G\u00fcnter<\/p><p>Herausgeber: Prof. Hutmacher, Prof. Schantz<\/p><p><span lang=\"EN-US\">Erythropoietin and its role in regenerative medicine<\/span><br \/><span lang=\"EN-US\">Regenerative Medicine\u00a0\u00a0\u00a0\u00a0\u00a0\u00a0\u00a0\u00a0\u00a0<\/span><\/p><p>World Scientific Press, Singapore, 2013, ISBN: 9789814520638<\/p>\t\t\t\t\t\t<\/div>\n\t\t\t\t<\/div>\n\t\t\t\t\t<\/div>\n\t\t<\/div>\n\t\t\t\t\t<\/div>\n\t\t<\/section>\n\t\t\t\t<section class=\"elementor-section elementor-top-section elementor-element elementor-element-9505286 elementor-section-boxed elementor-section-height-default elementor-section-height-default\" data-id=\"9505286\" data-element_type=\"section\">\n\t\t\t\t\t\t<div class=\"elementor-container elementor-column-gap-default\">\n\t\t\t\t\t<div class=\"elementor-column elementor-col-100 elementor-top-column elementor-element elementor-element-861a1c9\" data-id=\"861a1c9\" data-element_type=\"column\">\n\t\t\t<div class=\"elementor-widget-wrap elementor-element-populated\">\n\t\t\t\t\t\t<div class=\"elementor-element elementor-element-20b4649 elementor-widget elementor-widget-text-editor\" data-id=\"20b4649\" data-element_type=\"widget\" data-widget_type=\"text-editor.default\">\n\t\t\t\t<div class=\"elementor-widget-container\">\n\t\t\t\t\t\t\t<p><b>PRESS RELEASE<\/b><\/p><p>\u201cWith us in Bavaria\u201d issue no. 9 (87) \/ 2020, p. 48 to 49<\/p><p>\u201cHolistic beauty with natural results!\u201d<\/p><p>\u201cFinest, Fine Addresses\u201d, Munich Edition 11\/2020, 39th year, p. 9a<\/p><p>\u201cBeauty &amp; naturalness\u201d<\/p>\t\t\t\t\t\t<\/div>\n\t\t\t\t<\/div>\n\t\t\t\t\t<\/div>\n\t\t<\/div>\n\t\t\t\t\t<\/div>\n\t\t<\/section>\n\t\t\t\t<section class=\"elementor-section elementor-top-section elementor-element elementor-element-541c96f elementor-section-boxed elementor-section-height-default elementor-section-height-default\" data-id=\"541c96f\" data-element_type=\"section\">\n\t\t\t\t\t\t<div class=\"elementor-container elementor-column-gap-default\">\n\t\t\t\t\t<div class=\"elementor-column elementor-col-100 elementor-top-column elementor-element elementor-element-1bde141\" data-id=\"1bde141\" data-element_type=\"column\">\n\t\t\t<div class=\"elementor-widget-wrap elementor-element-populated\">\n\t\t\t\t\t\t<div class=\"elementor-element elementor-element-43dbfc1 elementor-widget elementor-widget-text-editor\" data-id=\"43dbfc1\" data-element_type=\"widget\" data-widget_type=\"text-editor.default\">\n\t\t\t\t<div class=\"elementor-widget-container\">\n\t\t\t\t\t\t\t<p><b>EDITORIAL BOARD MEMBERSHIP<\/b><\/p><p><span lang=\"EN-US\">Wound Medicine, Elsevier, Germany<\/span><\/p><p><span lang=\"EN-US\">Annals of Bone Marrow Research, Peertechz, Hydreabad, India<\/span><\/p><p><span lang=\"EN-US\">SciTz Stem Cells Research&amp;Therapy, SciTechz Open Access Journals, Delaware, USA<\/span><\/p><p><span lang=\"EN-US\">Jacobs Journal of Clinical Trials, Jacobs Publishers, Austin, Texas, USA<\/span><\/p><p><strong><span lang=\"EN-US\">Journal of Stem Cells and Regenerative Therapy (JSCRT), <\/span><\/strong><span lang=\"EN-US\">ZygoScient Research Insights, USA<\/span><\/p><p><span lang=\"EN-IN\">Updates in Nutritional Disorders and Therapy<\/span><span lang=\"EN-US\">, <\/span><span lang=\"EN-IN\">OPR Science<\/span><span lang=\"EN-US\">, Srinivasapuram, Hyderabad, India<\/span><\/p>\t\t\t\t\t\t<\/div>\n\t\t\t\t<\/div>\n\t\t\t\t\t<\/div>\n\t\t<\/div>\n\t\t\t\t\t<\/div>\n\t\t<\/section>\n\t\t\t\t<\/div>","protected":false},"excerpt":{"rendered":"<p>Ver\u00f6ffentlichungen zum Thema Plastische Chirurgie Ver\u00f6ffentlichungen von Dr. Dr. Christina Irene G\u00fcnter DISSERTATIONEN Dr. med. G\u00fcnter, Christina IreneDoktorvater: Hans-G\u00fcnther MachensRetrospektive Evaluation zur Lebensqualit\u00e4t nach Seitenastexhaerese mittels Transilluminierter Powered Phlebotomy (TPP), unter Verwendung einer modifizierter Operationstechnik und des SQOR-VDissertation zur Erlangung des Grades einer Doktorin der Medizin der Fakult\u00e4t f\u00fcr Medizin der Technischen Universit\u00e4t M\u00fcnchen, Deutschland [&hellip;]<\/p>","protected":false},"author":4,"featured_media":2087,"parent":0,"menu_order":0,"comment_status":"closed","ping_status":"closed","template":"","meta":{"footnotes":""},"_links":{"self":[{"href":"https:\/\/christinaguenter.com\/en\/wp-json\/wp\/v2\/pages\/873"}],"collection":[{"href":"https:\/\/christinaguenter.com\/en\/wp-json\/wp\/v2\/pages"}],"about":[{"href":"https:\/\/christinaguenter.com\/en\/wp-json\/wp\/v2\/types\/page"}],"author":[{"embeddable":true,"href":"https:\/\/christinaguenter.com\/en\/wp-json\/wp\/v2\/users\/4"}],"replies":[{"embeddable":true,"href":"https:\/\/christinaguenter.com\/en\/wp-json\/wp\/v2\/comments?post=873"}],"version-history":[{"count":38,"href":"https:\/\/christinaguenter.com\/en\/wp-json\/wp\/v2\/pages\/873\/revisions"}],"predecessor-version":[{"id":2106,"href":"https:\/\/christinaguenter.com\/en\/wp-json\/wp\/v2\/pages\/873\/revisions\/2106"}],"wp:featuredmedia":[{"embeddable":true,"href":"https:\/\/christinaguenter.com\/en\/wp-json\/wp\/v2\/media\/2087"}],"wp:attachment":[{"href":"https:\/\/christinaguenter.com\/en\/wp-json\/wp\/v2\/media?parent=873"}],"curies":[{"name":"wp","href":"https:\/\/api.w.org\/{rel}","templated":true}]}}