{"id":989,"date":"2020-06-16T08:45:47","date_gmt":"2020-06-16T06:45:47","guid":{"rendered":"https:\/\/christinaguenter.com\/?page_id=989"},"modified":"2025-08-09T14:13:31","modified_gmt":"2025-08-09T12:13:31","slug":"presse","status":"publish","type":"page","link":"https:\/\/christinaguenter.com\/en\/presse","title":{"rendered":"Press area"},"content":{"rendered":"<div data-elementor-type=\"wp-page\" data-elementor-id=\"989\" class=\"elementor elementor-989\" data-elementor-post-type=\"page\">\n\t\t\t\t\t\t<section class=\"elementor-section elementor-top-section elementor-element elementor-element-9d11fdd elementor-section-boxed elementor-section-height-default elementor-section-height-default\" data-id=\"9d11fdd\" data-element_type=\"section\">\n\t\t\t\t\t\t<div class=\"elementor-container elementor-column-gap-default\">\n\t\t\t\t\t<div class=\"elementor-column elementor-col-100 elementor-top-column elementor-element elementor-element-d07bb7c\" data-id=\"d07bb7c\" data-element_type=\"column\">\n\t\t\t<div class=\"elementor-widget-wrap elementor-element-populated\">\n\t\t\t\t\t\t<div class=\"elementor-element elementor-element-c905603 headline elementor-widget elementor-widget-text-editor\" data-id=\"c905603\" data-element_type=\"widget\" data-widget_type=\"text-editor.default\">\n\t\t\t\t<div class=\"elementor-widget-container\">\n\t\t\t\t\t\t\t<h1 style=\"font-size: 0.9em; font-weight: 300; color: #888888;\">Press area, Media ... Board Certified Plastic Surgeon in munich \u2026 Dr. Dr. Christina G\u00fcnter<\/h1>\t\t\t\t\t\t<\/div>\n\t\t\t\t<\/div>\n\t\t\t\t\t<\/div>\n\t\t<\/div>\n\t\t\t\t\t<\/div>\n\t\t<\/section>\n\t\t\t\t<section class=\"elementor-section elementor-top-section elementor-element elementor-element-81e2ab3 elementor-section-boxed elementor-section-height-default elementor-section-height-default\" data-id=\"81e2ab3\" data-element_type=\"section\">\n\t\t\t\t\t\t<div class=\"elementor-container elementor-column-gap-default\">\n\t\t\t\t\t<div class=\"elementor-column elementor-col-100 elementor-top-column elementor-element elementor-element-776b002\" data-id=\"776b002\" data-element_type=\"column\">\n\t\t\t<div class=\"elementor-widget-wrap elementor-element-populated\">\n\t\t\t\t\t\t<div class=\"elementor-element elementor-element-6cd27ce elementor-widget elementor-widget-text-editor\" data-id=\"6cd27ce\" data-element_type=\"widget\" data-widget_type=\"text-editor.default\">\n\t\t\t\t<div class=\"elementor-widget-container\">\n\t\t\t\t\t\t\t<h2>\u201eDie Plastisch-\u00c4sthetische Chirurgie ist weit mehr als nur dicke Silikon-Br\u00fcste und aufgespritzte Schlauchboot-Lippen.\u201c<\/h2>\n(Dr. med. Dr. med. Christina Irene G\u00fcnter)\t\t\t\t\t\t<\/div>\n\t\t\t\t<\/div>\n\t\t\t\t\t<\/div>\n\t\t<\/div>\n\t\t\t\t\t<\/div>\n\t\t<\/section>\n\t\t\t\t<section class=\"elementor-section elementor-top-section elementor-element elementor-element-0a7b9c5 elementor-section-boxed elementor-section-height-default elementor-section-height-default\" data-id=\"0a7b9c5\" data-element_type=\"section\">\n\t\t\t\t\t\t<div class=\"elementor-container elementor-column-gap-default\">\n\t\t\t\t\t<div class=\"elementor-column elementor-col-100 elementor-top-column elementor-element elementor-element-095d3f3\" data-id=\"095d3f3\" data-element_type=\"column\">\n\t\t\t<div class=\"elementor-widget-wrap elementor-element-populated\">\n\t\t\t\t\t\t<div class=\"elementor-element elementor-element-b67b1bb elementor-widget elementor-widget-text-editor\" data-id=\"b67b1bb\" data-element_type=\"widget\" data-widget_type=\"text-editor.default\">\n\t\t\t\t<div class=\"elementor-widget-container\">\n\t\t\t\t\t\t\t<p><strong>Darf ich mich Ihnen vorstellen?<\/strong><br \/>Dr. med. Dr. med. Christina Irene G\u00fcnter<\/p><p>Als Fach\u00e4rztin f\u00fcr Plastische und \u00c4sthetische Chirurgie mit internationaler Erfahrung in der Schweiz, Kuwait sowie nat\u00fcrlich in Deutschland stehe ich Ihnen k\u00fcnftig gern als kompetente wie direkte Expertin zu relevanten Beauty-Themen zur Verf\u00fcgung.<\/p>\t\t\t\t\t\t<\/div>\n\t\t\t\t<\/div>\n\t\t\t\t\t<\/div>\n\t\t<\/div>\n\t\t\t\t\t<\/div>\n\t\t<\/section>\n\t\t\t\t<section class=\"elementor-section elementor-top-section elementor-element elementor-element-0a21713 elementor-section-boxed elementor-section-height-default elementor-section-height-default\" data-id=\"0a21713\" data-element_type=\"section\">\n\t\t\t\t\t\t<div class=\"elementor-container elementor-column-gap-default\">\n\t\t\t\t\t<div class=\"elementor-column elementor-col-100 elementor-top-column elementor-element elementor-element-e8a2cd4\" data-id=\"e8a2cd4\" data-element_type=\"column\">\n\t\t\t<div class=\"elementor-widget-wrap elementor-element-populated\">\n\t\t\t\t\t\t<div class=\"elementor-element elementor-element-300dc7d elementor-widget elementor-widget-text-editor\" data-id=\"300dc7d\" data-element_type=\"widget\" data-widget_type=\"text-editor.default\">\n\t\t\t\t<div class=\"elementor-widget-container\">\n\t\t\t\t\t\t\t<h2><strong>Wussten Sie schon,<\/strong><\/h2><p>\u2026dass der Erfolg einer Lappenplastik, beispielsweise bei einer Brustrekonstruktion, davon abh\u00e4ngt, Gef\u00e4\u00dfe zu vern\u00e4hen, deren Gr\u00f6\u00dfe teilweise unter einem Millimeter liegt?<\/p><p>\u2026dass Brustrekonstruktionen sowie Brustvergr\u00f6\u00dferungen mit Eigengewebe zu nat\u00fcrlicheren Ergebnissen f\u00fchren und Frauen sich nach der Operation physisch und psychisch sehr viel besser f\u00fchlen?<br \/>\u2026dass die h\u00e4ufigste Sch\u00f6nheitsoperation, die M\u00e4nner nachfragen, Fettabsaugungen und Haartransplantationen sind?<\/p><p>\u2026dass viele betroffene M\u00e4nner eine M\u00e4nnerbrust lieber von einer Frau behandeln lassen, als von einem Mann.<\/p><p>\u2026dass bei Fettabsaugungen erfahrungsgem\u00e4\u00df die meisten Nachbehandlungen notwendig sind, da die Operationen zuvor nicht fachgerecht durchgef\u00fchrt wurden? Das liegt unter anderem daran, dass viele Chirurgen den Eingriff untersch\u00e4tzen und als leicht an ansehen. Wenn es jedoch darum geht, ein \u00e4sthetisches Gesamtergebnis zu erzielen und nicht nur Fettzellen willk\u00fcrlich abzusaugen, erfordert der Eingriff sehr viel Erfahrung und operationstechnisches K\u00f6nnen.<\/p><p>\u2026dass bei Po-Vergr\u00f6\u00dferung mit Eigenfett sowie Fettabsaugung am Bauch die meisten t\u00f6dliche Komplikationen \u2013 meist durch Fett-Embolien oder Perforations-Verletzungen im Bauchraum \u2013 auftreten? (Daher gibt es eine Reihe von internationalen Fachgesellschaften, die die Po-Vergr\u00f6\u00dferung mit Eigenfett nicht empfehlen.)<\/p>\t\t\t\t\t\t<\/div>\n\t\t\t\t<\/div>\n\t\t\t\t\t<\/div>\n\t\t<\/div>\n\t\t\t\t\t<\/div>\n\t\t<\/section>\n\t\t\t\t<section class=\"elementor-section elementor-top-section elementor-element elementor-element-caf7e4a elementor-section-boxed elementor-section-height-default elementor-section-height-default\" data-id=\"caf7e4a\" data-element_type=\"section\">\n\t\t\t\t\t\t<div class=\"elementor-container elementor-column-gap-default\">\n\t\t\t\t\t<div class=\"elementor-column elementor-col-100 elementor-top-column elementor-element elementor-element-971657f\" data-id=\"971657f\" data-element_type=\"column\">\n\t\t\t<div class=\"elementor-widget-wrap elementor-element-populated\">\n\t\t\t\t\t\t<div class=\"elementor-element elementor-element-1c82968 elementor-widget elementor-widget-text-editor\" data-id=\"1c82968\" data-element_type=\"widget\" data-widget_type=\"text-editor.default\">\n\t\t\t\t<div class=\"elementor-widget-container\">\n\t\t\t\t\t\t\t<h2><strong>F\u00fcnf Dinge, die mich in meinem Beruf immer wieder \u00e4rgern:<br \/><br \/><\/strong><\/h2><ol><li>Dass Heilpraktiker mit Hyalurons\u00e4ure arbeiten d\u00fcrfen, obwohl sie keinen Zugriff auf den notwendigen Gegenspieler, das Enzym Hylase, haben. Bei einem fehlerhaften Eingriff ist Hylase die einzige M\u00f6glichkeit korrigierend einzuwirken, um zum Beispiel bei einem Gef\u00e4\u00dfverschluss, durch Hyalurons\u00e4ure eine Hautnekrose oder gar ein Erblinden zu verhindern. Das Zeitfenster f\u00fcr eine Fehlerkorrektur liegt, wie beim Schlaganfall, bei nur wenigen Minuten. Viel zu kurz um jetzt zu beginnen Hilfe zu organisieren oder den Patienten f\u00fcr die Lysebehandlung in ein Krankenhaus zu verlegen.<br \/><br \/><\/li><li>Dass die Kommunikation mit Patienten zu keinem Zeitpunkt Teil der medizinischen Ausbildung in Deutschland ist. (Und man das bei vielen Kollegen leider auch merkt.)<br \/><br \/><\/li><li>Dass die direkte Patientenversorgung und die F\u00f6rderung des Patientenwohls in Deutschland schlecht oder gar nicht honoriert werden. Ein Arzt, der sich f\u00fcr seine Patienten wirklich Zeit nimmt und sie ausf\u00fchrlich ber\u00e4t und aufkl\u00e4rt, zahlt finanziell immer drauf. Dass ist ein Problem, dass jeder Arzt, nicht nur wir Plastischen und \u00c4sthetischen Chirurgen haben.<br \/><br \/><\/li><li>Dass die F\u00fchrungspositionen in Krankenh\u00e4usern, an Universit\u00e4ten sowie in \u00e4rztlichen Vereinigungen in Deutschland noch immer \u00fcberwiegend von M\u00e4nnern besetzt sind \u2013 statistisch gesehen zu 70 bis 90 Prozent. Und dass, obwohl seit Jahren zwei Drittel der Medizinstudenten Frauen sind, es also gen\u00fcgend gut ausgebildete weibliche Fachkr\u00e4fte auch f\u00fcr F\u00fchrungspositionen gibt.<br \/><br \/><\/li><li>Dass Sch\u00f6nheitschirurg in Deutschland kein gesch\u00fctzter Begriff ist und sich jeder (Arzt), selbst ohne entsprechende Kompetenzen oder eine Fachausbildung, so nennen und mit dem Titel praktizieren darf.<b><\/b><\/li><\/ol>\t\t\t\t\t\t<\/div>\n\t\t\t\t<\/div>\n\t\t\t\t\t<\/div>\n\t\t<\/div>\n\t\t\t\t\t<\/div>\n\t\t<\/section>\n\t\t\t\t<section class=\"elementor-section elementor-top-section elementor-element elementor-element-31d7d12 elementor-section-boxed elementor-section-height-default elementor-section-height-default\" data-id=\"31d7d12\" data-element_type=\"section\">\n\t\t\t\t\t\t<div class=\"elementor-container elementor-column-gap-default\">\n\t\t\t\t\t<div class=\"elementor-column elementor-col-100 elementor-top-column elementor-element elementor-element-1681541\" data-id=\"1681541\" data-element_type=\"column\">\n\t\t\t<div class=\"elementor-widget-wrap elementor-element-populated\">\n\t\t\t\t\t\t<div class=\"elementor-element elementor-element-4c4462d elementor-widget elementor-widget-text-editor\" data-id=\"4c4462d\" data-element_type=\"widget\" data-widget_type=\"text-editor.default\">\n\t\t\t\t<div class=\"elementor-widget-container\">\n\t\t\t\t\t\t\t<p><a href=\"https:\/\/christinaguenter.com\/wp-content\/uploads\/2020\/07\/Presseinformationen_072020_f.pdf\"><strong>Download press information<\/strong><\/a><\/p><p><b>Press archive <\/b>(folgt in K\u00fcrze)<b><br \/><\/b><\/p>\t\t\t\t\t\t<\/div>\n\t\t\t\t<\/div>\n\t\t\t\t\t<\/div>\n\t\t<\/div>\n\t\t\t\t\t<\/div>\n\t\t<\/section>\n\t\t\t\t<section class=\"elementor-section elementor-top-section elementor-element elementor-element-1de5cb9 elementor-section-boxed elementor-section-height-default elementor-section-height-default\" data-id=\"1de5cb9\" data-element_type=\"section\">\n\t\t\t\t\t\t<div class=\"elementor-container elementor-column-gap-default\">\n\t\t\t\t\t<div class=\"elementor-column elementor-col-100 elementor-top-column elementor-element elementor-element-7eaac10\" data-id=\"7eaac10\" data-element_type=\"column\">\n\t\t\t<div class=\"elementor-widget-wrap elementor-element-populated\">\n\t\t\t\t\t\t<div class=\"elementor-element elementor-element-8eb79b6 elementor-widget elementor-widget-text-editor\" data-id=\"8eb79b6\" data-element_type=\"widget\" data-widget_type=\"text-editor.default\">\n\t\t\t\t<div class=\"elementor-widget-container\">\n\t\t\t\t\t\t\t<h2><strong>Press photos<\/strong><\/h2><div>Die Bilder und Texte auf dieser Seite sind zur einmaligen unentgeltlichen Verwendung in Nachrichtenmedien freigegeben.<\/div><div>Sollten die Pressefotos in anderer Qualit\u00e4t ben\u00f6tigt werden, bitten wir um kurze Nachricht.<\/div><div>\u00a0<\/div><div>Wir freuen uns \u00fcber einen Hinweis auf die Nutzung in Form eines Ansichtsexemplars. Gerne \u00fcberpr\u00fcfen wir redaktionelle Texte auf die Vollst\u00e4ndigkeit der Inhalte.<\/div>\t\t\t\t\t\t<\/div>\n\t\t\t\t<\/div>\n\t\t\t\t\t<\/div>\n\t\t<\/div>\n\t\t\t\t\t<\/div>\n\t\t<\/section>\n\t\t\t\t<section class=\"elementor-section elementor-top-section elementor-element elementor-element-e2ab37a elementor-section-boxed elementor-section-height-default elementor-section-height-default\" data-id=\"e2ab37a\" data-element_type=\"section\">\n\t\t\t\t\t\t<div class=\"elementor-container elementor-column-gap-default\">\n\t\t\t\t\t<div class=\"elementor-column elementor-col-25 elementor-top-column elementor-element elementor-element-bbf567d\" data-id=\"bbf567d\" data-element_type=\"column\">\n\t\t\t<div class=\"elementor-widget-wrap elementor-element-populated\">\n\t\t\t\t\t\t<div class=\"elementor-element elementor-element-4db899f elementor-widget elementor-widget-image\" data-id=\"4db899f\" data-element_type=\"widget\" data-widget_type=\"image.default\">\n\t\t\t\t<div class=\"elementor-widget-container\">\n\t\t\t\t\t\t\t\t\t\t\t\t\t<img fetchpriority=\"high\" decoding=\"async\" width=\"800\" height=\"534\" src=\"https:\/\/christinaguenter.com\/wp-content\/uploads\/2020\/05\/IMG_1409-1-1024x683.jpg\" class=\"attachment-large size-large wp-image-806\" alt=\"Plastische Chirurgin in M\u00fcnchen, Dr. Med. Christina G\u00fcnter\" srcset=\"https:\/\/christinaguenter.com\/wp-content\/uploads\/2020\/05\/IMG_1409-1-1024x683.jpg 1024w, https:\/\/christinaguenter.com\/wp-content\/uploads\/2020\/05\/IMG_1409-1-300x200.jpg 300w, https:\/\/christinaguenter.com\/wp-content\/uploads\/2020\/05\/IMG_1409-1-768x512.jpg 768w, https:\/\/christinaguenter.com\/wp-content\/uploads\/2020\/05\/IMG_1409-1-1536x1024.jpg 1536w, https:\/\/christinaguenter.com\/wp-content\/uploads\/2020\/05\/IMG_1409-1-2048x1365.jpg 2048w\" sizes=\"(max-width: 800px) 100vw, 800px\" \/>\t\t\t\t\t\t\t\t\t\t\t\t\t<\/div>\n\t\t\t\t<\/div>\n\t\t\t\t\t<\/div>\n\t\t<\/div>\n\t\t\t\t<div class=\"elementor-column elementor-col-25 elementor-top-column elementor-element elementor-element-0d87d4f\" data-id=\"0d87d4f\" data-element_type=\"column\">\n\t\t\t<div class=\"elementor-widget-wrap elementor-element-populated\">\n\t\t\t\t\t\t<div class=\"elementor-element elementor-element-d155ec8 elementor-widget elementor-widget-image\" data-id=\"d155ec8\" data-element_type=\"widget\" data-widget_type=\"image.default\">\n\t\t\t\t<div class=\"elementor-widget-container\">\n\t\t\t\t\t\t\t\t\t\t\t\t\t<img decoding=\"async\" width=\"800\" height=\"534\" src=\"https:\/\/christinaguenter.com\/wp-content\/uploads\/2020\/05\/IMG_1849-1024x683.jpg\" class=\"attachment-large size-large wp-image-816\" alt=\"Plastische Chirurgin in M\u00fcnchen, Dr. Med. Christina G\u00fcnter\" srcset=\"https:\/\/christinaguenter.com\/wp-content\/uploads\/2020\/05\/IMG_1849-1024x683.jpg 1024w, https:\/\/christinaguenter.com\/wp-content\/uploads\/2020\/05\/IMG_1849-300x200.jpg 300w, https:\/\/christinaguenter.com\/wp-content\/uploads\/2020\/05\/IMG_1849-768x512.jpg 768w, https:\/\/christinaguenter.com\/wp-content\/uploads\/2020\/05\/IMG_1849-1536x1024.jpg 1536w, https:\/\/christinaguenter.com\/wp-content\/uploads\/2020\/05\/IMG_1849-2048x1365.jpg 2048w\" sizes=\"(max-width: 800px) 100vw, 800px\" \/>\t\t\t\t\t\t\t\t\t\t\t\t\t<\/div>\n\t\t\t\t<\/div>\n\t\t\t\t\t<\/div>\n\t\t<\/div>\n\t\t\t\t<div class=\"elementor-column elementor-col-25 elementor-top-column elementor-element elementor-element-66f1e77\" data-id=\"66f1e77\" data-element_type=\"column\">\n\t\t\t<div class=\"elementor-widget-wrap elementor-element-populated\">\n\t\t\t\t\t\t<div class=\"elementor-element elementor-element-a64a935 elementor-widget elementor-widget-image\" data-id=\"a64a935\" data-element_type=\"widget\" data-widget_type=\"image.default\">\n\t\t\t\t<div class=\"elementor-widget-container\">\n\t\t\t\t\t\t\t\t\t\t\t\t\t<img decoding=\"async\" width=\"800\" height=\"534\" src=\"https:\/\/christinaguenter.com\/wp-content\/uploads\/2020\/05\/IMG_1941-1-1024x683.jpg\" class=\"attachment-large size-large wp-image-820\" alt=\"Plastische Chirurgin in M\u00fcnchen, Dr. Med. Christina G\u00fcnter\" srcset=\"https:\/\/christinaguenter.com\/wp-content\/uploads\/2020\/05\/IMG_1941-1-1024x683.jpg 1024w, https:\/\/christinaguenter.com\/wp-content\/uploads\/2020\/05\/IMG_1941-1-300x200.jpg 300w, https:\/\/christinaguenter.com\/wp-content\/uploads\/2020\/05\/IMG_1941-1-768x512.jpg 768w, https:\/\/christinaguenter.com\/wp-content\/uploads\/2020\/05\/IMG_1941-1-1536x1024.jpg 1536w, https:\/\/christinaguenter.com\/wp-content\/uploads\/2020\/05\/IMG_1941-1-2048x1365.jpg 2048w\" sizes=\"(max-width: 800px) 100vw, 800px\" \/>\t\t\t\t\t\t\t\t\t\t\t\t\t<\/div>\n\t\t\t\t<\/div>\n\t\t\t\t\t<\/div>\n\t\t<\/div>\n\t\t\t\t<div class=\"elementor-column elementor-col-25 elementor-top-column elementor-element elementor-element-cc27a42\" data-id=\"cc27a42\" data-element_type=\"column\">\n\t\t\t<div class=\"elementor-widget-wrap elementor-element-populated\">\n\t\t\t\t\t\t<div class=\"elementor-element elementor-element-5a232d6 elementor-widget elementor-widget-image\" data-id=\"5a232d6\" data-element_type=\"widget\" data-widget_type=\"image.default\">\n\t\t\t\t<div class=\"elementor-widget-container\">\n\t\t\t\t\t\t\t\t\t\t\t\t\t<img loading=\"lazy\" decoding=\"async\" width=\"800\" height=\"534\" src=\"https:\/\/christinaguenter.com\/wp-content\/uploads\/2020\/05\/IMG_1967-1024x683.jpg\" class=\"attachment-large size-large wp-image-822\" alt=\"Plastische Chirurgin in M\u00fcnchen, Dr. Med. Christina G\u00fcnter\" srcset=\"https:\/\/christinaguenter.com\/wp-content\/uploads\/2020\/05\/IMG_1967-1024x683.jpg 1024w, https:\/\/christinaguenter.com\/wp-content\/uploads\/2020\/05\/IMG_1967-300x200.jpg 300w, https:\/\/christinaguenter.com\/wp-content\/uploads\/2020\/05\/IMG_1967-768x512.jpg 768w, https:\/\/christinaguenter.com\/wp-content\/uploads\/2020\/05\/IMG_1967-1536x1024.jpg 1536w, https:\/\/christinaguenter.com\/wp-content\/uploads\/2020\/05\/IMG_1967-2048x1365.jpg 2048w\" sizes=\"(max-width: 800px) 100vw, 800px\" \/>\t\t\t\t\t\t\t\t\t\t\t\t\t<\/div>\n\t\t\t\t<\/div>\n\t\t\t\t\t<\/div>\n\t\t<\/div>\n\t\t\t\t\t<\/div>\n\t\t<\/section>\n\t\t\t\t<section class=\"elementor-section elementor-top-section elementor-element elementor-element-3c55b33e elementor-section-boxed elementor-section-height-default elementor-section-height-default\" data-id=\"3c55b33e\" data-element_type=\"section\">\n\t\t\t\t\t\t\t<div class=\"elementor-background-overlay\"><\/div>\n\t\t\t\t\t\t\t<div class=\"elementor-container elementor-column-gap-default\">\n\t\t\t\t\t<div class=\"elementor-column elementor-col-50 elementor-top-column elementor-element elementor-element-18862a84\" data-id=\"18862a84\" data-element_type=\"column\">\n\t\t\t<div class=\"elementor-widget-wrap elementor-element-populated\">\n\t\t\t\t\t\t<div class=\"elementor-element elementor-element-37679c87 elementor-widget__width-initial elementor-widget elementor-widget-text-editor\" data-id=\"37679c87\" data-element_type=\"widget\" data-widget_type=\"text-editor.default\">\n\t\t\t\t<div class=\"elementor-widget-container\">\n\t\t\t\t\t\t\t<h2><a title=\"Plastic surgery services\" href=\"https:\/\/christinaguenter.com\/en\/leistungen\/\" rel=\"\"><b>\u00dcbersicht der BehandlungsLEISTUNGEN \u00bb<\/b><\/a><\/h2><p>Here you will find an overview of my main areas of treatment\u2014from aesthetic surgery to gentle corrections. Each treatment is individual, personalized, and carried out with medical care.\u00a0<a title=\"\u00dcbersicht Behandlungsleistungen\" href=\"https:\/\/christinaguenter.com\/en\/leistungen\/\" rel=\"\"> <strong>To the service overview \u00bb<\/strong><\/a><\/p>\t\t\t\t\t\t<\/div>\n\t\t\t\t<\/div>\n\t\t\t\t\t<\/div>\n\t\t<\/div>\n\t\t\t\t<div class=\"elementor-column elementor-col-50 elementor-top-column elementor-element elementor-element-36599a9a\" data-id=\"36599a9a\" data-element_type=\"column\">\n\t\t\t<div class=\"elementor-widget-wrap elementor-element-populated\">\n\t\t\t\t\t\t<div class=\"elementor-element elementor-element-7714d7e7 elementor-widget elementor-widget-image\" data-id=\"7714d7e7\" data-element_type=\"widget\" data-widget_type=\"image.default\">\n\t\t\t\t<div class=\"elementor-widget-container\">\n\t\t\t\t\t\t\t\t\t\t\t\t\t\t<a href=\"https:\/\/christinaguenter.com\/en\/leistungen\/\">\n\t\t\t\t\t\t\t<img loading=\"lazy\" decoding=\"async\" width=\"460\" height=\"460\" src=\"https:\/\/christinaguenter.com\/wp-content\/uploads\/2025\/08\/op-dr-christina-guenter-plastische-chirurgin_04.jpg\" class=\"attachment-large size-large wp-image-3685\" alt=\"\" srcset=\"https:\/\/christinaguenter.com\/wp-content\/uploads\/2025\/08\/op-dr-christina-guenter-plastische-chirurgin_04.jpg 460w, https:\/\/christinaguenter.com\/wp-content\/uploads\/2025\/08\/op-dr-christina-guenter-plastische-chirurgin_04-300x300.jpg 300w, https:\/\/christinaguenter.com\/wp-content\/uploads\/2025\/08\/op-dr-christina-guenter-plastische-chirurgin_04-150x150.jpg 150w, https:\/\/christinaguenter.com\/wp-content\/uploads\/2025\/08\/op-dr-christina-guenter-plastische-chirurgin_04-12x12.jpg 12w\" sizes=\"(max-width: 460px) 100vw, 460px\" \/>\t\t\t\t\t\t\t\t<\/a>\n\t\t\t\t\t\t\t\t\t\t\t\t\t<\/div>\n\t\t\t\t<\/div>\n\t\t\t\t\t<\/div>\n\t\t<\/div>\n\t\t\t\t\t<\/div>\n\t\t<\/section>\n\t\t\t\t<\/div>","protected":false},"excerpt":{"rendered":"<p>Pressebereich &#8230; Plastische Chirurgie M\u00fcnchen &#8230; Dr. Dr. Christina G\u00fcnter \u201eDie Plastisch-\u00c4sthetische Chirurgie ist weit mehr als nur dicke Silikon-Br\u00fcste und aufgespritzte Schlauchboot-Lippen.\u201c (Dr. med. Dr. med. Christina Irene G\u00fcnter) Darf ich mich Ihnen vorstellen?Dr. med. Dr. med. Christina Irene G\u00fcnter Als Fach\u00e4rztin f\u00fcr Plastische und \u00c4sthetische Chirurgie mit internationaler Erfahrung in der Schweiz, Kuwait [&hellip;]<\/p>","protected":false},"author":4,"featured_media":902,"parent":0,"menu_order":0,"comment_status":"closed","ping_status":"closed","template":"","meta":{"footnotes":""},"_links":{"self":[{"href":"https:\/\/christinaguenter.com\/en\/wp-json\/wp\/v2\/pages\/989"}],"collection":[{"href":"https:\/\/christinaguenter.com\/en\/wp-json\/wp\/v2\/pages"}],"about":[{"href":"https:\/\/christinaguenter.com\/en\/wp-json\/wp\/v2\/types\/page"}],"author":[{"embeddable":true,"href":"https:\/\/christinaguenter.com\/en\/wp-json\/wp\/v2\/users\/4"}],"replies":[{"embeddable":true,"href":"https:\/\/christinaguenter.com\/en\/wp-json\/wp\/v2\/comments?post=989"}],"version-history":[{"count":42,"href":"https:\/\/christinaguenter.com\/en\/wp-json\/wp\/v2\/pages\/989\/revisions"}],"predecessor-version":[{"id":4080,"href":"https:\/\/christinaguenter.com\/en\/wp-json\/wp\/v2\/pages\/989\/revisions\/4080"}],"wp:featuredmedia":[{"embeddable":true,"href":"https:\/\/christinaguenter.com\/en\/wp-json\/wp\/v2\/media\/902"}],"wp:attachment":[{"href":"https:\/\/christinaguenter.com\/en\/wp-json\/wp\/v2\/media?parent=989"}],"curies":[{"name":"wp","href":"https:\/\/api.w.org\/{rel}","templated":true}]}}